{"id":368,"date":"2011-11-28T14:43:13","date_gmt":"2011-11-28T12:43:13","guid":{"rendered":"https:\/\/webs.uab.cat\/picec\/theses-2005-2016\/"},"modified":"2021-02-23T13:01:54","modified_gmt":"2021-02-23T11:01:54","slug":"theses-2005-2016","status":"publish","type":"page","link":"https:\/\/webs.uab.cat\/grepiic\/en\/theses-2005-2016\/","title":{"rendered":"Theses 2005-2016"},"content":{"rendered":"<p>&nbsp;<\/p>\n<p>PhD director (PICEC researcher): <strong>Toledano Gonz\u00e1lez, Llu\u00eds Ferran<\/strong><br \/>\nTitle: <strong>Advocats, levites i insurgents. Pol\u00edtica, societat i revoluci\u00f3 al Pirineu lleidat\u00e0 (1808-1875)<\/strong><br \/>\nPhD student: <strong>Planes Ball, Josep Albert<\/strong><br \/>\nSubmission date: 04-12-2020<br \/>\nInstitution where the thesis has been read: Universitat Aut\u00f2noma de Barcelona.<br \/>\nTDX link:&nbsp;<\/p>\n<p>PhD director (PICEC researcher): <strong>Riquer Permanyer, Borja de<\/strong><br \/>\nTitle: <strong>La construcci\u00f3 de l&#8217;espai socialista a Catalunya i el seu paper en la configuraci\u00f3 de l&#8217;Espanya democr\u00e0tica (1945-2010)<\/strong><br \/>\nPhD student: <strong>Mu\u00f1oz Jofre, Jaume<\/strong><br \/>\nSubmission date: 02-12-2020<br \/>\nInstitution where the thesis has been read: Universitat Aut\u00f2noma de Barcelona.<br \/>\nTDX link:&nbsp;<\/p>\n<p>PhD director (PICEC researcher): <strong>Moliner Prada, Antoni<\/strong><br \/>\nTitle: <strong>L\u2019administraci\u00f3 p\u00fablica carlina a Catalunya a la Guerra dels Set Anys (1833-1840)<\/strong><br \/>\nPhD student: <strong>Quintana Segal\u00e0, Joan-Xavier<\/strong><br \/>\nSubmission date: 13-12-2019<br \/>\nInstitution where the thesis has been read: Universitat Aut\u00f2noma de Barcelona.<br \/>\nTDX link:&nbsp;<a href=\"http:\/\/hdl.handle.net\/10803\/669605\">http:\/\/hdl.handle.net\/10803\/669605<\/a><\/p>\n<p>PhD director (PICEC researcher): <strong>Riquer Permanyer, Borja de<\/strong><br \/>\nTitle: <strong>El primer catalanisme a les terres de l\u2019Ebre: Francesc Mestre i No\u00e9<\/strong><br \/>\nSubmission date: 16-07-2019<br \/>\nPhD student: <strong>Mestre Pratdep\u00e0dua, Maria<\/strong><br \/>\nInstitution where the thesis has been read: Universitat Aut\u00f2noma de Barcelona.<br \/>\nTDX link: <a href=\"http:\/\/hdl.handle.net\/10803\/667935\">http:\/\/hdl.handle.net\/10803\/667935<\/a><\/p>\n<p>PhD director (PICEC researcher):<strong> Moliner Prada, Antoni ; Toledano Gonz\u00e1lez, Llu\u00eds Ferran<\/strong><br \/>\nTitle:&nbsp; <strong>El ej\u00e9rcito y la sociedad catalana<\/strong><br \/>\nSubmission date: 04\/12\/2018<br \/>\nPhD student: <strong>Pla Rodr\u00edguez, Miquel<\/strong><br \/>\nInstitution where the thesis has been read:&nbsp;Universitat Aut\u00f2noma de Barcelona<br \/>\nTDX link: <a href=\"http:\/\/hdl.handle.net\/10803\/665967\">http:\/\/hdl.handle.net\/10803\/665967<\/a><\/p>\n<p>PhD director (PICEC researcher): <strong>Moliner Prada, Antoni ; Santirso Rodr\u00edguez, Manuel<\/strong><br \/>\nTitle: <strong>Relaciones entre Catalu\u00f1a y Estados Pontificios en la \u00e9poca liberal<\/strong><br \/>\nSubmission date: 26\/10\/2018<br \/>\nPhD student: <strong>Bande, Simone<\/strong><br \/>\nInstitution where the thesis has been read:&nbsp;Universitat Aut\u00f2noma de Barcelona<br \/>\nTDX link: <a href=\"http:\/\/hdl.handle.net\/10803\/665228\">http:\/\/hdl.handle.net\/10803\/665228<\/a><\/p>\n<p>PhD director (PICEC researcher):<strong> Perpiny\u00e0 i Morera, Remei<\/strong><br \/>\nTitle: <strong>La gesti\u00f3n del riesgo aplicada a la gesti\u00f3n de documentos y su impacto en la rendici\u00f3n de cuentas p\u00fablica<\/strong><br \/>\nSubmission date: 18\/10\/2018<br \/>\nPhD student: <strong>Casades\u00fas de Mingo, Anah\u00ed<\/strong><br \/>\nInstitution where the thesis has been read:&nbsp;Universitat Aut\u00f2noma de Barcelona<br \/>\nTDX link: <a href=\"http:\/\/hdl.handle.net\/10803\/665386\">http:\/\/hdl.handle.net\/10803\/665386<\/a><\/p>\n<p>PhD director (PICEC researcher): <strong>Culla i Clara, Joan B.<\/strong><br \/>\nTitle: <strong>M\u00e9s enll\u00e0 del S\u00e8nia. Partits pol\u00edtics catalans i valencianisme fusteri\u00e0: evoluci\u00f3 dels vincles (1980-2017)<\/strong><br \/>\nSubmission date: 16\/10\/2018<br \/>\nPhD student: <strong>Marco Palau, Francesc<\/strong><br \/>\nInstitution where the thesis has been read:&nbsp;Universitat Aut\u00f2noma de Barcelona<br \/>\nTDX link: <a href=\"http:\/\/hdl.handle.net\/10803\/666852\">http:\/\/hdl.handle.net\/10803\/666852<\/a><\/p>\n<p>PhD director (PICEC researcher): <strong>Culla Clara, Joan B.<\/strong><br \/>\nTitle:&nbsp;<strong>Conmemorar Catalunya: 1714 y la cuesti\u00f3n catalana<\/strong><strong> <\/strong><br \/>\nSubmission date: 20\/03\/2018<br \/>\nPhD student: <strong>Ramirez Ort\u00edz, Manuel<\/strong><br \/>\nInstitution where the thesis has been read:&nbsp;Universitat Aut\u00f2noma de Barcelona<br \/>\nTDX link: <a href=\"http:\/\/hdl.handle.net\/10803\/463096\">http:\/\/hdl.handle.net\/10803\/463096<\/a><\/p>\n<p>PhD director (PICEC researcher): <strong>Santirso Rodr\u00edguez, Manuel<\/strong><br \/>\nTitle: <strong>Raccontare il \u201848\u2019: lessico, simboli e immagini del racconto rivoluzionario fra il 1848 e l\u2019unit\u00e0<\/strong><br \/>\nSubmission date: 23-10-2017<br \/>\nPhD student: <strong>Morandini, Matteo<\/strong><br \/>\nInstitution where the thesis has been read:&nbsp;Universitat Aut\u00f2noma de Barcelona &#8211; Rome 2 Tor Vergata<br \/>\nTDX link: <a href=\"http:\/\/hdl.handle.net\/10803\/461993\">http:\/\/hdl.handle.net\/10803\/461993<\/a><\/p>\n<p>PhD director (PICEC researcher): <strong>Riquer i Permanyer, Borja; Rub\u00ed i Casals, Maria Gemma<\/strong><br \/>\nTitle: <strong>La Xarxa de Biblioteques Populars de la Mancomunitat de Catalunya (1914-1931). An\u00e0lisi d\u2019una pol\u00edtica p\u00fablica<\/strong><br \/>\nSubmission date: 04-07-2017<br \/>\nPhD student: &nbsp;<strong>Canalias Chorrero, Laura<\/strong><br \/>\nInstitution where the thesis has been read:&nbsp;Universitat Aut\u00f2noma de Barcelona<br \/>\nTDX link: <a href=\"http:\/\/hdl.handle.net\/10803\/406009\">http:\/\/hdl.handle.net\/10803\/406009<\/a><\/p>\n<p>PhD director (PICEC researcher): <strong>Figuerola i Garreta, Jordi<\/strong><br \/>\nTitle: <strong>De la debilidad al acomodamiento: la diplomacia de la Nueva Granada frente a Gran Breta\u00f1a y Estados Unidos, 1832-1857<\/strong><br \/>\nSubmission date: 20-06-2017<br \/>\nPhD student: <strong>Ghotme, Rafat Ahmed<\/strong><br \/>\nInstitution where the thesis has been read:&nbsp;Universitat Aut\u00f2noma de Barcelona<br \/>\nTDX link: <a href=\"http:\/\/hdl.handle.net\/10803\/392662\">http:\/\/hdl.handle.net\/10803\/392662<\/a><\/p>\n<p>PhD director (PICEC researcher): <strong>Culla i Clara, Joan B.<\/strong><br \/>\nTitle: <strong>Hist\u00f2ria dels aeroports de Barcelona i de les l\u00ednies a\u00e8ries que hi van operar (1931-1936)<\/strong><br \/>\nSubmission date: 29-05-2017<br \/>\nPhD student: <strong>Corominas Bertran, Llu\u00eds<\/strong><br \/>\nInstitution where the thesis has been read:&nbsp;Universitat Aut\u00f2noma de Barcelona<br \/>\nTDX link: <a href=\"http:\/\/hdl.handle.net\/10803\/406129\">http:\/\/hdl.handle.net\/10803\/406129<\/a><\/p>\n<p>PhD director (PICEC researcher): <strong>Santirso Rodr\u00edguez, Manuel<\/strong><br \/>\nTitle: <strong>Paz, Igualdad y Justicia, \u2018Abdu\u2019l-Bah\u00e1 en occidente (1911-1913)<\/strong><br \/>\nSubmission date: 11-11-2016<br \/>\nPhD student:<strong> Am\u00edn Egea<\/strong><br \/>\nInstitution where the thesis has been read:&nbsp;Universitat Aut\u00f2noma de Barcelona<br \/>\nTDX link: &nbsp;<a href=\"http:\/\/hdl.handle.net\/10803\/399379\">http:\/\/hdl.handle.net\/10803\/399379<\/a><\/p>\n<p>PhD director (PICEC researcher): <strong>Riquer i Permanyer, Borja de<\/strong><br \/>\nTitle: <strong>Imatge oficial i pol\u00edtica francesa respecte la Catalunya espanyola, 1895-1914<\/strong><br \/>\nSubmission date: 08\/02\/2016<br \/>\nPhD student: <strong>Pons i Pujol, Jordi<\/strong><br \/>\nInstitution where the thesis has been read: &nbsp;Universitat Aut\u00f2noma de Barcelona<br \/>\nTDX link: <a href=\"http:\/\/hdl.handle.net\/10803\/384239\" target=\"_blank\" rel=\"noopener\">http:\/\/hdl.handle.net\/10803\/384239<\/a><\/p>\n<p>PhD director (PICEC researcher): <strong>Rub\u00ed i Casals, Maria Gemma<\/strong><br \/>\nTitle: <strong>Reclamant espanyolitat des de la catalanitat: Un estudi dels diputats escollits a Catalunya durant la D\u00e8cada Moderada (1843-54)<\/strong><br \/>\nSubmission date: 25\/01\/2016<br \/>\nPhD student:<strong> Luj\u00e1n Feliu, Oriol<\/strong><br \/>\nInstitution where the thesis has been read: &nbsp;Universitat Aut\u00f2noma de Barcelona<br \/>\nTDX link: <a href=\"http:\/\/hdl.handle.net\/10803\/368191\" target=\"_blank\" rel=\"noopener\">http:\/\/hdl.handle.net\/10803\/368191<\/a><\/p>\n<p>PhD director (PICEC researcher): <strong>Rub\u00ed i Casals, Maria Gemma<\/strong><br \/>\nTitle: <strong>Vida cotidiana en la industria textil algodonera catalana bajo el franquismo: el caso de Roca Umbert S.A. en Granollers, 1956-1966.<\/strong><br \/>\nSubmission date: 22\/01\/2016<br \/>\nPhD student: <strong>Cela Rodr\u00edguez, Alfredo<\/strong><br \/>\nInstitution where the thesis has been read: &nbsp;Universitat Aut\u00f2noma de Barcelona<br \/>\nTDX link: <a href=\"http:\/\/hdl.handle.net\/10803\/367924\" target=\"_blank\" rel=\"noopener\">http:\/\/hdl.handle.net\/10803\/367924<\/a><\/p>\n<p>PhD director (PICEC researcher): <strong>Moliner Prada, Antoni; Cornudella, Rafael<\/strong><br \/>\nTitle: <strong>L\u2019estampa i la primera guerra carlina a Catalunya (1833-1844)<\/strong><br \/>\nSubmission date: 12\/12\/2015<br \/>\nPhD student: <strong>Corrales Burjales, Laura<\/strong><br \/>\nInstitution where the thesis has been read: &nbsp;Universitat Aut\u00f2noma de Barcelona<br \/>\nTDX link: <a href=\"http:\/\/www.tdx.cat\/handle\/10803\/285549\" target=\"_blank\" rel=\"noopener\">http:\/\/www.tdx.cat\/handle\/10803\/285549<\/a><\/p>\n<p>PhD director (PICEC researcher): <strong>Culla i Clar\u00e0, Joan B.<\/strong><br \/>\nTitle: <strong>El debat sobre la q\u00fcesti\u00f3 jueva a Catalunya (1917-1939)<\/strong><br \/>\nSubmission date: 02\/12\/2015<br \/>\nPhD student: <strong>P\u00e9rez Ventayol, Joan<\/strong><br \/>\nInstitution where the thesis has been read: &nbsp;Universitat Aut\u00f2noma de Barcelona<br \/>\nTDX link: <a href=\"http:\/\/hdl.handle.net\/10803\/377448\" target=\"_blank\" rel=\"noopener\">http:\/\/hdl.handle.net\/10803\/377448<\/a><\/p>\n<p>PhD director (PICEC researcher): <strong>Rub\u00ed i Casals, Maria Gemma<\/strong><br \/>\nTitle: <strong>El marcel\u00b7inisme a les Terres de l\u2019Ebre (1909-1939)<\/strong><br \/>\nSubmission date: 05\/12\/2014<br \/>\nPhD student: <strong>Sancho Sancho, Josep<\/strong><br \/>\nInstitution where the thesis has been read: &nbsp;Universitat Aut\u00f2noma de Barcelona<br \/>\nTDX link: <a href=\"http:\/\/hdl.handle.net\/10803\/285457\" target=\"_blank\" rel=\"noopener\">http:\/\/hdl.handle.net\/10803\/285457<\/a><\/p>\n<p>PhD director (PICEC researcher): <strong>Riquer i Permanyer, Borja de<\/strong><br \/>\nTitle: <strong>\u201dThey did it in Spain\u201d : la transformaci\u00f3 del Pensament estrat\u00e8gic nord-americ\u00e0 durant la Guerra Civil espanyola i el perill de penetraci\u00f3 feixista a l\u2019Am\u00e8rica Llatina.<\/strong><br \/>\nSubmission date: 03\/10\/2014<br \/>\nPhD student: <strong>Espasa de la Fuente, Andreu<\/strong><br \/>\nInstitution where the thesis has been read: &nbsp;Universitat Aut\u00f2noma de Barcelona<br \/>\nTDX link: <a href=\"http:\/\/www.tdx.cat\/handle\/10803\/283532\" target=\"_blank\" rel=\"noopener\">http:\/\/www.tdx.cat\/handle\/10803\/283532<\/a><\/p>\n<p>PhD director (PICEC researcher): <strong>Riquer i Permanyer, Borja de<\/strong><br \/>\nTitle: <strong>Treballadores, conflictivitat laboral i moviment obrer a l\u2019\u00e0rea de Barcelona durant el franquisme. El cas de Comissions obreres (1964-1975)<\/strong><br \/>\nSubmission date: 24\/02\/2014<br \/>\nPhD student: <strong>Varo Moral, Nadia<\/strong><br \/>\nInstitution where the thesis has been read: &nbsp;Universitat Aut\u00f2noma de Barcelona<br \/>\nTDX link: <a href=\"http:\/\/hdl.handle.net\/10803\/133348\" target=\"_blank\" rel=\"noopener\">http:\/\/hdl.handle.net\/10803\/133348<\/a><\/p>\n<p>PhD director (PICEC researcher): <strong>Figuerola Garrera, Jordi<\/strong><br \/>\nTitle: <strong>Esgl\u00e9sia catalana a la transici\u00f3 democr\u00e0tica (1971-1980). De la transici\u00f3 de l\u2019Esgl\u00e9sia a la transici\u00f3 pol\u00edtica. El paper de la jerarquia catalana.<\/strong><br \/>\nSubmission date: &nbsp;02\/12\/2013<br \/>\nPhD student: <strong>Vi\u00f1as Cirera, Jordi<\/strong><br \/>\nInstitution where the thesis has been read: Universitat Aut\u00f2noma de Barcelona<br \/>\nTDX link: <a href=\"http:\/\/hdl.handle.net\/10803\/133352\" target=\"_blank\" rel=\"noopener\">http:\/\/hdl.handle.net\/10803\/133352<\/a><\/p>\n<p>PhD director (PICEC researcher): <strong>Culla i Clara, Joan B.<\/strong><br \/>\nTitle: <strong>El S\u00e1hara Occidental en la bibliograf\u00eda espa\u00f1ola.<\/strong><br \/>\nSubmission date: &nbsp;21\/09\/2013<br \/>\nPhD student: <strong>Dalmases y de Olabarr\u00eda, Pablo Ignacio de<\/strong><br \/>\nInstitution where the thesis has been read: Universitat Aut\u00f2noma de Barcelona<br \/>\nTDX link:<a href=\"http:\/\/www.tdx.cat\/handle\/10803\/131287\" target=\"_blank\" rel=\"noopener\"> http:\/\/www.tdx.cat\/handle\/10803\/131287<\/a><\/p>\n<p>PhD director (PICEC researcher): <strong>Rub\u00ed i Casals, M. Gemma<\/strong><br \/>\nTitle: <strong>Derrotados, desterrados e internados. Espa\u00f1oles y catalanes en la Argelia colonial \u00bfLa memoria olvidada o el miedo a la memoria? (1936-1962)<\/strong><br \/>\nSubmission date: 24-10-2012<br \/>\nPhD student: <strong>Nadia Bouzekri<\/strong><br \/>\nInstitution where the thesis has been read: Universitat Aut\u00f2noma de Barcelona<br \/>\nTDX link: <a href=\"https:\/\/www.educacion.es\/teseo\/mostrarRef.do?ref=995313\">https:\/\/www.educacion.es\/teseo\/mostrarRef.do?ref=995313<\/a><\/p>\n<p>PhD director (PICEC researcher): <strong>Riquer i Permanyer, Borja de<\/strong><br \/>\nTitle: <strong>Hist\u00f2ria de la joventut nacionalista de Catalunya (1980-2003)<\/strong><br \/>\nSubmission date: 15-IV-2010<br \/>\nPhD student: <strong>Mart\u00edn Berbois, Josep Llu\u00eds<\/strong><br \/>\nInstitution where the thesis has been read: Universitat Aut\u00f2noma de Barcelona<br \/>\nTDX link: <a href=\"http:\/\/www.tdx.cat\/handle\/10803\/48535\">http:\/\/www.tdx.cat\/handle\/10803\/48535<\/a><\/p>\n<p>PhD director (PICEC researcher): <strong>Riquer i Permanyer, Borja de<\/strong><br \/>\nTitle: <strong>La colectividad catalana en Buenos Aires en el siglo XX: una visi\u00f3n a trav\u00e9s de los catalanes de los &#8220;catalanes de Am\u00e9rica&#8221;. El activismo patri\u00f3tico de los catalanes de Am\u00e9rica de Buenos Aires: desde 1916 hasta el final del Casal Catal\u00e0<\/strong>.<br \/>\nSubmission date: 20\/12\/2009<br \/>\nPhD student: <strong>Lucci, Marcela Isabel<\/strong><br \/>\nInstitution where the thesis has been read: Universitat Aut\u00f2noma de Barcelona<br \/>\nTDX link:&nbsp; <a href=\"http:\/\/www.tdx.cat\/handle\/10803\/4820\">http:\/\/www.tdx.cat\/handle\/10803\/4820<\/a><\/p>\n<p>IPhD director (PICEC researcher): <strong>Riquer i Permanyer, Borja<\/strong><br \/>\nTitle: <strong>Els Diputats de Catalunya a les Corts republicanes (1933-1939)<\/strong><br \/>\nSubmission date: 06\/11\/2008<br \/>\nPhD student: <strong>Gonz\u00e1lez Vilalta, Arnau<\/strong><br \/>\nInstitution where the thesis has been read: Universitat Aut\u00f2noma de Barcelona<br \/>\nTESEO link:&nbsp;<a href=\"https:\/\/www.educacion.es\/teseo\/mostrarRef.do?ref=413436\">https:\/\/www.educacion.es\/teseo\/mostrarRef.do?ref=413436<\/a><\/p>\n<p>PhD director (PICEC researcher): <strong>Toledano Gonz\u00e1lez, Llu\u00eds Ferran<\/strong><br \/>\nTitle: <strong>Pol\u00edtica, liberalisme i revoluci\u00f3. Barcelona, 1820-1823<\/strong>.<br \/>\nSubmission date: 23-11-2007<br \/>\nPhD student: <strong>Roca i Vernet, Jordi<\/strong><br \/>\nInstitution where the thesis has been read: Universitat Aut\u00f2noma de Barcelona<br \/>\nTDX link:&nbsp; <a href=\"http:\/\/http:\/\/hdl.handle.net\/10803\/4811\">http:\/\/http:\/\/hdl.handle.net\/10803\/4811<\/a><\/p>\n<p>PhD director (PICEC researcher): <strong>Figuerola i Garreta, Jordi<\/strong><br \/>\nTitle: <strong>Els or\u00edgens de la tradici\u00f3 pol\u00edtica liberal cat\u00f2lica a Catalunya: Matar\u00f3, s.s. XVIII i XIX<\/strong>.<br \/>\nSubmission date: 03\/09\/2007<br \/>\nPhD student: <strong>Reixach i Puig, Ramon<\/strong><br \/>\nInstitution where the thesis has been read: Universitat Aut\u00f2noma de Barcelona<br \/>\nTESEO link:&nbsp; <a href=\"https:\/\/www.educacion.es\/teseo\/mostrarRef.do?ref=413157\">https:\/\/www.educacion.es\/teseo\/mostrarRef.do?ref=413157<\/a><\/p>\n<p>PhD director (PICEC researcher): <strong>Figuerola i Garreta, Jordi<\/strong><br \/>\nTitle: <strong>Torna el fusell i posa\u2019t a treballar. La Mil\u00edcia Nacional a Figueres a la darrera Guerra Carlina (1872-1876).<\/strong><br \/>\nSubmission date: 19\/05\/2006<br \/>\nPhD student: <strong>Veh\u00ed i Castell\u00f3, Agust\u00ed<\/strong><br \/>\nInstitution where the thesis has been read: Universitat Aut\u00f2noma de Barcelona<br \/>\nTESEO link:&nbsp; <a href=\"https:\/\/www.educacion.es\/teseo\/mostrarRef.do?ref=398865\">https:\/\/www.educacion.es\/teseo\/mostrarRef.do?ref=398865<\/a><\/p>\n<p>PhD director (PICEC researcher): <strong>Riquer i Permanyer, Borja<\/strong><br \/>\nTitle: <strong>El PSUC i la Internacional Comunista durant la convulsi\u00f3 1936-1943: cr\u00f2nica d\u2019una incomprensi\u00f3<\/strong><br \/>\nSubmission date: 31\/05\/2005<br \/>\nPhD student: <strong>Puigsech Farr\u00e0s, Josep<\/strong><br \/>\nInstitution where the thesis has been read: Universitat Aut\u00f2noma de Barcelona<br \/>\nTESEO link: <a href=\"https:\/\/www.educacion.es\/teseo\/mostrarRef.do?ref=381762\">https:\/\/www.educacion.es\/teseo\/mostrarRef.do?ref=381762<\/a><\/p>\n","protected":false},"excerpt":{"rendered":"<p>&nbsp; PhD director (PICEC researcher): Toledano Gonz\u00e1lez, Llu\u00eds Ferran Title: Advocats, levites i insurgents. Pol\u00edtica, societat i revoluci\u00f3 al Pirineu lleidat\u00e0 (1808-1875) PhD student: Planes Ball, Josep Albert Submission date: 04-12-2020 Institution where the thesis has been read: Universitat Aut\u00f2noma de Barcelona. TDX link:&nbsp; PhD director (PICEC researcher): Riquer Permanyer, Borja de Title: La construcci\u00f3 [&hellip;]<\/p>\n","protected":false},"author":20,"featured_media":0,"parent":0,"menu_order":0,"comment_status":"closed","ping_status":"closed","template":"","meta":{"footnotes":""},"class_list":["post-368","page","type-page","status-publish","hentry"],"_links":{"self":[{"href":"https:\/\/webs.uab.cat\/grepiic\/en\/wp-json\/wp\/v2\/pages\/368","targetHints":{"allow":["GET"]}}],"collection":[{"href":"https:\/\/webs.uab.cat\/grepiic\/en\/wp-json\/wp\/v2\/pages"}],"about":[{"href":"https:\/\/webs.uab.cat\/grepiic\/en\/wp-json\/wp\/v2\/types\/page"}],"author":[{"embeddable":true,"href":"https:\/\/webs.uab.cat\/grepiic\/en\/wp-json\/wp\/v2\/users\/20"}],"replies":[{"embeddable":true,"href":"https:\/\/webs.uab.cat\/grepiic\/en\/wp-json\/wp\/v2\/comments?post=368"}],"version-history":[{"count":0,"href":"https:\/\/webs.uab.cat\/grepiic\/en\/wp-json\/wp\/v2\/pages\/368\/revisions"}],"wp:attachment":[{"href":"https:\/\/webs.uab.cat\/grepiic\/en\/wp-json\/wp\/v2\/media?parent=368"}],"curies":[{"name":"wp","href":"https:\/\/api.w.org\/{rel}","templated":true}]}}