{"id":369,"date":"2011-11-29T10:20:31","date_gmt":"2011-11-29T08:20:31","guid":{"rendered":"https:\/\/webs.uab.cat\/picec\/theses-members-picec\/"},"modified":"2021-02-23T13:03:19","modified_gmt":"2021-02-23T11:03:19","slug":"theses-members-picec","status":"publish","type":"page","link":"https:\/\/webs.uab.cat\/grepiic\/en\/theses-members-picec\/","title":{"rendered":"Theses members PICEC"},"content":{"rendered":"<p><strong>PhD student<\/strong>: Bajona Hergueta, Carles<br \/>\n<strong>Title<\/strong>: <em>\u00d2mnium cultural i el seu temps<\/em><br \/>\n<strong>Director: <\/strong>Culla Clara, Joan B.<br \/>\n<strong>Inscription date<\/strong>: 09\/01\/2019<\/p>\n<p><strong>PhD student:&nbsp;<\/strong>Forn\u00e9s Fern\u00e1ndez, Guillem<br \/>\n<strong>Title: <\/strong><em>La percepci\u00f3 del despotisme i el mal govern en el discurs pol\u00edtic catal\u00e0 durant la crisi de l&#8217;\u00c0ntic R\u00e8gim<\/em><br \/>\n<strong>Director:<\/strong>&nbsp;Rub\u00ed i Casals, Maria Gemma<br \/>\n<strong>Inscription date<\/strong>: 09\/11\/2018<\/p>\n<p><strong>PhD student<\/strong>: Be\u00e0 Pardo, Marc<br \/>\n<strong>Title: <\/strong><em>Judaisme, sionisme i Estat d&#8217;Israel: aproximacions i posicionaments ideol\u00f3gics a Catalunya des del franquisme, l&#8217;exili i la clandestinitat (1939-1977)<\/em><br \/>\n<strong>Director: <\/strong>Culla Clara, Joan B.<br \/>\n<strong>Inscription date<\/strong>: 01\/10\/2018<\/p>\n<p><strong>PhD student<\/strong>: Porras Paredes, M. Elena<br \/>\n<strong>Title<\/strong>: <em>Archivos, estado y memoria hist\u00f3rica en el Ecuador<\/em><br \/>\n<strong>Director:<\/strong> Perpiny\u00e0 i Morera, Remei ; Alberch i Fugueras, Ramon<br \/>\n<strong>Inscription date<\/strong>: 20\/03\/2018<\/p>\n<p><strong>PhD student<\/strong>: Finestrat Mart\u00ednez, Mar\u00eda Aitana<br \/>\n<strong>Title<\/strong>: <em>Sensibilitats religioses a Espanya i Anglaterra durant el segle XVI. Una mirada a trav\u00e9s de la correspond\u00e8ncia privada i les autobiografies<\/em><br \/>\n<strong>Director<\/strong>: Ant\u00f3n Pelayo, Javier<br \/>\n<strong>Inscription date:<\/strong> 29\/11\/2017<\/p>\n<p><strong>PhD student<\/strong>: Artczak, Richard<br \/>\n<strong>Title<\/strong>: <em>La inger\u00e8ncia nord-americana i el cop d&#8217;estat de 1764 a Brasil<\/em><br \/>\n<strong>Director:<\/strong> Figuerola Garreta, Jordi<br \/>\n<strong>Inscription date<\/strong>: 29\/11\/2017<\/p>\n<p><strong>PhD student<\/strong>: Fortet Mart\u00ednez, Adri\u00e0<br \/>\n<strong>Title<\/strong>: <em>La terra i la pau. Dilemes de la dreta revisionista israeliana davant del conflicte de Palestina (1977-2009)<\/em><br \/>\n<strong>Director<\/strong>: Culla Clara, Joan B.<br \/>\n<strong>Inscription date<\/strong>: 02\/10\/2017<\/p>\n<p><strong>PhD student<\/strong>: Juncks Kammers, Katia Regina<br \/>\n<strong>Title<\/strong>: <em>La formaci\u00f3 hist\u00f2rica de la(s) classe(s) obrera(s) en la societat globalitzada. An\u00e0lisi local i de g\u00e8nere de les condicions de treball a Catalunya en l\u2019economia global<\/em><br \/>\n<strong>Director:<\/strong> Figuerola i Garreta, Jordi<br \/>\n<strong>Inscription date<\/strong>: 02\/10\/2017<\/p>\n<p><strong>PhD student:<\/strong> Soto Lara, Jos\u00e9 Juli\u00e1n<br \/>\n<strong>Title:<\/strong> <em>El conflicto de Tacna y Arica en la prensa de los Estados Unidos<\/em><br \/>\n<strong>Director<\/strong>: Figuerola Garreta, Jordi<br \/>\n<strong>Inscription date<\/strong>:20\/02\/2017<\/p>\n<p><strong>PhD student:&nbsp; <\/strong>Sol\u00e0 Gasset, Josefina<br \/>\n<strong>Title: <\/strong><em>La mem\u00f2ria de les dones esportistes<\/em><br \/>\n<strong>Director<\/strong>: Perpiny\u00e0 i Morera, Remei ; Pujadas, xavier<br \/>\n<strong>Inscription date<\/strong>:<\/p>\n<p><strong>PhD student:<\/strong> Cazorla M\u00e1rquez, Jordi<br \/>\n<strong>Title<\/strong>: <em>El Partit Republic\u00e0 Radical a Barcelona durant la 2\u00aa Rep\u00fablica<\/em><br \/>\n<strong>Director<\/strong>: Culla Clara, Joan B.<br \/>\n<strong>Inscription date<\/strong>: 02\/11\/2016<\/p>\n<p><strong>PhD student: <\/strong>Mestre Pratdepadua, Maria<br \/>\n<strong>Title:<\/strong> <em>El primer catalanisme a les terres de l&#8217;Ebre: Francesc Mestre i No\u00e9<\/em><br \/>\n<strong>Director<\/strong>: Riquer i Permanyer, Borja de<br \/>\n<strong>Inscription date<\/strong>: 02\/11\/2016<\/p>\n<p><strong>PhD student:<\/strong> Salicr\u00fa Matas, Mar\u00eda<br \/>\n<strong>Title: <\/strong><em>La Nova Can\u00e7\u00f3 (1958-1975)<\/em><br \/>\n<strong>Director:<\/strong> Riquer i Permanyer, Borja de ; Ayats, J.<br \/>\n<strong>Inscription date<\/strong>: 03\/12\/2015<\/p>\n<p><strong>PhD student: <\/strong>Osorio S\u00e1nchez, C\u00e9sar Eduardo<br \/>\n<strong>Title:<em> <\/em><\/strong><em>Memoria hist\u00f3rica, archivos y testimonios en Macondo. Dimensiones socioculturales y pedag\u00f3gicas de los archivos de DDHH<\/em><br \/>\n<strong>Director<\/strong>: Perpiny\u00e0 i Morera, Remei<br \/>\n<strong>Inscription date<\/strong>:02\/12\/2015<\/p>\n<p><strong>PhD student: <\/strong>Clares Cruz, Lucia<br \/>\n<strong>Title: <\/strong><em>Uni\u00f3 Patri\u00f3tica (1926-1931)<\/em><br \/>\n<strong>Director<\/strong>: Rub\u00ed i Casals, Maria Gemma<br \/>\n<strong>Inscription date<\/strong>: 30\/09\/2015<\/p>\n<p><strong>PhD student<\/strong>: Bravo Castillo, Paulina Andrea<br \/>\n<strong>Title<\/strong>: <em>An\u00e1lisis de pol\u00edticas archiv\u00edsticas en Chile durante la dictadura militar (1973-1990). Su continuidad y repercusi\u00f3n en democracia<\/em><br \/>\n<strong>Director:<\/strong>&nbsp;Perpiny\u00e0 i Morera, Remei<br \/>\n<strong>Inscription date: <\/strong>25\/09\/2015<\/p>\n<p><strong>PhD student<\/strong>: S\u00e1nchez Cartr\u00f3, Adriana<br \/>\n<strong>Title:<\/strong> <em>El bandoler: de personatge hist\u00f2ric a mite popular. Estudi del fenomen del bandolerisme durant l&#8217;edat moderna i la seva repercussi\u00f3 a l&#8217;\u00e8poca contempor\u00e0nia<\/em><br \/>\n<strong>Director<\/strong>: Jim\u00e9nez Sureda, Montserrat<br \/>\n<strong>Inscription date: <\/strong>25\/09\/2014<\/p>\n<p><strong>PhD student<\/strong>: Quintana Segala, Joan Xavier<br \/>\n<strong>Title<\/strong>: <em>Les institucions carlines a Catalunya a la Guerra dels set anys (1833-1840)<\/em><br \/>\n<strong>Director: <\/strong>Moliner Prada, Antoni<br \/>\n<strong>Inscription date:<\/strong> 19\/12\/2012<\/p>\n<p><strong>PhD student:<\/strong> Molins Cortina, Jordi<br \/>\n<strong>Title:<\/strong> <em>Teoria de l&#8217;Estat en Francesc Maspons i Anglasell.<\/em><br \/>\n<strong>Director<\/strong>: Rub\u00ed i Casals, M. Gemma<br \/>\n<strong>Inscription date:<\/strong><\/p>\n<p><strong>PhD student:<\/strong> Mu\u00f1oz Jofre, Jaume<br \/>\n<strong>Title:<\/strong> <em>Ernest Lluch: intel\u00b7lectual i pol\u00edtic.<\/em><br \/>\n<strong>Director:<\/strong> Riquer Permanyer, Borja de<br \/>\n<strong>Inscription date:<\/strong><\/p>\n<p><strong>PhD student:<\/strong> P\u00e9rez Ventayol, Joan<br \/>\n<strong>Title:<\/strong> <em>Els debats sobre la q\u00fcesti\u00f3 jueva a Catalunya (1917-1936)<\/em><br \/>\n<strong>Director:<\/strong> Culla i Clar\u00e0, Joan B.<br \/>\n<strong>Inscription date:<\/strong><\/p>\n<p><strong>PhD student:<\/strong> Arqu\u00e9 Carr\u00e9, Josep<br \/>\n<strong>Title: <\/strong><em>L&#8217;extrema dreta espanyolista a Catalunya durant la Segona Rep\u00fablica (1931-1936)<\/em><br \/>\n<strong>Director:<\/strong> Vilanova i Vila-Abadal, Francesc<br \/>\n<strong>Inscription date:<\/strong><\/p>\n<p><strong>PhD student: <\/strong>Collins Serra, Miriam<br \/>\n<strong>Title:<\/strong> <em>La corriente sionista socialista en el imperio austro h\u00fangaro 1898-1918 y su evoluci\u00f3n en Austria de 1918-1938.<\/em><br \/>\n<strong>Director:<\/strong> Culla Clar\u00e0, Joan B.<br \/>\n<strong>Inscription date:<\/strong> 2011-03-17<\/p>\n<p><strong>PhD student:<\/strong> Gili Gasol, Marc<br \/>\n<strong>Title:<\/strong> <em>Partits pol\u00edtics i inmigraci\u00f3 a Catalunya (1976-1983)<\/em><br \/>\n<strong>Director:<\/strong> Riquer i Permanyer, Borja de<br \/>\n<strong>Inscription date:<\/strong> 2008-02-28<\/p>\n<p><strong>PhD student:<\/strong> Alavedra Bosch, Josep<br \/>\n<strong>Title:<\/strong> <em>De paraires a teixidors: la sociabilitat confraternal a Sabadell (1556-1834)<\/em><br \/>\n<strong>Director:<\/strong> Moliner Prada, Antoni<br \/>\n<strong>Inscription date:<\/strong> 2007-07-05<\/p>\n<p><strong>PhD student:<\/strong> Da Cunha Louren\u00e7o, Joao Pedro<br \/>\n<strong>Title:<\/strong> <em>Tierra ajena, tierra amiga: la mano de obra angole\u00f1a migrada en \u00c1frica Austral (1899-1974)<\/em><br \/>\n<strong>Director:<\/strong> Cull\u00e0 i Clara, Joan B.<br \/>\n<strong>Inscription date:<\/strong> 2007-02-19<\/p>\n<p><strong>PhD student:<\/strong> Pons Pujol, Jordi<br \/>\n<strong>Title:<\/strong> <em>Modernitat, identitat, desordre. La construcci\u00f3 d&#8217;una imatge oficial de la Catalunya espanyola a Fran\u00e7a, 1898-1931.<\/em><br \/>\n<strong>Director:<\/strong> Riquer i Permanyer, Borja de<br \/>\n<strong>Inscription date:<\/strong> 2006-02-20<\/p>\n<p><strong>PhD student: <\/strong>Piqu\u00e9 Busquets, Anna<br \/>\n<strong>Title:<em> <\/em><\/strong><em>Un diputat aran\u00e8s a les Corts de Cadis: biografia de Felip d&#8217;Aner i Esteve<\/em><br \/>\n<strong>Director<\/strong>: Toledano Gonz\u00e1lez, Llu\u00eds Ferran<br \/>\n<strong>Inscription date<\/strong>: 17\/01\/2006<\/p>\n<p>&nbsp;<\/p>\n<p>&nbsp;<\/p>\n","protected":false},"excerpt":{"rendered":"<p>PhD student: Bajona Hergueta, Carles Title: \u00d2mnium cultural i el seu temps Director: Culla Clara, Joan B. Inscription date: 09\/01\/2019 PhD student:&nbsp;Forn\u00e9s Fern\u00e1ndez, Guillem Title: La percepci\u00f3 del despotisme i el mal govern en el discurs pol\u00edtic catal\u00e0 durant la crisi de l&#8217;\u00c0ntic R\u00e8gim Director:&nbsp;Rub\u00ed i Casals, Maria Gemma Inscription date: 09\/11\/2018 PhD student: Be\u00e0 [&hellip;]<\/p>\n","protected":false},"author":20,"featured_media":0,"parent":0,"menu_order":0,"comment_status":"closed","ping_status":"closed","template":"","meta":{"footnotes":""},"class_list":["post-369","page","type-page","status-publish","hentry"],"_links":{"self":[{"href":"https:\/\/webs.uab.cat\/grepiic\/en\/wp-json\/wp\/v2\/pages\/369","targetHints":{"allow":["GET"]}}],"collection":[{"href":"https:\/\/webs.uab.cat\/grepiic\/en\/wp-json\/wp\/v2\/pages"}],"about":[{"href":"https:\/\/webs.uab.cat\/grepiic\/en\/wp-json\/wp\/v2\/types\/page"}],"author":[{"embeddable":true,"href":"https:\/\/webs.uab.cat\/grepiic\/en\/wp-json\/wp\/v2\/users\/20"}],"replies":[{"embeddable":true,"href":"https:\/\/webs.uab.cat\/grepiic\/en\/wp-json\/wp\/v2\/comments?post=369"}],"version-history":[{"count":0,"href":"https:\/\/webs.uab.cat\/grepiic\/en\/wp-json\/wp\/v2\/pages\/369\/revisions"}],"wp:attachment":[{"href":"https:\/\/webs.uab.cat\/grepiic\/en\/wp-json\/wp\/v2\/media?parent=369"}],"curies":[{"name":"wp","href":"https:\/\/api.w.org\/{rel}","templated":true}]}}