{"id":372,"date":"2011-11-28T10:38:14","date_gmt":"2011-11-28T08:38:14","guid":{"rendered":"https:\/\/webs.uab.cat\/picec\/projects-id-members-2018-2021\/"},"modified":"2021-02-23T13:49:41","modified_gmt":"2021-02-23T11:49:41","slug":"projects-id-members-2018-2021","status":"publish","type":"page","link":"https:\/\/webs.uab.cat\/grepiic\/en\/projects-id-members-2018-2021\/","title":{"rendered":"Projects I+D members 2018-2021"},"content":{"rendered":"<p><strong>Directora:<\/strong><br \/>\n<a href=\"#rubi\">Rub\u00ed i Casals, Maria Gemma (UAB)<\/a><br \/>\n&nbsp;<a href=\"mailto:mariagemma.rubi@uab.cat\">mariagemma.rubi@uab.cat<\/a><\/p>\n<p><strong>Members:<\/strong><\/p>\n<p>Ca\u00f1abate P\u00e9rez, Josep<br \/>\n<a href=\"mailto:Josep.Canabate@uab.cat\">Josep.Canabate@uab.cat<\/a><\/p>\n<p>Casades\u00fas de Mingo, Anah\u00ed<br \/>\n<a href=\"mailto:Anahi.Casadesus@uab.cat\">Anahi.Casadesus@uab.cat<\/a><\/p>\n<p>Casals Berg\u00e9s, Quint\u00ed<br \/>\n<a href=\"mailto:quintin.casals.udl.cat\">quintin.casals.udl.cat<\/a><\/p>\n<p>Clot i Trias, Dami\u00e0 del<br \/>\n<a href=\"mailto:damiaclot@icab.cat\">damiaclot@icab.cat<\/a><\/p>\n<p><a href=\"#culla\">Culla i Clar\u00e0, Joan B. (UAB)<\/a><br \/>\n<a href=\"mailto:Joan.Culla@uab.cat\">Joan.Culla@uab.cat<\/a><\/p>\n<p>Figuerola i Garreta, Jordi (UAB)<br \/>\n&nbsp;<a href=\"mailto:Jordi.Figuerola@uab.cat\">Jordi.Figuerola@uab.cat<\/a><\/p>\n<p>Gonz\u00e1lez Vilalta, Arnau<br \/>\n<a href=\"mailto:arnau.gonzalez@uab.cat\">Arnau.Gonzalez@uab.cat<\/a><\/p>\n<p>Lujan Feliu, Oriol<br \/>\n<a href=\"mailto:Oriol.Lujan@uab.cat\">Oriol.Lujan@uab.cat<\/a><\/p>\n<p>Mart\u00ednez Fiol, David<br \/>\n<a href=\"mailto:David.Martinez.Fiol@uab.cat\">David.Martinez.Fiol@uab.cat<\/a><\/p>\n<p>Perpiny\u00e0 i Morera, Remei (UAB)<br \/>\n<a href=\"mailto:remei.perpinya@uab.cat\">Remei.Perpinya@uab.cat<\/a><\/p>\n<p>P\u00e9rez Francesch, Joan Llu\u00eds<br \/>\n<a href=\"mailto:Joanlluis.Perez.Francesch@uab.cat\">Joanlluis.Perez.Francesch@uab.cat<\/a><\/p>\n<p>P\u00e9rez Ventayol, Joan<br \/>\n<a href=\"mailto:Joan.Perez@uab.cat\">Joan.Perez@uab.cat<\/a><\/p>\n<p>Toledano Gonz\u00e1lez, Llu\u00eds Ferran<br \/>\n<a href=\"mailto:LuuisFerran.Toledano@uab.cat\">LluisFerran.Toledano@uab.cat<\/a><\/p>\n<p>Vall\u00e8s Mu\u00f1io, Daniel<br \/>\n<a href=\"mailto:Daniel.Valles@uab.cat\">Daniel.Valles@uab.cat<\/a><\/p>\n<p><strong>&nbsp;<\/strong><br \/>\n<strong>Equip de treball:<\/strong><\/p>\n<p>Cuadrado Ben\u00edtez, Maribel (UAB)<br \/>\n<a href=\"mailto:Maribel.Cuadrado@uab.cat\">Maribel.Cuadrado@uab.cat<\/a><\/p>\n<p>Fortet, Adri\u00e0 (UAB)<br \/>\n<a href=\"mailto:Adria.Fortet@uab.cat\">Adria.Fortet@uab.cat<\/a><\/p>\n<p>Rius Vera, N\u00faria (UAB)<br \/>\n<a href=\"mailto:Nuria.Rius@uab.cat\">Nuria.Rius@uab.cat<\/a><\/p>\n<p>Torrents i Junc\u00e0, Joan (UAB)<br \/>\n<a href=\"mailto:Joan.Torrents@uab.cat\">Joan.Torrents@uab.cat<\/a><\/p>\n<p>&nbsp;<\/p>\n<p><strong>Culla i Clar\u00e0, Joan B.<\/strong><a name=\"culla\"><\/a><br \/>\n<a href=\"mailto:Joan.Culla@uab.cat\">Joan.Culla@uab.cat<\/a><br \/>\nNascut a Barcelona el 1952, es llicenci\u00e0 en Hist\u00f2ria Moderna i Contempor\u00e0nia per la Universitat de Barcelona el 1975, i s\u2019hi doctor\u00e0 el 1985. Des del 1977 \u00e9s professor de la Universitat Aut\u00f2noma de Barcelona a les Facultats de Ci\u00e8ncies de la Comunicaci\u00f3 i de Filosofia i Lletres, i ha estat tamb\u00e9 col\u00b7laborador acad\u00e8mic d\u2019ESADE (1981-85) i professor a l\u2019Escola de Policia de Catalunya.<br \/>\nHa publicat els llibres seg\u00fcents: El catalanisme d\u2019esquerra (1928-1936) (1977), Les eleccions generals a Catalunya de 1901 a 1923 (1982, en col\u00b7laboraci\u00f3 amb Albert Balcells i Conxita Mir), Catalunya i la Generalitat al llarg de la nostra hist\u00f2ria (1983, coordinador), El republicanisme lerrouxista a Catalunya (1901-1923) (1986), El franquisme i la transici\u00f3 democr\u00e0tica (1939-1988) (1989, amb Borja de Riquer; reedici\u00f3 el 2000), La premsa republicana (1990, amb \u00c0ngel Duarte), Joan Casanelles i Ibarz (1904-1986). Mem\u00f2ries i biografia (1991), Autogovern i reptes de la fi de segle (1980-1997), volum 12\u00e8 de la \u201cHist\u00f2ria, Pol\u00edtica, Societat i Cultura dels Pa\u00efsos Catalans\u201d (1999, director), Diccionari dels Partits Pol\u00edtics de Catalunya, segle XX (2000, co-director), El mundo contempor\u00e1neo. Grandes textos y documentos pol\u00edticos (2000), El pal de paller. Converg\u00e8ncia Democr\u00e0tica de Catalunya (1974-2000) (2001, coordinador) i Uni\u00f3 Democr\u00e0tica de Catalunya: el llarg cam\u00ed (1931-2001) (2002).<br \/>\nHa participat en nombroses obres col\u00b7lectives, de la \u201cGran Enciclop\u00e8dia Catalana\u201d a la \u201cHist\u00f2ria Nacional de Catalunya\u201d de Rovira i Virgili\/Sobrequ\u00e9s, passant per l\u2019informe Catalunya 77-88 de la Fundaci\u00f3 Jaume Bofill (1989) o els volums Els catalans i el poder (1994), Catalunya-Espa\u00f1a. Un di\u00e0leg amb futur (1998) i Christian Democracy in Europe (1992). Ha publicat articles sobre hist\u00f2ria social i pol\u00edtica catalana i espanyola del segle XX a \u201cL\u2019Aven\u00e7\u201d, \u201cSerra d\u2019Or\u201d, \u201cRevista de Catalunya\u201d, \u201cPol\u00edtica Exterior\u201d, \u201cH\u00e9rodote\u201d, etc\u00e8tera, a m\u00e9s de col\u00b7laborar amb centenars d\u2019articles d\u2019opini\u00f3 en la premsa di\u00e0ria (\u201cAVUI\u201d, \u201cEL PA\u00cdS\u201d) i en diverses emissores de r\u00e0dio. Va ser, entre 1981 i 1983, assessor del programa de Televisi\u00f3 Espanyola a Catalunya Mem\u00f2ria Popular, i des del 1991 ha exercit com a director del programa Segle XX, de Televisi\u00f3 de Catalunya.<\/p>\n<p class=\"rtejustify\">&nbsp;<\/p>\n<p class=\"rtejustify\"><strong>Rub\u00ed i Casals, Maria Gemma<\/strong><a id=\"rubi\" name=\"rubi\"><\/a><br \/>\n<a href=\"mailto:mariagemma.rubi@uab.cat\">mariagemma.rubi@uab.cat<\/a><\/p>\n<p class=\"rtejustify\">Professora agregada d&#8217;hist\u00f2ria contempor\u00e0nia a la Universitat Aut\u00f2noma de Barcelona on imparteix doc\u00e8ncia en la titulaci\u00f3 d&#8217;hist\u00f2ria i d&#8217;humanitats. ha exercit com a professora agregada de Ci\u00e8ncia Pol\u00edtica a la Universitat Pompeu Fabra de Barcelona, a la Facultat de Dret de la Universitat de Barcelona, i en universitats a dist\u00e0ncia (UNED i UOC). Llicenciada en Hist\u00f2ria (1987) i en Ci\u00e8ncies Pol\u00edtiques i Sociologia (1992), aix\u00ed com Doctora en hist\u00f2ria contempor\u00e0nia per la UAB, i en &#8220;Histoire et civilisations&#8221; per l&#8217;\u00c9cole des Hautes \u00c9tudes en Sciences Socials de Par\u00eds, instituci\u00f3 on va realitzar els estudis de tercer cicle sota la direcci\u00f3 del professor Pierre Vilar. Ha impartit doc\u00e8ncia tamb\u00e9 a l\u2019Universit\u00e9 de Paris 8, Universidade de Lisboa, l\u2019EHESS de Par\u00eds, i a la Universitat de les Illes Balears i la Universitat de Lleida. S&#8217;ha especialitzat en la hist\u00f2ria social i cultural de la pol\u00edtica centrada en la Catalunya i Espanya contempor\u00e0nies. Caldria destacar de la seva traject\u00f2ria investigadora els llibres: <em>Entre el vot i la recomanaci\u00f3. Partits, mobilitzaci\u00f3 electoral i canvi pol\u00edtic.Manresa, 1899-1923<\/em> (1995), <em>El caciquisme i la pol\u00edtica de masses. Manresa, 1875-1899<\/em> (2005);<em> Els catalans i la pol\u00edtica en temps del caciquisme<\/em> (2006). Com editora, al costat de Francesc Espinet: <em>Solidaridat Catalana i Espanya (1905-1909)<\/em> (2008), i amb Santiago Izquierdo he coordinat <em>Els or\u00edgens del republicanisme nacionalista. El Centre Nacionalista Republic\u00e0 a Catalunya (1906-1910) <\/em>(2009), i editora d&#8217;<em>Entre la revolta i la destrucci\u00f3. La Guerra del Franc\u00e8s a Manresa ia la Catalunya central <\/em>(2009). I col\u00b7laboradora, entre d&#8217;altres, en els llibres coordinats per Antonio Moliner, <em>La Guerra de la Independencia en Espa\u00f1a<\/em> (2007), i <em>La Semana Tr\u00e1gica de Catalu\u00f1a<\/em> (2009), aix\u00ed com al costat de Josep Armengol &#8220;<em>Catalunya<\/em>&#8221; a Jos\u00e9 Varela (dir) ,<em> El poder de la influencia. Geograf\u00eda del caciquismo en Espa\u00f1a<\/em> (2001), a Charles Demange et al. <em>Sombras de mayo: mitos y memorias de la&nbsp; Guerra de la Independencia en Espa\u00f1a (1808-1908)<\/em> (2007), conjuntament amb Lluis Ferran Toledano, i en nombroses participacions en obres col\u00b7lectives i articles en revistes especialitzades. Actualment est\u00e0 preparant un llibre sobre el comportament electoral a Catalunya entre 1869 i 1923, conjuntament amb Josep Armengol (Universitat de Lleida).<\/p>\n<p><strong><strong>P\u00e9rez Francesch, Joan Ll\u00fais<\/strong><\/strong><br \/>\n<a href=\"mailto:JoanLluis.Perez.Francesch@uab.cat\">JoanLluis.Perez.Francesch@uab.cat<\/a><\/p>\n<p class=\"rtejustify\">Doctor en Dret. Catedr\u00e0tic de Dret Constitucional de la Unitat de Dret Constitucional del Departament de Ci\u00e8ncia Pol\u00edtica i Dret P\u00fablic de la Universitat Aut\u00f2noma de Barcelona. Ha estat S\u00edndic, secretari i vicedeg\u00e0 de comunicaci\u00f3 i de promoci\u00f3 de la Facultat de Dret, aix\u00ed com Delegat de la Rectora per a estudiants de la UAB (2010-2013). Dirigeix el grup d\u2019estudi i de recerca LSTE (Llibertat, Seguretat i transformacions de l\u2019Estat) i l\u2019Observatori de la Conviv\u00e8ncia i el Civisme de Catalunya (UAB). Ha estat director de l\u2019ICPS (Institut de Ci\u00e8ncies Pol\u00edtiques i Socials). Entre 2017 i 2020.<br \/>\nHa impartit assignatures relacionades amb el Dret P\u00fablic, Constitucional, i Teoria de l&#8217;Estat. \u00c9s coautor d&#8217;un manual i de diversos materials de dret p\u00fablic. Tamb\u00e9 \u00e9s autor de monografies i estudis de temes de la seva especialitat acad\u00e8mica, destacant les relatives al Govern i la direcci\u00f3 pol\u00edtica. Ha estat professor visitant de l&#8217;Institut Universitari Europeu de Flor\u00e8ncia, i de la Universitat del Norte (Col\u00f2mbia) i membre de comit\u00e8s cient\u00edfics de doctorat a It\u00e0lia (Bari i Salento). \u00c9s director de l&#8217;Institut de Dret Espanyol (Universitat de Tbilisi, a Ge\u00f2rgia). Es membre de l&#8217;Institut d&#8217;Estudis Europeus de la UAB.<br \/>\nHa participat en diversos projectes d&#8217;investigaci\u00f3 finan\u00e7ats amb fons p\u00fablics: drets fonamentals i Uni\u00f3 Europea; l&#8217;indult com a acte del govern; Administraci\u00f3 de Just\u00edcia i Estat auton\u00f2mic; xarxa tem\u00e0tica de pensament i filosofia a Catalunya; no-discriminaci\u00f3 i persona; els partits d&#8217;\u00e0mbit no estatal en el sistema pol\u00edtic espanyol; Llibertat, seguretat i transformacions de l&#8217;Estat; El temps dels drets; nova configuraci\u00f3 de la persona f\u00edsica, hist\u00f2ria de la corrupci\u00f3 a l\u2019Estat espanyol, Consolider-El tiempo de los derechos, etc. i ha participat en els projectes europeus Integra i Caper.&nbsp;<br \/>\nHa publicat els llibres &#8220;El terrorisme global&#8221;, &#8220;Civisme i llibertat&#8221;, &#8220;En defensa del Estado de Derecho&#8221; , \u201cDemocr\u00e0cia o Cleptocr\u00e0cia\u201d entre d\u2019altres. Ha format part del &#8220;Pla Nacional de Valors per a una nova cultura c\u00edvica &#8220;, com a coordinador de l&#8217;\u00e0mbit de seguretat (Generalitat de Catalunya, 2010-2015).&nbsp;<br \/>\nHa desenvolupat estudis sobre la regulaci\u00f3 de la conviv\u00e8ncia en les societats pluralistes (civisme i conviv\u00e8ncia en l&#8217;\u00e0mbit local, la responsabilitat social de la persona). Coordina la xarxa interuniversit\u00e0ria d\u2019estudi de les transformacions constitucionals de l\u2019Estat. \u00c9s president de CEDHICO (Centre d&#8217;Estudis per al desenvolupament hum\u00e0 i comunitari) i vicepresident de l\u2019Institut Emmanuel Mounier Catalunya.<\/p>\n<p class=\"rtejustify\"><strong><strong>Casals, Quint\u00ed<a id=\"casals\" name=\"casals\"><\/a><br \/>\n<a href=\"mailto:quintin.casals@udl.cat\">quintin.casals@udl.cat<\/a><\/strong><\/strong><br \/>\nQuint\u00ed Casals Berg\u00e9s (Lleida, 1965), es diplom\u00e0 com a mestre en 1988 i es llicenci\u00e0 en Geografia i Hist\u00f2ria en 1991. Posteriorment, en 1997 es doctor\u00e0 en Hist\u00f2ria Contempor\u00e0nia per la Universitat de Lleida, amb la tesis titulada: La Lleida dels Progressistes (1840-1843). Actualment \u00e9s investigador associat del Departament d&#8217;Hist\u00f2ria i professor col\u00b7laborador extern del Grau Senior de la Universitat de Lleida.<br \/>\nFruit de les seves investigacions hist\u00f2riques, centrades primerament en el coneixement de la transici\u00f3 de l\u2019antic r\u00e8gim absolutista a l\u2019Estat liberal a Lleida i la seva comarca, publicava en 1999 <em>Canvi econ\u00f2mic i social en el pas de l\u2019antic r\u00e8gim a l\u2019Estat liberal: Lleida en la primera meitat del segle XIX<\/em>; i en 2000 El <em>Trienni Progressista a la Lleida del segle XIX: la Reg\u00e8ncia del general Espartero (1840-1843)<\/em>. Posteriorment, amb el llibre: <em>Pol\u00edtics de Lleida: el poder local i les seves mutacions a trav\u00e9s del temps (1716-1868)<\/em>, publicat en 2002, clo\u00efa aquesta l\u00ednia d\u2019investigaci\u00f3 i aconseguia el Premi Josep Lladonosa d\u2019Hist\u00f2ria Local de l\u2019any 2001.<br \/>\nM\u00e9s endavant, encet\u00e0 una nova l\u00ednia d\u2019investigaci\u00f3 sobre la cultura i l\u2019educaci\u00f3 en el segle XIX a Lleida amb <em>Tots a l\u2019escola? Or\u00edgens de l\u2019ensenyament p\u00fablic contemporani: el model educatiu liberal de la Lleida del XIX<\/em>, publicat a Val\u00e8ncia en 2006, i amb el qual aconsegu\u00ed el XXII Premi Ferran Soldevila d\u2019estudis hist\u00f2rics. Posteriorment public\u00e0: <em>Els inicis de la historiografia contempor\u00e0nia a Lleida (1750-1860)<\/em>, Pobla de Claramunt, 2010; amb el qual aconsegu\u00ed el Premi Gumersind Bisbal de l\u2019any 2009. Tamb\u00e9 ha dirigit i prologat l&#8217;edici\u00f3 de la obra de Mari\u00e0 Olives, el primer historiador lleidat\u00e0 contemporani, <em>Coleccion de noticias, o sea, memorias para formar la historia de la antiquisima y nobilisima ciudad de Lerida<\/em>, IEI, Lleida, 2009. Finalment, \u00e9s autor amb Manel Lladonosa i Josep Maria Pons d&#8217;un llibre col\u00b7lectiu que analitza l&#8217;evoluci\u00f3 de la Lleida contempor\u00e0nia: <em>La construccio de la modernitat a Lleida: Manuel Fuster Arnaldo i el seu temps, Lleida<\/em>, IEI, 2009.<\/p>\n","protected":false},"excerpt":{"rendered":"<p>Directora: Rub\u00ed i Casals, Maria Gemma (UAB) &nbsp;mariagemma.rubi@uab.cat Members: Ca\u00f1abate P\u00e9rez, Josep Josep.Canabate@uab.cat Casades\u00fas de Mingo, Anah\u00ed Anahi.Casadesus@uab.cat Casals Berg\u00e9s, Quint\u00ed quintin.casals.udl.cat Clot i Trias, Dami\u00e0 del damiaclot@icab.cat Culla i Clar\u00e0, Joan B. (UAB) Joan.Culla@uab.cat Figuerola i Garreta, Jordi (UAB) &nbsp;Jordi.Figuerola@uab.cat Gonz\u00e1lez Vilalta, Arnau Arnau.Gonzalez@uab.cat Lujan Feliu, Oriol Oriol.Lujan@uab.cat Mart\u00ednez Fiol, David David.Martinez.Fiol@uab.cat Perpiny\u00e0 i [&hellip;]<\/p>\n","protected":false},"author":20,"featured_media":0,"parent":0,"menu_order":0,"comment_status":"closed","ping_status":"closed","template":"","meta":{"footnotes":""},"class_list":["post-372","page","type-page","status-publish","hentry"],"_links":{"self":[{"href":"https:\/\/webs.uab.cat\/grepiic\/en\/wp-json\/wp\/v2\/pages\/372","targetHints":{"allow":["GET"]}}],"collection":[{"href":"https:\/\/webs.uab.cat\/grepiic\/en\/wp-json\/wp\/v2\/pages"}],"about":[{"href":"https:\/\/webs.uab.cat\/grepiic\/en\/wp-json\/wp\/v2\/types\/page"}],"author":[{"embeddable":true,"href":"https:\/\/webs.uab.cat\/grepiic\/en\/wp-json\/wp\/v2\/users\/20"}],"replies":[{"embeddable":true,"href":"https:\/\/webs.uab.cat\/grepiic\/en\/wp-json\/wp\/v2\/comments?post=372"}],"version-history":[{"count":0,"href":"https:\/\/webs.uab.cat\/grepiic\/en\/wp-json\/wp\/v2\/pages\/372\/revisions"}],"wp:attachment":[{"href":"https:\/\/webs.uab.cat\/grepiic\/en\/wp-json\/wp\/v2\/media?parent=372"}],"curies":[{"name":"wp","href":"https:\/\/api.w.org\/{rel}","templated":true}]}}