{"id":141,"date":"2011-11-25T14:28:22","date_gmt":"2011-11-25T12:28:22","guid":{"rendered":"https:\/\/webs.uab.cat\/picec\/membres-del-sgr\/"},"modified":"2024-03-11T12:19:55","modified_gmt":"2024-03-11T10:19:55","slug":"membres-del-sgr","status":"publish","type":"page","link":"https:\/\/webs.uab.cat\/grepiic\/membres-del-sgr\/","title":{"rendered":"Membres del SGR"},"content":{"rendered":"\n<div class=\"wp-block-group\"><div class=\"wp-block-group__inner-container is-layout-constrained wp-block-group-is-layout-constrained\">\n<div class=\"wp-block-columns is-layout-flex wp-container-core-columns-is-layout-9d6595d7 wp-block-columns-is-layout-flex\">\n<div class=\"wp-block-column is-layout-flow wp-block-column-is-layout-flow\">\n<h6 class=\"wp-block-heading\">directora<\/h6>\n\n\n\n<p>Rub\u00ed Casals, Maria Gemma (UAB) <a href=\"mailto:mariagemma.rubi@uab.cat\">mariagemma.rubi@uab.cat<\/a><\/p>\n\n\n\n<h6 class=\"wp-block-heading\">membres<\/h6>\n\n\n\n<p>Ant\u00f3n Pelayo, Javier (UAB)&nbsp;<a href=\"mailto:javier.anton@uab.cat\">javier.anton@uab.cat<\/a><\/p>\n\n\n\n<p>Argelaguet i Argem\u00ed, Jordi (UAB)&nbsp;<a href=\"mailto:jordi.argelaguet@uab.cat\">jordi.argelaguet@uab.cat<\/a><\/p>\n\n\n\n<p>Bonet Esteve, Margarita (UAB)&nbsp;<a href=\"mailto:Margarita.Bonet@uab.cat\">Margarita.Bonet@uab.cat<\/a><\/p>\n\n\n\n<p>Ca\u00f1abate P\u00e9rez, Josep (UAB)&nbsp;<a href=\"mailto:josep.canabate@uab.cat\">josep.canabate@uab.cat<\/a><\/p>\n\n\n\n<p>Casades\u00fas i de Mingo, Anah\u00ed (UAB)&nbsp;<a href=\"mailto:antoni.casadesus@uab.cat\">antoni.casadesus@uab.cat<\/a><\/p>\n\n\n\n<p>Colomines i Companys, Agust\u00ed (UB)&nbsp;<a href=\"mailto:colomines@ub.edu\">colomines@ub.edu<\/a><\/p>\n\n\n\n<p>Cuenca \u00c1lvarez, Ra\u00fal (UAB) <a href=\"mailto:raul.cuenca@uab.cat\">raul.cuenca@uab.cat<\/a><\/p>\n\n\n\n<p>Culla Clar\u00e0, Joan B. (UAB) (\u271e)<\/p>\n\n\n\n<p>De Riquer i Permanyer, Borja (UAB)&nbsp;<a href=\"mailto:bdriquer@gmail.com\">bdriquer@gmail.com<\/a><\/p>\n\n\n\n<p>Espuny i Tom\u00e0s, Maria Jes\u00fas (UAB)&nbsp;<a href=\"mailto:mariajesus.espuny@uab.cat\">mariajesus.espuny@uab.cat<\/a><\/p>\n\n\n\n<p>Figuerola i Garreta, Jordi (UAB)&nbsp;<a href=\"mailto:jordi.figuerola@uab.cat\">jordi.figuerola@uab.cat<\/a><\/p>\n\n\n\n<p>Gonz\u00e1lez Vilalta, Arnau (UAB)&nbsp;<a href=\"mailto:arnau.gonzalez@uab.cat\">arnau.gonzalez@uab.cat<\/a><\/p>\n\n\n\n<p>Jim\u00e9nez i Sureda, Montserrat (UAB)&nbsp;<a href=\"mailto:montserrat.sureda@uab.cat\">montserrat.sureda@uab.cat<\/a><\/p>\n\n\n\n<p>Luj\u00e1n i Feliu, Oriol (UAB)&nbsp;<a href=\"mailto:oriol.lujan@uab.cat\">oriol.lujan@uab.cat<\/a><\/p>\n\n\n\n<p>Maci\u00e0 i Farr\u00e9, Marc (UdL)&nbsp;<a href=\"mailto:marc.macia@udl.cat\">marc.macia@udl.cat<\/a><\/p>\n\n\n\n<p>Moliner Prada, Antoni (UAB) &nbsp;(\u271e)<\/p>\n\n\n\n<p>P\u00e9rez Francesch, Joan Llu\u00eds (UAB)&nbsp;<a href=\"mailto:Joanlluis.Perez.Francesch@uab.cat\">Joanlluis.Perez.Francesch@uab.cat<\/a><\/p>\n\n\n\n<p>Porta i Capdevila, Frederic Josep (Margarita Salas-UB)&nbsp;<a href=\"mailto:fredericjporta@ub.edu\">fredericjporta@ub.edu<\/a><\/p>\n\n\n\n<p>Toledano i Gonz\u00e1lez, Llu\u00eds Ferran (UAB)&nbsp;<a href=\"mailto:LluisFerran.Toledano@uab.cat\">LluisFerran.Toledano@uab.cat<\/a><\/p>\n\n\n\n<p>Torra Prat, Ricard (UAB) <a href=\"mailto:ricard.torra@uab.cat\">ricard.torra@uab.cat<\/a><\/p>\n\n\n\n<p>Torrents i Junc\u00e0, Joan (UAB)&nbsp;<a href=\"mailto:joan.torrent@uab.cat\">joan.torrents@uab.cat<\/a><\/p>\n\n\n\n<p>Vall\u00e8s i Mu\u00f1\u00edo, Daniel (UAB)&nbsp;<a href=\"mailto:daniel.valles@uab.cat\">daniel.valles@uab.cat<\/a><\/p>\n\n\n\n<p>Vil\u00e0 i Urriza, Nat\u00e0lia (UAB)&nbsp;<a href=\"mailto:natalia.vila@uab.cat\">natalia.vila@uab.cat<\/a><\/p>\n<\/div>\n<\/div>\n<\/div><\/div>\n\n\n\n<p><\/p>\n","protected":false},"excerpt":{"rendered":"<p>directora Rub\u00ed Casals, Maria Gemma (UAB) mariagemma.rubi@uab.cat membres Ant\u00f3n Pelayo, Javier (UAB)&nbsp;javier.anton@uab.cat Argelaguet i Argem\u00ed, Jordi (UAB)&nbsp;jordi.argelaguet@uab.cat Bonet Esteve, Margarita (UAB)&nbsp;Margarita.Bonet@uab.cat Ca\u00f1abate P\u00e9rez, Josep (UAB)&nbsp;josep.canabate@uab.cat Casades\u00fas i de Mingo, Anah\u00ed (UAB)&nbsp;antoni.casadesus@uab.cat Colomines i Companys, Agust\u00ed (UB)&nbsp;colomines@ub.edu Cuenca \u00c1lvarez, Ra\u00fal (UAB) raul.cuenca@uab.cat Culla Clar\u00e0, Joan B. (UAB) (\u271e) De Riquer i Permanyer, Borja (UAB)&nbsp;bdriquer@gmail.com Espuny i [&hellip;]<\/p>\n","protected":false},"author":20,"featured_media":0,"parent":0,"menu_order":0,"comment_status":"closed","ping_status":"closed","template":"","meta":{"footnotes":""},"class_list":["post-141","page","type-page","status-publish","hentry"],"_links":{"self":[{"href":"https:\/\/webs.uab.cat\/grepiic\/wp-json\/wp\/v2\/pages\/141","targetHints":{"allow":["GET"]}}],"collection":[{"href":"https:\/\/webs.uab.cat\/grepiic\/wp-json\/wp\/v2\/pages"}],"about":[{"href":"https:\/\/webs.uab.cat\/grepiic\/wp-json\/wp\/v2\/types\/page"}],"author":[{"embeddable":true,"href":"https:\/\/webs.uab.cat\/grepiic\/wp-json\/wp\/v2\/users\/20"}],"replies":[{"embeddable":true,"href":"https:\/\/webs.uab.cat\/grepiic\/wp-json\/wp\/v2\/comments?post=141"}],"version-history":[{"count":12,"href":"https:\/\/webs.uab.cat\/grepiic\/wp-json\/wp\/v2\/pages\/141\/revisions"}],"predecessor-version":[{"id":1406,"href":"https:\/\/webs.uab.cat\/grepiic\/wp-json\/wp\/v2\/pages\/141\/revisions\/1406"}],"wp:attachment":[{"href":"https:\/\/webs.uab.cat\/grepiic\/wp-json\/wp\/v2\/media?parent=141"}],"curies":[{"name":"wp","href":"https:\/\/api.w.org\/{rel}","templated":true}]}}