{"id":142,"date":"2011-11-25T14:32:13","date_gmt":"2011-11-25T12:32:13","guid":{"rendered":"https:\/\/webs.uab.cat\/picec\/altres-collaboradors\/"},"modified":"2023-06-13T17:35:19","modified_gmt":"2023-06-13T15:35:19","slug":"altres-collaboradors","status":"publish","type":"page","link":"https:\/\/webs.uab.cat\/grepiic\/altres-collaboradors\/","title":{"rendered":"Altres col\u00b7laboradors"},"content":{"rendered":"\n<p>Fr\u00e9d\u00e9ric Monier (Centre Norbert Elias\/Universit\u00e9 d&#8217;Avignon)<br>Jens Ivo Engels (Universit\u00e4t Technische Darmstadt)<br>Ronald Kroeze (Vrije Universiteit Amsterdam)<br>Olivier Dard (Universit\u00e9 Sorbonne Paris IV)<br>Silvia Marton (University of Bucarest\/New European College Bucarest)<br>Joan Ramon Resina (Universitat de Standord. Cap del programa d&#8217;Estudis Ib\u00e8rics) Center for Latin American Studies<br>Andreas Fahrmeir (Goethe Universit\u00e4t)<br>Cesare Mattina (Universit\u00e9 Aix-en-Provence)<br>Ferran Archil\u00e9s (Universitat de Val\u00e8ncia)<br>Pablo S\u00e1nchez Le\u00f3n (Universidade Nova de Lisboa)<br>Carles Boix (Universitat de Princeton)<br>Gregorio Alonso (University of Leeds)<br>Angel Smith (University of Leeds)<br>Liah Greenfeld (Universitat de Boston, London School of Economics)<br>Association for the Studies o Ethnicity and Nationalism (ASEN)<br>Corpus Epistolare Ottocentesco Digitale (CEOD), de la Universitat de Siena (Dr. Massimo Palermo).<br>Sergi Prados-Pardo (University of Glasgow)<br>Maria Manuela Ribeiro (Universidade da Coimbra)<br>Roser Cuss\u00f3 (Universit\u00e9 Paris 1, Panth\u00e9on Sorbonne)<br>Paul Preston (London School of Economics and Political Science)<br>Mario Infelise (Universitat Ca\u2019 Foscari de Ven\u00e8cia)<br>Jean Marc Buigues (Universitat Michel de Montaigne \u2013 Bordeus).<\/p>\n","protected":false},"excerpt":{"rendered":"<p>Fr\u00e9d\u00e9ric Monier (Centre Norbert Elias\/Universit\u00e9 d&#8217;Avignon)Jens Ivo Engels (Universit\u00e4t Technische Darmstadt)Ronald Kroeze (Vrije Universiteit Amsterdam)Olivier Dard (Universit\u00e9 Sorbonne Paris IV)Silvia Marton (University of Bucarest\/New European College Bucarest)Joan Ramon Resina (Universitat de Standord. Cap del programa d&#8217;Estudis Ib\u00e8rics) Center for Latin American StudiesAndreas Fahrmeir (Goethe Universit\u00e4t)Cesare Mattina (Universit\u00e9 Aix-en-Provence)Ferran Archil\u00e9s (Universitat de Val\u00e8ncia)Pablo S\u00e1nchez Le\u00f3n (Universidade [&hellip;]<\/p>\n","protected":false},"author":20,"featured_media":0,"parent":0,"menu_order":0,"comment_status":"closed","ping_status":"closed","template":"","meta":{"footnotes":""},"class_list":["post-142","page","type-page","status-publish","hentry"],"_links":{"self":[{"href":"https:\/\/webs.uab.cat\/grepiic\/wp-json\/wp\/v2\/pages\/142","targetHints":{"allow":["GET"]}}],"collection":[{"href":"https:\/\/webs.uab.cat\/grepiic\/wp-json\/wp\/v2\/pages"}],"about":[{"href":"https:\/\/webs.uab.cat\/grepiic\/wp-json\/wp\/v2\/types\/page"}],"author":[{"embeddable":true,"href":"https:\/\/webs.uab.cat\/grepiic\/wp-json\/wp\/v2\/users\/20"}],"replies":[{"embeddable":true,"href":"https:\/\/webs.uab.cat\/grepiic\/wp-json\/wp\/v2\/comments?post=142"}],"version-history":[{"count":1,"href":"https:\/\/webs.uab.cat\/grepiic\/wp-json\/wp\/v2\/pages\/142\/revisions"}],"predecessor-version":[{"id":1216,"href":"https:\/\/webs.uab.cat\/grepiic\/wp-json\/wp\/v2\/pages\/142\/revisions\/1216"}],"wp:attachment":[{"href":"https:\/\/webs.uab.cat\/grepiic\/wp-json\/wp\/v2\/media?parent=142"}],"curies":[{"name":"wp","href":"https:\/\/api.w.org\/{rel}","templated":true}]}}