{"id":295,"date":"2011-12-19T11:25:36","date_gmt":"2011-12-19T09:25:36","guid":{"rendered":"https:\/\/webs.uab.cat\/picec\/treballs-de-recerca-2005-2013\/"},"modified":"2011-12-19T11:25:36","modified_gmt":"2011-12-19T09:25:36","slug":"treballs-de-recerca-2005-2013","status":"publish","type":"page","link":"https:\/\/webs.uab.cat\/grepiic\/treballs-de-recerca-2005-2013\/","title":{"rendered":"Treballs de recerca 2005-2013"},"content":{"rendered":"<p>&nbsp;<\/p>\n<p><strong><span>Curs 2012-2013<\/span><\/strong><\/p>\n<p>\n<strong>Alumne:<\/strong> Pla Rodr\u00edguez, Miquel<br \/>\n<strong>T\u00edtol:<\/strong> <em>1898 : l&#8217;ex\u00e8rcit espanyol a la Restauraci\u00f3 i l&#8217;opini\u00f3 p\u00fablica.<\/em><br \/>\n<strong>Director\/a<\/strong>: Rub\u00ed Casals, Gemma<br \/>\n<strong>Data de lectura<\/strong>: setembre 2013<br \/>\n<strong>Curs:<\/strong> 2012-2013<span> <\/span><\/p>\n<p><strong>Alumne:<\/strong> Carreras P\u00e9rez, Andreu<br \/>\n<strong>T\u00edtol:<\/strong> <em>La pol\u00edtica espanyolitzadora de la Dictadura de Primo de Rivera a Catalunya.<\/em><br \/>\n<strong>Director\/a<\/strong>: Riquer i Permanyer, Borja de<br \/>\n<strong>Data de lectura<\/strong>: setembre 2013<br \/>\n<strong>Curs:<\/strong> 2012-2013<\/p>\n<p><strong>Alumne:<\/strong> Prados Grau, Carlos<br \/>\n<strong>T\u00edtol:<\/strong> <em>Estudi comparatiu de les semblances i difer\u00e8ncies del nacionalisme espanyol i el catal\u00e0 en el per\u00edode (1917\/1918-1931).<\/em><br \/>\n<strong>Director\/a<\/strong>: Riquer i Permanyer, Borja de<br \/>\n<strong>Data de lectura<\/strong>: setembre 2013<br \/>\n<strong>Curs:<\/strong> 2012-2013<\/p>\n<p><strong>Alumne:<\/strong> Mu\u00f1oz Jofre, Jaume<br \/>\n<strong>T\u00edtol:<\/strong> <em>El grup propi del Partit dels Socialistes de Catalunya al Congr\u00e9s dels Diputats (1977-1982).<\/em><br \/>\n<strong>Director\/a<\/strong>: Riquer i Permanyer, Borja de<br \/>\n<strong>Data de lectura<\/strong>: setembre 2013<br \/>\n<strong>Curs:<\/strong> 2012-2013<\/p>\n<p><strong>Alumne:<\/strong> Estivill Rius, Assumpci\u00f3<br \/>\n<strong>T\u00edtol:<\/strong> <em>Les biblioteques populars catalanes de la Dictadura de Primo de Rivera a la Guerra Civil: espais de cultura, d&#8217;aprenentatge i de socialitzaci\u00f3.<\/em><br \/>\n<strong>Director\/a<\/strong>: Riquer i Permanyer, Borja de<br \/>\n<strong>Data de lectura<\/strong>: setembre 2013<br \/>\n<strong>Curs:<\/strong> 2012-2013<\/p>\n<p><strong>Alumne:<\/strong> Rodr\u00edguez Grimau, H\u00e9ctor<br \/>\n<strong>T\u00edtol:<\/strong> <em>La Mil\u00edcia Nacional al Trienni Liberal (1820-1823) a Catalunya.<\/em><br \/>\n<strong>Director\/a<\/strong>: Santirso Rodr\u00edguez, Manuel<br \/>\n<strong>Data de lectura<\/strong>: setembre 2013<br \/>\n<strong>Curs:<\/strong> 2012-2013<\/p>\n<p><strong>Curs 2011-2012<\/strong><\/p>\n<p>\n<strong>Alumne:<\/strong> Canalias Chorrero, Laura<br \/>\n<strong>T\u00edtol:<\/strong> <em>La Biblioteca Popular d\u2019Olot: 1918-1925<\/em><br \/>\n<strong>Director\/a<\/strong>: Rub\u00ed Casals, Gemma<br \/>\n<strong>Data de lectura<\/strong>:<br \/>\n<strong>Curs:<\/strong> 2011-2012<br \/>\n<strong>M\u00e0ster:<\/strong><\/p>\n<p>\n<strong>Alumne:<\/strong> D\u00e1vila Marichal, Jos\u00e9 Manuel<br \/>\n<strong>T\u00edtol:<\/strong> <em>La Revoluci\u00f3n Nacionalista de 1950<\/em><br \/>\n<strong>Director:<\/strong> Santirso Rodr\u00edguez, Manuel<br \/>\n<strong>Data de lectura:<\/strong><br \/>\n<strong>Curs:<\/strong> 2011-2012<br \/>\n<strong>M\u00e0ster:<\/strong> Hist\u00f2ria Contempor\u00e0nia<\/p>\n<p>\n<strong>Alumne:<\/strong> Izquierdo Genov\u00e9s, Xavier<br \/>\n<strong>T\u00edtol:<\/strong> <em>L\u2019esgl\u00e9sia catalana i el carlisme (1833\u20131840)<\/em><br \/>\n<strong>Director:<\/strong> Santirso Rodr\u00edguez, Manuel<br \/>\n<strong>Data de lectura<\/strong>:<br \/>\n<strong>Curs:<\/strong> 2011-2012<br \/>\n<strong>M\u00e0ster:<\/strong> Hist\u00f2ria Contempor\u00e0nia<\/p>\n<p>\n<strong>Alumne:<\/strong> Garc\u00eda Lores, Carmen<br \/>\n<strong>T\u00edtol:<\/strong> <em>L\u2019abstencionisme i el desenc\u00eds de la pol\u00edtica a Barcelona i la seva \u00e0rea metropolitana: eleccions municipals 1979-2007<\/em><br \/>\n<strong>Director:<\/strong> Culla Clar\u00e0. Joan B.<br \/>\n<strong>Data de lectura:<\/strong><br \/>\n<strong>Curs:<\/strong> 2011-2012<br \/>\n<strong>M\u00e0ster:<\/strong> Hist\u00f2ria Contempor\u00e0nia<\/p>\n<p>\n<strong>Alumne:<\/strong> Vall\u00e9s Cardero, Alexander de<br \/>\n<strong>T\u00edtol:<\/strong> <em>Intelectuales uruguayos exiliados en Espa\u00f1a durante la dictadura c\u00edvico-militar.<\/em><br \/>\n<strong>Director:<\/strong> Riquer i Permanyer, Borja de<br \/>\n<strong>Data de lectura:<\/strong><br \/>\n<strong>Curs:<\/strong> 2011-2012<br \/>\n<strong>M\u00e0ster:<\/strong> Hist\u00f2ria Contempor\u00e0nia<\/p>\n<p>&nbsp;<\/p>\n<p><span><strong>Curs 2010-2011<\/strong><\/span><\/p>\n<p><strong>Alumne:<\/strong> Luj\u00e1n Feliu, Oriol<br \/>\n<strong>T\u00edtol:<\/strong> <em>Els diputats catalans en la consolidaci\u00f3 de l\u2019estat liberal espanyol (1833-1868)<\/em>.<br \/>\n<strong>Director\/a:<\/strong> Rub\u00ed Casals, Gemma<br \/>\n<strong>Data de lectura:<\/strong> 15-09-2011<br \/>\n<strong>Curs:<\/strong> 2010-2011<br \/>\n<strong>M\u00e0ster:<\/strong> M\u00e0ster Hist\u00f2ria Comparada<\/p>\n<p>\n<strong>Alumne:<\/strong> Aguiriano L\u00f3pez de Armentia, Cristina<br \/>\n<strong>T\u00edtol:<\/strong> <em>Pol\u00edticas de digitalizaci\u00f3n de informaci\u00f3n primaria en los archivos de la Administraci\u00f3n General del Estado: reflexi\u00f3n desde la adecuaci\u00f3n a las necesidades y\/o intereses del usuario investigador<\/em>.<br \/>\n<strong>Director\/a:<\/strong> Santirso Rodr\u00edguez, Manuel<br \/>\n<strong>Data de lectura:<\/strong> 14-09-2011<br \/>\n<strong>Curs:<\/strong> 2010-2011<br \/>\n<strong>M\u00e0ster:<\/strong> M\u00e0ster Hist\u00f2ria Contempor\u00e0nia<\/p>\n<p>\n<strong>Alumne:<\/strong> Dalmases y de Olabarr\u00eda, Pablo ignacio de<br \/>\n<strong>T\u00edtol:<\/strong> <em>El S\u00e1hara Occidental en la bibliograf\u00eda espa\u00f1ola.<\/em><br \/>\n<strong>Director\/a:<\/strong> Culla i Clar\u00e0, Joan B.<br \/>\n<strong>Data de lectura:<\/strong> 15-09-2011<br \/>\n<strong>Curs:<\/strong> 2010-2011<br \/>\n<strong>M\u00e0ster:<\/strong> M\u00e0ster Hist\u00f2ria Contempor\u00e0nia<\/p>\n<p>\n<strong>Alumne:<\/strong> Ribes Capilla, Guerau<br \/>\n<strong>T\u00edtol:<\/strong> <em>Barcelona contra Espartero.<\/em><br \/>\n<strong>Director\/a:<\/strong> Toledano Gonz\u00e1lez, Llu\u00eds Ferran<br \/>\n<strong>Data de lectura:<\/strong> 15-09-2011<br \/>\n<strong>Curs:<\/strong> 2010-2011<br \/>\n<strong>M\u00e0ster:<\/strong> M\u00e0ster Hist\u00f2ria Contempor\u00e0nia<br \/>\n<strong>&nbsp;<\/strong><\/p>\n<p><strong>Alumne:<\/strong> Egea Farzannejad, Am\u00edn Emilio<br \/>\n<strong>T\u00edtol:<\/strong> <em>Primeras Referencias en Espa\u00f1a al movimiento religioso B\u00e1b\u00ed- Bah\u00e1\u2019\u00ed, 1844-1921.<\/em><br \/>\n<strong>Director\/a:<\/strong> Santirso Rodr\u00edguez, Manuel<br \/>\n<strong>Data de lectura:<\/strong> 2011-09-08<br \/>\n<strong>Curs:<\/strong> 2010-2011<br \/>\n<strong>M\u00e0ster:<\/strong> M\u00e0ster Hist\u00f2ria Comparada<\/p>\n<p>\n<strong>Alumne:<\/strong> Corominas Bertran, Llu\u00eds<br \/>\n<strong>T\u00edtol: <\/strong><em>Proc\u00e9s i&nbsp; creaci\u00f3 del primer aer\u00f2drom de Barcelona.<\/em><br \/>\n<strong>Director\/a:<\/strong> Culla Clar\u00e0, Joan B.<br \/>\n<strong>Data de lectura:<\/strong> 14-09-2011<br \/>\n<strong>Curs:<\/strong> 2010-2011<br \/>\n<strong>M\u00e0ster:<\/strong> M\u00e0ster Hist\u00f2ria Comparada<\/p>\n<p>\n<span><strong>Curs 2009-2010<\/strong><\/span><\/p>\n<p><strong>Alumne:<\/strong> Machado Helguero, Ximena<br \/>\n<strong>T\u00edtol:<\/strong> <em>La resistencia de los jud\u00edos en el holocausto<\/em>.<br \/>\n<strong>Director\/a:<\/strong> Culla i Clar\u00e0, Joan B.<br \/>\n<strong>Data de lectura:<\/strong> 20-09-2010<br \/>\n<strong>Curs:<\/strong> 2009-2010<br \/>\n<strong>M\u00e0ster:<\/strong> M\u00e0ster Hist\u00f2ria Contempor\u00e0nia<\/p>\n<p>\n<strong>Alumne:<\/strong> Vi\u00f1as Cirera, Jordi<br \/>\n<strong>T\u00edtol:<\/strong> <em>L&#8217;Esgl\u00e9sia catalana durant la transici\u00f3.<\/em><br \/>\n<strong>Director\/a:<\/strong> Figuerola Garreta, Jordi<br \/>\n<strong>Data de lectura:<\/strong> 16-09-2010<br \/>\n<strong>Curs:<\/strong> 2009-2010<br \/>\n<strong>M\u00e0ster: <\/strong>M\u00e0ster Hist\u00f2ria Contempor\u00e0nia<\/p>\n<p>\n<strong>Alumne<\/strong>: R\u00e0fols Esteve, Josep<br \/>\n<strong>T\u00edtol:<\/strong> Industrials i pol\u00edtics al primer ter\u00e7 del segle XX. El cas de Llu\u00eds Sed\u00f3.<br \/>\n<strong>Director\/a: <\/strong>Rub\u00ed Casals, Gemma<br \/>\n<strong>Data de lectura: <\/strong>14-09-2010<br \/>\n<strong>Curs:<\/strong> 2009-2010<br \/>\n<strong>M\u00e0ster:<\/strong> M\u00e0ster Hist\u00f2ria Comparada<\/p>\n<p>\n<span><strong>Curs 2008-2009<\/strong><\/span><\/p>\n<p><strong>Alumne:<\/strong> Espasa de la fuente, Andreu<br \/>\n<strong>T\u00edtol:<\/strong> <em>&#8220;One Third of a Nation&#8221;. Front populisme, democr\u00e0cia i American Dream.<\/em><br \/>\n<strong>Director:<\/strong> Riquer Permanyer, Borja de<br \/>\n<strong>Data de lectura:<\/strong> 28-09-2009<br \/>\n<strong>Director\/a:<\/strong> Riquer Permanyer, Borja de<br \/>\n<strong>Curs:<\/strong> 2008-2009<br \/>\n<strong>M\u00e0ster:<\/strong> M\u00e0ster Hist\u00f2ria Contempor\u00e0nia<\/p>\n<p>\n<strong>Alumne:<\/strong> Morales Garc\u00eda, Francisco Javier<br \/>\n<strong>T\u00edtol:<\/strong> <em>Josep Pujol, \u00e0lies Boquica (1778-1815) i les tropes auxiliars catalanes al servei de la Fran\u00e7a de Napole\u00f3<\/em>.<br \/>\n<strong>Director\/a:<\/strong> Moliner Prada, Antoni<br \/>\n<strong>Data de lectura:<\/strong> 07-09-2009<br \/>\n<strong>Curs: <\/strong>2008-2009<br \/>\n<strong>M\u00e0ster:<\/strong> M\u00e0ster Hist\u00f2ria Contempor\u00e0nia<\/p>\n<p>\n<strong>Alumne:<\/strong> Labara Ballestar, Valeriano Carlos<br \/>\n<strong>T\u00edtol:<\/strong> <em>La pena de mort i l&#8217;Esgl\u00e9sia.<\/em><br \/>\n<strong>Director\/a:<\/strong> Toledano Gonz\u00e1lez, Llu\u00eds Ferran<br \/>\n<strong>Data de lectura:<\/strong> 07-09-2009<br \/>\n<strong>Curs:<\/strong> 2008-2009<br \/>\n<strong>M\u00e0ster:<\/strong> M\u00e0ster Hist\u00f2ria Comparada<\/p>\n<p><span><strong>Curs 2007-2008<\/strong><\/span><\/p>\n<p><strong>Alumne:<\/strong> Cela Rodr\u00edguez, Alfredo<br \/>\n<strong>T\u00edtol:<\/strong> <em>A Roca Umbert tindr\u00e0s pa per tota la vida. La vida quotidana a la ind\u00fastria t\u00e8xtil catalana. Granollers 1936-199<\/em>1.<br \/>\n<strong>Director\/a:<\/strong> Rub\u00ed Casals, Gemma<br \/>\n<strong>Data de lectura:<\/strong> 09-07-2008<br \/>\n<strong>Curs: <\/strong>2007-2008<br \/>\n<strong>M\u00e0ster:<\/strong> M\u00e0ster Hist\u00f2ria Comparada<\/p>\n<p>\n<strong>Alumne:<\/strong> Junyent Trasserra, Anna<br \/>\n<strong>T\u00edtol:<\/strong> <em>La revoluci\u00f3 liberal i el primer carlisme al Bergued\u00e0.<\/em><br \/>\n<strong>Director\/a:<\/strong> Toledano Gonz\u00e1lez, Llu\u00eds Ferran<br \/>\n<strong>Data de lectura:<\/strong> 08-09-2008<br \/>\n<strong>Curs:<\/strong> 2007-2008<br \/>\n<strong>M\u00e0ster:<\/strong> M\u00e0ster Hist\u00f2ria Comparada<\/p>\n<p><strong>Alumne:<\/strong> Sancho Sancho, Josep<br \/>\n<strong>T\u00edtol:<\/strong> <em>El marcel\u00b7lisme a les terres de l&#8217;Ebre (1909-1939)<\/em><br \/>\n<strong>Director\/a:<\/strong> Rub\u00ed Casals, Gemma<br \/>\n<strong>Data de lectura:<\/strong> 10-09-2008<br \/>\n<strong>Curs:<\/strong> 2007-2008<br \/>\n<strong>M\u00e0ster:<\/strong> M\u00e0ster Hist\u00f2ria Comparada<\/p>\n<p><strong>Alumne:<\/strong> Quintana Segal\u00e0, Joab-Xavier<br \/>\n<strong>T\u00edtol:<\/strong> <em>El teatre a Catalunya entre 1820 i 1850.<\/em><br \/>\n<strong>Director\/a:<\/strong> Moliner Prada, Antoni<br \/>\n<strong>Data de lectura:<\/strong> 05-09-2008<br \/>\n<strong>Curs:<\/strong> 2007-2008<br \/>\n<strong>M\u00e0ster:<\/strong> M\u00e0ster Hist\u00f2ria Comparada<\/p>\n<p>\n<span><strong>Curs 2006-2007<\/strong><\/span><\/p>\n<p><strong>Alumne:<\/strong> Gili Gasol, Marc<br \/>\n<strong>T\u00edtol: <\/strong><em>El partit socialista d&#8217;Andalusia. Naixement, eclosi\u00f3, desenvolupament i desaparici\u00f3 d&#8217;un partit regionalista andal\u00fas a Catalunya.<\/em><br \/>\n<strong>Director\/a:<\/strong> Riquer Permanyer, Borja de<br \/>\n<strong>Data de lectura: <\/strong>27-09-2007<br \/>\n<strong>Curs: <\/strong>2006-2007<br \/>\n<strong>M\u00e0ster:<\/strong> M\u00e0ster Hist\u00f2ria Contempor\u00e0nia<br \/>\n&nbsp;<\/p>\n<p>&nbsp;<\/p>\n","protected":false},"excerpt":{"rendered":"<p>&nbsp; Curs 2012-2013 Alumne: Pla Rodr\u00edguez, Miquel T\u00edtol: 1898 : l&#8217;ex\u00e8rcit espanyol a la Restauraci\u00f3 i l&#8217;opini\u00f3 p\u00fablica. Director\/a: Rub\u00ed Casals, Gemma Data de lectura: setembre 2013 Curs: 2012-2013 Alumne: Carreras P\u00e9rez, Andreu T\u00edtol: La pol\u00edtica espanyolitzadora de la Dictadura de Primo de Rivera a Catalunya. Director\/a: Riquer i Permanyer, Borja de Data de lectura: [&hellip;]<\/p>\n","protected":false},"author":20,"featured_media":0,"parent":0,"menu_order":0,"comment_status":"closed","ping_status":"closed","template":"","meta":{"footnotes":""},"class_list":["post-295","page","type-page","status-publish","hentry"],"_links":{"self":[{"href":"https:\/\/webs.uab.cat\/grepiic\/wp-json\/wp\/v2\/pages\/295","targetHints":{"allow":["GET"]}}],"collection":[{"href":"https:\/\/webs.uab.cat\/grepiic\/wp-json\/wp\/v2\/pages"}],"about":[{"href":"https:\/\/webs.uab.cat\/grepiic\/wp-json\/wp\/v2\/types\/page"}],"author":[{"embeddable":true,"href":"https:\/\/webs.uab.cat\/grepiic\/wp-json\/wp\/v2\/users\/20"}],"replies":[{"embeddable":true,"href":"https:\/\/webs.uab.cat\/grepiic\/wp-json\/wp\/v2\/comments?post=295"}],"version-history":[{"count":0,"href":"https:\/\/webs.uab.cat\/grepiic\/wp-json\/wp\/v2\/pages\/295\/revisions"}],"wp:attachment":[{"href":"https:\/\/webs.uab.cat\/grepiic\/wp-json\/wp\/v2\/media?parent=295"}],"curies":[{"name":"wp","href":"https:\/\/api.w.org\/{rel}","templated":true}]}}