{"id":349,"date":"2016-04-07T12:21:21","date_gmt":"2016-04-07T10:21:21","guid":{"rendered":"https:\/\/webs.uab.cat\/picec\/projecte-cnrs\/"},"modified":"2023-06-14T09:24:14","modified_gmt":"2023-06-14T07:24:14","slug":"projecte-cnrs","status":"publish","type":"page","link":"https:\/\/webs.uab.cat\/grepiic\/projecte-cnrs\/","title":{"rendered":"Projecte CNRS"},"content":{"rendered":"<p><img loading=\"lazy\" decoding=\"async\" class=\" size-full wp-image-137\" alt=\"\" height=\"99\" src=\"https:\/\/webs.uab.cat\/picec\/wp-content\/uploads\/sites\/313\/2011\/11\/CNRS.jpg\" width=\"198\"><\/p>\n<p>El <strong>Grup d\u2019Hist\u00f2ria del Parlamentarisme<\/strong> participa, com a partner, en el projecte de cooperaci\u00f3 europea finan\u00e7at pel CNRS de Fran\u00e7a (2016-2020): \u201cPolitique et corruption : histoire et sociologie compar\u00e9es \u00e0 l\u2019\u00e9poque contemporaine\u201d.<br \/>\nCoordinat per Fr\u00e9d\u00e9ric Monier (Centre Norbert Elias, \u00c9cole des Hautes \u00c9tudes en Sciences Sociales) compta amb la col\u00b7laboraci\u00f3 de centres d\u2019investigaci\u00f3 d\u2019Alemanya, Canad\u00e0, Espanya, Fran\u00e7a i Romania<\/p>\n<p>&nbsp;<\/p>\n<p><strong>DADES DEL PROJECTE<\/strong><br \/>\nT\u00edtol: Politique et corruption : histoire et sociologie compar\u00e9es \u00e0 l\u2019\u00e9poque contemporaine<br \/>\nDurada: 4 anys (2016-2020)<br \/>\nEntitat finan\u00e7adora: CNRS National Centre for Scientific Reserch (Fran\u00e7a)<br \/>\nImport de la subvenci\u00f3: 34.460\u20ac<br \/>\nInvestigador coordinador: Fr\u00e9d\u00e9ric Monier<br \/>\nNombre d\u2019investigadors: 7<br \/>\nPa\u00efsos participants: Alemanya \u2013 Canad\u00e0 \u2013 Espanya \u2013 Fran\u00e7a &#8211; Romania<\/p>\n<p><strong>Partners francesos<\/strong>:<br \/>\n<strong>Coordinador<\/strong>: <em>Fr\u00e9d\u00e9ric Monier<\/em><br \/>\n&nbsp;&nbsp; &nbsp;Centre Norbert Elias, \u00c9cole des Hautes \u00c9tudes en Sciences Sociales (Marseille)<br \/>\nInstitut: CNRS: InSHS<br \/>\nAltres organismes:<br \/>\n&nbsp;&nbsp; &nbsp;&#8211; <em>Olivier Dard,<\/em> laboratoire UMR (Paris)<br \/>\n&nbsp;&nbsp; &nbsp;&#8211; <em>Cesare Mattina<\/em>, laboratoire LAMES UMR, Laboratoire M\u00e9diterran\u00e9en de Sociologie, MMSH &#8211; &nbsp;&nbsp; &nbsp;Maison m\u00e9diterran\u00e9enne des sciences de l\u2019Homme (Aix-en-Provence)<\/p>\n<p><strong>Partners estrangers<\/strong>:<br \/>\n&nbsp;<strong>Alemanya<\/strong><br \/>\nCoordinador: <em>Jens Ivo Engels<\/em> (Institut f\u00fcr Geschichte, Technische Universit\u00e4t Darmstadt &nbsp;&nbsp; &nbsp;(Darmstadt)<br \/>\nAltres organismes: Andreas Fahrmeir, Historisches Seminar, Goethe Universit\u00e4t Frankfurt\/M. (Frankfurt am Main)<\/p>\n<p><strong>Canad\u00e0<\/strong><br \/>\nCoordinador: <em>Martin Meunier<\/em> (CIRCEM, Centre interdisciplinaire de recherche sur la citoyennet\u00e9 et les minorit\u00e9s , Facult\u00e9 des sciences sociales, 120 Universit\u00e9, Pavillon des Sciences sociales, Ottawa, Ontario, Canada<\/p>\n<p><strong>Espanya<\/strong><br \/>\nCoordinador: <em>M. Gemma Rub\u00ed Casals<\/em> (Grup d\u2019Historia del Parlamentarisme, Universitat Aut\u00f2noma de Barcelona<\/p>\n<p><strong>Romania<\/strong><br \/>\nCoordinador: <em>Silvia Marton<\/em> (GRIPS, New Europe College- Fundatia noua Europa, Institute for Advanced Study (Bucharest)<\/p>\n<p><strong>OBJECTIUS DEL PROJECTE<\/strong><br \/>\nEl projecte s\u2019emmarca en la hist\u00f2ria de la transformaci\u00f3 de societats europees i nord-americanes, a partir de l\u2019any 1800. Aquests processos hist\u00f2rics s\u00f3n vistos des del prisma dels debats sobre la corrupci\u00f3. Es tracta de considerar aquesta q\u00fcesti\u00f3 com una porta d&#8217;entrada, per una millor comprensi\u00f3 de les pr\u00e0ctiques d&#8217;influ\u00e8ncia i de les t\u00e8cniques \u00abmicro pol\u00edtiques\u00bb, per\u00f2 tamb\u00e9 dels sistemes de normes i dels debats p\u00fablics, en totes les seves formes.<\/p>\n<p>La hip\u00f2tesi subjacent \u00e9s que, a partir de finals del XVIII i en el segle XIX, la corrupci\u00f3 es va constituir en una q\u00fcesti\u00f3 pol\u00edtica. En aquest sentit, es pot afirmar que la corrupci\u00f3, sovint associada, des del segle XVIII fins a avui, com a un producte del arcaisme, \u00e9s pel contrari un producte pol\u00edtic de la modernitat. Des d\u2019aquest punt de vista, l\u2019an\u00e0lisi pol\u00edtica comparada d\u2019ampla espectre \u2013 d\u2019Am\u00e8rica del Nord a l\u2019Europa oriental, incloent l\u2019Europa mediterr\u00e0nia- es presenta com una proposici\u00f3 cient\u00edfica pluridisciplinar i innovadora.<\/p>\n<p>Tres direccions d\u2019investigaci\u00f3 decanten les hip\u00f2tesis generals que s\u2019han d\u2019investigar:<\/p>\n<p>1\u00b0) <em>Corrupci\u00f3, endarreriment: g\u00e8nesi i difusi\u00f3 de llegendes negres<\/em><br \/>\nEs tracta de situar l&#8217;origen, pol\u00edtic i cultural, dels discursos que denuncien la corrupci\u00f3 com un mal lligat a un estat de coses antigues a reformar (o a abolir radicalment), i inventen una teoria dels climes pol\u00edtics: una geografia moral de l\u2019honestedat.<\/p>\n<p>2\u00b0) <em>La \u00abbona causa\u00bb i les seves matrius ideol\u00f2giques<\/em><br \/>\nEs tracta de recolzar-se en els treballs realitzats, des dels anys 1990, sobre les fam\u00edlies d&#8217;idees sorgides de la Il\u2022lustraci\u00f3 que lliguen poder pol\u00edtic i virtut c\u00edvica, per a plantejar, m\u00e9s profundament&nbsp; la q\u00fcesti\u00f3 d&#8217;una pluralitat de projectes modernitzadors.<br \/>\nS&#8217;espera aix\u00ed una millor comprensi\u00f3 de la situaci\u00f3 espec\u00edfica de la lluita contra la corrupci\u00f3, objecte de consens p\u00fablic i, simult\u00e0niament, de conflictes pol\u00edtics.<\/p>\n<p>3\u00b0)<em> La micro-pol\u00edtica a prova : elits i modernitzaci\u00f3<\/em><br \/>\nAquesta tercera direcci\u00f3 d&#8217;investigaci\u00f3 pret\u00e9n explorar la manera com els processos de modernitzaci\u00f3 pol\u00edtica transformen les t\u00e8cniques d&#8217;influ\u00e8ncia i d&#8217;interessos emprades per les elits, la legitimitat del qual est\u00e0 sotmesa als nous valors p\u00fablics.<br \/>\n&nbsp;<\/p>\n","protected":false},"excerpt":{"rendered":"<p>El Grup d\u2019Hist\u00f2ria del Parlamentarisme participa, com a partner, en el projecte de cooperaci\u00f3 europea finan\u00e7at pel CNRS de Fran\u00e7a (2016-2020): \u201cPolitique et corruption : histoire et sociologie compar\u00e9es \u00e0 l\u2019\u00e9poque contemporaine\u201d. Coordinat per Fr\u00e9d\u00e9ric Monier (Centre Norbert Elias, \u00c9cole des Hautes \u00c9tudes en Sciences Sociales) compta amb la col\u00b7laboraci\u00f3 de centres d\u2019investigaci\u00f3 d\u2019Alemanya, Canad\u00e0, [&hellip;]<\/p>\n","protected":false},"author":20,"featured_media":137,"parent":0,"menu_order":0,"comment_status":"closed","ping_status":"closed","template":"","meta":{"footnotes":""},"class_list":["post-349","page","type-page","status-publish","has-post-thumbnail","hentry"],"_links":{"self":[{"href":"https:\/\/webs.uab.cat\/grepiic\/wp-json\/wp\/v2\/pages\/349","targetHints":{"allow":["GET"]}}],"collection":[{"href":"https:\/\/webs.uab.cat\/grepiic\/wp-json\/wp\/v2\/pages"}],"about":[{"href":"https:\/\/webs.uab.cat\/grepiic\/wp-json\/wp\/v2\/types\/page"}],"author":[{"embeddable":true,"href":"https:\/\/webs.uab.cat\/grepiic\/wp-json\/wp\/v2\/users\/20"}],"replies":[{"embeddable":true,"href":"https:\/\/webs.uab.cat\/grepiic\/wp-json\/wp\/v2\/comments?post=349"}],"version-history":[{"count":1,"href":"https:\/\/webs.uab.cat\/grepiic\/wp-json\/wp\/v2\/pages\/349\/revisions"}],"predecessor-version":[{"id":1227,"href":"https:\/\/webs.uab.cat\/grepiic\/wp-json\/wp\/v2\/pages\/349\/revisions\/1227"}],"wp:featuredmedia":[{"embeddable":true,"href":"https:\/\/webs.uab.cat\/grepiic\/wp-json\/wp\/v2\/media\/137"}],"wp:attachment":[{"href":"https:\/\/webs.uab.cat\/grepiic\/wp-json\/wp\/v2\/media?parent=349"}],"curies":[{"name":"wp","href":"https:\/\/api.w.org\/{rel}","templated":true}]}}