{"id":350,"date":"2016-04-07T12:52:38","date_gmt":"2016-04-07T10:52:38","guid":{"rendered":"https:\/\/webs.uab.cat\/picec\/presentacio-0\/"},"modified":"2024-03-19T19:03:21","modified_gmt":"2024-03-19T17:03:21","slug":"presentacio-0","status":"publish","type":"page","link":"https:\/\/webs.uab.cat\/grepiic\/presentacio-0\/","title":{"rendered":"Presentaci\u00f3"},"content":{"rendered":"<div class=\"wp-block-image\">\n<figure class=\"aligncenter is-resized\"><img loading=\"lazy\" decoding=\"async\" width=\"1306\" height=\"704\" src=\"https:\/\/webs.uab.cat\/grepiic\/wp-content\/uploads\/sites\/313\/2023\/06\/Logo-GREPIIC-sense-fons-1.png\" alt=\"\" class=\"wp-image-1254\" style=\"width:230px;height:125px\" srcset=\"https:\/\/webs.uab.cat\/grepiic\/wp-content\/uploads\/sites\/313\/2023\/06\/Logo-GREPIIC-sense-fons-1.png 1306w, https:\/\/webs.uab.cat\/grepiic\/wp-content\/uploads\/sites\/313\/2023\/06\/Logo-GREPIIC-sense-fons-1-300x162.png 300w, https:\/\/webs.uab.cat\/grepiic\/wp-content\/uploads\/sites\/313\/2023\/06\/Logo-GREPIIC-sense-fons-1-1024x552.png 1024w, https:\/\/webs.uab.cat\/grepiic\/wp-content\/uploads\/sites\/313\/2023\/06\/Logo-GREPIIC-sense-fons-1-768x414.png 768w, https:\/\/webs.uab.cat\/grepiic\/wp-content\/uploads\/sites\/313\/2023\/06\/Logo-GREPIIC-sense-fons-1-1200x647.png 1200w\" sizes=\"auto, (max-width: 1306px) 100vw, 1306px\" \/><\/figure>\n<\/div>\n\n\n<h2 class=\"wp-block-heading\"><strong>Qui som?<\/strong><\/h2>\n\n\n\n<p>El <strong>Grup de Recerca en Estudis Pol\u00edtics, les Identitats, les Institucions i la Corrupci\u00f3 (GREPIIC)<\/strong> <strong>(2021 SGR 00053)<\/strong> \u00e9s un grup pioner i soci fundador de l\u2019\u00fanica xarxa tem\u00e0tica dedicada a la hist\u00f2ria de la corrupci\u00f3 a Europa (<em>Politics and Corruption: Current Comparative History and Sociology<\/em>). Format arran de la col\u00b7laboraci\u00f3 entre l&#8217;antic <strong>Grup de Recerca<\/strong> <strong>en Pol\u00edtica, Institucions i Corrupci\u00f3 a l&#8217;\u00c8poca Contempor\u00e0nia<\/strong> <strong>(PICEC)<\/strong> i el <strong><a href=\"https:\/\/nacionalitats.com\/\" data-type=\"URL\" data-id=\"https:\/\/nacionalitats.com\/\">Grup de Recerca en Estudis Nacionals i Pol\u00edtiques Culturals (GRENPoC)<\/a><\/strong> i la <strong><a href=\"https:\/\/www.catedrajoseptermes.cat\/ca\" data-type=\"URL\" data-id=\"https:\/\/www.catedrajoseptermes.cat\/ca\">C\u00e0tedra Josep Termes<\/a><\/strong>, el GREPIIC t\u00e9 un car\u00e0cter interuniversitari, integrat per 26 investigadores i investigadors de la UAB, la UB i la UdL. Un equip interdisciplinari, compost per expertes i experts en els camps de la Hist\u00f2ria, el Dret, la Ci\u00e8ncia Pol\u00edtica, la Sociologia i l&#8217;Arxiv\u00edstica. El seu abast cronol\u00f2gic abra\u00e7a des del segle XVI fins els nostres dies, ja que el fenomen de la corrupci\u00f3 \u00e9s un cursor de la modernitat i la construcci\u00f3 de les identitats. T\u00e9 una projecci\u00f3 notable en xarxes internacionals, institucions p\u00fabliques i mitjans de comunicaci\u00f3.<\/p>\n\n\n\n<p>Entre d&#8217;altres, hi participen catedr\u00e0tics em\u00e8rits d&#8217;hist\u00f2ria contempor\u00e0nia de la UAB (<strong>Borja de Riquer<\/strong>); la professora em\u00e8rita<strong> Maria Jes\u00fas Espuny<\/strong>, del Departament de<em> <\/em>Dret P\u00fablic i de Ci\u00e8ncies Historicojur\u00eddiques de la UAB<em>;<\/em> <strong>Gemma Rub\u00ed<\/strong>, directora del GREPIIC, catedr\u00e0tica i membre de la Unitat d&#8217;Hist\u00f2ria Contempor\u00e0nia del Departament d&#8217;Hist\u00f2ria Moderna i Contempor\u00e0nia de la UAB; <strong>Llu\u00eds Ferran Toledano<\/strong>, professor de la Unitat d&#8217;Hist\u00f2ria Contempor\u00e0nia del Departament d&#8217;Hist\u00f2ria Moderna i Contempor\u00e0nia de la UAB i antic director del <strong>PICEC<\/strong>; <strong>Javier Ant\u00f3n<\/strong>, de la Unitat d&#8217;Hist\u00f2ria Moderna del Departament d&#8217;Hist\u00f2ria Moderna i Contempor\u00e0nia de la UAB; <strong>Remei Perpiny\u00e0<\/strong>, coordinadora d&#8217;un grup de treball sobre gesti\u00f3 de documents per a administracions m\u00e9s transparents, i professora de l&#8217;Escola Superior d&#8217;Arxiv\u00edstica i Gesti\u00f3 Documental;<strong> Joan Llu\u00eds P\u00e9rez Francesch<\/strong>, de la Unitat de Dret Constitucional del Departament de Ci\u00e8ncia Pol\u00edtica i Dret P\u00fablic de la UAB, aix\u00ed com exdirector de l&#8217;Institut de Ci\u00e8ncies Pol\u00edtiques i Socials (ICPS); i <strong>Agust\u00ed Colomines<\/strong>, investigador principal del <strong>GRENPoC<\/strong> i director de la <strong>C\u00e0tedra Josep Termes<\/strong>. Al mateix temps, hi col\u00b7labora un altre grup d&#8217;especialistes europeus i d&#8217;arreu de l&#8217;estat espanyol en hist\u00f2ria de la corrupci\u00f3, del clientelisme pol\u00edtic i de la transpar\u00e8ncia en les administracions p\u00fabliques.<\/p>\n\n\n\n<p><a href=\"https:\/\/webs.uab.cat\/grepiic\/membres-del-sgr\/\" data-type=\"URL\" data-id=\"https:\/\/webs.uab.cat\/grepiic\/membres-del-sgr\/\">Veure tots els membres del GREPIIC<\/a><\/p>\n\n\n\n<h2 class=\"wp-block-heading\"><strong>Qu\u00e8 investiguem?<\/strong><\/h2>\n\n\n\n<p>El GREPIIC t\u00e9 l&#8217;ambici\u00f3 de continuar esdevenint un dels col\u00b7lectius de refer\u00e8ncia a l&#8217;estat espanyol en els estudis interdisciplinars de l&#8217;anomenada &#8220;Nova hist\u00f2ria de la corrupci\u00f3 pol\u00edtica&#8221;, vinculat a les xarxes d&#8217;investigadors europeus.<\/p>\n\n\n\n<p>Un dels principals objectius \u00e9s continuar la construcci\u00f3 d&#8217;una gran base de dades sobre la corrupci\u00f3 pol\u00edtica que, en una primera fase reculli exhaustivament informaci\u00f3 sobre tots els casos produ\u00efts des de finals del segle XVIII fins l&#8217;actual segle XXI, tant a Catalunya, com al conjunt de l&#8217;estat espanyol. <\/p>\n\n\n\n<p>El projecte implica reunir la informaci\u00f3 sobre els casos, afers, esc\u00e0ndols i imatges sobre la corrupci\u00f3 pol\u00edtica, localitzats a partir de la consulta de tota mena de fonts (hist\u00f2riques, jur\u00eddiques, pol\u00edtiques, administratives, etc.) indicant les persones, els partits pol\u00edtics, les administracions p\u00fabliques i les empreses privades implicades. Una informaci\u00f3 necess\u00e0ria per analitzar l&#8217;impacte pol\u00edtic i social produ\u00eft i la transcend\u00e8ncia hist\u00f2rica d&#8217;aquest fenomen sociopol\u00edtic.<\/p>\n\n\n\n<p>Igualment hom pret\u00e9n complementar aquestes dades amb la recollida d&#8217;informaci\u00f3 sobre els diferents procediments i instruments penals, pol\u00edtics i administratius creats al llarg d&#8217;aquests dos segles per a lluitar contra la corrupci\u00f3, tot analitzant tamb\u00e9 la seva utilitzaci\u00f3 i efectivitat.<\/p>\n\n\n\n<p>En el transcurs de la recerca hem creat un vocabulari controlat o tesaurus, \u00fatil per a descriure i seleccionar les diferents formes i tipologies de la corrupci\u00f3 pol\u00edtica.<\/p>\n\n\n\n<p>En s\u00edntesi, les <strong>l\u00ednies estrat\u00e8giques de recerca<\/strong> s\u00f3n:<\/p>\n\n\n\n<ul class=\"wp-block-list\">\n<li><strong>Transpar\u00e8ncia, secret i corrupci\u00f3<\/strong><\/li>\n\n\n\n<li><strong>Esc\u00e0ndols i opini\u00f3 p\u00fablica<\/strong><\/li>\n\n\n\n<li><strong>Crisi de representaci\u00f3, cultura de la recomanaci\u00f3 i frau electoral<\/strong><\/li>\n\n\n\n<li><strong>Cultures pol\u00edtiques, moralitat i corrupci\u00f3<\/strong><\/li>\n\n\n\n<li><strong>Conceptes i imatges de la corrupci\u00f3 <\/strong><\/li>\n\n\n\n<li><strong>Base de dades de casos de corrupci\u00f3<\/strong><\/li>\n\n\n\n<li><strong>Hist\u00f2ria transnacional de la corrupci\u00f3<\/strong><\/li>\n\n\n\n<li><strong>Fam\u00edlia i relacions clientelars.<\/strong><\/li>\n\n\n\n<li><strong>Persecuci\u00f3 penal de la corrupci\u00f3.<\/strong><\/li>\n\n\n\n<li><strong>Corrupci\u00f3 i la construcci\u00f3 de las identitats.<\/strong><\/li>\n<\/ul>\n\n\n\n<h2 class=\"wp-block-heading\"><strong>Historial del grup de recerca<\/strong><\/h2>\n\n\n\n<p>El nostre grup t\u00e9 el seu origen el 2005 quan per primera vegada assol\u00ed el car\u00e0cter de SGR amb el nom de <strong>Grup d\u2019Hist\u00f2ria del Parlamentarisme<\/strong><em>,<\/em> coordinat per Borja de Riquer. Una vegada revalidat el SGR el 2009 i posat a disposici\u00f3 de la comunitat cient\u00edfica el <a href=\"https:\/\/webs.uab.cat\/grepiic\/diccionari-biografic-dels-parlamentaris-de-catalunya-1810-1939\/\" data-type=\"URL\" data-id=\"https:\/\/webs.uab.cat\/grepiic\/diccionari-biografic-dels-parlamentaris-de-catalunya-1810-1939\/\"><em>Diccionari  biogr\u00e0fic de parlamentaris catalans<\/em> <\/a>(DBPC) i el <em><a href=\"https:\/\/webs.uab.cat\/grepiic\/diccionario-biografico-de-parlamentarios-espanoles\/\" data-type=\"URL\" data-id=\"https:\/\/webs.uab.cat\/grepiic\/diccionario-biografico-de-parlamentarios-espanoles\/\">Diccionari  biogr\u00e0fic de parlamentaris espanyols<\/a><\/em> (DBPE), el 2017 es produ\u00ed una renovaci\u00f3 tant en la direcci\u00f3 com en els reptes estrat\u00e8gics del grup. En transformar l&#8217;objecte principal de la recerca conjunta, del parlamentarisme als estudis sobre corrupci\u00f3 pol\u00edtica, vam poder incorporar investigadors pertanyents a diverses \u00e0rees de coneixement interessats en aquest eix tem\u00e0tic. Aquesta evoluci\u00f3 ha estat l\u00f2gica, ja que les an\u00e0lisis sobre els diputats van posar de manifest la import\u00e0ncia que la corrupci\u00f3 havia tingut en el decurs de l&#8217;Espanya contempor\u00e0nia, i que amb prou feines s\u2019havia detectat com a subjecte de recerca.<\/p>\n\n\n\n<p>Aix\u00ed doncs, el grup va ser reestructurat tot canviant de nom a <strong>Pol\u00edtica, Institucions i Corrupci\u00f3 a l\u2019\u00c8poca Contempor\u00e0nia (PICEC)<\/strong>. Des d\u2019aleshores va ser coordinat per Antoni Moliner -jubilat el 2019 i traspassat el 2020- i per Llu\u00eds Ferran Toledano. L&#8217;obtenci\u00f3, l&#8217;any 2017, d&#8217;aquest nou<strong> <\/strong>SGR va venir acompanyada de la consecuci\u00f3 del projecte HAR2017-86545-P &#8220;<em>La corrupci\u00f3n pol\u00edtica en la Espa\u00f1a contempor\u00e1nea en perspectiva comparada. Bases de datos, cartograf\u00eda y an\u00e1lisis hist\u00f3rico (1810-2016)<\/em>&#8220;, dirigit per <strong>Gemma Rub\u00ed;<\/strong>&nbsp;el Grup de treball &#8220;<em>Gesti\u00f3n de documentos para administraciones m\u00e1s transparentes<\/em>&#8220;, coordinat per<strong> Remei Perpiny\u00e0<\/strong>, i el projecte HAR2016-76560-P, &#8220;<em>Cartas familiares de Catalu\u00f1a (siglos XVI-XIX). Inventario, estudio y difusi\u00f3n&#8221;, <\/em>dirigit per <strong>Javier Ant\u00f3n Pelayo<\/strong>, i que explora l&#8217;exist\u00e8ncia de xarxes clientelars i les concepcions morals en els espais privats a trav\u00e9s de les fonts epistolars.<\/p>\n\n\n\n<p>Una fita inicial del PICEC fou l\u2019organitzaci\u00f3 del primer congr\u00e9s sobre la corrupci\u00f3 pol\u00edtica a l\u2019Espanya contempor\u00e0nia, realitzat el desembre del 2017 a Barcelona, amb la pres\u00e8ncia d\u2019historiadors, polit\u00f2legs, juristes i economistes. Des del 2011, la coordinadora actual del nou grup que es presenta, Gemma Rub\u00ed, ve col\u00b7laborant amb el Centre Norbert Elias de la Universitat d\u2019Aviny\u00f3 (Fran\u00e7a), especialment amb el professor <strong>Fr\u00e9d\u00e9ric Monier<\/strong>, un dels grans impulsors de la nova hist\u00f2ria de la corrupci\u00f3 europea, juntament amb <strong>Jens Ivo Engels <\/strong>(<em>Technischen Univerit\u00e4t Darmstadt<\/em>). Aix\u00f2 ens va permetre ser socis fundadors de l\u2019\u00fanica xarxa tem\u00e0tica dedicada a la hist\u00f2ria de la corrupci\u00f3 a Europa (GDRI-CNRS: <em>Politics and Corruption: Current Comparative History and Sociology<\/em>). En aquesta xarxa hi ha equips de recerca francesos (el Centre Norbert Elias, l\u2019\u00c9cole des Hautes \u00c9tudes en Sciences Sociales de Par\u00eds, la Universitat d&#8217;Aix-Marseille, Universit\u00e9 d&#8217;Avignon et des pays du Vaucluse, Universit\u00e9 Panth\u00e9on Sorbonne Paris I, i Universit\u00e9 Paris Sorbonne), alemanys (Technische Universit\u00e4t Darmstadt i la Go\u00ebthe Universit\u00e4t Frankfurt), holandesos (Vrije Universiteit Amsterdam) i romanesos (New Europe College de Bucarest). Al mateix temps, mantenim un contacte estret amb el grup de 12 investigadors que treballen la hist\u00f2ria cultural de la corrupci\u00f3 a Espanya i Am\u00e8rica liderat per les professores <strong>Mar\u00eda Asunci\u00f3n D\u00edaz Zamorano<\/strong> i <strong>Mar\u00eda Antonia Pe\u00f1a Guerrero<\/strong> de la Universitat de Huelva. Tamb\u00e9 amb el grup \u201cLlibertat, seguretat i transformacions de&nbsp; l&#8217;Estat\u201d del Departament de Ci\u00e8ncia Pol\u00edtica i Dret P\u00fablic de la UAB, amb el grup \u201cDones i Drets\u201d de la mateixa universitat, i amb el Grup &#8220;Estrat\u00e8gies preventives i reactives contra la corrupci\u00f3&#8221; dirigit pel Dr. <strong>Joan J. Queralt<\/strong>, catedr\u00e0tic de dret penal de la UB. <\/p>\n\n\n\n<p>La darrera col\u00b7laboraci\u00f3 en forma d\u2019acord estrat\u00e8gic s\u2019ha fet amb el <strong>GRENPoC<\/strong> i la <strong>C\u00e0tedra Josep Termes<\/strong>, especialitzats en estudis sobre identitats i nacionalismes. Aquesta cooperaci\u00f3 obeeix a l\u2019addici\u00f3 d\u2019una nova dimensi\u00f3 cient\u00edfica a l\u2019an\u00e0lisi de la corrupci\u00f3 en perspectiva hist\u00f2rica, la de les identitats, aix\u00ed com per a refor\u00e7ar la recerca sobre el franquisme i la Transici\u00f3. Un pas donat en concordan\u00e7a amb el desenvolupament de les nostres pr\u00f2pies recerques: els vincles existents entre la corrupci\u00f3 i la representaci\u00f3 de les identitats nacionals nord-sud, les religioses (cat\u00f2lic <em>versus<\/em> protestant), o la den\u00fancia de la corrupci\u00f3 com actiu dissolvent o motor de processos de nacionalitzaci\u00f3 pol\u00edtica. Una estrat\u00e8gia de sumar esfor\u00e7os coherent amb el cam\u00ed ja iniciat en l\u2019estudi de les identitats de g\u00e8nere i la corrupci\u00f3. En definitiva, l\u2019eix principal que aglutina la recerca de tots els membres del SGR \u00e9s una hist\u00f2ria pol\u00edtica de la corrupci\u00f3 concebuda des de les dimensions priorit\u00e0riament social i cultural.<\/p>\n\n\n\n<p>Finalment, i d\u2019una manera puntual, tamb\u00e9 hem&nbsp; col\u00b7laborat amb la c\u00e0tedra d\u2019hist\u00f2ria moderna de la Ludwig-Maximilians-Universit\u00e4t de Munic dirigida pel professor <strong>Arndt Brendecke<\/strong>, que lidera un projecte sobre la&nbsp; cultura de la vigil\u00e0ncia (Vigilanza Kulturen, Transformationen, R\u00e4ume, Techniken) i amb el grup dirigit pel professor <strong>Anicet Masferrer<\/strong> de la Universitat de Val\u00e8ncia que estudia de manera comparada els codis penals europeus del segle XIX.<\/p>\n\n\n\n<p>Al marge del m\u00f3n acad\u00e8mic, el GREPIIC mant\u00e9 relacions institucionals amb l&#8217;<strong>Oficina Antifrau de Catalunya<\/strong> i amb organismes que vetllen per la transpar\u00e8ncia i el bon govern.<\/p>\n\n\n\n<p><a href=\"https:\/\/webs.uab.cat\/grepiic\/projectes-de-recerca\/\" data-type=\"URL\" data-id=\"https:\/\/webs.uab.cat\/grepiic\/projectes-de-recerca\/\">Veure projectes i convenis d&#8217;investigaci\u00f3 del grup<\/a><\/p>\n","protected":false},"excerpt":{"rendered":"<p>Qui som? El Grup de Recerca en Estudis Pol\u00edtics, les Identitats, les Institucions i la Corrupci\u00f3 (GREPIIC) (2021 SGR 00053) \u00e9s un grup pioner i soci fundador de l\u2019\u00fanica xarxa tem\u00e0tica dedicada a la hist\u00f2ria de la corrupci\u00f3 a Europa (Politics and Corruption: Current Comparative History and Sociology). Format arran de la col\u00b7laboraci\u00f3 entre l&#8217;antic [&hellip;]<\/p>\n","protected":false},"author":20,"featured_media":0,"parent":0,"menu_order":0,"comment_status":"closed","ping_status":"closed","template":"","meta":{"footnotes":""},"class_list":["post-350","page","type-page","status-publish","hentry"],"_links":{"self":[{"href":"https:\/\/webs.uab.cat\/grepiic\/wp-json\/wp\/v2\/pages\/350","targetHints":{"allow":["GET"]}}],"collection":[{"href":"https:\/\/webs.uab.cat\/grepiic\/wp-json\/wp\/v2\/pages"}],"about":[{"href":"https:\/\/webs.uab.cat\/grepiic\/wp-json\/wp\/v2\/types\/page"}],"author":[{"embeddable":true,"href":"https:\/\/webs.uab.cat\/grepiic\/wp-json\/wp\/v2\/users\/20"}],"replies":[{"embeddable":true,"href":"https:\/\/webs.uab.cat\/grepiic\/wp-json\/wp\/v2\/comments?post=350"}],"version-history":[{"count":32,"href":"https:\/\/webs.uab.cat\/grepiic\/wp-json\/wp\/v2\/pages\/350\/revisions"}],"predecessor-version":[{"id":1450,"href":"https:\/\/webs.uab.cat\/grepiic\/wp-json\/wp\/v2\/pages\/350\/revisions\/1450"}],"wp:attachment":[{"href":"https:\/\/webs.uab.cat\/grepiic\/wp-json\/wp\/v2\/media?parent=350"}],"curies":[{"name":"wp","href":"https:\/\/api.w.org\/{rel}","templated":true}]}}