{"id":356,"date":"2016-07-14T09:35:42","date_gmt":"2016-07-14T07:35:42","guid":{"rendered":"https:\/\/webs.uab.cat\/picec\/congres-internacional-corrupcio-politica\/"},"modified":"2026-01-07T10:49:22","modified_gmt":"2026-01-07T08:49:22","slug":"congres-internacional-corrupcio-politica","status":"publish","type":"page","link":"https:\/\/webs.uab.cat\/grepiic\/congres-internacional-corrupcio-politica\/","title":{"rendered":"Congressos, workshops i col\u00b7loquis"},"content":{"rendered":"\n<h2 class=\"wp-block-heading\">Col\u00b7loqui internacional &#8220;Forma de govern, desconfian\u00e7a pol\u00edtica, retiment de comptes i comissions d&#8217;investigaci\u00f3&#8221; (12\/12\/2025)<\/h2>\n\n\n<div class=\"wp-block-image\">\n<figure class=\"aligncenter size-large is-resized\"><img loading=\"lazy\" decoding=\"async\" width=\"724\" height=\"1024\" src=\"https:\/\/webs.uab.cat\/grepiic\/wp-content\/uploads\/sites\/313\/2026\/01\/Programme-_page-0001-1-724x1024.jpg\" alt=\"\" class=\"wp-image-1901\" style=\"width:376px;height:auto\" srcset=\"https:\/\/webs.uab.cat\/grepiic\/wp-content\/uploads\/sites\/313\/2026\/01\/Programme-_page-0001-1-724x1024.jpg 724w, https:\/\/webs.uab.cat\/grepiic\/wp-content\/uploads\/sites\/313\/2026\/01\/Programme-_page-0001-1-212x300.jpg 212w, https:\/\/webs.uab.cat\/grepiic\/wp-content\/uploads\/sites\/313\/2026\/01\/Programme-_page-0001-1-768x1087.jpg 768w, https:\/\/webs.uab.cat\/grepiic\/wp-content\/uploads\/sites\/313\/2026\/01\/Programme-_page-0001-1-1085x1536.jpg 1085w, https:\/\/webs.uab.cat\/grepiic\/wp-content\/uploads\/sites\/313\/2026\/01\/Programme-_page-0001-1-1200x1698.jpg 1200w, https:\/\/webs.uab.cat\/grepiic\/wp-content\/uploads\/sites\/313\/2026\/01\/Programme-_page-0001-1.jpg 1240w\" sizes=\"auto, (max-width: 724px) 100vw, 724px\" \/><\/figure>\n<\/div>\n\n\n<div class=\"wp-block-columns is-layout-flex wp-container-core-columns-is-layout-9d6595d7 wp-block-columns-is-layout-flex\">\n<div class=\"wp-block-column is-layout-flow wp-block-column-is-layout-flow\">\n<figure class=\"wp-block-image size-large\"><img loading=\"lazy\" decoding=\"async\" width=\"724\" height=\"1024\" src=\"https:\/\/webs.uab.cat\/grepiic\/wp-content\/uploads\/sites\/313\/2026\/01\/Programme-_page-0002-1-724x1024.jpg\" alt=\"\" class=\"wp-image-1899\" srcset=\"https:\/\/webs.uab.cat\/grepiic\/wp-content\/uploads\/sites\/313\/2026\/01\/Programme-_page-0002-1-724x1024.jpg 724w, https:\/\/webs.uab.cat\/grepiic\/wp-content\/uploads\/sites\/313\/2026\/01\/Programme-_page-0002-1-212x300.jpg 212w, https:\/\/webs.uab.cat\/grepiic\/wp-content\/uploads\/sites\/313\/2026\/01\/Programme-_page-0002-1-768x1087.jpg 768w, https:\/\/webs.uab.cat\/grepiic\/wp-content\/uploads\/sites\/313\/2026\/01\/Programme-_page-0002-1-1085x1536.jpg 1085w, https:\/\/webs.uab.cat\/grepiic\/wp-content\/uploads\/sites\/313\/2026\/01\/Programme-_page-0002-1-1200x1698.jpg 1200w, https:\/\/webs.uab.cat\/grepiic\/wp-content\/uploads\/sites\/313\/2026\/01\/Programme-_page-0002-1.jpg 1240w\" sizes=\"auto, (max-width: 724px) 100vw, 724px\" \/><\/figure>\n<\/div>\n\n\n\n<div class=\"wp-block-column is-layout-flow wp-block-column-is-layout-flow\">\n<figure class=\"wp-block-image size-large\"><img loading=\"lazy\" decoding=\"async\" width=\"724\" height=\"1024\" src=\"https:\/\/webs.uab.cat\/grepiic\/wp-content\/uploads\/sites\/313\/2026\/01\/Programme-_page-0003-724x1024.jpg\" alt=\"\" class=\"wp-image-1895\" srcset=\"https:\/\/webs.uab.cat\/grepiic\/wp-content\/uploads\/sites\/313\/2026\/01\/Programme-_page-0003-724x1024.jpg 724w, https:\/\/webs.uab.cat\/grepiic\/wp-content\/uploads\/sites\/313\/2026\/01\/Programme-_page-0003-212x300.jpg 212w, https:\/\/webs.uab.cat\/grepiic\/wp-content\/uploads\/sites\/313\/2026\/01\/Programme-_page-0003-768x1087.jpg 768w, https:\/\/webs.uab.cat\/grepiic\/wp-content\/uploads\/sites\/313\/2026\/01\/Programme-_page-0003-1085x1536.jpg 1085w, https:\/\/webs.uab.cat\/grepiic\/wp-content\/uploads\/sites\/313\/2026\/01\/Programme-_page-0003-1200x1698.jpg 1200w, https:\/\/webs.uab.cat\/grepiic\/wp-content\/uploads\/sites\/313\/2026\/01\/Programme-_page-0003.jpg 1240w\" sizes=\"auto, (max-width: 724px) 100vw, 724px\" \/><\/figure>\n<\/div>\n<\/div>\n\n\n\n<h2 class=\"wp-block-heading\">Col\u00b7loqui internacional &#8220;Forma de govern, desconfian\u00e7a pol\u00edtica, retiment de comptes i comissions d&#8217;investigaci\u00f3&#8221; (12\/12\/2025)<\/h2>\n\n\n\n<div class=\"wp-block-columns is-layout-flex wp-container-core-columns-is-layout-9d6595d7 wp-block-columns-is-layout-flex\">\n<div class=\"wp-block-column is-layout-flow wp-block-column-is-layout-flow\">\n<figure class=\"wp-block-image size-large\"><img loading=\"lazy\" decoding=\"async\" width=\"724\" height=\"1024\" src=\"https:\/\/webs.uab.cat\/grepiic\/wp-content\/uploads\/sites\/313\/2025\/09\/Comissions_Cartell-724x1024.jpg\" alt=\"\" class=\"wp-image-1835\" srcset=\"https:\/\/webs.uab.cat\/grepiic\/wp-content\/uploads\/sites\/313\/2025\/09\/Comissions_Cartell-724x1024.jpg 724w, https:\/\/webs.uab.cat\/grepiic\/wp-content\/uploads\/sites\/313\/2025\/09\/Comissions_Cartell-212x300.jpg 212w, https:\/\/webs.uab.cat\/grepiic\/wp-content\/uploads\/sites\/313\/2025\/09\/Comissions_Cartell-768x1086.jpg 768w, https:\/\/webs.uab.cat\/grepiic\/wp-content\/uploads\/sites\/313\/2025\/09\/Comissions_Cartell-1086x1536.jpg 1086w, https:\/\/webs.uab.cat\/grepiic\/wp-content\/uploads\/sites\/313\/2025\/09\/Comissions_Cartell-1448x2048.jpg 1448w, https:\/\/webs.uab.cat\/grepiic\/wp-content\/uploads\/sites\/313\/2025\/09\/Comissions_Cartell-1200x1697.jpg 1200w, https:\/\/webs.uab.cat\/grepiic\/wp-content\/uploads\/sites\/313\/2025\/09\/Comissions_Cartell-1980x2800.jpg 1980w, https:\/\/webs.uab.cat\/grepiic\/wp-content\/uploads\/sites\/313\/2025\/09\/Comissions_Cartell-scaled.jpg 1810w\" sizes=\"auto, (max-width: 724px) 100vw, 724px\" \/><\/figure>\n<\/div>\n\n\n\n<div class=\"wp-block-column is-layout-flow wp-block-column-is-layout-flow\">\n<figure class=\"wp-block-image size-large\"><img loading=\"lazy\" decoding=\"async\" width=\"724\" height=\"1024\" src=\"https:\/\/webs.uab.cat\/grepiic\/wp-content\/uploads\/sites\/313\/2025\/09\/Comissions_Programa-724x1024.jpg\" alt=\"\" class=\"wp-image-1837\" srcset=\"https:\/\/webs.uab.cat\/grepiic\/wp-content\/uploads\/sites\/313\/2025\/09\/Comissions_Programa-724x1024.jpg 724w, https:\/\/webs.uab.cat\/grepiic\/wp-content\/uploads\/sites\/313\/2025\/09\/Comissions_Programa-212x300.jpg 212w, https:\/\/webs.uab.cat\/grepiic\/wp-content\/uploads\/sites\/313\/2025\/09\/Comissions_Programa-768x1086.jpg 768w, https:\/\/webs.uab.cat\/grepiic\/wp-content\/uploads\/sites\/313\/2025\/09\/Comissions_Programa-1086x1536.jpg 1086w, https:\/\/webs.uab.cat\/grepiic\/wp-content\/uploads\/sites\/313\/2025\/09\/Comissions_Programa-1448x2048.jpg 1448w, https:\/\/webs.uab.cat\/grepiic\/wp-content\/uploads\/sites\/313\/2025\/09\/Comissions_Programa-1200x1697.jpg 1200w, https:\/\/webs.uab.cat\/grepiic\/wp-content\/uploads\/sites\/313\/2025\/09\/Comissions_Programa-1980x2800.jpg 1980w, https:\/\/webs.uab.cat\/grepiic\/wp-content\/uploads\/sites\/313\/2025\/09\/Comissions_Programa-scaled.jpg 1810w\" sizes=\"auto, (max-width: 724px) 100vw, 724px\" \/><\/figure>\n<\/div>\n<\/div>\n\n\n\n<h2 class=\"wp-block-heading\">Col\u00b7loqui internacional &#8220;Corrupci\u00f3n y guerra. \u00bfUn binomio inseparable? Espa\u00f1a, 1936-1939&#8221; (19-20\/06\/2025)<\/h2>\n\n\n\n<div class=\"wp-block-columns is-layout-flex wp-container-core-columns-is-layout-9d6595d7 wp-block-columns-is-layout-flex\">\n<div class=\"wp-block-column is-layout-flow wp-block-column-is-layout-flow\">\n<figure class=\"wp-block-image size-large\"><img loading=\"lazy\" decoding=\"async\" width=\"724\" height=\"1024\" src=\"https:\/\/webs.uab.cat\/grepiic\/wp-content\/uploads\/sites\/313\/2025\/04\/1.-Guerra_Civil_Corrupcio_Poster1-1-724x1024.jpg\" alt=\"\" class=\"wp-image-1769\" srcset=\"https:\/\/webs.uab.cat\/grepiic\/wp-content\/uploads\/sites\/313\/2025\/04\/1.-Guerra_Civil_Corrupcio_Poster1-1-724x1024.jpg 724w, https:\/\/webs.uab.cat\/grepiic\/wp-content\/uploads\/sites\/313\/2025\/04\/1.-Guerra_Civil_Corrupcio_Poster1-1-212x300.jpg 212w, https:\/\/webs.uab.cat\/grepiic\/wp-content\/uploads\/sites\/313\/2025\/04\/1.-Guerra_Civil_Corrupcio_Poster1-1-768x1086.jpg 768w, https:\/\/webs.uab.cat\/grepiic\/wp-content\/uploads\/sites\/313\/2025\/04\/1.-Guerra_Civil_Corrupcio_Poster1-1-1086x1536.jpg 1086w, https:\/\/webs.uab.cat\/grepiic\/wp-content\/uploads\/sites\/313\/2025\/04\/1.-Guerra_Civil_Corrupcio_Poster1-1-1448x2048.jpg 1448w, https:\/\/webs.uab.cat\/grepiic\/wp-content\/uploads\/sites\/313\/2025\/04\/1.-Guerra_Civil_Corrupcio_Poster1-1-1200x1697.jpg 1200w, https:\/\/webs.uab.cat\/grepiic\/wp-content\/uploads\/sites\/313\/2025\/04\/1.-Guerra_Civil_Corrupcio_Poster1-1-1980x2800.jpg 1980w, https:\/\/webs.uab.cat\/grepiic\/wp-content\/uploads\/sites\/313\/2025\/04\/1.-Guerra_Civil_Corrupcio_Poster1-1-scaled.jpg 1810w\" sizes=\"auto, (max-width: 724px) 100vw, 724px\" \/><\/figure>\n<\/div>\n\n\n\n<div class=\"wp-block-column is-layout-flow wp-block-column-is-layout-flow\">\n<figure class=\"wp-block-image size-large\"><img loading=\"lazy\" decoding=\"async\" width=\"724\" height=\"1024\" src=\"https:\/\/webs.uab.cat\/grepiic\/wp-content\/uploads\/sites\/313\/2025\/04\/2.-Guerra_Civil_Corrupcio_Programa1-1-724x1024.jpg\" alt=\"\" class=\"wp-image-1771\" srcset=\"https:\/\/webs.uab.cat\/grepiic\/wp-content\/uploads\/sites\/313\/2025\/04\/2.-Guerra_Civil_Corrupcio_Programa1-1-724x1024.jpg 724w, https:\/\/webs.uab.cat\/grepiic\/wp-content\/uploads\/sites\/313\/2025\/04\/2.-Guerra_Civil_Corrupcio_Programa1-1-212x300.jpg 212w, https:\/\/webs.uab.cat\/grepiic\/wp-content\/uploads\/sites\/313\/2025\/04\/2.-Guerra_Civil_Corrupcio_Programa1-1-768x1086.jpg 768w, https:\/\/webs.uab.cat\/grepiic\/wp-content\/uploads\/sites\/313\/2025\/04\/2.-Guerra_Civil_Corrupcio_Programa1-1-1086x1536.jpg 1086w, https:\/\/webs.uab.cat\/grepiic\/wp-content\/uploads\/sites\/313\/2025\/04\/2.-Guerra_Civil_Corrupcio_Programa1-1-1448x2048.jpg 1448w, https:\/\/webs.uab.cat\/grepiic\/wp-content\/uploads\/sites\/313\/2025\/04\/2.-Guerra_Civil_Corrupcio_Programa1-1-1200x1697.jpg 1200w, https:\/\/webs.uab.cat\/grepiic\/wp-content\/uploads\/sites\/313\/2025\/04\/2.-Guerra_Civil_Corrupcio_Programa1-1-1980x2800.jpg 1980w, https:\/\/webs.uab.cat\/grepiic\/wp-content\/uploads\/sites\/313\/2025\/04\/2.-Guerra_Civil_Corrupcio_Programa1-1-scaled.jpg 1810w\" sizes=\"auto, (max-width: 724px) 100vw, 724px\" \/><\/figure>\n<\/div>\n<\/div>\n\n\n\n<h2 class=\"wp-block-heading\">International Workshop &#8220;The Cultural Legacies of Corruption in Europe, 1500-today&#8221; (27-28\/03\/2025)<\/h2>\n\n\n\n<div class=\"wp-block-columns is-layout-flex wp-container-core-columns-is-layout-9d6595d7 wp-block-columns-is-layout-flex\">\n<div class=\"wp-block-column is-layout-flow wp-block-column-is-layout-flow\" style=\"flex-basis:100%\">\n<div class=\"wp-block-columns is-layout-flex wp-container-core-columns-is-layout-9d6595d7 wp-block-columns-is-layout-flex\">\n<div class=\"wp-block-column is-layout-flow wp-block-column-is-layout-flow\">\n<figure class=\"wp-block-image size-large\"><img loading=\"lazy\" decoding=\"async\" width=\"728\" height=\"1024\" src=\"https:\/\/webs.uab.cat\/grepiic\/wp-content\/uploads\/sites\/313\/2025\/03\/GmynklybUAA0dwU-1-728x1024.jpg\" alt=\"\" class=\"wp-image-1730\" srcset=\"https:\/\/webs.uab.cat\/grepiic\/wp-content\/uploads\/sites\/313\/2025\/03\/GmynklybUAA0dwU-1-728x1024.jpg 728w, https:\/\/webs.uab.cat\/grepiic\/wp-content\/uploads\/sites\/313\/2025\/03\/GmynklybUAA0dwU-1-213x300.jpg 213w, https:\/\/webs.uab.cat\/grepiic\/wp-content\/uploads\/sites\/313\/2025\/03\/GmynklybUAA0dwU-1-768x1081.jpg 768w, https:\/\/webs.uab.cat\/grepiic\/wp-content\/uploads\/sites\/313\/2025\/03\/GmynklybUAA0dwU-1.jpg 828w\" sizes=\"auto, (max-width: 728px) 100vw, 728px\" \/><\/figure>\n<\/div>\n\n\n\n<div class=\"wp-block-column is-layout-flow wp-block-column-is-layout-flow\">\n<figure class=\"wp-block-image size-large\"><img loading=\"lazy\" decoding=\"async\" width=\"727\" height=\"1024\" src=\"https:\/\/webs.uab.cat\/grepiic\/wp-content\/uploads\/sites\/313\/2025\/03\/GmynklnaMAAHyTv-727x1024.jpg\" alt=\"\" class=\"wp-image-1732\" srcset=\"https:\/\/webs.uab.cat\/grepiic\/wp-content\/uploads\/sites\/313\/2025\/03\/GmynklnaMAAHyTv-727x1024.jpg 727w, https:\/\/webs.uab.cat\/grepiic\/wp-content\/uploads\/sites\/313\/2025\/03\/GmynklnaMAAHyTv-213x300.jpg 213w, https:\/\/webs.uab.cat\/grepiic\/wp-content\/uploads\/sites\/313\/2025\/03\/GmynklnaMAAHyTv-768x1082.jpg 768w, https:\/\/webs.uab.cat\/grepiic\/wp-content\/uploads\/sites\/313\/2025\/03\/GmynklnaMAAHyTv.jpg 828w\" sizes=\"auto, (max-width: 727px) 100vw, 727px\" \/><\/figure>\n<\/div>\n\n\n\n<div class=\"wp-block-column is-layout-flow wp-block-column-is-layout-flow\">\n<figure class=\"wp-block-image size-large\"><img loading=\"lazy\" decoding=\"async\" width=\"722\" height=\"1024\" src=\"https:\/\/webs.uab.cat\/grepiic\/wp-content\/uploads\/sites\/313\/2025\/03\/GmynklmaYAABskZ-722x1024.jpg\" alt=\"\" class=\"wp-image-1734\" srcset=\"https:\/\/webs.uab.cat\/grepiic\/wp-content\/uploads\/sites\/313\/2025\/03\/GmynklmaYAABskZ-722x1024.jpg 722w, https:\/\/webs.uab.cat\/grepiic\/wp-content\/uploads\/sites\/313\/2025\/03\/GmynklmaYAABskZ-211x300.jpg 211w, https:\/\/webs.uab.cat\/grepiic\/wp-content\/uploads\/sites\/313\/2025\/03\/GmynklmaYAABskZ-768x1090.jpg 768w, https:\/\/webs.uab.cat\/grepiic\/wp-content\/uploads\/sites\/313\/2025\/03\/GmynklmaYAABskZ.jpg 819w\" sizes=\"auto, (max-width: 722px) 100vw, 722px\" \/><\/figure>\n<\/div>\n<\/div>\n<\/div>\n\n\n\n<div class=\"wp-block-column is-layout-flow wp-block-column-is-layout-flow\"><\/div>\n<\/div>\n\n\n\n<h2 class=\"wp-block-heading\">International Workshop &#8220;Scandals and Politicization of (Anti)Corruption. From Loyal Subjects to Mass Politics (17th-20 Centuries)&#8221; (12-13\/12\/2024)<\/h2>\n\n\n\n<div class=\"wp-block-group\"><div class=\"wp-block-group__inner-container is-layout-constrained wp-block-group-is-layout-constrained\">\n<div class=\"wp-block-columns is-layout-flex wp-container-core-columns-is-layout-9d6595d7 wp-block-columns-is-layout-flex\">\n<div class=\"wp-block-column is-layout-flow wp-block-column-is-layout-flow\">\n<figure class=\"wp-block-image size-large\"><img loading=\"lazy\" decoding=\"async\" width=\"724\" height=\"1024\" src=\"https:\/\/webs.uab.cat\/grepiic\/wp-content\/uploads\/sites\/313\/2024\/09\/1.-Programa-1-724x1024.jpg\" alt=\"\" class=\"wp-image-1580\" srcset=\"https:\/\/webs.uab.cat\/grepiic\/wp-content\/uploads\/sites\/313\/2024\/09\/1.-Programa-1-724x1024.jpg 724w, https:\/\/webs.uab.cat\/grepiic\/wp-content\/uploads\/sites\/313\/2024\/09\/1.-Programa-1-212x300.jpg 212w, https:\/\/webs.uab.cat\/grepiic\/wp-content\/uploads\/sites\/313\/2024\/09\/1.-Programa-1-768x1086.jpg 768w, https:\/\/webs.uab.cat\/grepiic\/wp-content\/uploads\/sites\/313\/2024\/09\/1.-Programa-1-1086x1536.jpg 1086w, https:\/\/webs.uab.cat\/grepiic\/wp-content\/uploads\/sites\/313\/2024\/09\/1.-Programa-1-1448x2048.jpg 1448w, https:\/\/webs.uab.cat\/grepiic\/wp-content\/uploads\/sites\/313\/2024\/09\/1.-Programa-1-1200x1697.jpg 1200w, https:\/\/webs.uab.cat\/grepiic\/wp-content\/uploads\/sites\/313\/2024\/09\/1.-Programa-1-1980x2800.jpg 1980w, https:\/\/webs.uab.cat\/grepiic\/wp-content\/uploads\/sites\/313\/2024\/09\/1.-Programa-1-scaled.jpg 1810w\" sizes=\"auto, (max-width: 724px) 100vw, 724px\" \/><\/figure>\n<\/div>\n\n\n\n<div class=\"wp-block-column is-layout-flow wp-block-column-is-layout-flow\">\n<figure class=\"wp-block-image size-large\"><img loading=\"lazy\" decoding=\"async\" width=\"724\" height=\"1024\" src=\"https:\/\/webs.uab.cat\/grepiic\/wp-content\/uploads\/sites\/313\/2025\/03\/47.-Scandals-and-Politicization-of-AntiCorruption-12-i-13-12-2024-2-724x1024.jpg\" alt=\"\" class=\"wp-image-1726\" srcset=\"https:\/\/webs.uab.cat\/grepiic\/wp-content\/uploads\/sites\/313\/2025\/03\/47.-Scandals-and-Politicization-of-AntiCorruption-12-i-13-12-2024-2-724x1024.jpg 724w, https:\/\/webs.uab.cat\/grepiic\/wp-content\/uploads\/sites\/313\/2025\/03\/47.-Scandals-and-Politicization-of-AntiCorruption-12-i-13-12-2024-2-212x300.jpg 212w, https:\/\/webs.uab.cat\/grepiic\/wp-content\/uploads\/sites\/313\/2025\/03\/47.-Scandals-and-Politicization-of-AntiCorruption-12-i-13-12-2024-2-768x1086.jpg 768w, https:\/\/webs.uab.cat\/grepiic\/wp-content\/uploads\/sites\/313\/2025\/03\/47.-Scandals-and-Politicization-of-AntiCorruption-12-i-13-12-2024-2-1086x1536.jpg 1086w, https:\/\/webs.uab.cat\/grepiic\/wp-content\/uploads\/sites\/313\/2025\/03\/47.-Scandals-and-Politicization-of-AntiCorruption-12-i-13-12-2024-2-1448x2048.jpg 1448w, https:\/\/webs.uab.cat\/grepiic\/wp-content\/uploads\/sites\/313\/2025\/03\/47.-Scandals-and-Politicization-of-AntiCorruption-12-i-13-12-2024-2-1200x1697.jpg 1200w, https:\/\/webs.uab.cat\/grepiic\/wp-content\/uploads\/sites\/313\/2025\/03\/47.-Scandals-and-Politicization-of-AntiCorruption-12-i-13-12-2024-2-1980x2800.jpg 1980w, https:\/\/webs.uab.cat\/grepiic\/wp-content\/uploads\/sites\/313\/2025\/03\/47.-Scandals-and-Politicization-of-AntiCorruption-12-i-13-12-2024-2-scaled.jpg 1810w\" sizes=\"auto, (max-width: 724px) 100vw, 724px\" \/><\/figure>\n<\/div>\n<\/div>\n<\/div><\/div>\n\n\n\n<h2 class=\"wp-block-heading\">Workshop Internacional &#8220;Gestionar la ciutat &#8216;virtuosa&#8217;. Transpar\u00e8ncia, (Anti)Corrupci\u00f3 i mobilitzaci\u00f3 pol\u00edtica en la societat de masses (1890&#8217;s-1930&#8217;s) (13\/09\/2023)<\/h2>\n\n\n\n<div class=\"wp-block-columns is-layout-flex wp-container-core-columns-is-layout-9d6595d7 wp-block-columns-is-layout-flex\">\n<div class=\"wp-block-column is-layout-flow wp-block-column-is-layout-flow\">\n<figure class=\"wp-block-image size-large\"><img loading=\"lazy\" decoding=\"async\" width=\"724\" height=\"1024\" src=\"https:\/\/webs.uab.cat\/grepiic\/wp-content\/uploads\/sites\/313\/2025\/03\/39.-1-Workshop-Gestionar-la-ciutat-virtuosa-724x1024.jpg\" alt=\"\" class=\"wp-image-1736\" srcset=\"https:\/\/webs.uab.cat\/grepiic\/wp-content\/uploads\/sites\/313\/2025\/03\/39.-1-Workshop-Gestionar-la-ciutat-virtuosa-724x1024.jpg 724w, https:\/\/webs.uab.cat\/grepiic\/wp-content\/uploads\/sites\/313\/2025\/03\/39.-1-Workshop-Gestionar-la-ciutat-virtuosa-212x300.jpg 212w, https:\/\/webs.uab.cat\/grepiic\/wp-content\/uploads\/sites\/313\/2025\/03\/39.-1-Workshop-Gestionar-la-ciutat-virtuosa-768x1086.jpg 768w, https:\/\/webs.uab.cat\/grepiic\/wp-content\/uploads\/sites\/313\/2025\/03\/39.-1-Workshop-Gestionar-la-ciutat-virtuosa.jpg 842w\" sizes=\"auto, (max-width: 724px) 100vw, 724px\" \/><\/figure>\n<\/div>\n\n\n\n<div class=\"wp-block-column is-layout-flow wp-block-column-is-layout-flow\">\n<figure class=\"wp-block-image size-large\"><img loading=\"lazy\" decoding=\"async\" width=\"724\" height=\"1024\" src=\"https:\/\/webs.uab.cat\/grepiic\/wp-content\/uploads\/sites\/313\/2025\/03\/39.-2.-Programa-Gestionar-la-ciutat-virtuosa-724x1024.jpg\" alt=\"\" class=\"wp-image-1738\" srcset=\"https:\/\/webs.uab.cat\/grepiic\/wp-content\/uploads\/sites\/313\/2025\/03\/39.-2.-Programa-Gestionar-la-ciutat-virtuosa-724x1024.jpg 724w, https:\/\/webs.uab.cat\/grepiic\/wp-content\/uploads\/sites\/313\/2025\/03\/39.-2.-Programa-Gestionar-la-ciutat-virtuosa-212x300.jpg 212w, https:\/\/webs.uab.cat\/grepiic\/wp-content\/uploads\/sites\/313\/2025\/03\/39.-2.-Programa-Gestionar-la-ciutat-virtuosa-768x1086.jpg 768w, https:\/\/webs.uab.cat\/grepiic\/wp-content\/uploads\/sites\/313\/2025\/03\/39.-2.-Programa-Gestionar-la-ciutat-virtuosa-1086x1536.jpg 1086w, https:\/\/webs.uab.cat\/grepiic\/wp-content\/uploads\/sites\/313\/2025\/03\/39.-2.-Programa-Gestionar-la-ciutat-virtuosa-1448x2048.jpg 1448w, https:\/\/webs.uab.cat\/grepiic\/wp-content\/uploads\/sites\/313\/2025\/03\/39.-2.-Programa-Gestionar-la-ciutat-virtuosa-1200x1697.jpg 1200w, https:\/\/webs.uab.cat\/grepiic\/wp-content\/uploads\/sites\/313\/2025\/03\/39.-2.-Programa-Gestionar-la-ciutat-virtuosa-1980x2800.jpg 1980w, https:\/\/webs.uab.cat\/grepiic\/wp-content\/uploads\/sites\/313\/2025\/03\/39.-2.-Programa-Gestionar-la-ciutat-virtuosa-scaled.jpg 1810w\" sizes=\"auto, (max-width: 724px) 100vw, 724px\" \/><\/figure>\n<\/div>\n<\/div>\n\n\n\n<h2 class=\"wp-block-heading\">Congr\u00e9s Internacional sobre la corrupci\u00f3 pol\u00edtica a l&#8217;Espanya Contempor\u00e0nia (segles XIX-XXI) (14-15\/12\/2017)<\/h2>\n\n\n\n<p>&nbsp;<img loading=\"lazy\" decoding=\"async\" class=\" size-full wp-image-352\" src=\"https:\/\/webs.uab.cat\/picec\/wp-content\/uploads\/sites\/313\/2016\/07\/congres2.png\" alt=\"\" width=\"500\" height=\"183\" srcset=\"https:\/\/webs.uab.cat\/grepiic\/wp-content\/uploads\/sites\/313\/2016\/07\/congres2.png 500w, https:\/\/webs.uab.cat\/grepiic\/wp-content\/uploads\/sites\/313\/2016\/07\/congres2-300x110.png 300w\" sizes=\"auto, (max-width: 500px) 100vw, 500px\" \/><img loading=\"lazy\" decoding=\"async\" class=\" size-full wp-image-354\" src=\"https:\/\/webs.uab.cat\/picec\/wp-content\/uploads\/sites\/313\/2016\/07\/congres3.png\" alt=\"\" width=\"500\" height=\"102\" srcset=\"https:\/\/webs.uab.cat\/grepiic\/wp-content\/uploads\/sites\/313\/2016\/07\/congres3.png 500w, https:\/\/webs.uab.cat\/grepiic\/wp-content\/uploads\/sites\/313\/2016\/07\/congres3-300x61.png 300w\" sizes=\"auto, (max-width: 500px) 100vw, 500px\" \/>&nbsp;<br><strong>PRIMERA CIRCULAR (juliol 2016)<\/strong><\/p>\n\n\n\n<p><a href=\"https:\/\/webs.uab.cat\/picec\/wp-content\/uploads\/sites\/313\/2016\/10\/circular-congres-corrupcio-politica.pdf\" data-type=\"attachment\" data-id=\"357\" target=\"_blank\" rel=\"noreferrer noopener\"><strong>Catal\u00e0<\/strong><\/a><\/p>\n\n\n\n<p><a href=\"https:\/\/webs.uab.cat\/picec\/wp-content\/uploads\/sites\/313\/2016\/10\/circular-congreso-corrupcion-politica.pdf\" data-type=\"attachment\" data-id=\"359\" target=\"_blank\" rel=\"noreferrer noopener\"><strong>Castell\u00e0<\/strong><\/a><\/p>\n\n\n\n<p><a href=\"https:\/\/webs.uab.cat\/picec\/wp-content\/uploads\/sites\/313\/2016\/10\/call-for-papers-congress-on-political-corruption.pdf\" data-type=\"attachment\" data-id=\"361\" target=\"_blank\" rel=\"noreferrer noopener\"><strong>Angl\u00e8s<\/strong><\/a><\/p>\n\n\n\n<p><strong>CONTACTE<\/strong>: congres.internacional.corrupcio@uab.cat<\/p>\n\n\n\n<p>M\u00e9s informaci\u00f3:<a href=\"http:\/\/jornades.uab.cat\/congresinternacionalcorrupcio\/\" target=\"_blank\" rel=\"noopener\"> http:\/\/jornades.uab.cat\/congresinternacionalcorrupci\u00f3\/ <\/a><\/p>\n\n\n\n<p><\/p>\n","protected":false},"excerpt":{"rendered":"<p>Col\u00b7loqui internacional &#8220;Forma de govern, desconfian\u00e7a pol\u00edtica, retiment de comptes i comissions d&#8217;investigaci\u00f3&#8221; (12\/12\/2025) Col\u00b7loqui internacional &#8220;Forma de govern, desconfian\u00e7a pol\u00edtica, retiment de comptes i comissions d&#8217;investigaci\u00f3&#8221; (12\/12\/2025) Col\u00b7loqui internacional &#8220;Corrupci\u00f3n y guerra. \u00bfUn binomio inseparable? Espa\u00f1a, 1936-1939&#8221; (19-20\/06\/2025) International Workshop &#8220;The Cultural Legacies of Corruption in Europe, 1500-today&#8221; (27-28\/03\/2025) International Workshop &#8220;Scandals and Politicization [&hellip;]<\/p>\n","protected":false},"author":20,"featured_media":0,"parent":0,"menu_order":0,"comment_status":"closed","ping_status":"closed","template":"","meta":{"footnotes":""},"class_list":["post-356","page","type-page","status-publish","hentry"],"_links":{"self":[{"href":"https:\/\/webs.uab.cat\/grepiic\/wp-json\/wp\/v2\/pages\/356","targetHints":{"allow":["GET"]}}],"collection":[{"href":"https:\/\/webs.uab.cat\/grepiic\/wp-json\/wp\/v2\/pages"}],"about":[{"href":"https:\/\/webs.uab.cat\/grepiic\/wp-json\/wp\/v2\/types\/page"}],"author":[{"embeddable":true,"href":"https:\/\/webs.uab.cat\/grepiic\/wp-json\/wp\/v2\/users\/20"}],"replies":[{"embeddable":true,"href":"https:\/\/webs.uab.cat\/grepiic\/wp-json\/wp\/v2\/comments?post=356"}],"version-history":[{"count":10,"href":"https:\/\/webs.uab.cat\/grepiic\/wp-json\/wp\/v2\/pages\/356\/revisions"}],"predecessor-version":[{"id":1908,"href":"https:\/\/webs.uab.cat\/grepiic\/wp-json\/wp\/v2\/pages\/356\/revisions\/1908"}],"wp:attachment":[{"href":"https:\/\/webs.uab.cat\/grepiic\/wp-json\/wp\/v2\/media?parent=356"}],"curies":[{"name":"wp","href":"https:\/\/api.w.org\/{rel}","templated":true}]}}