{"id":365,"date":"2019-06-11T09:31:26","date_gmt":"2019-06-11T07:31:26","guid":{"rendered":"https:\/\/webs.uab.cat\/picec\/tfg\/"},"modified":"2023-06-15T12:42:36","modified_gmt":"2023-06-15T10:42:36","slug":"tfg","status":"publish","type":"page","link":"https:\/\/webs.uab.cat\/grepiic\/tfg\/","title":{"rendered":"Treballs de Fi de Grau (2014-2023)"},"content":{"rendered":"\n<h2 class=\"wp-block-heading\"><strong>2021-2022<\/strong><\/h2>\n\n\n\n<p><strong>Alumne: <\/strong>Albareda Castany, Miquel<br><strong>T\u00edtol: <\/strong>Entre n\u00e2os y mtepes. Relacions afroportugueses<br><strong>Director\/a: <\/strong>Ant\u00f3n Pelayo, Javier<\/p>\n\n\n\n<p><strong>Alumne: <\/strong>Armengol Pi de la Serra, Clara<br><strong>T\u00edtol: <\/strong>Descobrint Camb\u00f3. Hist\u00f2ria i mem\u00f2ria<br><strong>Director\/a: <\/strong>Rub\u00ed Casals, Maria Gemma<\/p>\n\n\n\n<p><strong>Alumne: <\/strong>Diallo Nimaga, Bintou<br><strong>T\u00edtol: <\/strong>La historia de \u00c1frica en Catalu\u00f1a y las instituciones educativas<br><strong>Director\/a: <\/strong>Figuerola Garreta, Jordi<\/p>\n\n\n\n<p><strong>Alumne: <\/strong>Guillen Valls, Ot<br><strong>T\u00edtol: <\/strong>Ludismo y primeras expresiones de resistencia obrera en Inglaterra<br><strong>Director\/a: <\/strong>Toledano Gonz\u00e0lez, Llu\u00eds Ferran<\/p>\n\n\n\n<p><strong>Alumne: <\/strong>Llaud\u00f3 Pascual, Francesc<br><strong>T\u00edtol: <\/strong>Vinyetes en prosa. Aproximaci\u00f3 a la recerca historiogr\u00e0fica m\u00e9s recent del c\u00f2mic sota el r\u00e8gim franquista<br><strong>Director\/a: <\/strong>Rub\u00ed Casals, Maria Gemma<\/p>\n\n\n\n<p><strong>Alumne: <\/strong>Moreno Ruiz, Diana<br><strong>T\u00edtol: <\/strong>La brujer\u00eda vasca del siglo XVII<br><strong>Director\/a: <\/strong>Jim\u00e9nez Sureda, Montserrat<\/p>\n\n\n\n<p><strong>Alumne: <\/strong>Sasplugas Vives, Alexandre<br><strong>T\u00edtol: <\/strong>La recreaci\u00f3 hist\u00f2rica: del passatemps a la divulgaci\u00f3<br><strong>Director\/a: <\/strong>Rub\u00ed Casals, Maria Gemma<\/p>\n\n\n\n<h2 class=\"wp-block-heading\"><strong>2019-2020<\/strong><\/h2>\n\n\n\n<p>Alumne: Barnet Gaba\u00f1ach, David<br>T\u00edtol: El republicanisme federal catal\u00e0 a finals del segle XIX<br>Director\/a: Toledano Gonz\u00e1lez, Llu\u00eds Ferran<br>Data de lectura: 15\/06\/2020<\/p>\n\n\n\n<p>Alumne: Cuenca \u00c1lvarez, Ra\u00fal<br>T\u00edtol: El Partit Radical a la Segona Rep\u00fablica i la corrupci\u00f3 pol\u00edtica<br>Director\/a: Rub\u00ed Casals, Maria Gemma<br>Data de lectura: 15\/06\/2020<\/p>\n\n\n\n<p>Alumne: Gabald\u00e1 Rodr\u00edguez, Daniel<br>T\u00edtol: La vaga pol\u00edtica de 1976 a Sabadell<br>Director\/a: Rub\u00ed Casals, Maria Gemma<br>Data de lectura: 15\/06\/2020<\/p>\n\n\n\n<p>Alumne: Gil Gil, Albert<br>T\u00edtol: Camps de treball for\u00e7at i cultura del treball als primers anys de la Revoluci\u00f3 Cubana<br>Director\/a: Figuerola Garreta, Jordi<br>Data de lectura: 15\/06\/2020<\/p>\n\n\n\n<p>Alumne: Jim\u00e9nez Carmona, S\u00edlvia<br>T\u00edtol: Great Britannia. M\u00fasica per un context hist\u00f2ric<br>Director\/a: Figuerola Garreta, Jordi<br>Data de lectura: 15\/06\/2020<\/p>\n\n\n\n<p>Alumne: Plata Rodr\u00edguez, Daniel<br>T\u00edtol: El sistema polosinodial y los grupos de poder en tiempos de Felipe II<br>Director\/a: Ant\u00f3n Pelayo, Javier<br>Data de lectura: 15\/06\/2020<\/p>\n\n\n\n<p>Alumne: Riera Quer, Guillem<br>T\u00edtol: El franquisme a Vic (1950-1960)<br>Director\/a: Figuerola Garreta, Jordi<br>Data de lectura: 15\/06\/2020<\/p>\n\n\n\n<h2 class=\"wp-block-heading\">2018<\/h2>\n\n\n\n<p>Alumne: Bag\u00e0 Sol\u00e0, Marc<br>T\u00edtol: La Barcelona dels obrers, 1830-1856. Un estat de la q\u00fcesti\u00f3<br>Director\/a: Moliner Prada, Antoni<br>Data de lectura: 13\/06\/2018<\/p>\n\n\n\n<p>Alumne: Barald\u00e9s Ribas, Pau<br>T\u00edtol: Socialisme i colonialisme. Frantz Fanon i la revoluci\u00f3 algeriana<br>Director\/a: Toledano Gonz\u00e1lez, Llu\u00eds Ferran<br>Data de lectura: 13\/06\/2018<\/p>\n\n\n\n<p>Alumne: Bonfill Fortes, Marc<br>T\u00edtol: Sobre el moviment centralista de 1843 a Catalunya<br>Director\/a: Moliner Prada, Antoni<br>Data de lectura: 13\/06\/2018<\/p>\n\n\n\n<p>Alumne: Gabald\u00e1 Rodriguez, Daniel<br>T\u00edtol: La Setmana Tr\u00e0gica a Granollers<br>Director\/a: Rub\u00ed i Casals, M. Gemma<br>Data de lectura: 13\/06\/2018<\/p>\n\n\n\n<p>Alumne: Martinez Martinez, M\u00f3nica<br>T\u00edtol: Nous valors a la Primera Rep\u00fablica<br>Director\/a: Moliner Prada, Antoni<br>Data de lectura: 13\/06\/2018<br>Curs:<\/p>\n\n\n\n<p>Alumne: Verges Ferrer, Guillem<br>T\u00edtol: La ma\u00e7oneria en la cultura pol\u00edtica de Barcelona a finals del segle XIX<br>Director\/a: Rub\u00ed i Casals, M. Gemma<br>Data de lectura: 13\/06\/2018<\/p>\n\n\n\n<h2 class=\"wp-block-heading\"><strong>2017<\/strong><\/h2>\n\n\n\n<p>Alumne: Canals Vidorreta, Albert<br>T\u00edtol: Bienni progressista. Revisi\u00f3 historiogr\u00e0fica i estat de la q\u00fcesti\u00f3 (1854-1856)<br>Director\/a: Toledano Gonz\u00e1lez, Llu\u00eds Ferran<br>Data de lectura:<\/p>\n\n\n\n<p>Alumne: Circuns Duxans, Albert<br>T\u00edtol: Qibutsisme<br>Director\/a: Culla i Clar\u00e0, Joan B.<br>Data de lectura:<\/p>\n\n\n\n<p>Alumne: G\u00f3mez Pozo, Daniel<br>T\u00edtol: Estat isl\u00e0mic: origen, proc\u00e9s i projecte<br>Director\/a: Culla i Clar\u00e0, Joan B.<br>Data de lectura:<\/p>\n\n\n\n<p>Alumne: &#8211; Martos S\u00e1nchez, Iris<br>T\u00edtol: El nacimiento de la neurolog\u00eda en Espa\u00f1a<br>Director\/a: Jim\u00e9nez Sureda, Montserrat<br>Data de lectura:<\/p>\n\n\n\n<p>Alumne: Noguera Guti\u00e9rrez, Kevin<br>T\u00edtol: Charitas, Pax et bonum. Els ordes mendicants de m\u00ednims i caputxins a Granollers<br>Director\/a: Jim\u00e9nez Sureda, Montserrat<br>Data de lectura:<\/p>\n\n\n\n<p>Alumne: Ot Padilla, Isidre<br>T\u00edtol: La gran oportunidad china. Sobre el descubrimiento chino de Am\u00e9rica entre 1421-1423<br>Director\/a: Ant\u00f3n Pelayo, Javier<br>Data de lectura:<\/p>\n\n\n\n<p>Alumne: Pontes Mallen, Noem\u00ed<br>T\u00edtol: La pres\u00e8ncia de les dones als moviments nacionalistes de Catalunya (1931-1939).<br>Director\/a: Rub\u00ed i Casals, M. Gemma<br>Data de lectura:<\/p>\n\n\n\n<p>Alumne: Rodriguez Damiani, Paula<br>T\u00edtol: La emigraci\u00f3n femenina a Am\u00e9rica durante el siglo XVI<br>Director\/a: Ant\u00f3n Pelayo, Javier<br>Data de lectura:<\/p>\n\n\n\n<p>Alumne: Rojo Hervas, Gerard<br>T\u00edtol: Cas Ferrer i Gu\u00e0rdia (1909-1911)<br>Director\/a: Rub\u00ed i Casals, M. Gemma<br>Data de lectura:<br>&nbsp;<br>Alumne: Comerma S\u00e1nchez, Marc<br>T\u00edtol: Processos de nacionalitzaci\u00f3 francesos a la Catalunya nord (1789-1918)<br>Director\/a: Toledano Gonz\u00e1lez, Llu\u00eds Ferran<br>Data de lectura:<\/p>\n\n\n\n<p>Alumne: Vila Gest\u00ed, Anna<br>T\u00edtol: El Madrid de las luces: la vida quotidiana i els espais de sociabilitat<br>Director\/a: Ant\u00f3n Pelayo, Javier<br>Data de lectura:<\/p>\n\n\n\n<h2 class=\"wp-block-heading\"><strong>2016<\/strong><\/h2>\n\n\n\n<p>Alumne: Barroso Vilalta, Andreu<br>T\u00edtol: Hugo Ch\u00e1vez i la revoluci\u00f3 bolivariana<br>Director\/a: Figuerola i Garreta, Jordi<br>Data de lectura: 28\/06\/16<\/p>\n\n\n\n<p>Alumne: Caimel Llavina, Jordi<br>T\u00edtol: La proclamaci\u00f3 de la Segona Rep\u00fablica a Catalunya<br>Director\/a: Culla i Clar\u00e0, Joan B.<br>Data de lectura: 28\/06\/16<\/p>\n\n\n\n<p>Alumne: Calvo Roig, Gerard<br>T\u00edtol: Idealistes, revolucionaris i terroristes: Radicalisme i viol\u00e8ncia pol\u00edtica a la rep\u00fablica de Turquia, 1968-1980<br>Director\/a: Culla i Clar\u00e0, Joan B<br>Data de lectura: 28\/06\/16<\/p>\n\n\n\n<p>Alumne: D\u00edaz Corrales, S\u00edlvia<br>T\u00edtol: L&#8217;amor en la formaci\u00f3 dels matrimonis entre la il\u00b7lustraci\u00f3 i el romanticisme<br>Director\/a: Ant\u00f3n Pelayo, Javier<br>Data de lectura: 13\/06\/16<\/p>\n\n\n\n<p>Alumne: Florido Gonz\u00e1lez, Nerea<br>T\u00edtol: El ritual funerario barroco en Espa\u00f1a<br>Director\/a: Ant\u00f3n Pelayo, Javier<br>Data de lectura: 13\/06\/16<\/p>\n\n\n\n<p>Alumne: Garnelo Moran, Iv\u00e1n<br>T\u00edtol: Or\u00edgenes del peronismo: la esencia de una naci\u00f3n<br>Director\/a: Figuerola i Garreta, Jordi<br>Data de lectura: 04\/07\/16<\/p>\n\n\n\n<p>Alumne: Marin Franco, Clara Isabel<br>T\u00edtol: Plumas y fuego: La serpiente emplumada. Mitos y leyendas de la Am\u00e9rica Central precolombina<br>Director\/a: Ant\u00f3n Pelayo, Javier<br>Data de lectura: 28\/06\/16<\/p>\n\n\n\n<p>Alumne: Montserrat Siscart, Jose Maria<br>T\u00edtol: Abd\u00f3 Terrades, republicanisme democr\u00e0tic en l&#8217;esdevenir del liberalisme espanyol i catal\u00e0<br>Director\/a: Toledano Gonz\u00e1lez, Llu\u00eds Ferran<br>Data de lectura: 28\/06\/16<\/p>\n\n\n\n<p>Alumne: Mullor Gomez, Carlos<br>T\u00edtol: El reinado de Jos\u00e9 I Bonaparte<br>Director\/a: Moliner Prada, Antoni<br>Data de lectura: 28\/06\/16<\/p>\n\n\n\n<p>Alumne: Porta Tobella, Joan<br>T\u00edtol: Bruch, un pueblo que antes apenas ten\u00eda nombre, y hoy lo tiene muy claro \u00e9 ilustre.&#8221; El llegat de la guerra del franc\u00e8s al Bruc. Estudi iconogr\u00e0fic<br>Director\/a: Moliner Prada, Antoni<br>Data de lectura: 28\/06\/16<\/p>\n\n\n\n<p>Alumne: Rio Bagan, Xavier del<br>T\u00edtol: El catalanismo pol\u00edtico y la burgues\u00eda en su relaci\u00f3n con el anarquismo catal\u00e1n (1868-1923)<br>Director\/a: Toledano Gonz\u00e1lez, Llu\u00eds Ferran<br>Data de lectura: 28\/06\/16<\/p>\n\n\n\n<p>Alumne: Romero G\u00f3mez, Marina<br>T\u00edtol: Les remeieres i la medicina natural a l&#8217;\u00e8poca moderna<br>Director\/a: Jim\u00e9nez Sureda, Montserrat<br>Data de lectura: 13\/06\/16<\/p>\n\n\n\n<p>Alumne: Segura Morros, Jordi<br>T\u00edtol: La guerra del Franc\u00e8s a Manresa. Ocupaci\u00f3 i resist\u00e8ncia a la guerra del Franc\u00e8s a Manresa<br>Director\/a: Moliner Prada, Antoni<br>Data de lectura: 28\/06\/16<\/p>\n\n\n\n<h2 class=\"wp-block-heading\"><strong>2015<\/strong><\/h2>\n\n\n\n<p>Alumne: Amat Badiella, Albert<br>T\u00edtol: El Carlisme catal\u00e0 despr\u00e9s de la Tercera Guerra Carlina i la relaci\u00f3 amb el Catalanisme.<br>Director\/a: Toledano Gonz\u00e1lez, Llu\u00eds Ferran<br>Data de lectura:<\/p>\n\n\n\n<p>Alumne: Cazorla M\u00e1rquez, Jordi<br>T\u00edtol: El salto de Lerroux: el lerrouxismo y el PRR durante el cambio a la pol\u00edtica estatal<br>Director\/a: Culla i Clar\u00e0, Joan B.<br>Data de lectura:<\/p>\n\n\n\n<p>Alumne: Muniesa Juan, Arnau<br>T\u00edtol: Els pol\u00edtics de la Restauraci\u00f3 en la caiguda d\u2019Alfons XIII<br>Director\/a: Culla i Clar\u00e0, Joan B.<br>Data de lectura:<\/p>\n\n\n\n<p>Alumne: P\u00e9rez Azorin, Mar\u00eda del Pilar<br>T\u00edtol: Visi\u00f3 de la condici\u00f3 femenina a la Comuna de Par\u00eds<br>Director\/a: Moliner Prada, Antoni<br>Data de lectura<\/p>\n\n\n\n<p>Alumne: Raya Lozano, Josep<br>T\u00edtol: Joana I de Castella: la reina incompresa<br>Director\/a: Jim\u00e9nez Sureda, Montserrat<br>Data de lectura:<\/p>\n\n\n\n<h2 class=\"wp-block-heading\"><strong>2014<\/strong><\/h2>\n\n\n\n<p>Alumne: Antzack, Richard<br>T\u00edtol: La guerra bruta de la CIA contra Joao Goulart i la democr\u00e0cia brasilera<br>Director\/a: Figuerola Garreta, Jordi<br>Data de lectura: 30\/06\/2014<\/p>\n\n\n\n<p>Alumne: Bonet Par\u00e9s, Diana<br>T\u00edtol: Mariane Von Martincs. Biografia d\u2019una m\u00fasica ignorada<br>Director\/a: Jim\u00e9nez Sureda, Montserrat<br>Data de lectura: 03\/07\/2014<\/p>\n\n\n\n<p>Alumne: Chiva Aymerich, Berenguer<br>T\u00edtol: Inicis del handbol a Catalunya: el cas de Matar\u00f3<br>Director\/a: Riquer i Permanyer, Borja de<br>Data de lectura: 05\/09\/2014<\/p>\n\n\n\n<p>Alumne: Farr\u00e9 G\u00f3mez, Anna<br>T\u00edtol: El \u201cmite Maci\u00e0\u201d des de baix. La visi\u00f3 ciutadana de Maci\u00e0 a trav\u00e9s de la correspond\u00e8ncia rebuda pel president el 1931-1932<br>Director\/a: Culla i Clar\u00e0, Joan B.<br>Data de lectura: 05\/09\/2014<\/p>\n\n\n\n<p>Alumne: Ferrer Torrens, Gabriel<br>T\u00edtol: Identitat i discurs del moviment carlista en els anys de la Restauraci\u00f3 borb\u00f2nica<br>Director\/a: Toledano Gonz\u00e1lez, Llu\u00eds Ferran<br>Data de lectura: 05\/09\/2014<\/p>\n\n\n\n<p>Alumne: Garc\u00eda Mena, Carles<br>T\u00edtol: Guerra Civil a Santa Perpetua, Parets i Mollet del Vall\u00e9s<br>Director\/a: Riquer i Permanyer, Borja de<br>Data de lectura: 05\/09\/2014<\/p>\n\n\n\n<p>Alumne: Jan\u00e9 Mu\u00f1oz, Joan<br>T\u00edtol: El populisme com a element nacionalitzador a l\u2019Am\u00e8rica Llatina<br>Director\/a: Figuerola i Garreta, Jordi<br>Data de lectura: 30\/06\/2014<\/p>\n\n\n\n<p>Alumne: Oliva Pareja, Xavier<br>T\u00edtol: L\u2019alcaldia de Marcet al Sabadell franquista<br>Director\/a: Riquer i Permanyer, Borja de<br>Data de lectura: 05\/09\/2014<\/p>\n\n\n\n<p>Alumne: Roca Pascual, H\u00e9ctor<br>T\u00edtol: Los procesos de democratizaci\u00f3n del nuevo orden mundial<br>Director\/a: Culla i Clar\u00e0, Joan B.<br>Data de lectura: 05\/09\/2014<\/p>\n\n\n\n<p>Alumne: Roses Bassas, Pau<br>T\u00edtol: Hebron. Epicentre del conflicte arab-israeli\u00e0<br>Director\/a: Culla i Clar\u00e0, Joan B.<br>Data de lectura: 05\/09\/2014<\/p>\n\n\n\n<p>Alumne: Sillero Ja\u00e9n,<br>T\u00edtol: Deseos sombr\u00edos en la Ilustraci\u00f3n<br>Director\/a: Jim\u00e9nez Sureda, Montserrat<br>Data de lectura: 03\/07\/2014<\/p>\n\n\n\n<p>Alumne: Ventura Molinos, Miguel<br>T\u00edtol: Els regents politics del Per\u00fa anterior a la Independ\u00e8ncia (1776-1824). El cas del reialisme<br>Director\/a: Toledano Gonz\u00e1lez, Llu\u00eds Ferran<br>Data de lectura: 30\/06\/2014<\/p>\n\n\n\n<p>Alumne: Tena Beltr\u00e1n, \u00c1ngel<br>T\u00edtol: Economia al segle XIX en el Pais Valenci\u00e0<br>Director\/a: Moliner Prada, Antoni<br>Data de lectura: 07\/07\/2014<\/p>\n","protected":false},"excerpt":{"rendered":"<p>2021-2022 Alumne: Albareda Castany, MiquelT\u00edtol: Entre n\u00e2os y mtepes. Relacions afroportuguesesDirector\/a: Ant\u00f3n Pelayo, Javier Alumne: Armengol Pi de la Serra, ClaraT\u00edtol: Descobrint Camb\u00f3. Hist\u00f2ria i mem\u00f2riaDirector\/a: Rub\u00ed Casals, Maria Gemma Alumne: Diallo Nimaga, BintouT\u00edtol: La historia de \u00c1frica en Catalu\u00f1a y las instituciones educativasDirector\/a: Figuerola Garreta, Jordi Alumne: Guillen Valls, OtT\u00edtol: Ludismo y primeras expresiones [&hellip;]<\/p>\n","protected":false},"author":20,"featured_media":0,"parent":0,"menu_order":0,"comment_status":"closed","ping_status":"closed","template":"","meta":{"footnotes":""},"class_list":["post-365","page","type-page","status-publish","hentry"],"_links":{"self":[{"href":"https:\/\/webs.uab.cat\/grepiic\/wp-json\/wp\/v2\/pages\/365","targetHints":{"allow":["GET"]}}],"collection":[{"href":"https:\/\/webs.uab.cat\/grepiic\/wp-json\/wp\/v2\/pages"}],"about":[{"href":"https:\/\/webs.uab.cat\/grepiic\/wp-json\/wp\/v2\/types\/page"}],"author":[{"embeddable":true,"href":"https:\/\/webs.uab.cat\/grepiic\/wp-json\/wp\/v2\/users\/20"}],"replies":[{"embeddable":true,"href":"https:\/\/webs.uab.cat\/grepiic\/wp-json\/wp\/v2\/comments?post=365"}],"version-history":[{"count":3,"href":"https:\/\/webs.uab.cat\/grepiic\/wp-json\/wp\/v2\/pages\/365\/revisions"}],"predecessor-version":[{"id":1258,"href":"https:\/\/webs.uab.cat\/grepiic\/wp-json\/wp\/v2\/pages\/365\/revisions\/1258"}],"wp:attachment":[{"href":"https:\/\/webs.uab.cat\/grepiic\/wp-json\/wp\/v2\/media?parent=365"}],"curies":[{"name":"wp","href":"https:\/\/api.w.org\/{rel}","templated":true}]}}