{"id":90,"date":"2009-05-25T13:26:58","date_gmt":"2009-05-25T11:26:58","guid":{"rendered":"https:\/\/webs.uab.cat\/picec\/linies-recerca\/"},"modified":"2023-06-13T18:01:54","modified_gmt":"2023-06-13T16:01:54","slug":"linies-recerca","status":"publish","type":"page","link":"https:\/\/webs.uab.cat\/grepiic\/linies-recerca\/","title":{"rendered":"L\u00ednies de recerca"},"content":{"rendered":"\n<p>Les l\u00ednies de recerca estrat\u00e8giques s\u00f3n:<\/p>\n\n\n\n<ol class=\"wp-block-list\">\n<li><strong>Transpar\u00e8ncia, secret i corrupci\u00f3<\/strong><\/li>\n\n\n\n<li><strong>Esc\u00e0ndol i opini\u00f3 p\u00fablica<\/strong><\/li>\n\n\n\n<li><strong>Crisi de representaci\u00f3, cultura de la recomanaci\u00f3 i frau electoral<\/strong><\/li>\n\n\n\n<li><strong>Legalitat i immoralitat<\/strong><\/li>\n\n\n\n<li><strong>Conceptes i imatges de la corrupci\u00f3 Hist\u00f2ria transnacional de la corrupci\u00f3<\/strong><\/li>\n\n\n\n<li><strong>Ampliaci\u00f3 de la base de dades de casos de corrupci\u00f3<\/strong><\/li>\n\n\n\n<li><strong>Hist\u00f2ria transnacional de la corrupci\u00f3<\/strong><\/li>\n<\/ol>\n","protected":false},"excerpt":{"rendered":"<p>Les l\u00ednies de recerca estrat\u00e8giques s\u00f3n:<\/p>\n","protected":false},"author":20,"featured_media":0,"parent":0,"menu_order":0,"comment_status":"closed","ping_status":"closed","template":"","meta":{"footnotes":""},"class_list":["post-90","page","type-page","status-publish","hentry"],"_links":{"self":[{"href":"https:\/\/webs.uab.cat\/grepiic\/wp-json\/wp\/v2\/pages\/90","targetHints":{"allow":["GET"]}}],"collection":[{"href":"https:\/\/webs.uab.cat\/grepiic\/wp-json\/wp\/v2\/pages"}],"about":[{"href":"https:\/\/webs.uab.cat\/grepiic\/wp-json\/wp\/v2\/types\/page"}],"author":[{"embeddable":true,"href":"https:\/\/webs.uab.cat\/grepiic\/wp-json\/wp\/v2\/users\/20"}],"replies":[{"embeddable":true,"href":"https:\/\/webs.uab.cat\/grepiic\/wp-json\/wp\/v2\/comments?post=90"}],"version-history":[{"count":1,"href":"https:\/\/webs.uab.cat\/grepiic\/wp-json\/wp\/v2\/pages\/90\/revisions"}],"predecessor-version":[{"id":1224,"href":"https:\/\/webs.uab.cat\/grepiic\/wp-json\/wp\/v2\/pages\/90\/revisions\/1224"}],"wp:attachment":[{"href":"https:\/\/webs.uab.cat\/grepiic\/wp-json\/wp\/v2\/media?parent=90"}],"curies":[{"name":"wp","href":"https:\/\/api.w.org\/{rel}","templated":true}]}}