{"id":258,"date":"2017-04-05T23:19:52","date_gmt":"2017-04-05T21:19:52","guid":{"rendered":"https:\/\/webs.uab.cat\/grepuab\/doctoral-thesis-directing\/"},"modified":"2017-04-05T23:25:31","modified_gmt":"2017-04-05T21:25:31","slug":"doctoral-thesis-directing","status":"publish","type":"page","link":"https:\/\/webs.uab.cat\/grepuab\/en\/doctoral-thesis-directing\/","title":{"rendered":"Doctoral Thesis directing"},"content":{"rendered":"<p>The GREP UAB contributes to the fact that there is more research related to Psychomotor Skills and that this is of quality.<\/p>\n<p>Its members both direct and tutor Doctoral Theses in the Doctoral Program in Education of the Autonomous University of Barcelona and in other doctoral programs of the same university.<\/p>\n<p>Below are the Doctoral Theses directed and \/ or tutored by the members of GREP UAB.<\/p>\n<p>&nbsp;<\/p>\n<table border=\"3\" cellpadding=\"1\" cellspacing=\"1\" style=\"width:500px\">\n<tbody>\n<tr>\n<td class=\"rtecenter\"><strong>Readed Doctoral Theses<\/strong><\/td>\n<\/tr>\n<\/tbody>\n<\/table>\n<p><strong>Doctoral Thesis:<\/strong>&nbsp;L\u2019avaluaci\u00f3 de les compet\u00e8ncies del psicomotricista en l\u2019\u00e0mbit educatiu per millorar el seu desenvolupament professional.<\/p>\n<p><strong>Doctoral student:<\/strong>&nbsp;Xavier Forcadell Drago.<\/p>\n<p><strong>Director:<\/strong>&nbsp;Lurdes Mart\u00ednez M\u00ednguez.<\/p>\n<p><strong>Date&nbsp;of&nbsp;reading:<\/strong>&nbsp;14\/12\/2014.<\/p>\n<p><strong>Institution:<\/strong>&nbsp;Universitat Aut\u00f2noma de Barcelona. Avaible on:&nbsp;<a href=\"http:\/\/www.tdx.cat\/handle\/10803\/285371\">http:\/\/www.tdx.cat\/handle\/10803\/285371<\/a><\/p>\n<p>&nbsp;<\/p>\n<p><strong>Doctoral Thesis:<\/strong>&nbsp;Del cos viscut al cos representat. Correlaci\u00f3 entre acci\u00f3, representaci\u00f3 i cognici\u00f3.<\/p>\n<p><strong>Doctoral student:<\/strong>&nbsp;Maria del Carmen Gonz\u00e1lez Andr\u00e9.<\/p>\n<p><strong>Director:<\/strong>&nbsp;Lurdes Mart\u00ednez M\u00ednguez.<\/p>\n<p><strong>Date of reading:<\/strong>&nbsp;21\/12\/2020.<\/p>\n<p><strong>Institution:<\/strong>&nbsp;Universitat Aut\u00f2noma de Barcelona. Avaible on:&nbsp;<a href=\"https:\/\/tesisenred.net\/handle\/10803\/671123#page=1\">https:\/\/tesisenred.net\/handle\/10803\/671123#page=1<\/a><\/p>\n<p>&nbsp;<\/p>\n<p>&nbsp;<\/p>\n<table border=\"3\" cellpadding=\"1\" cellspacing=\"1\" style=\"width:500px\">\n<tbody>\n<tr>\n<td class=\"rtecenter\"><strong>Doctoral thesis in progress<\/strong><\/td>\n<\/tr>\n<\/tbody>\n<\/table>\n<p><strong>Doctoral Thesis:<\/strong>&nbsp;La psicomotricitat com a eina de suport pel benestar infantil: Estudi de cas amb infants que tenen germans amb alteracions en el seu desenvolupament.<\/p>\n<p><strong>Doctoral student:<\/strong>&nbsp;Francesc Porta Mart\u00ednez.<\/p>\n<p><strong>Director:<\/strong>&nbsp;Lurdes Mart\u00ednez M\u00ednguez.<\/p>\n<p><strong>Institution:<\/strong>&nbsp;Universitat Aut\u00f2noma de Barcelona.<\/p>\n<p>&nbsp;<\/p>\n<p><strong>Doctoral Thesis:<\/strong>&nbsp;La corpore\u00eftat dels\/les mestres d\u2019Educaci\u00f3 Infantil: orientacions per a la seva formaci\u00f3 inicial.<\/p>\n<p><strong>Doctoral student:<\/strong>&nbsp;Laura Moya Prados.<\/p>\n<p><strong>Directors:<\/strong>&nbsp;Silvia Blanch Gelabert and Lurdes Mart\u00ednez M\u00ednguez.<\/p>\n<p><strong>Institution:<\/strong>&nbsp;Universitat Aut\u00f2noma de Barcelona.<\/p>\n<p>&nbsp;<\/p>\n<p><strong>Doctoral Thesis:<\/strong>&nbsp;Competencias espec\u00edficas del psicomotricista adquirides por profesionales especializados en Chile y su aporte a la calidad de la educaci\u00f3n.<\/p>\n<p><strong>Doctoral student:<\/strong>&nbsp;Marcela Beatriz Hern\u00e1ndez Lechuga.<\/p>\n<p><strong>Director:<\/strong>&nbsp;Lurdes Mart\u00ednez M\u00ednguez.<\/p>\n<p><strong>Institution:<\/strong>&nbsp;Universitat Aut\u00f2noma de Barcelona.<\/p>\n<p>&nbsp;<\/p>\n<p><strong>Doctoral Thesis:<\/strong>&nbsp;Educar para el juego simb\u00f3lico y juego dram\u00e1tico en Educaci\u00f3n Infantil (3-6 a\u00f1os).<\/p>\n<p><strong>Doctoral student:<\/strong>&nbsp;Ana Catarina Neves.<\/p>\n<p><strong>Director:<\/strong>&nbsp;Carolina Nieva Boza and&nbsp;Lurdes Mart\u00ednez M\u00ednguez.<\/p>\n<p><strong>Institution:<\/strong>&nbsp;Universitat Aut\u00f2noma de Barcelona.<\/p>\n<p>&nbsp;<\/p>\n","protected":false},"excerpt":{"rendered":"<p>The GREP UAB contributes to the fact that there is more research related to Psychomotor Skills and that this is of quality. Its members both direct and tutor Doctoral Theses in the Doctoral Program in Education of the Autonomous University of Barcelona and in other doctoral programs of the same university. Below are the Doctoral [&hellip;]<\/p>\n","protected":false},"author":20,"featured_media":0,"parent":0,"menu_order":0,"comment_status":"closed","ping_status":"closed","template":"","meta":{"footnotes":""},"class_list":["post-258","page","type-page","status-publish","hentry"],"_links":{"self":[{"href":"https:\/\/webs.uab.cat\/grepuab\/en\/wp-json\/wp\/v2\/pages\/258","targetHints":{"allow":["GET"]}}],"collection":[{"href":"https:\/\/webs.uab.cat\/grepuab\/en\/wp-json\/wp\/v2\/pages"}],"about":[{"href":"https:\/\/webs.uab.cat\/grepuab\/en\/wp-json\/wp\/v2\/types\/page"}],"author":[{"embeddable":true,"href":"https:\/\/webs.uab.cat\/grepuab\/en\/wp-json\/wp\/v2\/users\/20"}],"replies":[{"embeddable":true,"href":"https:\/\/webs.uab.cat\/grepuab\/en\/wp-json\/wp\/v2\/comments?post=258"}],"version-history":[{"count":0,"href":"https:\/\/webs.uab.cat\/grepuab\/en\/wp-json\/wp\/v2\/pages\/258\/revisions"}],"wp:attachment":[{"href":"https:\/\/webs.uab.cat\/grepuab\/en\/wp-json\/wp\/v2\/media?parent=258"}],"curies":[{"name":"wp","href":"https:\/\/api.w.org\/{rel}","templated":true}]}}