{"id":306,"date":"2017-04-23T12:09:52","date_gmt":"2017-04-23T10:09:52","guid":{"rendered":"https:\/\/webs.uab.cat\/grepuab\/counselings-0\/"},"modified":"2017-04-23T12:09:52","modified_gmt":"2017-04-23T10:09:52","slug":"counselings-0","status":"publish","type":"page","link":"https:\/\/webs.uab.cat\/grepuab\/en\/counselings-0\/","title":{"rendered":"Counselings"},"content":{"rendered":"<table align=\"center\" border=\"3\" cellpadding=\"1\" cellspacing=\"1\" style=\"width:700px\">\n<tbody>\n<tr>\n<td class=\"rtecenter\"><strong>2017<\/strong><\/td>\n<\/tr>\n<\/tbody>\n<\/table>\n<p><strong>Ant\u00f3n, M.<\/strong> (Starting at 2017): Counseling&nbsp;to the Municipal Nursery Schools of Cornell\u00e0 and L&#8217;Hospitalet de Llobregat, commissioned by the Diputaci\u00f3 de Barcelona.<\/p>\n<p><strong>Moya, L.<\/strong> (2017): Counseling &#8220;Psychomotricity 0-3 years.&#8221; CFA Andreu Castells of Sabadell.<\/p>\n<p><strong>P\u00e9rez, M. <\/strong>(2017): Counseling &#8220;Psychomotricity 0-3 years.&#8221; Nursery Schools of Pere Tarr\u00e8s Foundation<\/p>\n<p>&nbsp;<\/p>\n<p>&nbsp;<\/p>\n<table align=\"center\" border=\"3\" cellpadding=\"1\" cellspacing=\"1\" style=\"width:700px\">\n<tbody>\n<tr>\n<td class=\"rtecenter\"><strong>2016<\/strong><\/td>\n<\/tr>\n<\/tbody>\n<\/table>\n<p><strong>Ant\u00f3n, M.<\/strong> (Starting at 2016): Counseling&nbsp;to the Municipal Institute of Education of Barcelona in the project &#8220;Impulsant la petita&nbsp;Inf\u00e0ncia&#8221;.<\/p>\n<p><strong>Ant\u00f3n, M. <\/strong>(2016-2017): Counseling in Early Childhood and Primary Education Schools: Carlit School in Barcelona and Mestral School in Sant Feliu de Llobregat.<\/p>\n<p><strong>P\u00e9rez, M<\/strong>. (2017): Counseling &#8220;Psychomotricity 0-3 years.&#8221; Nursery Schools of Pere Tarr\u00e8s Foundation.<\/p>\n<p>&nbsp;<\/p>\n<p><strong>2014<\/strong><\/p>\n<p>Ant\u00f3n, M. (2014): Inaugural lecture at the Collbat\u00f3 Town Hall of the course: &#8220;The training of education professionals, where do we come from? Where are we going?&#8221;<\/p>\n<p>P\u00e9rez, M. (2014): Counseling &#8220;Psychomotricity and daily life 0-3 years.&#8221; Municipal Schools of Barbera del Vall\u00e8s.<\/p>\n","protected":false},"excerpt":{"rendered":"<p>2017 Ant\u00f3n, M. (Starting at 2017): Counseling&nbsp;to the Municipal Nursery Schools of Cornell\u00e0 and L&#8217;Hospitalet de Llobregat, commissioned by the Diputaci\u00f3 de Barcelona. Moya, L. (2017): Counseling &#8220;Psychomotricity 0-3 years.&#8221; CFA Andreu Castells of Sabadell. P\u00e9rez, M. (2017): Counseling &#8220;Psychomotricity 0-3 years.&#8221; Nursery Schools of Pere Tarr\u00e8s Foundation &nbsp; &nbsp; 2016 Ant\u00f3n, M. (Starting at [&hellip;]<\/p>\n","protected":false},"author":20,"featured_media":0,"parent":0,"menu_order":0,"comment_status":"closed","ping_status":"closed","template":"","meta":{"footnotes":""},"class_list":["post-306","page","type-page","status-publish","hentry"],"_links":{"self":[{"href":"https:\/\/webs.uab.cat\/grepuab\/en\/wp-json\/wp\/v2\/pages\/306","targetHints":{"allow":["GET"]}}],"collection":[{"href":"https:\/\/webs.uab.cat\/grepuab\/en\/wp-json\/wp\/v2\/pages"}],"about":[{"href":"https:\/\/webs.uab.cat\/grepuab\/en\/wp-json\/wp\/v2\/types\/page"}],"author":[{"embeddable":true,"href":"https:\/\/webs.uab.cat\/grepuab\/en\/wp-json\/wp\/v2\/users\/20"}],"replies":[{"embeddable":true,"href":"https:\/\/webs.uab.cat\/grepuab\/en\/wp-json\/wp\/v2\/comments?post=306"}],"version-history":[{"count":0,"href":"https:\/\/webs.uab.cat\/grepuab\/en\/wp-json\/wp\/v2\/pages\/306\/revisions"}],"wp:attachment":[{"href":"https:\/\/webs.uab.cat\/grepuab\/en\/wp-json\/wp\/v2\/media?parent=306"}],"curies":[{"name":"wp","href":"https:\/\/api.w.org\/{rel}","templated":true}]}}