{"id":353,"date":"2019-04-09T01:44:00","date_gmt":"2019-04-08T23:44:00","guid":{"rendered":"https:\/\/webs.uab.cat\/grepuab\/workshops\/"},"modified":"2019-04-09T01:44:00","modified_gmt":"2019-04-08T23:44:00","slug":"workshops","status":"publish","type":"page","link":"https:\/\/webs.uab.cat\/grepuab\/en\/workshops\/","title":{"rendered":"Workshops"},"content":{"rendered":"<p>&nbsp;<\/p>\n<table align=\"center\" border=\"3\" cellpadding=\"1\" cellspacing=\"1\" style=\"width:700px\">\n<tbody>\n<tr>\n<td class=\"rtecenter\"><strong>2019<\/strong><\/td>\n<\/tr>\n<\/tbody>\n<\/table>\n<p><strong>Title: &#8220;Mou-te, juga&nbsp;i&nbsp;neuroapr\u00e8n&#8221;.<\/strong><\/p>\n<p>Trainers: Lurdes Mart\u00ednez-M\u00ednguez and Paco Cort\u00e9s Ferrero.<\/p>\n<p>Organizer: Escola Arrels.<\/p>\n<p>Conference:&nbsp;I&nbsp;Jornada&nbsp;de Neuroaprenentatge i Innovaci\u00f3 educativa de Catalunya.<\/p>\n<p>Place: Solsona Polivalent Room.<\/p>\n<p>Date: March 16, 2019.<\/p>\n<p>Duration: 5 hours.<\/p>\n<p>&nbsp;<\/p>\n<p>&nbsp;<\/p>\n<p><strong>Title: \u201cPosem en joc a l\u2019adult\u201d<\/strong>.<\/p>\n<p>Trainers: Laura Moya Prados and Lurdes Mart\u00ednez-M\u00ednguez.<\/p>\n<p>Organizer: Research Group in Educational Psychomotor (2017-SGR-17).<\/p>\n<p>Conference:&nbsp;X Jornades de Reflexi\u00f3 i Recerca: Psicomotricitat i Escola \u201cL\u2019adult, una pres\u00e8ncia que acompanya\u201d.<\/p>\n<p>Place: Faculty of Education Sciences of the Autonomous University of Barcelona.<\/p>\n<p>Date: November 9th, 2019.<\/p>\n<p>Duration: 3 hours.&nbsp;<\/p>\n<p>&nbsp;<\/p>\n<table align=\"center\" border=\"3\" cellpadding=\"1\" cellspacing=\"1\" style=\"width:700px\">\n<tbody>\n<tr>\n<td class=\"rtecenter\"><strong>2018<\/strong><\/td>\n<\/tr>\n<\/tbody>\n<\/table>\n<p><strong>Title:&nbsp; &#8220;Psicomotricitat vivencial&#8221;.<\/strong><\/p>\n<p>Trainer: Paco Cort\u00e9s Ferrero.<\/p>\n<p>Organizer: CFGS Early Childhood Education of the Figueras Pacheco Institute in Alicante.<\/p>\n<p>Place: Figueras Pacheco Institute of Alicante.<\/p>\n<p>Date: April 9 and 10th, 2018.<\/p>\n<p>Duration: 10 hours.&nbsp;<\/p>\n<p>&nbsp;<\/p>\n<table align=\"center\" border=\"3\" cellpadding=\"1\" cellspacing=\"1\" style=\"width:700px\">\n<tbody>\n<tr>\n<td class=\"rtecenter\"><strong>2017<\/strong><\/td>\n<\/tr>\n<\/tbody>\n<\/table>\n<p><strong>Title: &#8220;Psicomotricitat vivencial&#8221;.<\/strong><\/p>\n<p>Trainers: Laura Moya Prados and Paco Cort\u00e9s Ferrero.<\/p>\n<p>Organizer: CFGS Early Childhood Education of the Figueras Pacheco Institute in Alicante.<\/p>\n<p>Place: Figueras Pacheco Institute of Alicante.<\/p>\n<p>Date: April 10 and 11th, 2017.<\/p>\n<p>Duration: 10 hours.<\/p>\n<p>&nbsp;<\/p>\n<p>&nbsp;<\/p>\n<table align=\"center\" border=\"3\" cellpadding=\"1\" cellspacing=\"1\" style=\"width:700px\">\n<tbody>\n<tr>\n<td class=\"rtecenter\"><strong>2013<\/strong><\/td>\n<\/tr>\n<\/tbody>\n<\/table>\n<p><strong>Title: \u201c<em>No hay dos sin tres: R\u00fabricas para el Pr\u00e1cticum<\/em>\u201d.<\/strong><\/p>\n<p>Trainer: Lurdes Mart\u00ednez M\u00ednguez.<\/p>\n<p>Organitzanizer:&nbsp;Escuela Universitaria Magisterio de Segovia.<\/p>\n<p>Place:&nbsp;Universidad de Valladolid.<\/p>\n<p>Date: Setembre&nbsp;de 2013.<\/p>\n<p>Duration: 3&nbsp;hours.<\/p>\n<p>&nbsp;<\/p>\n<p>&nbsp;<\/p>\n<p>&nbsp;<\/p>\n<p>&nbsp;<\/p>\n<p><strong>Title: \u201c<em>Mirar, escoltar i acompanyar als m\u00e9s petits<\/em>\u201d.<\/strong><\/p>\n<p>Trainers: Carme S\u00e1nchez and&nbsp;Sara Manchado.<\/p>\n<p>Organizer: Grup de Recerca en Desenvolupament Psicomotor de la UAB (1390).<\/p>\n<p>Days: VI Jornades de Reflexi\u00f3 i Recerca: Psicomotricitat i Escola \u201cL\u2019observaci\u00f3\u201d.<\/p>\n<p>Place: Facultat Ci\u00e8ncies de l\u2019Educaci\u00f3 de la Universitat Aut\u00f2noma de Barcelona.<\/p>\n<p>Date: 3 de mar\u00e7 de 2012.<\/p>\n<p>Duration: 2h i 15 minuts.<\/p>\n<p>&nbsp;<\/p>\n<p>&nbsp;<\/p>\n<table align=\"center\" border=\"3\" cellpadding=\"1\" cellspacing=\"1\" style=\"width:700px\">\n<tbody>\n<tr>\n<td class=\"rtecenter\"><strong>2012<\/strong><\/td>\n<\/tr>\n<\/tbody>\n<\/table>\n<p><strong>Title:&nbsp;\u201c<em>I a mi, qui m\u2019observa?<\/em>\u201d<\/strong><\/p>\n<p>Trainers: Lurdes Mart\u00ednez and&nbsp;Xavi Forcadell.<\/p>\n<p>Organizer: Grup de Recerca en Desenvolupament Psicomotor de la UAB (1390).<\/p>\n<p>Days: VI Jornades de Reflexi\u00f3 i Recerca: Psicomotricitat i Escola \u201cL\u2019observaci\u00f3\u201d.<\/p>\n<p>Place: Facultat Ci\u00e8ncies de l\u2019Educaci\u00f3 de la Universitat Aut\u00f2noma de Barcelona.<\/p>\n<p>Date: 3 de mar\u00e7 de 2012.<\/p>\n<p>Duration: 2h i 15 minuts.<\/p>\n<p>&nbsp;<\/p>\n<p>&nbsp;<\/p>\n<p><strong>Title: \u201c<em>Observar la relaci\u00f3 interactivament<\/em>\u201d.<\/strong><\/p>\n<p>Trainers: Josep Rota and&nbsp;Teresa Godall.<\/p>\n<p>Organizer: Grup de Recerca en Desenvolupament Psicomotor de la UAB (1390).<\/p>\n<p>Days: VI Jornades de Reflexi\u00f3 i Recerca: Psicomotricitat i Escola \u201cL\u2019observaci\u00f3\u201d.<\/p>\n<p>Place: Facultat Ci\u00e8ncies de l\u2019Educaci\u00f3 de la Universitat Aut\u00f2noma de Barcelona.<\/p>\n<p>Date: 3th of&nbsp;march, 2012.<\/p>\n<p>Duration: 2 hours and&nbsp;15 minutes<\/p>\n<p>&nbsp;<\/p>\n<p>&nbsp;<\/p>\n<p><strong>Title: \u201c<em>Veiem les accions, mirem les actituds, observem les intencions<\/em>\u201d.<\/strong><\/p>\n<p>Trainers: Gemma Heras and&nbsp;Iolanda Vives.<\/p>\n<p>Organizer: Grup de Recerca en Desenvolupament Psicomotor de la UAB (1390).<\/p>\n<p>Days: VI Jornades de Reflexi\u00f3 i Recerca: Psicomotricitat i Escola \u201cL\u2019observaci\u00f3\u201d.<\/p>\n<p>Place: Facultat Ci\u00e8ncies de l\u2019Educaci\u00f3 de la Universitat Aut\u00f2noma de Barcelona.<\/p>\n<p>Date: 3th of&nbsp;march,&nbsp;2012.<\/p>\n<p>Duration: 2h and&nbsp;15 minutes.<\/p>\n<p>&nbsp;<\/p>\n<p>&nbsp;<\/p>\n<p><strong>Title: \u201c<em>El grup d\u2019ajuda escolar: una pe\u00e7a significativa<\/em>\u201d.<\/strong><\/p>\n<p>Trainers: Dolors Rovira and&nbsp;Txell Blanco.<\/p>\n<p>Organizer: Grup de Recerca en Desenvolupament Psicomotor de la UAB (1390).<\/p>\n<p>Days: VI Jornades de Reflexi\u00f3 i Recerca: Psicomotricitat i Escola \u201cL\u2019observaci\u00f3\u201d.<\/p>\n<p>Place: Facultat Ci\u00e8ncies de l\u2019Educaci\u00f3 de la Universitat Aut\u00f2noma de Barcelona.<\/p>\n<p>Date: 3th of&nbsp;march, 2012.<\/p>\n<p>Duration: 2 hours and&nbsp;15 minutes.<\/p>\n<p>&nbsp;<\/p>\n<p>&nbsp;<\/p>\n<p><strong>Title: \u201c<em>Les fam\u00edlies entren a la sala<\/em>\u201d.<\/strong><\/p>\n<p>Trainers: Manel Llecha and&nbsp;Montse Castell\u00e0.<\/p>\n<p>Organizer: Grup de Recerca en Desenvolupament Psicomotor de la UAB (1390).<\/p>\n<p>Days: VI Jornades de Reflexi\u00f3 i Recerca: Psicomotricitat i Escola \u201cL\u2019observaci\u00f3\u201d.<\/p>\n<p>Place: Facultat Ci\u00e8ncies de l\u2019Educaci\u00f3 de la Universitat Aut\u00f2noma de Barcelona.<\/p>\n<p>Date: 3th of march, 2012.<\/p>\n<p>Duration: 2 hours and15 minutes.<\/p>\n<p>&nbsp;<\/p>\n<p>&nbsp;<\/p>\n<p><strong>2010<\/strong><\/p>\n<p><strong>Title: \u201c<em>El joc simb\u00f2lic: de la viv\u00e8ncia a la conceptualitzaci\u00f3<\/em>\u201d.<\/strong><\/p>\n<p>Trainer: Josep Rota.<\/p>\n<p>Organizer: Grup de Recerca en Desenvolupament Psicomotor de la UAB (1390).<\/p>\n<p>Days: V Jornades de Reflexi\u00f3 i Recerca: Psicomotricitat i Escola \u201cEl joc\u201d.<\/p>\n<p>Place: Facultat Ci\u00e8ncies de l\u2019Educaci\u00f3 de la Universitat Aut\u00f2noma de Barcelona.<\/p>\n<p>Date: 13th of&nbsp;march, 2010.<\/p>\n<p>Duration: 2 hours and&nbsp;15 minutes.<\/p>\n<p>&nbsp;<\/p>\n<p>&nbsp;<\/p>\n<p>Title: \u201c<em>El joc, un motor en l\u2019evoluci\u00f3 dels infants<\/em>\u201d.<\/p>\n<p>Trainer: Gemma Heras.<\/p>\n<p>Organizer: Grup de Recerca en Desenvolupament Psicomotor de la UAB (1390).<\/p>\n<p>Days: V Jornades de Reflexi\u00f3 i Recerca: Psicomotricitat i Escola \u201cEl joc\u201d.<\/p>\n<p>Place: Facultat Ci\u00e8ncies de l\u2019Educaci\u00f3 de la Universitat Aut\u00f2noma de Barcelona.<\/p>\n<p>Date: 13th of&nbsp;march, 2010.<\/p>\n<p>Duration: 2 hours and&nbsp;15 minutes.<\/p>\n<p>&nbsp;<\/p>\n<p>&nbsp;<\/p>\n<table align=\"center\" border=\"3\" cellpadding=\"1\" cellspacing=\"1\" style=\"width:700px\">\n<tbody>\n<tr>\n<td class=\"rtecenter\"><strong>2008<\/strong><\/td>\n<\/tr>\n<\/tbody>\n<\/table>\n<p><strong>Title: \u201c<em>Jo i l\u2019espai? &#8230; L\u2019espai i jo?<\/em>\u201d.<\/strong><\/p>\n<p>Trainers: Lurdes Mart\u00ednez and&nbsp;Iolanda Vives.<\/p>\n<p>Organizer: Grup de Recerca en Desenvolupament Psicomotor de la UAB (1390).<\/p>\n<p>Days: III Jornades de Reflexi\u00f3 i Recerca: Psicomotricitat i Escola \u201cEl cos\u201d.<\/p>\n<p>Place: Facultat Ci\u00e8ncies de l\u2019Educaci\u00f3 de la Universitat Aut\u00f2noma de Barcelona.<\/p>\n<p>Date: 4th of&nbsp;march,&nbsp;2008.<\/p>\n<p>Duration: 2 hours and&nbsp;30 minutes.<\/p>\n<p>&nbsp;<\/p>\n<p>&nbsp;<\/p>\n<p><strong>Title: \u201c<em>El s\u00edmbol: com transitar d\u2019all\u00f2 subjectiu a all\u00f2 objectiu<\/em>\u201d.<\/strong><\/p>\n<p>Trainer: Josep Rota.<\/p>\n<p>Organizer: Grup de Recerca en Desenvolupament Psicomotor de la UAB (1390).<\/p>\n<p>Days: III Jornades de Reflexi\u00f3 i Recerca: Psicomotricitat i Escola \u201cEl cos\u201d.<\/p>\n<p>Place: Facultat Ci\u00e8ncies de l\u2019Educaci\u00f3 de la Universitat Aut\u00f2noma de Barcelona.<\/p>\n<p>Date: 4th of&nbsp;march,&nbsp;2008.<\/p>\n<p>Duration: 2 hours and&nbsp;30 minutes.<\/p>\n<p>&nbsp;<\/p>\n<p>&nbsp;<\/p>\n<p><strong>T\u00edtle: \u201c<em>Un munt d\u2019objectes<\/em>\u201d.<\/strong><\/p>\n<p>Trainers: Montse Anton, Encarna Sugra\u00f1es and&nbsp;Berta Puig<\/p>\n<p>Organizer: Grup de Recerca en Desenvolupament Psicomotor de la UAB (1390).<\/p>\n<p>Days: III Jornades de Reflexi\u00f3 i Recerca: Psicomotricitat i Escola \u201cEl cos\u201d.<\/p>\n<p>Place: Facultat Ci\u00e8ncies de l\u2019Educaci\u00f3 de la Universitat Aut\u00f2noma de Barcelona.<\/p>\n<p>Date: 4th of&nbsp;march,&nbsp;2008.<\/p>\n<p>Duration: 2 hours and&nbsp;30 minutes.<\/p>\n<p>&nbsp;<\/p>\n<p>&nbsp;<\/p>\n<p>&nbsp;<\/p>\n<table align=\"center\" border=\"3\" cellpadding=\"1\" cellspacing=\"1\" style=\"width:700px\">\n<tbody>\n<tr>\n<td class=\"rtecenter\"><strong>2004<\/strong><\/td>\n<\/tr>\n<\/tbody>\n<\/table>\n<p><strong>Title: \u201c<em>Com s\u2019engega una classe de psicomotricitat<\/em>\u201d.<\/strong><\/p>\n<p>Trainers: Manel Llecha i Carles Font.<\/p>\n<p>Organizer: Grup de Recerca en Psicomotricitat de la UAB.<\/p>\n<p>Days: II Jornades de Reflexi\u00f3 i Recerca: Psicomotricitat i Escola.<\/p>\n<p>Place: Facultat Ci\u00e8ncies de l\u2019Educaci\u00f3 de la Universitat Aut\u00f2noma de Barcelona.<\/p>\n<p>Date: 27th of&nbsp;march,&nbsp;2004.<\/p>\n<p>Duration: 2 hours&nbsp;and&nbsp;30 minutes.<\/p>\n<p>&nbsp;<\/p>\n<p>&nbsp;<\/p>\n<p><strong>Title: \u201c<em>La representaci\u00f3: construir la imatge, construir el pensament<\/em>\u201d.<\/strong><\/p>\n<p>Trainers: Lidia Esteban and Katty Homar.<\/p>\n<p>Organizer: Grup de Recerca en Psicomotricitat de la UAB.<\/p>\n<p>Days: II Jornades de Reflexi\u00f3 i Recerca: Psicomotricitat i Escola.<\/p>\n<p>Place: Facultat Ci\u00e8ncies de l\u2019Educaci\u00f3 de la Universitat Aut\u00f2noma de Barcelona.<\/p>\n<p>Date: 2th of&nbsp;march,&nbsp;2004.<\/p>\n<p>Duration: 2 hours and&nbsp;30 minutes.<\/p>\n<p>&nbsp;<\/p>\n<p>&nbsp;<\/p>\n<p><strong>Title: \u201c<em>El di\u00e0leg corporal als primers anys<\/em>\u201d.<\/strong><\/p>\n<p>Trainers: Sara Manchado and Susi Fuster.<\/p>\n<p>Organizer: Grup de Recerca en Psicomotricitat de la UAB.<\/p>\n<p>Days: II Jornades de Reflexi\u00f3 i Recerca: Psicomotricitat i Escola.<\/p>\n<p>Place: Facultat Ci\u00e8ncies de l\u2019Educaci\u00f3 de la Universitat Aut\u00f2noma de Barcelona.<\/p>\n<p>Date: 27th of march,&nbsp;2004.<\/p>\n<p>Duration: 2 hours and&nbsp;30 minutes.<\/p>\n<p>&nbsp;<\/p>\n<p>&nbsp;<\/p>\n<p><strong>Title: \u201c<em>La relaci\u00f3 terap\u00e8utica: acompanyar a l\u2019infant en el seu pas de la subjectivitat a l\u2019objectivitat<\/em>\u201d.<\/strong><\/p>\n<p>Trainers: Estrella Masabeu and&nbsp;Josep Rota.<\/p>\n<p>Organizer: Grup de Recerca en Psicomotricitat de la UAB.<\/p>\n<p>Days: II Jornades de Reflexi\u00f3 i Recerca: Psicomotricitat i Escola.<\/p>\n<p>Place: Facultat Ci\u00e8ncies de l\u2019Educaci\u00f3 de la Universitat Aut\u00f2noma de Barcelona.<\/p>\n<p>Date: 27th of&nbsp;march, 2004.<\/p>\n<p>Duration: 2 hours and&nbsp;30 minutes.<\/p>\n","protected":false},"excerpt":{"rendered":"<p>&nbsp; 2019 Title: &#8220;Mou-te, juga&nbsp;i&nbsp;neuroapr\u00e8n&#8221;. Trainers: Lurdes Mart\u00ednez-M\u00ednguez and Paco Cort\u00e9s Ferrero. Organizer: Escola Arrels. Conference:&nbsp;I&nbsp;Jornada&nbsp;de Neuroaprenentatge i Innovaci\u00f3 educativa de Catalunya. Place: Solsona Polivalent Room. Date: March 16, 2019. Duration: 5 hours. &nbsp; &nbsp; Title: \u201cPosem en joc a l\u2019adult\u201d. Trainers: Laura Moya Prados and Lurdes Mart\u00ednez-M\u00ednguez. Organizer: Research Group in Educational Psychomotor (2017-SGR-17). [&hellip;]<\/p>\n","protected":false},"author":20,"featured_media":0,"parent":0,"menu_order":0,"comment_status":"closed","ping_status":"closed","template":"","meta":{"footnotes":""},"class_list":["post-353","page","type-page","status-publish","hentry"],"_links":{"self":[{"href":"https:\/\/webs.uab.cat\/grepuab\/en\/wp-json\/wp\/v2\/pages\/353","targetHints":{"allow":["GET"]}}],"collection":[{"href":"https:\/\/webs.uab.cat\/grepuab\/en\/wp-json\/wp\/v2\/pages"}],"about":[{"href":"https:\/\/webs.uab.cat\/grepuab\/en\/wp-json\/wp\/v2\/types\/page"}],"author":[{"embeddable":true,"href":"https:\/\/webs.uab.cat\/grepuab\/en\/wp-json\/wp\/v2\/users\/20"}],"replies":[{"embeddable":true,"href":"https:\/\/webs.uab.cat\/grepuab\/en\/wp-json\/wp\/v2\/comments?post=353"}],"version-history":[{"count":0,"href":"https:\/\/webs.uab.cat\/grepuab\/en\/wp-json\/wp\/v2\/pages\/353\/revisions"}],"wp:attachment":[{"href":"https:\/\/webs.uab.cat\/grepuab\/en\/wp-json\/wp\/v2\/media?parent=353"}],"curies":[{"name":"wp","href":"https:\/\/api.w.org\/{rel}","templated":true}]}}