{"id":372,"date":"2020-01-16T01:35:29","date_gmt":"2020-01-15T23:35:29","guid":{"rendered":"https:\/\/webs.uab.cat\/grepuab\/courses\/"},"modified":"2020-01-16T01:35:29","modified_gmt":"2020-01-15T23:35:29","slug":"courses","status":"publish","type":"page","link":"https:\/\/webs.uab.cat\/grepuab\/en\/courses\/","title":{"rendered":"Courses"},"content":{"rendered":"<table align=\"center\" border=\"3\" cellpadding=\"1\" cellspacing=\"1\" style=\"width:500px\">\n<tbody>\n<tr>\n<td class=\"rtecenter\"><strong>2021<\/strong><\/td>\n<\/tr>\n<\/tbody>\n<\/table>\n<p><strong>T\u00edtle: &#8220;La intervenci\u00f3 des de la Psicomotricitat. El seu sentit&#8221;.<\/strong><\/p>\n<p><strong>Trainer:&nbsp;<\/strong>Josep Rota Iglesias.<\/p>\n<p><strong>Organizer:&nbsp;<\/strong>University&nbsp;of&nbsp;Vic.<\/p>\n<p><strong>Place:<\/strong>&nbsp;Virtual.<\/p>\n<p><strong>Date:&nbsp;<\/strong>3th&nbsp;march&nbsp;of&nbsp;2021.<\/p>\n<p><strong>Duration:<\/strong>&nbsp;1 hour.<\/p>\n<p>&nbsp;<\/p>\n<p><strong>T\u00edtle: \u201cDe la Psicomotricitat a l&#8217;Educaci\u00f3 F\u00edsica\u201d.<\/strong><\/p>\n<p><strong>Trainers: <\/strong>Carol Nieva Boza and&nbsp;Paco Cort\u00e9s Ferrero.<\/p>\n<p><strong>Organizer:<\/strong> CRP of Castelldefels.<\/p>\n<p><strong>Place:&nbsp;<\/strong>Castelldefels.<\/p>\n<p><strong>Date:<\/strong>&nbsp;22th&nbsp;february&nbsp;of&nbsp;2021.<\/p>\n<p><strong>Duration:<\/strong>&nbsp;6&nbsp;hours.<\/p>\n<p>&nbsp;<\/p>\n<p>&nbsp;<\/p>\n<p><strong>T\u00edtle: \u201cJuego, Cuerpo y movimiento: la Educaci\u00f3n Psicomotriz en la escuela\u201d.<\/strong><\/p>\n<p><strong>Trainers: <\/strong>Carol Nieva Boza and&nbsp;Paco Cort\u00e9s Ferrero.<\/p>\n<p><strong>Organizer:<\/strong>&nbsp;Centro del Profesorado de Lanzarote.<\/p>\n<p><strong>Place: <\/strong>Virtual.<\/p>\n<p><strong>Fecha:<\/strong>&nbsp;26th&nbsp;january&nbsp;of&nbsp;2021.<\/p>\n<p><strong>Duration:<\/strong>&nbsp;12&nbsp;hours.<\/p>\n<p>&nbsp;<\/p>\n<table align=\"center\" border=\"3\" cellpadding=\"1\" cellspacing=\"1\" style=\"width:700px\">\n<tbody>\n<tr>\n<td class=\"rtecenter\"><strong>2019<\/strong><\/td>\n<\/tr>\n<\/tbody>\n<\/table>\n<p><strong>Title: \u201cA psicomotricidade como medio para a aprendizaxe\u201d.<\/strong><\/p>\n<p><strong>Trainers:<\/strong> Paco Cort\u00e9s Ferrero and&nbsp;Laura Moya Prados.<\/p>\n<p><strong>Organizer:<\/strong> Asociaci\u00f3n pedag\u00f3gica MUDARE.<\/p>\n<p><strong>Place:<\/strong> Cambados (Gal\u00edcia).<\/p>\n<p><strong>Date:<\/strong> 21th&nbsp;september,&nbsp;2019.<\/p>\n<p><strong>Duration<\/strong>: 10 hours.<\/p>\n<p>&nbsp;<\/p>\n<table align=\"center\" border=\"3\" cellpadding=\"1\" cellspacing=\"1\" style=\"width:700px\">\n<tbody>\n<tr>\n<td class=\"rtecenter\"><strong>2018<\/strong><\/td>\n<\/tr>\n<\/tbody>\n<\/table>\n<p><strong>Title: \u201cLa corpore\u00eftat del mestre d\u2019Educaci\u00f3 Infantil\u201d.<\/strong><\/p>\n<p><strong>Trainer:<\/strong> Laura Moya Prados.<\/p>\n<p><strong>Organizer:<\/strong> CRP del Vall\u00e8s Occidental II (Seminari d\u2019Escoles Bressol).<\/p>\n<p><strong>Place:<\/strong> CRP del Vall\u00e8s Occidental III, Rub\u00ed.<\/p>\n<p><strong>Date:<\/strong> 6th,&nbsp;march&nbsp;2018.<\/p>\n<p><strong>Duration:<\/strong> 2 hours.<\/p>\n<p><strong>Web:<\/strong>&nbsp;<a href=\"https:\/\/serveiseducatius.xtec.cat\/vallesoccidental3\/general\/la-corporeitat-de-les-mestres-deducacio-infantil\/\">https:\/\/serveiseducatius.xtec.cat\/vallesoccidental3\/general\/la-corporeitat-de-les-mestres-deducacio-infantil\/<\/a><\/p>\n<p>&nbsp;<\/p>\n<p>&nbsp;<\/p>\n<p><strong>Title: &#8220;Educaci\u00f3&nbsp;psicomotriu en els centres educatius\u201d.<\/strong><\/p>\n<p><strong>Trainers:<\/strong> Laura Moya Prados and Paco Cort\u00e9s Ferrero.<\/p>\n<p><strong>Organizer:<\/strong> CRP del Vall\u00e8s Occidental II.<\/p>\n<p><strong>Place:<\/strong> Escola Pau Casals de Vacarisses.<\/p>\n<p><strong>Date:<\/strong> january and&nbsp;february,&nbsp;2018.<\/p>\n<p><strong>Duration:<\/strong> 15 hours.<\/p>\n<p>&nbsp;<\/p>\n<table align=\"center\" border=\"3\" cellpadding=\"1\" cellspacing=\"1\" style=\"width:700px\">\n<tbody>\n<tr>\n<td class=\"rtecenter\"><strong>2017<\/strong><\/td>\n<\/tr>\n<\/tbody>\n<\/table>\n<p><strong>Title: \u201cPsicomotricitat en l\u2019Ensenyament\u201d.<\/strong><\/p>\n<p><strong>Trainers:<\/strong> Laura Moya Prados and Paco Cort\u00e9s Ferrero.<\/p>\n<p><strong>Organizer:<\/strong> Centre Educatiu Jaume Viladoms (Course&nbsp;offered at the&nbsp;Servei d\u2019Ocupaci\u00f3 de Catalunya Framework by the&nbsp;Consorci&nbsp;de Formaci\u00f3 Cont\u00ednua of&nbsp;Generalitat de Catalunya).<\/p>\n<p><strong>Place:<\/strong> Escola Jaume Viladoms de Sabadell.<\/p>\n<p><strong>Date:<\/strong> october&nbsp;and&nbsp;november,&nbsp;2017.<\/p>\n<p><strong>Duration:<\/strong> 30 hours.<\/p>\n<p>&nbsp;<\/p>\n<p><strong>Title: \u201cLa psicomotricitat des d\u2019una mirada insterdisciplin\u00e0ria\u201d.<\/strong><\/p>\n<p><strong>Trainers:<\/strong> Laura Moya Prados and Paco Cort\u00e9s Ferrero.<\/p>\n<p><strong>Organizer:<\/strong> 5a Escola d\u2019Estiu de Rosa Sensat.<\/p>\n<p><strong>Place:<\/strong> Institut Infanta Isabel d\u2019Arag\u00f3 de Barcelona.<\/p>\n<p><strong>Date:<\/strong> From&nbsp;3 to&nbsp;7th,&nbsp;july,&nbsp;2017.<\/p>\n<p><strong>Duration:<\/strong> 15 hours.<\/p>\n<p>&nbsp;<\/p>\n<p>&nbsp;<\/p>\n<p><strong>Title: \u201cEducaci\u00f3 Psicomotriu a l\u2019Escola Bressol\u201d.<\/strong><\/p>\n<p><strong>Trainer:<\/strong> Laura Moya Prados.<\/p>\n<p><strong>Organizer:<\/strong> GEDI Cooperativa d\u2019Iniciativa Social.<\/p>\n<p><strong>Place:<\/strong> CEIF Andreu Castells de Sabadell.<\/p>\n<p><strong>Date:<\/strong> From&nbsp;march&nbsp;to&nbsp;june,&nbsp;2017.<\/p>\n<p><strong>Duration:<\/strong> 15 hours.<\/p>\n<p>&nbsp;<\/p>\n<table align=\"center\" border=\"3\" cellpadding=\"1\" cellspacing=\"1\" style=\"width:700px\">\n<tbody>\n<tr>\n<td class=\"rtecenter\"><strong>2015<\/strong><\/td>\n<\/tr>\n<\/tbody>\n<\/table>\n<p><strong>Title: \u201cLa psicomotricitat de 0 a 3 anys\u201d.<\/strong><\/p>\n<p><strong>Trainer:<\/strong> Laura Moya Prados.<\/p>\n<p><strong>Organizer:<\/strong> Centre Educatiu Jaume Viladoms.<\/p>\n<p><strong>Place:<\/strong> Escola Jaume Viladoms de Sabadell.<\/p>\n<p><strong>Date:<\/strong> february,&nbsp;2015.<\/p>\n<p><strong>Duration:<\/strong> 15 hours.<\/p>\n<p>&nbsp;<\/p>\n","protected":false},"excerpt":{"rendered":"<p>2021 T\u00edtle: &#8220;La intervenci\u00f3 des de la Psicomotricitat. El seu sentit&#8221;. Trainer:&nbsp;Josep Rota Iglesias. Organizer:&nbsp;University&nbsp;of&nbsp;Vic. Place:&nbsp;Virtual. Date:&nbsp;3th&nbsp;march&nbsp;of&nbsp;2021. Duration:&nbsp;1 hour. &nbsp; T\u00edtle: \u201cDe la Psicomotricitat a l&#8217;Educaci\u00f3 F\u00edsica\u201d. Trainers: Carol Nieva Boza and&nbsp;Paco Cort\u00e9s Ferrero. Organizer: CRP of Castelldefels. Place:&nbsp;Castelldefels. Date:&nbsp;22th&nbsp;february&nbsp;of&nbsp;2021. Duration:&nbsp;6&nbsp;hours. &nbsp; &nbsp; T\u00edtle: \u201cJuego, Cuerpo y movimiento: la Educaci\u00f3n Psicomotriz en la escuela\u201d. Trainers: [&hellip;]<\/p>\n","protected":false},"author":20,"featured_media":0,"parent":0,"menu_order":0,"comment_status":"closed","ping_status":"closed","template":"","meta":{"footnotes":""},"class_list":["post-372","page","type-page","status-publish","hentry"],"_links":{"self":[{"href":"https:\/\/webs.uab.cat\/grepuab\/en\/wp-json\/wp\/v2\/pages\/372","targetHints":{"allow":["GET"]}}],"collection":[{"href":"https:\/\/webs.uab.cat\/grepuab\/en\/wp-json\/wp\/v2\/pages"}],"about":[{"href":"https:\/\/webs.uab.cat\/grepuab\/en\/wp-json\/wp\/v2\/types\/page"}],"author":[{"embeddable":true,"href":"https:\/\/webs.uab.cat\/grepuab\/en\/wp-json\/wp\/v2\/users\/20"}],"replies":[{"embeddable":true,"href":"https:\/\/webs.uab.cat\/grepuab\/en\/wp-json\/wp\/v2\/comments?post=372"}],"version-history":[{"count":0,"href":"https:\/\/webs.uab.cat\/grepuab\/en\/wp-json\/wp\/v2\/pages\/372\/revisions"}],"wp:attachment":[{"href":"https:\/\/webs.uab.cat\/grepuab\/en\/wp-json\/wp\/v2\/media?parent=372"}],"curies":[{"name":"wp","href":"https:\/\/api.w.org\/{rel}","templated":true}]}}