{"id":101,"date":"2016-07-26T11:03:21","date_gmt":"2016-07-26T09:03:21","guid":{"rendered":"https:\/\/webs.uab.cat\/grepuab\/presentacion\/"},"modified":"2016-07-26T11:03:21","modified_gmt":"2016-07-26T09:03:21","slug":"presentacion","status":"publish","type":"page","link":"https:\/\/webs.uab.cat\/grepuab\/es\/presentacion\/","title":{"rendered":"Presentaci\u00f3n"},"content":{"rendered":"<p>&nbsp;<\/p>\n<p>La intervenci\u00f3n psicomotriz en la UAB entiende como una herramienta que permite el abordaje el planteamiento educativo y preventivo en todo lo referente al desarrollo y aprendizaje del ni\u00f1o respetando la diversidad y el entorno, especialmente en las primeras edades de la vida.<\/p>\n<p>La etapa de educaci\u00f3n infantil y los primeros cursos de educaci\u00f3n primaria es donde el ni\u00f1o se manifiesta desde su globalidad y donde los profesionales que lo acompa\u00f1an en su desarrollo deben tener una actuaci\u00f3n basada en la mirada atenta, la observaci\u00f3n, la escucha y la acci\u00f3n.<\/p>\n<p>El equipo humano que desarrolla esta \u00e1rea en la Facultad de Ciencias de la Educaci\u00f3n ha ido creciendo y consolid\u00e1ndose. Una muestra son:<\/p>\n<p>1. &nbsp;&nbsp; El reconocimiento del Grupo de Investigaci\u00f3n en Educaci\u00f3n Psicomotriz como grupo de investigaci\u00f3n emergente por la Agencia de Gesti\u00f3n de Ayudas Universitarias y de Investigaci\u00f3n&nbsp;&nbsp; (AGAUR) de Catalu\u00f1a.<\/p>\n<p>\n&nbsp;2. &nbsp; La organizaci\u00f3n del Postgrado de Desarrollo Psicomotor de 0 a 8 a\u00f1os con una media de 25 participantes en cada una de ellas.<\/p>\n<p>&nbsp;3. &nbsp; Las Jornadas de Reflexi\u00f3n: Psicomotricidad y Escuela con entre 100 y 200 participantes en cada edici\u00f3n.<\/p>\n<p>&nbsp;4. &nbsp; La coorganizaci\u00f3n del 5\u00ba Congreso Europeo de Psicomotricidad.<\/p>\n<p>&nbsp;5. &nbsp; La colaboraci\u00f3n en el organirtzaci\u00f3 de la 25th Conference EECERA (European Early Childhood Education Research Association)<\/p>\n<p>El profesorado de esta disciplina adem\u00e1s de colaborar en diferentes Postgrados, Masters y Jornadas de Espa\u00f1a, en la UAB es responsable de impartir la docencia en diferentes asignaturas:<\/p>\n<p>&#8211; Del Grado en Educaci\u00f3n Infantil:<\/p>\n<p>&nbsp;&nbsp;&nbsp;&nbsp;Did\u00e1ctica de la Educaci\u00f3n Corporal en los centros de Educaci\u00f3n Infantil (3er curso GEI)<br \/>\n&nbsp;&nbsp;&nbsp;&nbsp;Educaci\u00f3n Psicomotriz en los centros de Educaci\u00f3n Infantil (4\u00ba curso GEI)<br \/>\n&nbsp;&nbsp;&nbsp;&nbsp;Juego y movimiento (4\u00ba curso GEI)<\/p>\n<p>&#8211; Del Postgrado de Desarrollo Psicomotor de 0 a 8 a\u00f1os.<\/p>\n<p>&#8211; Del Master Universitario de Investigaci\u00f3n en Educaci\u00f3n:<\/p>\n<p>Este \u00faltimo Master incluye la especialidad de Arte, Cuerpo y Movimiento siendo el primer y actualmente \u00fanico Master oficial de investigaci\u00f3n en todo el Estado Espa\u00f1ol y Am\u00e9rica Latina que contempla formar a investigadores \/ as en Educaci\u00f3n Psicomotriz.<\/p>\n<p>&nbsp;<\/p>\n","protected":false},"excerpt":{"rendered":"<p>&nbsp; La intervenci\u00f3n psicomotriz en la UAB entiende como una herramienta que permite el abordaje el planteamiento educativo y preventivo en todo lo referente al desarrollo y aprendizaje del ni\u00f1o respetando la diversidad y el entorno, especialmente en las primeras edades de la vida. La etapa de educaci\u00f3n infantil y los primeros cursos de educaci\u00f3n [&hellip;]<\/p>\n","protected":false},"author":20,"featured_media":0,"parent":0,"menu_order":0,"comment_status":"closed","ping_status":"closed","template":"","meta":{"footnotes":""},"class_list":["post-101","page","type-page","status-publish","hentry"],"_links":{"self":[{"href":"https:\/\/webs.uab.cat\/grepuab\/es\/wp-json\/wp\/v2\/pages\/101","targetHints":{"allow":["GET"]}}],"collection":[{"href":"https:\/\/webs.uab.cat\/grepuab\/es\/wp-json\/wp\/v2\/pages"}],"about":[{"href":"https:\/\/webs.uab.cat\/grepuab\/es\/wp-json\/wp\/v2\/types\/page"}],"author":[{"embeddable":true,"href":"https:\/\/webs.uab.cat\/grepuab\/es\/wp-json\/wp\/v2\/users\/20"}],"replies":[{"embeddable":true,"href":"https:\/\/webs.uab.cat\/grepuab\/es\/wp-json\/wp\/v2\/comments?post=101"}],"version-history":[{"count":0,"href":"https:\/\/webs.uab.cat\/grepuab\/es\/wp-json\/wp\/v2\/pages\/101\/revisions"}],"wp:attachment":[{"href":"https:\/\/webs.uab.cat\/grepuab\/es\/wp-json\/wp\/v2\/media?parent=101"}],"curies":[{"name":"wp","href":"https:\/\/api.w.org\/{rel}","templated":true}]}}