{"id":112,"date":"2017-04-04T17:55:15","date_gmt":"2017-04-04T15:55:15","guid":{"rendered":"https:\/\/webs.uab.cat\/grepuab\/que-pretendemos\/"},"modified":"2017-04-04T17:55:15","modified_gmt":"2017-04-04T15:55:15","slug":"que-pretendemos","status":"publish","type":"page","link":"https:\/\/webs.uab.cat\/grepuab\/es\/que-pretendemos\/","title":{"rendered":"Qu\u00e9 pretendemos?"},"content":{"rendered":"<p>\nLa actividad de este Grupo de Investigaci\u00f3n pretende avanzar en el reconocimiento y consolidaci\u00f3n de la educaci\u00f3n psicomotriz como disciplina cient\u00edfica. Su investigaci\u00f3n gira alrededor de identificar los factores clave y condiciones b\u00e1sicas que permiten dise\u00f1ar, innovar y aumentar la calidad del modelo formativo te\u00f3rico, pr\u00e1ctico, corporal e investigador de los maestros, psicomotricistas e investigadores en psicomotricidad, a trav\u00e9s de la evaluaci\u00f3n formativa de las competencias a desarrollar, de generar nuevos conocimientos te\u00f3rico-pr\u00e1cticos y de establecer conexiones entre la formaci\u00f3n en la educaci\u00f3n superior y la pr\u00e1ctica en los centros educativos.<br \/>\nLa intervenci\u00f3n psicomotriz en la UAB entiende como una herramienta que permite el planteamiento educativo y preventivo en todo lo referente al desarrollo y aprendizaje del ni\u00f1o respetando la diversidad y el entorno, especialmente en las primeras edades de la vida.<\/p>\n<p>La etapa de educaci\u00f3n infantil y los primeros cursos de educaci\u00f3n primaria es donde el ni\u00f1o se manifiesta desde su globalidad, y donde los profesionales que lo acompa\u00f1an en su desarrollo deben tener una actuaci\u00f3n basada en la mirada atenta , la observaci\u00f3n, la escucha y la acci\u00f3n.<\/p>\n","protected":false},"excerpt":{"rendered":"<p>La actividad de este Grupo de Investigaci\u00f3n pretende avanzar en el reconocimiento y consolidaci\u00f3n de la educaci\u00f3n psicomotriz como disciplina cient\u00edfica. Su investigaci\u00f3n gira alrededor de identificar los factores clave y condiciones b\u00e1sicas que permiten dise\u00f1ar, innovar y aumentar la calidad del modelo formativo te\u00f3rico, pr\u00e1ctico, corporal e investigador de los maestros, psicomotricistas e investigadores [&hellip;]<\/p>\n","protected":false},"author":20,"featured_media":0,"parent":0,"menu_order":0,"comment_status":"closed","ping_status":"closed","template":"","meta":{"footnotes":""},"class_list":["post-112","page","type-page","status-publish","hentry"],"_links":{"self":[{"href":"https:\/\/webs.uab.cat\/grepuab\/es\/wp-json\/wp\/v2\/pages\/112","targetHints":{"allow":["GET"]}}],"collection":[{"href":"https:\/\/webs.uab.cat\/grepuab\/es\/wp-json\/wp\/v2\/pages"}],"about":[{"href":"https:\/\/webs.uab.cat\/grepuab\/es\/wp-json\/wp\/v2\/types\/page"}],"author":[{"embeddable":true,"href":"https:\/\/webs.uab.cat\/grepuab\/es\/wp-json\/wp\/v2\/users\/20"}],"replies":[{"embeddable":true,"href":"https:\/\/webs.uab.cat\/grepuab\/es\/wp-json\/wp\/v2\/comments?post=112"}],"version-history":[{"count":0,"href":"https:\/\/webs.uab.cat\/grepuab\/es\/wp-json\/wp\/v2\/pages\/112\/revisions"}],"wp:attachment":[{"href":"https:\/\/webs.uab.cat\/grepuab\/es\/wp-json\/wp\/v2\/media?parent=112"}],"curies":[{"name":"wp","href":"https:\/\/api.w.org\/{rel}","templated":true}]}}