{"id":115,"date":"2017-04-04T17:58:24","date_gmt":"2017-04-04T15:58:24","guid":{"rendered":"https:\/\/webs.uab.cat\/grepuab\/que-hacemos\/"},"modified":"2017-04-04T17:58:24","modified_gmt":"2017-04-04T15:58:24","slug":"que-hacemos","status":"publish","type":"page","link":"https:\/\/webs.uab.cat\/grepuab\/es\/que-hacemos\/","title":{"rendered":"Qu\u00e9 hacemos?"},"content":{"rendered":"<p>Las l\u00edneas de investigaci\u00f3n de este Grupo se consolidan a partir de: desarrollar Proyectos de investigaci\u00f3n competitivos; publicar art\u00edculos en revistas indexadas y profesionales; publicar libros o cap\u00edtulos de libros; dirigir y tutorizar Trabajos Finales de Grado, M\u00e1ster o Tesis doctorales relacionadas con tem\u00e1ticas de alguna de las l\u00edneas de investigaci\u00f3n; y hacer transferencia de conocimiento a la sociedad.<br \/>\nEste Grupo es el responsable de organizar y desarrollar las diferentes ediciones del Postgrado de Desarrollo Psicomotor de 0 a 8 a\u00f1os y de las Jornadas de Reflexi\u00f3n e Investigaci\u00f3n: Psicomotricidad y Escuela.<br \/>\nAlgunos de sus miembros imparten docencia en otras universidades, m\u00e1sters y postgrados de Espa\u00f1a. Y concretamente en la UAB en el Doctorado en Educaci\u00f3n, en la especialidad de Arte, Cuerpo y Movimiento del M\u00e1ster Universitario de Investigaci\u00f3n en Educaci\u00f3n, en el Postgrado de Desarrollo Psicomotor de 0 a 8 a\u00f1os y en el Grado en Educaci\u00f3n Infantil.<\/p>\n","protected":false},"excerpt":{"rendered":"<p>Las l\u00edneas de investigaci\u00f3n de este Grupo se consolidan a partir de: desarrollar Proyectos de investigaci\u00f3n competitivos; publicar art\u00edculos en revistas indexadas y profesionales; publicar libros o cap\u00edtulos de libros; dirigir y tutorizar Trabajos Finales de Grado, M\u00e1ster o Tesis doctorales relacionadas con tem\u00e1ticas de alguna de las l\u00edneas de investigaci\u00f3n; y hacer transferencia de [&hellip;]<\/p>\n","protected":false},"author":20,"featured_media":0,"parent":0,"menu_order":0,"comment_status":"closed","ping_status":"closed","template":"","meta":{"footnotes":""},"class_list":["post-115","page","type-page","status-publish","hentry"],"_links":{"self":[{"href":"https:\/\/webs.uab.cat\/grepuab\/es\/wp-json\/wp\/v2\/pages\/115","targetHints":{"allow":["GET"]}}],"collection":[{"href":"https:\/\/webs.uab.cat\/grepuab\/es\/wp-json\/wp\/v2\/pages"}],"about":[{"href":"https:\/\/webs.uab.cat\/grepuab\/es\/wp-json\/wp\/v2\/types\/page"}],"author":[{"embeddable":true,"href":"https:\/\/webs.uab.cat\/grepuab\/es\/wp-json\/wp\/v2\/users\/20"}],"replies":[{"embeddable":true,"href":"https:\/\/webs.uab.cat\/grepuab\/es\/wp-json\/wp\/v2\/comments?post=115"}],"version-history":[{"count":0,"href":"https:\/\/webs.uab.cat\/grepuab\/es\/wp-json\/wp\/v2\/pages\/115\/revisions"}],"wp:attachment":[{"href":"https:\/\/webs.uab.cat\/grepuab\/es\/wp-json\/wp\/v2\/media?parent=115"}],"curies":[{"name":"wp","href":"https:\/\/api.w.org\/{rel}","templated":true}]}}