{"id":1258,"date":"2023-07-29T13:26:23","date_gmt":"2023-07-29T11:26:23","guid":{"rendered":"https:\/\/webs.uab.cat\/grepuab\/?page_id=1258"},"modified":"2023-07-29T13:26:24","modified_gmt":"2023-07-29T11:26:24","slug":"idioma","status":"publish","type":"page","link":"https:\/\/webs.uab.cat\/grepuab\/es\/idioma\/","title":{"rendered":"Idioma"},"content":{"rendered":"\n<p>If you want to see the GREP website in English, click on the UK flag.<\/p>\n\n\n\n<p><\/p>\n\n\n\n<p>Si quer\u00e9is visualizar la p\u00e1gina web del GREP en espa\u00f1ol haz clic en la bandera espa\u00f1ola.<\/p>\n\n\n\n<p><\/p>\n\n\n\n<p>Si desitgeu veure la p\u00e0gina web del GREP feu clic a la bandera catalana.<\/p>\n\n\n\n<figure class=\"wp-block-image size-full is-resized\"><a href=\"https:\/\/webs.uab.cat\/grepuab\/es\/\"><img loading=\"lazy\" decoding=\"async\" src=\"https:\/\/webs.uab.cat\/grepuab\/wp-content\/uploads\/sites\/54\/2023\/07\/bandera_espanya.jpg\" alt=\"\" class=\"wp-image-1251\" width=\"161\" height=\"161\" srcset=\"https:\/\/webs.uab.cat\/grepuab\/wp-content\/uploads\/sites\/54\/2023\/07\/bandera_espanya.jpg 700w, https:\/\/webs.uab.cat\/grepuab\/wp-content\/uploads\/sites\/54\/2023\/07\/bandera_espanya-300x300.jpg 300w, https:\/\/webs.uab.cat\/grepuab\/wp-content\/uploads\/sites\/54\/2023\/07\/bandera_espanya-150x150.jpg 150w\" sizes=\"auto, (max-width: 161px) 100vw, 161px\" \/><\/a><\/figure>\n\n\n\n<figure class=\"wp-block-image size-large is-resized\"><a href=\"https:\/\/webs.uab.cat\/grepuab\/en\/\"><img loading=\"lazy\" decoding=\"async\" src=\"https:\/\/webs.uab.cat\/grepuab\/wp-content\/uploads\/sites\/54\/2023\/07\/Flag_of_the_United_Kingdom-1024x512.png\" alt=\"\" class=\"wp-image-1248\" width=\"156\" height=\"78\" srcset=\"https:\/\/webs.uab.cat\/grepuab\/wp-content\/uploads\/sites\/54\/2023\/07\/Flag_of_the_United_Kingdom-1024x512.png 1024w, https:\/\/webs.uab.cat\/grepuab\/wp-content\/uploads\/sites\/54\/2023\/07\/Flag_of_the_United_Kingdom-300x150.png 300w, https:\/\/webs.uab.cat\/grepuab\/wp-content\/uploads\/sites\/54\/2023\/07\/Flag_of_the_United_Kingdom-768x384.png 768w, https:\/\/webs.uab.cat\/grepuab\/wp-content\/uploads\/sites\/54\/2023\/07\/Flag_of_the_United_Kingdom.png 1200w\" sizes=\"auto, (max-width: 156px) 100vw, 156px\" \/><\/a><\/figure>\n\n\n\n<figure class=\"wp-block-image size-large is-resized\"><a href=\"https:\/\/webs.uab.cat\/grepuab\/\"><img loading=\"lazy\" decoding=\"async\" src=\"https:\/\/webs.uab.cat\/grepuab\/wp-content\/uploads\/sites\/54\/2023\/07\/Flag_of_Catalonia-1024x683.png\" alt=\"\" class=\"wp-image-1245\" width=\"157\" height=\"104\" srcset=\"https:\/\/webs.uab.cat\/grepuab\/wp-content\/uploads\/sites\/54\/2023\/07\/Flag_of_Catalonia-1024x683.png 1024w, https:\/\/webs.uab.cat\/grepuab\/wp-content\/uploads\/sites\/54\/2023\/07\/Flag_of_Catalonia-300x200.png 300w, https:\/\/webs.uab.cat\/grepuab\/wp-content\/uploads\/sites\/54\/2023\/07\/Flag_of_Catalonia-768x512.png 768w, https:\/\/webs.uab.cat\/grepuab\/wp-content\/uploads\/sites\/54\/2023\/07\/Flag_of_Catalonia-1536x1024.png 1536w, https:\/\/webs.uab.cat\/grepuab\/wp-content\/uploads\/sites\/54\/2023\/07\/Flag_of_Catalonia-2048x1366.png 2048w, https:\/\/webs.uab.cat\/grepuab\/wp-content\/uploads\/sites\/54\/2023\/07\/Flag_of_Catalonia-1200x800.png 1200w, https:\/\/webs.uab.cat\/grepuab\/wp-content\/uploads\/sites\/54\/2023\/07\/Flag_of_Catalonia-1980x1320.png 1980w\" sizes=\"auto, (max-width: 157px) 100vw, 157px\" \/><\/a><\/figure>\n","protected":false},"excerpt":{"rendered":"<p>If you want to see the GREP website in English, click on the UK flag. Si quer\u00e9is visualizar la p\u00e1gina web del GREP en espa\u00f1ol haz clic en la bandera espa\u00f1ola. Si desitgeu veure la p\u00e0gina web del GREP feu clic a la bandera catalana.<\/p>\n","protected":false},"author":63,"featured_media":0,"parent":0,"menu_order":0,"comment_status":"closed","ping_status":"closed","template":"","meta":{"footnotes":""},"class_list":["post-1258","page","type-page","status-publish","hentry"],"_links":{"self":[{"href":"https:\/\/webs.uab.cat\/grepuab\/es\/wp-json\/wp\/v2\/pages\/1258","targetHints":{"allow":["GET"]}}],"collection":[{"href":"https:\/\/webs.uab.cat\/grepuab\/es\/wp-json\/wp\/v2\/pages"}],"about":[{"href":"https:\/\/webs.uab.cat\/grepuab\/es\/wp-json\/wp\/v2\/types\/page"}],"author":[{"embeddable":true,"href":"https:\/\/webs.uab.cat\/grepuab\/es\/wp-json\/wp\/v2\/users\/63"}],"replies":[{"embeddable":true,"href":"https:\/\/webs.uab.cat\/grepuab\/es\/wp-json\/wp\/v2\/comments?post=1258"}],"version-history":[{"count":1,"href":"https:\/\/webs.uab.cat\/grepuab\/es\/wp-json\/wp\/v2\/pages\/1258\/revisions"}],"predecessor-version":[{"id":1259,"href":"https:\/\/webs.uab.cat\/grepuab\/es\/wp-json\/wp\/v2\/pages\/1258\/revisions\/1259"}],"wp:attachment":[{"href":"https:\/\/webs.uab.cat\/grepuab\/es\/wp-json\/wp\/v2\/media?parent=1258"}],"curies":[{"name":"wp","href":"https:\/\/api.w.org\/{rel}","templated":true}]}}