{"id":136,"date":"2017-04-05T21:40:01","date_gmt":"2017-04-05T19:40:01","guid":{"rendered":"https:\/\/webs.uab.cat\/grepuab\/2018-ix-jornadas-los-espacios\/"},"modified":"2024-08-31T01:27:57","modified_gmt":"2024-08-30T23:27:57","slug":"2018-ix-jornadas-los-espacios","status":"publish","type":"page","link":"https:\/\/webs.uab.cat\/grepuab\/es\/2018-ix-jornadas-los-espacios\/","title":{"rendered":"2018 &#8211; IX Jornadas: \u00abLos espacios\u00bb"},"content":{"rendered":"<p class=\"rtecenter\"><span style=\"font-size: 20px\">2 y 3 de marzo de 2018<br \/>\nIX Jornadas de Reflexi\u00f3n e Investigaci\u00f3n: Psicomotricidad y Escuela<\/span><\/p>\n<p class=\"rtecenter\"><span style=\"color: #00ffff\"><strong><span style=\"font-size: 20px\">\u00abLOS ESPACIOS\u00bb<\/span><\/strong><\/span><\/p>\n<p><iframe title=\"Actes IX Jornades de Reflexi\u00f3 i Recerca: Psicomotricitat i Escola &quot;Els espais&quot;\" src=\"https:\/\/e.issuu.com\/embed.html?u=grepuab&#038;d=ix_jornades_de_reflexi__i_recerca\" style=\"border:none; width: 580px; height: 445px;\" allow=\"clipboard-write,allow-top-navigation,allow-top-navigation-by-user-activation,allow-downloads,allow-scripts,allow-same-origin,allow-popups,allow-modals,allow-popups-to-escape-sandbox,allow-forms\"  allowfullscreen=\"true\"><\/iframe><\/p>\n<p>&#8212;&#8212;&#8212;&#8212;&#8212;&#8212;&#8212;&#8212;&#8212;&#8212;&#8212;&#8212;&#8212;&#8212;&#8212;&#8212;&#8212;&#8212;&#8212;&#8212;&#8212;&#8212;&#8212;&#8212;&#8212;&#8212;&#8212;&#8212;&#8212;&#8212;&#8212;&#8212;&#8211;<\/p>\n<p><strong>1. INFORMACI\u00d3N GENERAL<\/strong><\/p>\n<p><strong>2. INSCRIPCI\u00d3N, PRECIO Y FORMA DE PAGO.<\/strong><\/p>\n<p><strong>3. PRESENTACI\u00d3N DE COMUNICACIONES DE EXPERIENCIAS DE INNOVACI\u00d3N O DE INVESTIGACI\u00d3N<\/strong><\/p>\n<p><strong>\u00a0 \u00a0 \u00a0 \u00a0 \u00a0 \u00a0 \u00a0 3.1. MODALIDADES DE COMUNICACI\u00d3N<\/strong><\/p>\n<p><strong>\u00a0 \u00a0 \u00a0 \u00a0 \u00a0 \u00a0 \u00a0 3.2. FECHAS DEL PROCESO DE ENV\u00cdO Y ACEPTACI\u00d3N DE COMUNICACIONES<\/strong><\/p>\n<p><strong>\u00a0 \u00a0 \u00a0 \u00a0 \u00a0 \u00a0 \u00a0 3.3. LENGUA DE PRESENTACI\u00d3N DE LAS COMUNICACIONES<\/strong><\/p>\n<p><strong>\u00a0 \u00a0 \u00a0 \u00a0 \u00a0 \u00a0 \u00a0 3.4. ENV\u00cdO DE LAS COMUNICACIONES<\/strong><\/p>\n<p><strong>\u00a0 \u00a0 \u00a0 \u00a0 \u00a0 \u00a0 \u00a0 3.5. PROCEDIMIENTO GENERAL Y NORMATIVA<\/strong><\/p>\n<p><strong>4. DESCRIPCI\u00d3N DE LOS TALLERES DE LAS JORNADAS<\/strong><\/p>\n<p><strong>5. CERTIFICADOS DE ASISTENCIA Y DE COMUNICACIONES<\/strong><\/p>\n<p><strong>6. PUBLICACI\u00d3N DE LAS IX JORNADAS DE REFLEXI\u00d3N E INVESTIGACI\u00d3N: PSICOMOTRICIDAD Y ESCUELA<\/strong><\/p>\n<p><strong>1. INFORMACI\u00d3N GENERAL:<\/strong><\/p>\n<p>Las \u00abIX Jornadas de Reflexi\u00f3n e Investigaci\u00f3n: Psicomotricidad y Escuela\u00bb organizadas por el Grupo de Investigaci\u00f3n en Educaci\u00f3n Psicomotriz (2.014-SGR-1662) de la UAB y por el Departamento de Did\u00e1ctica de la Expresi\u00f3n Musical, Pl\u00e1stica y Corporal de la UAB, tendr\u00e1n como tem\u00e1tica central Los espacios y se celebrar\u00e1n el viernes 2 y s\u00e1bado 3 de marzo de 2018.<br \/>\nPara esta edici\u00f3n planteamos Los espacios como tema a debatir ya que creemos que es de inter\u00e9s actual para los y las profesionales en su qu\u00e9 hacer de relaci\u00f3n con los ni\u00f1os, los compa\u00f1eros, la administraci\u00f3n y el entorno.<\/p>\n<p>Nos preguntamos: \u00bfQu\u00e9 y c\u00f3mo pueden ser Los espacios en nuestras escuelas? C\u00f3mo conseguir que favorezcan una mirada respetuosa y facilitadora de la presencia del cuerpo y del movimiento? Podemos contribuir desde la educaci\u00f3n psicomotriz a que Los espacios de las escuelas sean un poco m\u00e1s la \u00abcasa\u00bb de todos los que \u00abviven\u00bb?<br \/>\nQueremos que estas Jornadas nos permitan reflexionar sobre Los espacios como cruce de coordenadas de aprendizajes que hay que pensar, definir, construir, ocupar, modificar, proteger, embestir, reivindicar, personalizar, vivir y amar.<\/p>\n<p>Pero las Jornadas y Los espacios los construimos entre todos. Es por ello que queremos hacer un llamamiento a todos los que quieran compartir sus Experiencias innovadoras y Investigaciones que las presenten en forma de comunicaci\u00f3n * con una extensi\u00f3n de entre 700 y 1000 palabras, elaboradas con la plantilla facilitada y enviadas hasta el 21 de enero a gr.educacio.psicomotriu@uab.cat. * M\u00e1s informaci\u00f3n sobre las comunicaciones en el apartado \u00abPresentaci\u00f3n de comunicaciones de experiencias de innovaci\u00f3n o de investigaci\u00f3n\u00bb<br \/>\nEl lugar donde se celebrar\u00e1 ser\u00e1 en el Auditorio de la Facultad de Filosof\u00eda y Letras de la UAB en cuanto a la inauguraci\u00f3n, conferencias, conversaci\u00f3n y clausura; y en el aulario de la Facultad de Ciencias de la Educaci\u00f3n con respecto a los talleres y las comunicaciones.<\/p>\n<p>Puede seguir las Jornadas a partir de las redes sociales del Grupo de Investigaci\u00f3n en Educaci\u00f3n Psicomotriz:<br \/>\n&#8211; En Twitter con el hashtag # JornadesPsicoUAB2018<br \/>\n&#8211; En Facebook en nuestra p\u00e1gina oficial \u00abGrupo de Investigaci\u00f3n en Educaci\u00f3n Psicomotriz UAB\u00bb<\/p>\n<p>Para m\u00e1s informaci\u00f3n y contacto, puede dirigirse al correo: gr.educacio.psicomotriu@uab.cat<br \/>\n<strong>2. INSCRIPCI\u00d3N, PRECIO Y FORMA DE PAGO.<\/strong><\/p>\n<p>Las inscripciones se podr\u00e1n realizar del 15 de diciembre de 2018 hasta el 19 de febrero de 2019.<\/p>\n<p>El precio de la matr\u00edcula de las Jornadas es:<br \/>\nEstudiantes que acrediten estar matriculados durante el curso 2017-2018: 45 \u20ac<br \/>\nEl resto: 80 \u20ac<\/p>\n<p>Para hacer el pago y la inscripci\u00f3n a las Jornadas es necesario seguir los siguientes pasos:<\/p>\n<p>a) Hacer el pago de las Jornadas:<br \/>\nEl pago de la matr\u00edcula de las Jornadas se realizar\u00e1 mediante un ingreso al siguiente n\u00ba de cuenta: ES58 2100 5000 5202 0018 8173<br \/>\nEs absolutamente imprescindible que en el concepto de la transferencia bancaria se haga constar: Jornadas Psicomotricidad 2018 y el nombre y apellido del participante.<br \/>\nHay que tener el justificante \/ resguardo de la transferencia bancaria para iniciar el siguiente paso (inscripci\u00f3n en las Jornadas).<\/p>\n<p>b) Inscripci\u00f3n en las Jornadas:<br \/>\nUna vez se ha hecho el pago de las Jornadas, ya se puede realizar la inscripci\u00f3n.<br \/>\nPara hacerlo, hay que entrar en el siguiente enlace: https:\/\/jornadespsicomotricitat.uab.cat<\/p>\n<p>En esta p\u00e1gina se pedir\u00e1 a cada participante:<br \/>\nRellenar los datos de inscripci\u00f3n.<br \/>\nAdjuntar el justificante \/ resguardo del pago de la matr\u00edcula.<br \/>\nElegir el taller pr\u00e1ctico en el que desea asistir.<\/p>\n<p>Los talleres pr\u00e1cticos tienen una capacidad m\u00e1xima y la adscripci\u00f3n a los mismos ser\u00e1 por riguroso orden de inscripci\u00f3n. El propio programa de inscripci\u00f3n indicar\u00e1 si hay plaza en cada uno de los talleres o no. Habr\u00e1 apuntarse a uno de los talleres que s\u00ed haya plaza disponible.<\/p>\n<p><strong>3. PRESENTACI\u00d3N DE COMUNICACIONES DE EXPERIENCIAS INNOVADORAS O DE INVESTIGACI\u00d3N:<\/strong><\/p>\n<p><strong>3.1. MODALIDADES DE COMUNICACI\u00d3N:<\/strong><\/p>\n<p>&#8211; Modalidad A: En esta modalidad se podr\u00e1n presentar comunicaciones de Experiencias Innovadoras relacionadas con la psicomotricidad y los Espacios.<br \/>\n&#8211; Modalidad B: En esta modalidad se podr\u00e1n presentar comunicaciones de Investigaci\u00f3n relacionadas con la psicomotricidad y los Espacios.<\/p>\n<p>Para presentar una comunicaci\u00f3n en cualquiera de las dos modalidades, hay que descargarse la plantilla establecida para cada modalidad en los siguientes enlaces:<\/p>\n<p>Plantilla para comunicaciones de experiencias de innovaci\u00f3n:https:\/\/uab-my.sharepoint.com\/personal\/1479988_uab_cat\/_layouts\/15\/guestaccess.aspx?docid=1446338a4d15f4856a331a19ad7b45f7c&amp;authkey=AeR5rDoz8YgJ-NcJ_nJzsuY&amp;e=9c74f52300b447619b2151b78bc57bc4<\/p>\n<p>Plantilla para comunicaciones de investigaci\u00f3n:<br \/>\nhttps:\/\/uab-my.sharepoint.com\/personal\/1479988_uab_cat\/_layouts\/15\/guestaccess.aspx?docid=1666020ea6763448b904e5091252d9a2e&#038;authkey=AU5j7mKG1L2u76Fvbh0CXmo&#038;e=5fddcaf0878e4b0887a122659ac17334<\/p>\n<p><strong>3.2. FECHAS DEL PROCESO DE ENV\u00cdO Y ACEPTACI\u00d3N DE COMUNICACIONES:<\/strong><\/p>\n<p>La fecha l\u00edmite para entregar comunicaciones es el lunes 15 de enero de 2018 a las 23: 59h.<\/p>\n<p>El lunes 5 de febrero de 2018 se comunicar\u00e1 a todos autores \/ as si su comunicaci\u00f3n es:<\/p>\n<p>&#8211; Rechazada.<\/p>\n<p>&#8211; Aceptada.<\/p>\n<p>&#8211; Aceptada con modificaciones.<\/p>\n<p>En el caso de ser aceptada con modificaciones, el autor \/ es podr\u00e1n volver a presentar la comunicaci\u00f3n con los cambios establecidos hasta el lunes 12 de febrero de 2018 a las 23:59 enviando la plantilla al correo: gr.educacio.psicomotriiu@uab.cat<\/p>\n<p><strong>3.3. LENGUA DE PRESENTACI\u00d3N DE LAS COMUNICACIONES:<\/strong><\/p>\n<p>Se podr\u00e1n presentar comunicaciones tanto en lengua catalana como en lengua castellana.<\/p>\n<p><strong>3.4. ENV\u00cdO DE LAS COMUNICACIONES<\/strong><\/p>\n<p>Para enviar las comunicaciones, es necesario rellenar la plantilla establecida para las comunicaciones de experiencias y comunicaciones de investigaci\u00f3n. Hay que enviarlas al correo electr\u00f3nico del Grupo de Investigaci\u00f3n en Educaci\u00f3n Psicomotriz de la UAB (2014-SGR-1662): gr.educacio.psicomotriu@uab.cat<\/p>\n<p><strong>3.5. PROCEDIMIENTO GENERAL Y NORMATIVA:<\/strong><\/p>\n<p>Las personas interesadas en enviar una comunicaci\u00f3n deben rellenar la plantilla establecida siguiendo los criterios de aceptaci\u00f3n. Si alguna propuesta no cumple algunos de los criterios, la comunicaci\u00f3n no podr\u00e1 ser aceptada.<\/p>\n<p>Criterios de aceptaci\u00f3n:<\/p>\n<p>a) Todas las comunicaciones deben ser trabajos originales del \/ los autores \/ as que la presentan. No se aceptar\u00e1n trabajos que no sean original del \/ los autor \/ es.<\/p>\n<p>b) Todas las comunicaciones deber\u00e1n escribirse en la plantilla establecida por los organizadores de las jornadas. No se aceptar\u00e1n comunicaciones que no se presenten con esta plantilla.<\/p>\n<p>c) Las propuestas de comunicaciones deben cumplir el plazo de entrega establecido. No se aceptar\u00e1n comunicaciones fuera de este plazo.<\/p>\n<p>d) El l\u00edmite de palabras para cada comunicaci\u00f3n es de entre 700 y 1000. Si se excede de este l\u00edmite la comunicaci\u00f3n no ser\u00e1 aceptada.<\/p>\n<p>e) Todas las personas que firman las comunicaciones que sean aceptadas deber\u00e1n estar matriculadas en las IX Jornadas de Reflexi\u00f3n e Investigaci\u00f3n: Psicomotricidad y Escuela.<\/p>\n<p>f) Las referencias bibliogr\u00e1ficas deben seguir el Estilo APA https:\/\/ddd.uab.cat\/pub\/recdoc\/2016\/145881\/citrefapa_a2016.pdf<\/p>\n<p><strong>4. DESCRIPCI\u00d3N DE LOS TALLERES DE LAS JORNADAS<\/strong><\/p>\n<p><strong>La danza como espacio de percepci\u00f3n del propio cuerpo:<\/strong><\/p>\n<p>A cargo de: Isabel Oll\u00e9 y Quim Cabanillas<\/p>\n<p>En el taller nos adentraremos en la escucha del propio cuerpo para conocer sus posibilidades y llegar a los aspectos m\u00e1s intuitivos de nuestro movimiento: Tomaremos conciencia de la relaci\u00f3n directa que tenemos con el espacio que nos rodea y encontraremos en la danza una herramienta hacia el desarrollo personal y la empat\u00eda hacia los dem\u00e1s.<\/p>\n<p><strong>Espacio exterior desde una mirada Psicomotriz:<\/strong><\/p>\n<p>A cargo de: Equipo de la EBM Can Serra de Cardedeu<\/p>\n<p>En los espacios exteriores se puede hacer una propuesta psicomotriz basada en el juego libre. Se trata de dejar desarrollar un juego espont\u00e1neo pero bajo la mirada del adulto que no interviene sino que da seguridad desde la distancia. La psicomotricidad act\u00faa para favorecer el desarrollo de todas las potencialidades del sujeto en diferentes espacios educativos. La v\u00eda para hacerlo es utilizar el cuerpo, la acci\u00f3n y el movimiento como instrumentos de relaci\u00f3n del sujeto con uno mismo, con los dem\u00e1s y con su entorno. Daremos la posibilidad de poder jugar con un montaje psicomotriz adaptado al exterior y los asistentes podr\u00e1n observar y disfrutar de las posibilidades de los diferentes materiales que se mostrar\u00e1n.<\/p>\n<p><strong>Espacios de creaci\u00f3n y movimiento como espacios de vida:<\/strong><\/p>\n<p>A cargo de: Gemma Paris y Lurdes Mart\u00ednez<\/p>\n<p>Este taller se empez\u00f3 a gestar a partir de leer a Georges Perec (1974). En su maravilloso libro especies de espaces, nos habla de su deseo de que existieran espacios estables, inm\u00f3viles, intactos y casi intocables, inmutables, enraigats; espacios que ser\u00edan referencias, puntos de partida, fuentes. Pero Perec tambi\u00e9n nos avanzaba que estos sitios no existen, y es precisamente porque no existen, que el espacio se convierte en pregunta, deja de ser evidencia, deja de ser incorporado, de ser apropiado. El espacio es una duda: necesito pisarlo, marcarlo, transitar el, pensarlo, dibujarlo y conquistarlo. Y todas estas dudas los viviremos en este taller desde un cuerpo que crea a trav\u00e9s de movimientos en diferentes tipos de espacio como son el: propio corporal, amplio, de representaci\u00f3n, pl\u00e1stico, simb\u00f3lico, expresivo, escrito, hablado &#8230;.<\/p>\n<p><strong>Sonido y espacio:<\/strong><\/p>\n<p>A cargo de: Lia Sagarra<\/p>\n<p>El espacio sonoro es un espacio simb\u00f3lico en los grupos humanos. El sonido es invisible y hay que podamos escuchar para descentrarnos y as\u00ed poder acompa\u00f1ar las ni\u00f1os.<\/p>\n<p>Vivenciar y explicaremos c\u00f3mo el sonido embiste el otro y por lo tanto funciona como medio de relaci\u00f3n. Una relaci\u00f3n que nace, espont\u00e1neamente desde la agresividad, como pulsi\u00f3n vital, y por tanto desde el ruido.<\/p>\n<p><strong>Jugando con Met\u00e1foras:<\/strong><\/p>\n<p>A cargo de: \u00c1ngel Hern\u00e1ndez<\/p>\n<p>Es un taller para la formaci\u00f3n personal de psicomotricista, basada en la reflexi\u00f3n de patrones culturales y arquetipos de Jung para interpretar, no solo los significados de la idea de \u00abcasa\u00bb sino tamb\u00e9 la imagen antropom\u00f3rfica de animales.<\/p>\n<p>El desenvolupament del taller se basar\u00e1 en la observaci\u00f3n y interpretaci\u00f3n compartida que los observadores Hagan sobre sobre significados de im\u00e1genes concretas y la de los Propios practicantes.<\/p>\n<p><strong>La voz espacio corporal:<\/strong><\/p>\n<p>A cargo de: Cecilia Gasull:<\/p>\n<p>La finalidad de cualquier educaci\u00f3n de la voz es poder utilizar el sonido con todos sus recursos expresivos y hacerlo sin esfuerzo. En el caso concreto de nuestra propuesta este camino pasa por utilizar el cuerpo como instrumento sonoro, como espacio donde habita la voz. Durante el taller conoceremos y experimentaremos diferentes recursos corporales y vocales que nos ayudar\u00e1n a sacar el m\u00e1ximo partido de nuestro instrumento y saberlo mantener en buenas condiciones.<\/p>\n<p><strong>5. CERTIFICADOS DE ASISTENCIA Y DE COMUNICACIONES:<\/strong><\/p>\n<p>Al final de las jornadas se entregar\u00e1 a los participantes el certificado de asistencia (una vez comprobada la asistencia a trav\u00e9s de firmas).<\/p>\n<p>Sin embargo, las personas que hayan presentado una comunicaci\u00f3n en cualquiera de las dos modalidades, se les entregar\u00e1 despu\u00e9s de haberla presentado, el certificado correspondiente.<\/p>\n<p><strong>6. PUBLICACI\u00d3N DE LAS IX JORNADAS DE REFLEXI\u00d3N E INVESTIGACI\u00d3N: PSICOMOTRICIDAD Y ESCUELA:<\/strong><\/p>\n<p>Una vez finalizadas, se har\u00e1 una publicaci\u00f3n de las \u00abIX Jornadas de Reflexi\u00f3n e Investigaci\u00f3n: Psicomotricidad y Escuela\u00bb que se colgar\u00e1 en la web del Grupo de Investigaci\u00f3n en Educaci\u00f3n Psicomotriz http:\/\/grupsderecerca.uab.cat\/grepuab\/<\/p>\n","protected":false},"excerpt":{"rendered":"<p>2 y 3 de marzo de 2018 IX Jornadas de Reflexi\u00f3n e Investigaci\u00f3n: Psicomotricidad y Escuela \u00abLOS ESPACIOS\u00bb &#8212;&#8212;&#8212;&#8212;&#8212;&#8212;&#8212;&#8212;&#8212;&#8212;&#8212;&#8212;&#8212;&#8212;&#8212;&#8212;&#8212;&#8212;&#8212;&#8212;&#8212;&#8212;&#8212;&#8212;&#8212;&#8212;&#8212;&#8212;&#8212;&#8212;&#8212;&#8212;&#8211; 1. INFORMACI\u00d3N GENERAL 2. INSCRIPCI\u00d3N, PRECIO Y FORMA DE PAGO. 3. PRESENTACI\u00d3N DE COMUNICACIONES DE EXPERIENCIAS DE INNOVACI\u00d3N O DE INVESTIGACI\u00d3N \u00a0 \u00a0 \u00a0 \u00a0 \u00a0 \u00a0 \u00a0 3.1. MODALIDADES DE COMUNICACI\u00d3N \u00a0 \u00a0 \u00a0 \u00a0 [&hellip;]<\/p>\n","protected":false},"author":20,"featured_media":0,"parent":0,"menu_order":0,"comment_status":"closed","ping_status":"closed","template":"","meta":{"footnotes":""},"class_list":["post-136","page","type-page","status-publish","hentry"],"_links":{"self":[{"href":"https:\/\/webs.uab.cat\/grepuab\/es\/wp-json\/wp\/v2\/pages\/136","targetHints":{"allow":["GET"]}}],"collection":[{"href":"https:\/\/webs.uab.cat\/grepuab\/es\/wp-json\/wp\/v2\/pages"}],"about":[{"href":"https:\/\/webs.uab.cat\/grepuab\/es\/wp-json\/wp\/v2\/types\/page"}],"author":[{"embeddable":true,"href":"https:\/\/webs.uab.cat\/grepuab\/es\/wp-json\/wp\/v2\/users\/20"}],"replies":[{"embeddable":true,"href":"https:\/\/webs.uab.cat\/grepuab\/es\/wp-json\/wp\/v2\/comments?post=136"}],"version-history":[{"count":1,"href":"https:\/\/webs.uab.cat\/grepuab\/es\/wp-json\/wp\/v2\/pages\/136\/revisions"}],"predecessor-version":[{"id":1765,"href":"https:\/\/webs.uab.cat\/grepuab\/es\/wp-json\/wp\/v2\/pages\/136\/revisions\/1765"}],"wp:attachment":[{"href":"https:\/\/webs.uab.cat\/grepuab\/es\/wp-json\/wp\/v2\/media?parent=136"}],"curies":[{"name":"wp","href":"https:\/\/api.w.org\/{rel}","templated":true}]}}