{"id":154,"date":"2017-04-05T21:49:40","date_gmt":"2017-04-05T19:49:40","guid":{"rendered":"https:\/\/webs.uab.cat\/grepuab\/2016-viii-jornadas-el-movimiento\/"},"modified":"2017-04-05T21:49:40","modified_gmt":"2017-04-05T19:49:40","slug":"2016-viii-jornadas-el-movimiento","status":"publish","type":"page","link":"https:\/\/webs.uab.cat\/grepuab\/es\/2016-viii-jornadas-el-movimiento\/","title":{"rendered":"2016 &#8211; VIII Jornadas: \u00abEl Movimiento\u00bb."},"content":{"rendered":"<p>El tema de las VIII Jornadas de Reflexi\u00f3n e Investigaci\u00f3n: Psicomotricidad y Escuela fue \u00abEl Movimiento\u00bb, convencidos de que es un pilar fundamental en el desarrollo humano y su significado es origen de muchos debates.<\/p>\n<p>&nbsp;<\/p>\n<p>&#8212;&#8212;&#8212;&#8211; Tr\u00edptico informativo de las VIII Jornadas:<\/p>\n<div class=\"issuuembed\" data-configid=\"29317658\/47726043\" style=\"width:525px; height:186px;\">&nbsp;<\/div>\n<p><script type=\"text\/javascript\" src=\"\/\/e.issuu.com\/embed.js\" async=\"true\"><\/script><\/p>\n<p>&#8212;&#8212;&#8212; Publicaci\u00f3n de las Jornadas:<\/p>\n<div class=\"issuuembed\" data-configid=\"29317658\/48893737\" style=\"width:525px; height:371px;\">&nbsp;<\/div>\n<p><script type=\"text\/javascript\" src=\"\/\/e.issuu.com\/embed.js\" async=\"true\"><\/script><\/p>\n<p>&nbsp;<\/p>\n<p>&nbsp;<\/p>\n<p>&#8212;&#8212;&#8212;&#8211; V\u00eddeo resumen de las Jornadas:<iframe loading=\"lazy\" allowfullscreen=\"\" frameborder=\"0\" height=\"315\" src=\"https:\/\/www.youtube.com\/embed\/gOD1TzyaJF4\" width=\"560\"><\/iframe><\/p>\n<p>&nbsp;<\/p>\n<p>&#8212;&#8212;&#8212;&#8212;- Video de los talleres de las Jornadas:<iframe loading=\"lazy\" allowfullscreen=\"\" frameborder=\"0\" height=\"315\" src=\"https:\/\/www.youtube.com\/embed\/5nljsQg3Cok\" width=\"560\"><\/iframe><\/p>\n","protected":false},"excerpt":{"rendered":"<p>El tema de las VIII Jornadas de Reflexi\u00f3n e Investigaci\u00f3n: Psicomotricidad y Escuela fue \u00abEl Movimiento\u00bb, convencidos de que es un pilar fundamental en el desarrollo humano y su significado es origen de muchos debates. &nbsp; &#8212;&#8212;&#8212;&#8211; Tr\u00edptico informativo de las VIII Jornadas: &nbsp; &#8212;&#8212;&#8212; Publicaci\u00f3n de las Jornadas: &nbsp; &nbsp; &nbsp; &#8212;&#8212;&#8212;&#8211; V\u00eddeo resumen [&hellip;]<\/p>\n","protected":false},"author":20,"featured_media":0,"parent":0,"menu_order":0,"comment_status":"closed","ping_status":"closed","template":"","meta":{"footnotes":""},"class_list":["post-154","page","type-page","status-publish","hentry"],"_links":{"self":[{"href":"https:\/\/webs.uab.cat\/grepuab\/es\/wp-json\/wp\/v2\/pages\/154","targetHints":{"allow":["GET"]}}],"collection":[{"href":"https:\/\/webs.uab.cat\/grepuab\/es\/wp-json\/wp\/v2\/pages"}],"about":[{"href":"https:\/\/webs.uab.cat\/grepuab\/es\/wp-json\/wp\/v2\/types\/page"}],"author":[{"embeddable":true,"href":"https:\/\/webs.uab.cat\/grepuab\/es\/wp-json\/wp\/v2\/users\/20"}],"replies":[{"embeddable":true,"href":"https:\/\/webs.uab.cat\/grepuab\/es\/wp-json\/wp\/v2\/comments?post=154"}],"version-history":[{"count":0,"href":"https:\/\/webs.uab.cat\/grepuab\/es\/wp-json\/wp\/v2\/pages\/154\/revisions"}],"wp:attachment":[{"href":"https:\/\/webs.uab.cat\/grepuab\/es\/wp-json\/wp\/v2\/media?parent=154"}],"curies":[{"name":"wp","href":"https:\/\/api.w.org\/{rel}","templated":true}]}}