{"id":169,"date":"2017-04-05T21:51:33","date_gmt":"2017-04-05T19:51:33","guid":{"rendered":"https:\/\/webs.uab.cat\/grepuab\/2014-vii-jornadas-psicomotricidad-escuela-y-curriculum\/"},"modified":"2017-04-05T21:56:07","modified_gmt":"2017-04-05T19:56:07","slug":"2014-vii-jornadas-psicomotricidad-escuela-y-curriculum","status":"publish","type":"page","link":"https:\/\/webs.uab.cat\/grepuab\/es\/2014-vii-jornadas-psicomotricidad-escuela-y-curriculum\/","title":{"rendered":"2014 &#8211; VII Jornadas: \u00abPsicomotricidad, Escuela y Curr\u00edculum\u00bb."},"content":{"rendered":"<p>El curso 2012-2013 el Grupo de Investigaci\u00f3n investig\u00f3 el tema de \u00abLa Psicomotricidad y el Curr\u00edculo\u00bb, poniendo en evidencia la necesidad de la Psicomotricidad en los Proyectos Educativos de las escuelas, a pesar de no existir todav\u00eda su reconocimiento oficial, convirti\u00e9ndose despu\u00e9s en el tema principal de las VII Jornadas.<\/p>\n<div class=\"issuuembed\" data-configid=\"29317658\/47724697\" style=\"width:400px; height:300px;\">&nbsp;<\/div>\n<p><script type=\"text\/javascript\" src=\"\/\/e.issuu.com\/embed.js\" async=\"true\"><\/script><\/p>\n","protected":false},"excerpt":{"rendered":"<p>El curso 2012-2013 el Grupo de Investigaci\u00f3n investig\u00f3 el tema de \u00abLa Psicomotricidad y el Curr\u00edculo\u00bb, poniendo en evidencia la necesidad de la Psicomotricidad en los Proyectos Educativos de las escuelas, a pesar de no existir todav\u00eda su reconocimiento oficial, convirti\u00e9ndose despu\u00e9s en el tema principal de las VII Jornadas. &nbsp;<\/p>\n","protected":false},"author":20,"featured_media":0,"parent":0,"menu_order":0,"comment_status":"closed","ping_status":"closed","template":"","meta":{"footnotes":""},"class_list":["post-169","page","type-page","status-publish","hentry"],"_links":{"self":[{"href":"https:\/\/webs.uab.cat\/grepuab\/es\/wp-json\/wp\/v2\/pages\/169","targetHints":{"allow":["GET"]}}],"collection":[{"href":"https:\/\/webs.uab.cat\/grepuab\/es\/wp-json\/wp\/v2\/pages"}],"about":[{"href":"https:\/\/webs.uab.cat\/grepuab\/es\/wp-json\/wp\/v2\/types\/page"}],"author":[{"embeddable":true,"href":"https:\/\/webs.uab.cat\/grepuab\/es\/wp-json\/wp\/v2\/users\/20"}],"replies":[{"embeddable":true,"href":"https:\/\/webs.uab.cat\/grepuab\/es\/wp-json\/wp\/v2\/comments?post=169"}],"version-history":[{"count":0,"href":"https:\/\/webs.uab.cat\/grepuab\/es\/wp-json\/wp\/v2\/pages\/169\/revisions"}],"wp:attachment":[{"href":"https:\/\/webs.uab.cat\/grepuab\/es\/wp-json\/wp\/v2\/media?parent=169"}],"curies":[{"name":"wp","href":"https:\/\/api.w.org\/{rel}","templated":true}]}}