{"id":187,"date":"2017-04-05T22:02:31","date_gmt":"2017-04-05T20:02:31","guid":{"rendered":"https:\/\/webs.uab.cat\/grepuab\/2012-vi-jornadas-la-observacion\/"},"modified":"2017-04-05T22:02:31","modified_gmt":"2017-04-05T20:02:31","slug":"2012-vi-jornadas-la-observacion","status":"publish","type":"page","link":"https:\/\/webs.uab.cat\/grepuab\/es\/2012-vi-jornadas-la-observacion\/","title":{"rendered":"2012 &#8211; VI Jornadas: \u00abLa Observaci\u00f3n\u00bb."},"content":{"rendered":"<p>El tema escogido en las VI Jornadas fue el OBSERVACI\u00d3N. La observaci\u00f3n, como herramienta para comprender el sentido de la expresividad del ni\u00f1o. La observaci\u00f3n, como herramienta utilizada en la evaluaci\u00f3n. La observaci\u00f3n, como una actitud personal, necesaria para acompa\u00f1ar la maduraci\u00f3n psicol\u00f3gica de los ni\u00f1os. La observaci\u00f3n, como un eje de la formaci\u00f3n del psicomotricista en las vertientes te\u00f3rica, pedag\u00f3gica y personal. La observaci\u00f3n, como un proceso de transformaci\u00f3n a partir de la interacci\u00f3n entre el adulto y el ni\u00f1o.<\/p>\n<p>&nbsp;<\/p>\n<p>&#8212;&#8212;&#8212;&#8212;&#8212;&#8212;&#8212;&#8212;- Tr\u00edptico informativo de las VI Jornadas:<\/p>\n<div class=\"issuuembed\" data-configid=\"29317658\/47726124\" style=\"width:525px; height:186px;\">&nbsp;<\/div>\n<p><script type=\"text\/javascript\" src=\"\/\/e.issuu.com\/embed.js\" async=\"true\"><\/script><\/p>\n<p>&#8212;&#8212;&#8212;&#8212;&#8211; Publicaci\u00f3n de las VI Jornadas<\/p>\n<div class=\"issuuembed\" data-configid=\"29317658\/48741778\" style=\"width:525px; height:371px;\">&nbsp;<\/div>\n<p><script type=\"text\/javascript\" src=\"\/\/e.issuu.com\/embed.js\" async=\"true\"><\/script><\/p>\n<p>&nbsp;<\/p>\n<p>&#8212;&#8212;&#8212;&#8212;&#8212; Video resumen de las Jornadas:<iframe loading=\"lazy\" allowfullscreen=\"\" frameborder=\"0\" height=\"315\" src=\"https:\/\/www.youtube.com\/embed\/UdEXunW_SQA\" width=\"560\"><\/iframe><\/p>\n","protected":false},"excerpt":{"rendered":"<p>El tema escogido en las VI Jornadas fue el OBSERVACI\u00d3N. La observaci\u00f3n, como herramienta para comprender el sentido de la expresividad del ni\u00f1o. La observaci\u00f3n, como herramienta utilizada en la evaluaci\u00f3n. La observaci\u00f3n, como una actitud personal, necesaria para acompa\u00f1ar la maduraci\u00f3n psicol\u00f3gica de los ni\u00f1os. La observaci\u00f3n, como un eje de la formaci\u00f3n del [&hellip;]<\/p>\n","protected":false},"author":20,"featured_media":0,"parent":0,"menu_order":0,"comment_status":"closed","ping_status":"closed","template":"","meta":{"footnotes":""},"class_list":["post-187","page","type-page","status-publish","hentry"],"_links":{"self":[{"href":"https:\/\/webs.uab.cat\/grepuab\/es\/wp-json\/wp\/v2\/pages\/187","targetHints":{"allow":["GET"]}}],"collection":[{"href":"https:\/\/webs.uab.cat\/grepuab\/es\/wp-json\/wp\/v2\/pages"}],"about":[{"href":"https:\/\/webs.uab.cat\/grepuab\/es\/wp-json\/wp\/v2\/types\/page"}],"author":[{"embeddable":true,"href":"https:\/\/webs.uab.cat\/grepuab\/es\/wp-json\/wp\/v2\/users\/20"}],"replies":[{"embeddable":true,"href":"https:\/\/webs.uab.cat\/grepuab\/es\/wp-json\/wp\/v2\/comments?post=187"}],"version-history":[{"count":0,"href":"https:\/\/webs.uab.cat\/grepuab\/es\/wp-json\/wp\/v2\/pages\/187\/revisions"}],"wp:attachment":[{"href":"https:\/\/webs.uab.cat\/grepuab\/es\/wp-json\/wp\/v2\/media?parent=187"}],"curies":[{"name":"wp","href":"https:\/\/api.w.org\/{rel}","templated":true}]}}