{"id":208,"date":"2017-04-05T22:07:33","date_gmt":"2017-04-05T20:07:33","guid":{"rendered":"https:\/\/webs.uab.cat\/grepuab\/2010-v-jornadas-el-juego\/"},"modified":"2017-04-05T22:07:33","modified_gmt":"2017-04-05T20:07:33","slug":"2010-v-jornadas-el-juego","status":"publish","type":"page","link":"https:\/\/webs.uab.cat\/grepuab\/es\/2010-v-jornadas-el-juego\/","title":{"rendered":"2010 &#8211; V Jornadas: \u00abEl Juego\u00bb."},"content":{"rendered":"<p>Dedicadas a nuestro compa\u00f1ero Carlos Fuente, las V Jornadas se destinaron a profundizar de manera decidida, en el papel que tiene EL JUEGO en la cimentaci\u00f3n de todas las din\u00e1micas de crecimiento y de aprendizaje de los ni\u00f1os.&nbsp;<\/p>\n<div class=\"issuuembed\" data-configid=\"29317658\/47725604\" style=\"width:525px; height:371px;\">&nbsp;<\/div>\n<p><script type=\"text\/javascript\" src=\"\/\/e.issuu.com\/embed.js\" async=\"true\"><\/script><\/p>\n","protected":false},"excerpt":{"rendered":"<p>Dedicadas a nuestro compa\u00f1ero Carlos Fuente, las V Jornadas se destinaron a profundizar de manera decidida, en el papel que tiene EL JUEGO en la cimentaci\u00f3n de todas las din\u00e1micas de crecimiento y de aprendizaje de los ni\u00f1os.&nbsp; &nbsp;<\/p>\n","protected":false},"author":20,"featured_media":0,"parent":0,"menu_order":0,"comment_status":"closed","ping_status":"closed","template":"","meta":{"footnotes":""},"class_list":["post-208","page","type-page","status-publish","hentry"],"_links":{"self":[{"href":"https:\/\/webs.uab.cat\/grepuab\/es\/wp-json\/wp\/v2\/pages\/208","targetHints":{"allow":["GET"]}}],"collection":[{"href":"https:\/\/webs.uab.cat\/grepuab\/es\/wp-json\/wp\/v2\/pages"}],"about":[{"href":"https:\/\/webs.uab.cat\/grepuab\/es\/wp-json\/wp\/v2\/types\/page"}],"author":[{"embeddable":true,"href":"https:\/\/webs.uab.cat\/grepuab\/es\/wp-json\/wp\/v2\/users\/20"}],"replies":[{"embeddable":true,"href":"https:\/\/webs.uab.cat\/grepuab\/es\/wp-json\/wp\/v2\/comments?post=208"}],"version-history":[{"count":0,"href":"https:\/\/webs.uab.cat\/grepuab\/es\/wp-json\/wp\/v2\/pages\/208\/revisions"}],"wp:attachment":[{"href":"https:\/\/webs.uab.cat\/grepuab\/es\/wp-json\/wp\/v2\/media?parent=208"}],"curies":[{"name":"wp","href":"https:\/\/api.w.org\/{rel}","templated":true}]}}