{"id":217,"date":"2017-04-05T22:11:27","date_gmt":"2017-04-05T20:11:27","guid":{"rendered":"https:\/\/webs.uab.cat\/grepuab\/2008-iv-jornadas-grep\/"},"modified":"2017-04-05T22:11:27","modified_gmt":"2017-04-05T20:11:27","slug":"2008-iv-jornadas-grep","status":"publish","type":"page","link":"https:\/\/webs.uab.cat\/grepuab\/es\/2008-iv-jornadas-grep\/","title":{"rendered":"2008 &#8211; IV Jornadas: \u00abGREP\u00bb."},"content":{"rendered":"<p dir=\"ltr\">&nbsp;<\/p>\n<p dir=\"ltr\">Las IV Jornadas fueron cogiendo cuerpo a partir de dudas e interrogantes que nos estaban llevando a reflexionar sobre la Psicomotricidad: \u00bfQu\u00e9 es lo que la define? Qu\u00e9 es lo que la hace cercana y la abre a perspectivas m\u00e1s amplias? Ciertamente que hay contenidos consolidados y consensuados, pero la certeza nunca es absoluta. Los cuestionamientos son el origen de nuevos descubrimientos. se intent\u00f3 iniciar una reflexi\u00f3n sobre los aspectos que van ligados a la globalidad corporal tanto desde la vivencia como desde la conceptualizaci\u00f3n.<\/p>\n<p dir=\"ltr\">&nbsp;<\/p>\n","protected":false},"excerpt":{"rendered":"<p>&nbsp; Las IV Jornadas fueron cogiendo cuerpo a partir de dudas e interrogantes que nos estaban llevando a reflexionar sobre la Psicomotricidad: \u00bfQu\u00e9 es lo que la define? Qu\u00e9 es lo que la hace cercana y la abre a perspectivas m\u00e1s amplias? Ciertamente que hay contenidos consolidados y consensuados, pero la certeza nunca es absoluta. [&hellip;]<\/p>\n","protected":false},"author":20,"featured_media":0,"parent":0,"menu_order":0,"comment_status":"closed","ping_status":"closed","template":"","meta":{"footnotes":""},"class_list":["post-217","page","type-page","status-publish","hentry"],"_links":{"self":[{"href":"https:\/\/webs.uab.cat\/grepuab\/es\/wp-json\/wp\/v2\/pages\/217","targetHints":{"allow":["GET"]}}],"collection":[{"href":"https:\/\/webs.uab.cat\/grepuab\/es\/wp-json\/wp\/v2\/pages"}],"about":[{"href":"https:\/\/webs.uab.cat\/grepuab\/es\/wp-json\/wp\/v2\/types\/page"}],"author":[{"embeddable":true,"href":"https:\/\/webs.uab.cat\/grepuab\/es\/wp-json\/wp\/v2\/users\/20"}],"replies":[{"embeddable":true,"href":"https:\/\/webs.uab.cat\/grepuab\/es\/wp-json\/wp\/v2\/comments?post=217"}],"version-history":[{"count":0,"href":"https:\/\/webs.uab.cat\/grepuab\/es\/wp-json\/wp\/v2\/pages\/217\/revisions"}],"wp:attachment":[{"href":"https:\/\/webs.uab.cat\/grepuab\/es\/wp-json\/wp\/v2\/media?parent=217"}],"curies":[{"name":"wp","href":"https:\/\/api.w.org\/{rel}","templated":true}]}}