{"id":226,"date":"2017-04-05T22:15:50","date_gmt":"2017-04-05T20:15:50","guid":{"rendered":"https:\/\/webs.uab.cat\/grepuab\/2006-iii-jornadas-el-cuerpo\/"},"modified":"2017-04-05T22:15:50","modified_gmt":"2017-04-05T20:15:50","slug":"2006-iii-jornadas-el-cuerpo","status":"publish","type":"page","link":"https:\/\/webs.uab.cat\/grepuab\/es\/2006-iii-jornadas-el-cuerpo\/","title":{"rendered":"2006 &#8211; III Jornadas: \u00abEl Cuerpo\u00bb."},"content":{"rendered":"<p>&nbsp;<\/p>\n<p>Esta vez se propon\u00eda como eje central EL CUERPO, presentando a la psicomotricidad como una herramienta que permite a los ni\u00f1os identificarse a s\u00ed mismos y entre iguales; que nos permite a los ense\u00f1antes entender e intervenir con sentido a partir de lo que nos hace a todos iguales: la expresividad motriz que se expresa a trav\u00e9s del cuerpo.&nbsp;<\/p>\n<p>&nbsp;<\/p>\n<div class=\"issuuembed\" data-configid=\"29317658\/47725651\" style=\"width:525px; height:186px;\">&nbsp;<\/div>\n<p><script type=\"text\/javascript\" src=\"\/\/e.issuu.com\/embed.js\" async=\"true\"><\/script><\/p>\n","protected":false},"excerpt":{"rendered":"<p>&nbsp; Esta vez se propon\u00eda como eje central EL CUERPO, presentando a la psicomotricidad como una herramienta que permite a los ni\u00f1os identificarse a s\u00ed mismos y entre iguales; que nos permite a los ense\u00f1antes entender e intervenir con sentido a partir de lo que nos hace a todos iguales: la expresividad motriz que se [&hellip;]<\/p>\n","protected":false},"author":20,"featured_media":0,"parent":0,"menu_order":0,"comment_status":"closed","ping_status":"closed","template":"","meta":{"footnotes":""},"class_list":["post-226","page","type-page","status-publish","hentry"],"_links":{"self":[{"href":"https:\/\/webs.uab.cat\/grepuab\/es\/wp-json\/wp\/v2\/pages\/226","targetHints":{"allow":["GET"]}}],"collection":[{"href":"https:\/\/webs.uab.cat\/grepuab\/es\/wp-json\/wp\/v2\/pages"}],"about":[{"href":"https:\/\/webs.uab.cat\/grepuab\/es\/wp-json\/wp\/v2\/types\/page"}],"author":[{"embeddable":true,"href":"https:\/\/webs.uab.cat\/grepuab\/es\/wp-json\/wp\/v2\/users\/20"}],"replies":[{"embeddable":true,"href":"https:\/\/webs.uab.cat\/grepuab\/es\/wp-json\/wp\/v2\/comments?post=226"}],"version-history":[{"count":0,"href":"https:\/\/webs.uab.cat\/grepuab\/es\/wp-json\/wp\/v2\/pages\/226\/revisions"}],"wp:attachment":[{"href":"https:\/\/webs.uab.cat\/grepuab\/es\/wp-json\/wp\/v2\/media?parent=226"}],"curies":[{"name":"wp","href":"https:\/\/api.w.org\/{rel}","templated":true}]}}