{"id":238,"date":"2017-04-05T22:20:52","date_gmt":"2017-04-05T20:20:52","guid":{"rendered":"https:\/\/webs.uab.cat\/grepuab\/2004-ii-jornadas-grep\/"},"modified":"2017-04-05T22:20:52","modified_gmt":"2017-04-05T20:20:52","slug":"2004-ii-jornadas-grep","status":"publish","type":"page","link":"https:\/\/webs.uab.cat\/grepuab\/es\/2004-ii-jornadas-grep\/","title":{"rendered":"2004 &#8211; II Jornadas: \u00abGREP\u00bb."},"content":{"rendered":"<p>&nbsp;<\/p>\n<p>En estas II Jornadas se quiso dar un paso m\u00e1s en defensa de la Educaci\u00f3n Infantil en todas sus dimensiones. En un momento en que la palabra \u00abcalidad\u00bb parec\u00eda ser indispensable en cualquier evento de \u00e1mbito social, cultural, educativo&#8230;, en la nueva ordenaci\u00f3n educativa utilizaba esta palabra para relegar las primeras edades del desarrollo humano a un mero \u00e1mbito asistencial y se quiere recuperar la superada idea de \u00abpreescolar\u00bb, para referirse a todas las capacidades que el ni\u00f1o debe descubrir, experimentar, compartir, interiorizar&#8230;&nbsp;<\/p>\n<p>&nbsp;<\/p>\n<div class=\"issuuembed\" data-configid=\"29317658\/47725909\" style=\"width:525px; height:186px;\">&nbsp;<\/div>\n<p><script type=\"text\/javascript\" src=\"\/\/e.issuu.com\/embed.js\" async=\"true\"><\/script><\/p>\n","protected":false},"excerpt":{"rendered":"<p>&nbsp; En estas II Jornadas se quiso dar un paso m\u00e1s en defensa de la Educaci\u00f3n Infantil en todas sus dimensiones. En un momento en que la palabra \u00abcalidad\u00bb parec\u00eda ser indispensable en cualquier evento de \u00e1mbito social, cultural, educativo&#8230;, en la nueva ordenaci\u00f3n educativa utilizaba esta palabra para relegar las primeras edades del desarrollo [&hellip;]<\/p>\n","protected":false},"author":20,"featured_media":0,"parent":0,"menu_order":0,"comment_status":"closed","ping_status":"closed","template":"","meta":{"footnotes":""},"class_list":["post-238","page","type-page","status-publish","hentry"],"_links":{"self":[{"href":"https:\/\/webs.uab.cat\/grepuab\/es\/wp-json\/wp\/v2\/pages\/238","targetHints":{"allow":["GET"]}}],"collection":[{"href":"https:\/\/webs.uab.cat\/grepuab\/es\/wp-json\/wp\/v2\/pages"}],"about":[{"href":"https:\/\/webs.uab.cat\/grepuab\/es\/wp-json\/wp\/v2\/types\/page"}],"author":[{"embeddable":true,"href":"https:\/\/webs.uab.cat\/grepuab\/es\/wp-json\/wp\/v2\/users\/20"}],"replies":[{"embeddable":true,"href":"https:\/\/webs.uab.cat\/grepuab\/es\/wp-json\/wp\/v2\/comments?post=238"}],"version-history":[{"count":0,"href":"https:\/\/webs.uab.cat\/grepuab\/es\/wp-json\/wp\/v2\/pages\/238\/revisions"}],"wp:attachment":[{"href":"https:\/\/webs.uab.cat\/grepuab\/es\/wp-json\/wp\/v2\/media?parent=238"}],"curies":[{"name":"wp","href":"https:\/\/api.w.org\/{rel}","templated":true}]}}