{"id":259,"date":"2017-04-05T23:19:52","date_gmt":"2017-04-05T21:19:52","guid":{"rendered":"https:\/\/webs.uab.cat\/grepuab\/direcciones-de-tesis-doctorales\/"},"modified":"2017-04-05T23:26:48","modified_gmt":"2017-04-05T21:26:48","slug":"direcciones-de-tesis-doctorales","status":"publish","type":"page","link":"https:\/\/webs.uab.cat\/grepuab\/es\/direcciones-de-tesis-doctorales\/","title":{"rendered":"Direcciones de Tesis Doctorales"},"content":{"rendered":"<p>El GREP UAB contribuye a que haya m\u00e1s investigaci\u00f3n relacionada con la Psicomotricidad y que \u00e9sta sea de calidad.<\/p>\n<p>Sus miembros tanto dirigen como tutorizan Tesis Doctorales en el Programa de Doctorado en Educaci\u00f3n de la Universidad Aut\u00f3noma de Barcelona como en otros programas de doctorado de la misma universidad.<\/p>\n<p>A continuaci\u00f3n, se muestran las Tesis Doctorales dirigidas y \/ o tutorizadas por los y las miembros del GREP UAB.<\/p>\n<p>&nbsp;<\/p>\n<table border=\"3\" cellpadding=\"1\" cellspacing=\"1\" style=\"width:500px\">\n<tbody>\n<tr>\n<td class=\"rtecenter\"><strong>Tesis Doctorales le\u00eddas<\/strong><\/td>\n<\/tr>\n<\/tbody>\n<\/table>\n<p><strong>Nombre de la&nbsp;Tesis Doctoral:<\/strong>&nbsp;L\u2019avaluaci\u00f3 de les compet\u00e8ncies del psicomotricista en l\u2019\u00e0mbit educatiu per millorar el seu desenvolupament professional.<\/p>\n<p><strong>Nombre del doctorando:<\/strong>&nbsp;Xavier Forcadell Drago.<\/p>\n<p><strong>Directora:<\/strong>&nbsp;Lurdes Mart\u00ednez M\u00ednguez.<\/p>\n<p><strong>Fecha de la lectura:<\/strong>&nbsp;14\/12\/2014.<\/p>\n<p><strong>Instituci\u00f3n:<\/strong>&nbsp;Universitat Aut\u00f2noma de Barcelona. Disponible en:&nbsp;<a href=\"http:\/\/www.tdx.cat\/handle\/10803\/285371\">http:\/\/www.tdx.cat\/handle\/10803\/285371<\/a><\/p>\n<p>&nbsp;<\/p>\n<p><strong>Nombre de la Tesis Doctoral:<\/strong>&nbsp;Del cos viscut al cos representat. Correlaci\u00f3 entre acci\u00f3, representaci\u00f3 i cognici\u00f3.<\/p>\n<p><strong>Nombre de la doctoranda:<\/strong>&nbsp;Maria del Carmen Gonz\u00e1lez Andr\u00e9.<\/p>\n<p><strong>Directora:<\/strong>&nbsp;Lurdes Mart\u00ednez M\u00ednguez.<\/p>\n<p><strong>Fecha de la lectura:<\/strong>&nbsp;21\/12\/2020.<\/p>\n<p><strong>Instituci\u00f3n:<\/strong>&nbsp;Universitat Aut\u00f2noma de Barcelona. Disponible en:&nbsp;<a href=\"https:\/\/tesisenred.net\/handle\/10803\/671123#page=1\">https:\/\/tesisenred.net\/handle\/10803\/671123#page=1<\/a><\/p>\n<p>&nbsp;<\/p>\n<p>&nbsp;<\/p>\n<table border=\"3\" cellpadding=\"1\" cellspacing=\"1\" style=\"width:500px\">\n<tbody>\n<tr>\n<td class=\"rtecenter\"><strong>Tesis Doctorales en curso<\/strong><\/td>\n<\/tr>\n<\/tbody>\n<\/table>\n<p><strong>Nombre de la Tesis Doctoral:<\/strong>&nbsp;La psicomotricitat com a eina de suport pel benestar infantil: Estudi de cas amb infants que tenen germans amb alteracions en el seu desenvolupament.<\/p>\n<p><strong>Nombre del doctorando:<\/strong>&nbsp;Francesc Porta Mart\u00ednez.<\/p>\n<p><strong>Directora:<\/strong>&nbsp;Lurdes Mart\u00ednez M\u00ednguez.<\/p>\n<p><strong>Instituci\u00f3n:<\/strong>&nbsp;Universitat Aut\u00f2noma de Barcelona.<\/p>\n<p>&nbsp;<\/p>\n<p><strong>Nombre de la Tesis Doctoral:<\/strong>&nbsp;La corpore\u00eftat dels\/les mestres d\u2019Educaci\u00f3 Infantil: orientacions per a la seva formaci\u00f3 inicial.<\/p>\n<p><strong>Nombre de la doctoranda:<\/strong>&nbsp;Laura Moya Prados.<\/p>\n<p><strong>Directoras:<\/strong>&nbsp;Silvia Blanch Gelabert y&nbsp;Lurdes Mart\u00ednez M\u00ednguez.<\/p>\n<p><strong>Instituci\u00f3n:<\/strong>&nbsp;Universitat Aut\u00f2noma de Barcelona.<\/p>\n<p>&nbsp;<\/p>\n<p><strong>Nombre de la Tesis Doctoral:<\/strong>&nbsp;Competencias espec\u00edficas del psicomotricista adquirides por profesionales especializados en Chile y su aporte a la calidad de la educaci\u00f3n.<\/p>\n<p><strong>Nombre de la doctoranda:<\/strong>&nbsp;Marcela Beatriz Hern\u00e1ndez Lechuga.<\/p>\n<p><strong>Directora:<\/strong>&nbsp;Lurdes Mart\u00ednez M\u00ednguez.<\/p>\n<p><strong>Instituci\u00f3n:<\/strong>&nbsp;Universitat Aut\u00f2noma de Barcelona.<\/p>\n<p>&nbsp;<\/p>\n<p><strong>Nombre de la Tesis Doctoral:<\/strong>&nbsp;Educar para el juego simb\u00f3lico y juego dram\u00e1tico en Educaci\u00f3n Infantil (3-6 a\u00f1os).<\/p>\n<p><strong>Nombre de la doctoranda:<\/strong>&nbsp;Ana Catarina Neves.<\/p>\n<p><strong>Directoras:<\/strong>&nbsp;Carolina Nieva Boza y&nbsp;Lurdes Mart\u00ednez M\u00ednguez.<\/p>\n<p><strong>Instituci\u00f3n:<\/strong>&nbsp;Universitat Aut\u00f2noma de Barcelona.<\/p>\n<p>&nbsp;<\/p>\n","protected":false},"excerpt":{"rendered":"<p>El GREP UAB contribuye a que haya m\u00e1s investigaci\u00f3n relacionada con la Psicomotricidad y que \u00e9sta sea de calidad. Sus miembros tanto dirigen como tutorizan Tesis Doctorales en el Programa de Doctorado en Educaci\u00f3n de la Universidad Aut\u00f3noma de Barcelona como en otros programas de doctorado de la misma universidad. A continuaci\u00f3n, se muestran las [&hellip;]<\/p>\n","protected":false},"author":20,"featured_media":0,"parent":0,"menu_order":0,"comment_status":"closed","ping_status":"closed","template":"","meta":{"footnotes":""},"class_list":["post-259","page","type-page","status-publish","hentry"],"_links":{"self":[{"href":"https:\/\/webs.uab.cat\/grepuab\/es\/wp-json\/wp\/v2\/pages\/259","targetHints":{"allow":["GET"]}}],"collection":[{"href":"https:\/\/webs.uab.cat\/grepuab\/es\/wp-json\/wp\/v2\/pages"}],"about":[{"href":"https:\/\/webs.uab.cat\/grepuab\/es\/wp-json\/wp\/v2\/types\/page"}],"author":[{"embeddable":true,"href":"https:\/\/webs.uab.cat\/grepuab\/es\/wp-json\/wp\/v2\/users\/20"}],"replies":[{"embeddable":true,"href":"https:\/\/webs.uab.cat\/grepuab\/es\/wp-json\/wp\/v2\/comments?post=259"}],"version-history":[{"count":0,"href":"https:\/\/webs.uab.cat\/grepuab\/es\/wp-json\/wp\/v2\/pages\/259\/revisions"}],"wp:attachment":[{"href":"https:\/\/webs.uab.cat\/grepuab\/es\/wp-json\/wp\/v2\/media?parent=259"}],"curies":[{"name":"wp","href":"https:\/\/api.w.org\/{rel}","templated":true}]}}