{"id":268,"date":"2017-04-05T23:44:49","date_gmt":"2017-04-05T21:44:49","guid":{"rendered":"https:\/\/webs.uab.cat\/grepuab\/participaciones-como-comite-cientifico\/"},"modified":"2017-04-05T23:44:49","modified_gmt":"2017-04-05T21:44:49","slug":"participaciones-como-comite-cientifico","status":"publish","type":"page","link":"https:\/\/webs.uab.cat\/grepuab\/es\/participaciones-como-comite-cientifico\/","title":{"rendered":"Participaciones como Comit\u00e9 Cient\u00edfico"},"content":{"rendered":"<p><strong>2016<\/strong><\/p>\n<p>Mart\u00ednez, L. (2016): Miembro del comit\u00e9 cient\u00edfico del I Taller sobre Buenas Pr\u00e1cticas en Evaluaci\u00f3n Educativa en Docencia Universitaria. Organiza: Grupo IFAHE (Universidad de Le\u00f3n). Le\u00f3n, septiembre de 2016.<\/p>\n<p>Mart\u00ednez, L., Rota, J. y Ant\u00f3n, M. (2016): Miembros del comit\u00e9 cient\u00edfico de la VIII Conferencia sobre Reflexi\u00f3n e Investigaci\u00f3n: Psicomotricidad y Escuela. Organizado por: Grupo de Investigaci\u00f3n en Educaci\u00f3n Psicomotora y el Departamento de Did\u00e1ctica de la Expresi\u00f3n Musical, Pl\u00e1stica y Corporal-UAB. Bellaterra, febrero de 2016.<\/p>\n<p>&nbsp;<\/p>\n<p><strong>2015<\/strong><\/p>\n<p>Mart\u00ednez, L. (2015): Miembro del Comit\u00e9 Cient\u00edfico de la IX Conferencia Internacional sobre Evaluaci\u00f3n Formativa y Compartida en la Ense\u00f1anza Infantil, Primaria, Secundaria y Universitaria. Organiza: Universidad de Cantabria, Gobierno de Cantabria, Ayuntamiento de Santander. Santander, septiembre de 2015.<\/p>\n<p>Mart\u00ednez, L. (2016): Miembro del Comit\u00e9 Cient\u00edfico de la XXV Conferencia EECERA (European Early Childhood Education Research Association). Organizado por: EECERA (European Early Childhood Education Research Association). Barcelona, \u200b\u200bseptiembre de 2015.<\/p>\n<p>Mart\u00ednez, L. (2016): Miembro del comit\u00e9 cient\u00edfico del IV Congreso Internacional Multidisciplinario de Investigaci\u00f3n Educativa &#8211; CIMIE. Organiza: Universitat de Val\u00e8ncia, Universitat Jaume I, Universidad Cat\u00f3lica de Valencia y Generalitat Valenciana. Valencia, julio de 2015.<\/p>\n<p>&nbsp;<\/p>\n<p><strong>2014<\/strong><\/p>\n<p>Ant\u00f3n, M. (2014): Miembro del Comit\u00e9 Cient\u00edfico del XIII Congreso de Ciudades Educadoras. Celebrado en Barcelona del 13 al 16 de noviembre de 2014.<\/p>\n<p><strong>2013<\/strong><\/p>\n<p>Mart\u00ednez, L. (2013): Presidenta del Comit\u00e9 Cient\u00edfico y Rota, J. y Godall, T. (2013) como miebros del Comit\u00e9 Cient\u00edfico del 5\u00ba. Congreso Europeo de Psicomotricidad. Diferentes caras de la Psicomotricidad. Organizado por: FAPee, Universidad Aut\u00f3noma de Barcelona, \u200b\u200bUniversidad de Barcelona, \u200b\u200bUniversidad de Girona, Universidad Rovira i Virgili, Universidad de Vic, Universidad de Lleida y Universidad Ram\u00f3n Llull. Barcelona, \u200b\u200bmayo de 2013.<\/p>\n","protected":false},"excerpt":{"rendered":"<p>2016 Mart\u00ednez, L. (2016): Miembro del comit\u00e9 cient\u00edfico del I Taller sobre Buenas Pr\u00e1cticas en Evaluaci\u00f3n Educativa en Docencia Universitaria. Organiza: Grupo IFAHE (Universidad de Le\u00f3n). Le\u00f3n, septiembre de 2016. Mart\u00ednez, L., Rota, J. y Ant\u00f3n, M. (2016): Miembros del comit\u00e9 cient\u00edfico de la VIII Conferencia sobre Reflexi\u00f3n e Investigaci\u00f3n: Psicomotricidad y Escuela. Organizado por: [&hellip;]<\/p>\n","protected":false},"author":20,"featured_media":0,"parent":0,"menu_order":0,"comment_status":"closed","ping_status":"closed","template":"","meta":{"footnotes":""},"class_list":["post-268","page","type-page","status-publish","hentry"],"_links":{"self":[{"href":"https:\/\/webs.uab.cat\/grepuab\/es\/wp-json\/wp\/v2\/pages\/268","targetHints":{"allow":["GET"]}}],"collection":[{"href":"https:\/\/webs.uab.cat\/grepuab\/es\/wp-json\/wp\/v2\/pages"}],"about":[{"href":"https:\/\/webs.uab.cat\/grepuab\/es\/wp-json\/wp\/v2\/types\/page"}],"author":[{"embeddable":true,"href":"https:\/\/webs.uab.cat\/grepuab\/es\/wp-json\/wp\/v2\/users\/20"}],"replies":[{"embeddable":true,"href":"https:\/\/webs.uab.cat\/grepuab\/es\/wp-json\/wp\/v2\/comments?post=268"}],"version-history":[{"count":0,"href":"https:\/\/webs.uab.cat\/grepuab\/es\/wp-json\/wp\/v2\/pages\/268\/revisions"}],"wp:attachment":[{"href":"https:\/\/webs.uab.cat\/grepuab\/es\/wp-json\/wp\/v2\/media?parent=268"}],"curies":[{"name":"wp","href":"https:\/\/api.w.org\/{rel}","templated":true}]}}