{"id":274,"date":"2017-04-05T23:56:46","date_gmt":"2017-04-05T21:56:46","guid":{"rendered":"https:\/\/webs.uab.cat\/grepuab\/conferencias-y-mesas-redondas\/"},"modified":"2017-04-05T23:56:46","modified_gmt":"2017-04-05T21:56:46","slug":"conferencias-y-mesas-redondas","status":"publish","type":"page","link":"https:\/\/webs.uab.cat\/grepuab\/es\/conferencias-y-mesas-redondas\/","title":{"rendered":"Conferencias y mesas redondas"},"content":{"rendered":"<p style=\"text-align:center\"><img loading=\"lazy\" decoding=\"async\" alt=\"\" height=\"314\" src=\"https:\/\/lh3.googleusercontent.com\/h0N12VcHiDXmrFsyONJHQnVzUwCbOsF6Fq30ptKqGfCfLxaUamMlBdKsjpdc-Kqyzob6W1gyvMhPvlISzbTapS7Jv97ZfWcPwpXuvyZ3ILTJ8EGmV6iyyJQi6NLjxA\" width=\"948\" \/><\/p>\n<p>Los miembros del GREP participan como ponentes en conferencias, mesas redondas y conversaciones relacionadas con la educaci\u00f3n psicomotriz a nivel estatal y auton\u00f3mico.<\/p>\n<p>Estas han sido algunas de nuestras participaciones como ponentes:<\/p>\n<table align=\"center\" border=\"3\" cellpadding=\"1\" cellspacing=\"1\" style=\"width:700px\">\n<tbody>\n<tr>\n<td class=\"rtecenter\"><strong>2020<\/strong><\/td>\n<\/tr>\n<\/tbody>\n<\/table>\n<p><strong>T\u00edtulo: \u201cEspais d\u2019aprenentatge, el joc, la psicomotricitat i el paper de l\u2019adult a l\u2019Escola \u00cdtaca de Manresa\u201d<\/strong><\/p>\n<p dir=\"ltr\">Ponentes: Eva Bru i Elena Sarri.<\/p>\n<p dir=\"ltr\">Organizador: Herme, Wesco, UAB, UVIC i UAO.<\/p>\n<p dir=\"ltr\">Congreso: IV EduCongress \u201cJocs, espais i aprenentatge a l&#8217;Educaci\u00f3 Infantil\u201d.<\/p>\n<p dir=\"ltr\">Lugar: Barcelona.<\/p>\n<p dir=\"ltr\">Fecha: 29 de febrero del 2020.<\/p>\n<p dir=\"ltr\">Duraci\u00f3n: 45 minuts.<\/p>\n<p dir=\"ltr\">&nbsp;<\/p>\n<table align=\"center\" border=\"3\" cellpadding=\"1\" cellspacing=\"1\" style=\"width:700px\">\n<tbody>\n<tr>\n<td class=\"rtecenter\"><strong>2019<\/strong><\/td>\n<\/tr>\n<\/tbody>\n<\/table>\n<p dir=\"ltr\"><strong>T\u00edtulo: \u201cConversa: Qui fa qu\u00e8? Adult i infant des de la neuroci\u00e8ncia i la psicomotricitat\u201d.<\/strong><\/p>\n<p dir=\"ltr\">Ponentes: Josep Rota i Marta Portero.<\/p>\n<p dir=\"ltr\">Tipo&nbsp;de ponencia: Conversaci\u00f3n.<\/p>\n<p dir=\"ltr\">Organizador: Grup de Recerca en Educaci\u00f3 Psicomotriu (2017-SGR-137).<\/p>\n<p dir=\"ltr\">Jornadas: X Jornades de Reflexi\u00f3 i Recerca: Psicomotricitat i Escola \u201cL\u2019adult: una presencia que acompanya\u201d.<\/p>\n<p dir=\"ltr\">Lugar: Facultat Ci\u00e8ncies de l\u2019Educaci\u00f3 de la Universitat Aut\u00f2noma de Barcelona (Bellaterra)<\/p>\n<p dir=\"ltr\">Fecha: 9 de noviembre de 2019.<\/p>\n<p dir=\"ltr\">Duraci\u00f3n: 1 hora y&nbsp;30 minutos.<strong>&nbsp;<\/strong><\/p>\n<p>&nbsp;<\/p>\n<p>\n<strong>T\u00edtulo: \u201cNo hay dos sin tres: r\u00fabricas para el pr\u00e1cticum\u201d.&nbsp;<\/strong><\/p>\n<p dir=\"ltr\">Ponente: Lurdes Mart\u00ednez.<\/p>\n<p dir=\"ltr\">Tipo&nbsp;de ponencia: Conferencia.<\/p>\n<p dir=\"ltr\">Organizador: Red de Evaluaci\u00f3n Formativa y Compartida en Educaci\u00f3n Superior.<\/p>\n<p dir=\"ltr\">Congreso: VIII Congreso Internacional de Evaluaci\u00f3n Formativa en Docencia Universitaria.&nbsp;<\/p>\n<p dir=\"ltr\">Lugar: Universidad de Valladolid, Campus de Segovia (Segovia)<\/p>\n<p dir=\"ltr\">Fecha: 2 de febrero del 2019.<\/p>\n<p dir=\"ltr\">Duraci\u00f3n: 60 minutos.<\/p>\n<p dir=\"ltr\"><strong>&nbsp;<\/strong><\/p>\n<p dir=\"ltr\"><strong>T\u00edtulo: \u201cQuan l\u2019educaci\u00f3 psicomotriu es converteix en l\u2019eix del projecte educatiu de l\u2019escola bressol\u201d.<\/strong><\/p>\n<p dir=\"ltr\">Ponente: Maite Mas.<\/p>\n<p dir=\"ltr\">Tipus de ponencia: Conferencia.<\/p>\n<p dir=\"ltr\">Organizador: Postgrau en Desenvolupament Psicomotor de 0 a 8 anys de la UAB.<\/p>\n<p dir=\"ltr\">Lugar: Facultat Ci\u00e8ncies de l\u2019Educaci\u00f3 de la Universitat Aut\u00f2noma de Barcelona (Bellaterra)<\/p>\n<p dir=\"ltr\">Fecha: 8 de octubre del 2019.<\/p>\n<p dir=\"ltr\">Duraci\u00f3n: 60 minutos.<\/p>\n<p dir=\"ltr\">&nbsp;<\/p>\n<p dir=\"ltr\"><strong>T\u00edtulo: \u201cLa corpore\u00eftat de les mestres d\u2019Educaci\u00f3 Infantil\u201d.<\/strong><\/p>\n<p dir=\"ltr\">Ponente: Laura Moya Prados.<\/p>\n<p dir=\"ltr\">Tipo&nbsp;de ponencia: Confer\u00e8ncia.<\/p>\n<p dir=\"ltr\">Organizador: Servei Educatiu del Baix Llobregat VI.<\/p>\n<p dir=\"ltr\">Jornadas: Trobada Pedag\u00f2gica d\u2019Educaci\u00f3 Infantil 2019.<\/p>\n<p dir=\"ltr\">Lugar: Auditori del Mol\u00ed dels Frares, Sant Vicen\u00e7 dels Horts.<\/p>\n<p dir=\"ltr\">Fecha: 26 de junio&nbsp;del 2019.<\/p>\n<p dir=\"ltr\">Duraci\u00f3n: 15 minutos.<\/p>\n<p dir=\"ltr\">Web: <a href=\"https:\/\/serveiseducatius.xtec.cat\/baixllobregat6\/trobada-pedagogica-educacio-infantil-2019\/laura-moya-prados\/\">https:\/\/serveiseducatius.xtec.cat\/baixllobregat6\/trobada-pedagogica-educacio-infantil-2019\/laura-moya-prados\/<\/a><\/p>\n<p dir=\"ltr\">&nbsp;<\/p>\n<p dir=\"ltr\">&nbsp;<\/p>\n<p dir=\"ltr\"><strong>T\u00edtulo: \u201cL\u2019Educaci\u00f3 F\u00edsica i la Psicomotricitat: dos disciplines unide per una mateixa finalitat\u201d\u201d.<\/strong><\/p>\n<p dir=\"ltr\">Ponente: Xavi Forcadell.<\/p>\n<p dir=\"ltr\">Tipo&nbsp;de ponencia: Confer\u00e8ncia.<\/p>\n<p dir=\"ltr\">Organizador: Regidoria d\u2019Esports de l\u2019Ajuntament d\u2019Amposta i el Centre de Tecnificaci\u00f3 Esportiva de les Terres de l\u2019Ebre.<\/p>\n<p dir=\"ltr\">Congreso: I Congr\u00e9s de Salut i Espot d\u2019Amposta.&nbsp;<\/p>\n<p dir=\"ltr\">Lugar: Auditori Municipal d\u2019Amposta.<\/p>\n<p dir=\"ltr\">Fecha: 14 de abril del 2019.<\/p>\n<p dir=\"ltr\">Duraci\u00f3n: 45 minutos.<\/p>\n<p dir=\"ltr\">&nbsp;<\/p>\n<p dir=\"ltr\">&nbsp;<\/p>\n<p dir=\"ltr\"><strong>T\u00edtulo: \u201cL\u2019Educaci\u00f3 F\u00edsica i la Psicomotricitat\u201d\u201d.<\/strong><\/p>\n<p dir=\"ltr\">Ponentes: Xavi Forcadell, Mar P\u00e9rez y&nbsp;Lurdes Mart\u00ednez.<\/p>\n<p dir=\"ltr\">Tipo&nbsp;de ponencia: Taula rodona.<\/p>\n<p dir=\"ltr\">Organizador: Regidoria d\u2019Esports de l\u2019Ajuntament d\u2019Amposta i el Centre de Tecnificaci\u00f3 Esportiva de les Terres de l\u2019Ebre.<\/p>\n<p dir=\"ltr\">Congreso: I Congr\u00e9s de Salut i Espot d\u2019Amposta.&nbsp;<\/p>\n<p dir=\"ltr\">Lugar: Auditori Municipal d\u2019Amposta.<\/p>\n<p dir=\"ltr\">Fecha: 14 de abril del 2019.<\/p>\n<p dir=\"ltr\">Duraci\u00f3n: 45 minutos.<\/p>\n<p dir=\"ltr\"><strong>&nbsp;<\/strong><\/p>\n<p dir=\"ltr\"><strong>&nbsp;<\/strong><\/p>\n<p dir=\"ltr\"><strong>T\u00edtulo: \u201cExisteixen els psicomotricistes? D&#8217;on venim i on estem\u201d.<\/strong><\/p>\n<p dir=\"ltr\">Ponente: Estrella Massabeu.<\/p>\n<p dir=\"ltr\">Tipo&nbsp;de ponencia: Confer\u00e8ncia.<\/p>\n<p dir=\"ltr\">Organizador: Associaci\u00f3 de pr\u00e0ctica psicomotriu de les Illes Balears (APPIB)<\/p>\n<p dir=\"ltr\">Jornadas: Jornada \u201cPer qu\u00e8 continuam fent psico a les escoles?\u201d.<\/p>\n<p dir=\"ltr\">Lugar: Palma de Mallorca.<\/p>\n<p dir=\"ltr\">Fecha: 2 de febrero del 2019.<\/p>\n<p dir=\"ltr\">Duraci\u00f3n: 60 minutos.<\/p>\n<p dir=\"ltr\">&nbsp;<\/p>\n<table align=\"center\" border=\"3\" cellpadding=\"1\" cellspacing=\"1\" style=\"width:700px\">\n<tbody>\n<tr>\n<td class=\"rtecenter\"><strong>2018<\/strong><\/td>\n<\/tr>\n<\/tbody>\n<\/table>\n<p><strong>T\u00edtulo: \u201cLa mirada psicomotriz que observa, la actitud del adulto que acompa\u00f1a\u201d.<\/strong><\/p>\n<p dir=\"ltr\">Ponente: Montserrat Anton.<\/p>\n<p dir=\"ltr\">Tipo&nbsp;de ponencia: Conferencia.<\/p>\n<p dir=\"ltr\">Organizador: Federaci\u00f3n de Asociaciones de Psicomotricistas del Estado Espa\u00f1ol (FAPee).<\/p>\n<p dir=\"ltr\">Congreso: VI Congreso Estatal de Psicomotricidad \u201cPsicomotricidad: M\u00e1s vale prevenir\u201d.&nbsp;<\/p>\n<p dir=\"ltr\">Lugar: Facultad de Enfermer\u00eda, Fisioterapia y Podolog\u00eda de la Universidad Complutense de Madrid (Madrid).<\/p>\n<p dir=\"ltr\">Fecha: 17 de noviembre del 2018.<\/p>\n<p dir=\"ltr\">Duraci\u00f3n: 90 minutos.<\/p>\n<p dir=\"ltr\"><strong>&nbsp;<\/strong><\/p>\n<p dir=\"ltr\"><strong>&nbsp;<\/strong><\/p>\n<p dir=\"ltr\"><strong>T\u00edtulo: \u201cEl joc espontani, una altra mirada\u201d.<\/strong><\/p>\n<p dir=\"ltr\">Ponente: Josep Rota<\/p>\n<p dir=\"ltr\">Tipo&nbsp;de ponencia: Mesa Redonda.<\/p>\n<p dir=\"ltr\">Organizador: Institut de Ci\u00e8ncies de l\u2019Educaci\u00f3 UdG i Associaci\u00f3 de Psicomotricistes de Girona.<\/p>\n<p dir=\"ltr\">Jornadas: II Jornada de Psicomotricitat: el joc espontani, una altra mirada.&nbsp;<\/p>\n<p dir=\"ltr\">Lugar: Centre C\u00edvic Pont Major (Girona).<\/p>\n<p dir=\"ltr\">Fecha: 10 de noviembre del 2018.<\/p>\n<p dir=\"ltr\">Duraci\u00f3n: 120 minutos.<\/p>\n<p dir=\"ltr\">&nbsp;<\/p>\n<p dir=\"ltr\"><strong>&nbsp;<\/strong><\/p>\n<p dir=\"ltr\"><strong>T\u00edtulo: \u201cEl rol del adulto seg\u00fan la psicomotricidad\u201d.<\/strong><\/p>\n<p dir=\"ltr\">Ponente: Josep Rota.<\/p>\n<p dir=\"ltr\">Tipo&nbsp;de ponencia: Confererncia.<\/p>\n<p dir=\"ltr\">Organizador: Federaci\u00f3n de Asociaciones de Psicomotricistas del Estado Espa\u00f1ol (FAPee).<\/p>\n<p dir=\"ltr\">Jornadas: II Jornada FAPee \u201cPsicomotricidad y Pikler: \u00bfJuntos pero no revueltos?\u201d.&nbsp;<\/p>\n<p dir=\"ltr\">Lugar: Ateneu l\u2019Harmonia (Barcelona).<\/p>\n<p dir=\"ltr\">Fecha: 16 de septiembre del 2018.<\/p>\n<p dir=\"ltr\">Duraci\u00f3n: 60 minutos.<\/p>\n<p dir=\"ltr\"><strong>&nbsp;<\/strong><\/p>\n<p dir=\"ltr\">&nbsp;<\/p>\n<p dir=\"ltr\"><strong>T\u00edtulo: \u201cMoure\u2019s per transformar i aprendre\u201d.<\/strong><\/p>\n<p dir=\"ltr\">Ponente: Lurdes Mart\u00ednez.<\/p>\n<p dir=\"ltr\">Tipo&nbsp;de ponencia: Conferencia.<\/p>\n<p dir=\"ltr\">Organizador: Institut de Ci\u00e8ncies de l\u2019Educaci\u00f3 UdG, Facultat d\u2019Educaci\u00f3 i Psicologia de la UdG y&nbsp;l\u2019Ajuntament de Girona.<\/p>\n<p dir=\"ltr\">Jornadas: IX Jornada 0-6 \u201cCr\u00e9ixer en moviment\u201d.&nbsp;<\/p>\n<p dir=\"ltr\">Lugar: Centre Cultural la Merc\u00e8 (Girona).<\/p>\n<p dir=\"ltr\">Fecha: 11 de mayo&nbsp;del 2018.<\/p>\n<p dir=\"ltr\">Duraci\u00f3n: 105 minutos.<\/p>\n<p dir=\"ltr\">Actas de las Jornadas: <a href=\"https:\/\/www.udg.edu\/ca\/Portals\/53\/OpenContent\/Files\/12806\/Document%20IX%20Jornada%200-6_creixerenmoviment.pdf\">https:\/\/www.udg.edu\/ca\/Portals\/53\/OpenContent\/Files\/12806\/Document%20IX%20Jornada%200-6_creixerenmoviment.pdf<\/a><\/p>\n<p dir=\"ltr\"><strong>&nbsp;<\/strong><\/p>\n<p dir=\"ltr\"><strong>&nbsp;<\/strong><\/p>\n<p dir=\"ltr\"><strong>T\u00edtulo: \u201cEls camins de la psicomotricitat educativa, un trajecte sempre obert\u201d.<\/strong><\/p>\n<p dir=\"ltr\">Ponentes: Montse Anton y&nbsp;Josep Rota.<\/p>\n<p dir=\"ltr\">Tipo&nbsp;de ponencia: Conversaci\u00f3n.<\/p>\n<p dir=\"ltr\">Organizador: Grup de Recerca en Educaci\u00f3 Psicomotriu (2017-SGR-137).<\/p>\n<p dir=\"ltr\">Jornadas: IX Jornades de Reflexi\u00f3 i Recerca: Psicomotricitat i Escola \u201cEls espais\u201d.<\/p>\n<p dir=\"ltr\">Lugar: Facultat Ci\u00e8ncies de l\u2019Educaci\u00f3 de la Universitat Aut\u00f2noma de Barcelona (Bellaterra).<\/p>\n<p dir=\"ltr\">Fecha: 3 de marzo&nbsp;del 2018.<\/p>\n<p dir=\"ltr\">Duraci\u00f3n: 1 hora.<\/p>\n<p>\n&nbsp;<\/p>\n<table align=\"center\" border=\"3\" cellpadding=\"1\" cellspacing=\"1\" style=\"width:700px\">\n<tbody>\n<tr>\n<td class=\"rtecenter\"><strong>2017<\/strong><\/td>\n<\/tr>\n<\/tbody>\n<\/table>\n<p><strong>&nbsp;T\u00edtulo: \u201cEl moviment a l\u2019escola\u201d.<\/strong><\/p>\n<p dir=\"ltr\">Ponentes: Xavi Forcadell (el moviment des de l\u2019Educaci\u00f3 F\u00edsica), Josep Rota (el moviment des de la psicomotricitat), Teresa Godall (el moviment des de L\u00f3ckzy) y&nbsp;Lurdes Mart\u00ednez (el moviment des de la formaci\u00f3 dels mestres i psicomotricistes).<\/p>\n<p dir=\"ltr\">Tipo&nbsp;de ponencia: Mesa&nbsp;Redonda.<\/p>\n<p dir=\"ltr\">Organizador: Grup de Recerca en Educaci\u00f3 Psicomotriu (2017-SGR-137).<\/p>\n<p dir=\"ltr\">Jornadas: VIII Jornades de Reflexi\u00f3 i Recerca: Psicomotricitat i Escola \u201cEl moviment\u201d.<\/p>\n<p dir=\"ltr\">Lugar: Facultat Ci\u00e8ncies de l\u2019Educaci\u00f3 de la Universitat Aut\u00f2noma de Barcelona (Bellaterra).<\/p>\n<p dir=\"ltr\">Fecha: 28 de febrero del 2016.<\/p>\n<p dir=\"ltr\">Duraci\u00f3n: 1 hora y&nbsp;45 minutos.<\/p>\n<p>\n&nbsp;<\/p>\n<table align=\"center\" border=\"3\" cellpadding=\"1\" cellspacing=\"1\" style=\"width:700px\">\n<tbody>\n<tr>\n<td class=\"rtecenter\"><strong>2014<\/strong><\/td>\n<\/tr>\n<\/tbody>\n<\/table>\n<p dir=\"ltr\"><strong>T\u00edtulo: \u201cReconocimiento de la profesi\u00f3n\u201d.<\/strong><\/p>\n<p dir=\"ltr\">Ponente: Montserrat Anton.<\/p>\n<p dir=\"ltr\">Tipo&nbsp;de ponencia: Mesa redonda.<\/p>\n<p dir=\"ltr\">Organizador: Federaci\u00f3n de Asociaciones de Psicomotricistas del Estado Espa\u00f1ol (FAPee).<\/p>\n<p dir=\"ltr\">Congreso: V Congreso Estatal de Psicomotricidad \u201cEl Cuerpo de la Psicomotricidad\u201d.&nbsp;<\/p>\n<p dir=\"ltr\">Lugar: Universidad de la Laguna (Tenerife).<\/p>\n<p dir=\"ltr\">Fecha: 8 de noviembre del 2014.<\/p>\n<p dir=\"ltr\">Duraci\u00f3n: 60 minutos.<\/p>\n<p dir=\"ltr\">&nbsp;<\/p>\n<p dir=\"ltr\"><strong>&nbsp;<\/strong><\/p>\n<p dir=\"ltr\"><strong>T\u00edtulo: \u201cLa psicomotricitat en el curr\u00edculum\u201d.<\/strong><\/p>\n<p dir=\"ltr\">Ponente: Josep Rota.<\/p>\n<p dir=\"ltr\">Tipo&nbsp;de ponencia: Confer\u00e8ncia.<\/p>\n<p dir=\"ltr\">Organizador: Grup de Recerca en Educaci\u00f3 Psicomotriu (2014-SGR-1662).<\/p>\n<p dir=\"ltr\">Jornadas: VII Jornades de Reflexi\u00f3 i Recerca: Psicomotricitat i Escola \u201cPsicomotricitat, Escola i Curr\u00edculum\u201d.<\/p>\n<p dir=\"ltr\">Lugar: Facultat Ci\u00e8ncies de l\u2019Educaci\u00f3 de la Universitat Aut\u00f2noma de Barcelona (Bellaterra).<\/p>\n<p dir=\"ltr\">Fecha: 8 de marzo&nbsp;del 2014.<\/p>\n<p dir=\"ltr\">Duraci\u00f3n: 1 hora.<\/p>\n<p dir=\"ltr\">&nbsp;<\/p>\n<table align=\"center\" border=\"3\" cellpadding=\"1\" cellspacing=\"1\" style=\"width:700px\">\n<tbody>\n<tr>\n<td class=\"rtecenter\"><strong>2006<\/strong><\/td>\n<\/tr>\n<\/tbody>\n<\/table>\n<p><strong>T\u00edtulo: \u201cCerteses i interrogants sobre la psicomotricitat\u201d.<\/strong><\/p>\n<p dir=\"ltr\">Ponente: Josep Rota.<\/p>\n<p dir=\"ltr\">Tipo&nbsp;de ponencia: Conferencia.<\/p>\n<p dir=\"ltr\">Organizador: Grup de Recerca en Desenvolupament Psicomotor de la UAB (1390).<\/p>\n<p dir=\"ltr\">Jornadas: III Jornades de Reflexi\u00f3 i Recerca: Psicomotricitat i Escola \u201cEl cos\u201d<\/p>\n<p dir=\"ltr\">Lugar: Facultat Ci\u00e8ncies de l\u2019Educaci\u00f3 de la Universitat Aut\u00f2noma de Barcelona (Bellaterra).<\/p>\n<p dir=\"ltr\">Fecha: 27 de marzo&nbsp;del 2006.<\/p>\n<p dir=\"ltr\">Duraci\u00f3n: 1 hora.<\/p>\n<p>\n&nbsp;<\/p>\n<table align=\"center\" border=\"3\" cellpadding=\"1\" cellspacing=\"1\" style=\"width:700px\">\n<tbody>\n<tr>\n<td class=\"rtecenter\"><strong>2004<\/strong><\/td>\n<\/tr>\n<\/tbody>\n<\/table>\n<p><strong>T\u00edtulo: \u201cInfants petits, reptes grans\u201d.<\/strong><\/p>\n<p dir=\"ltr\">Formadora: Montserrat Anton.<\/p>\n<p dir=\"ltr\">Tipo&nbsp;de ponencia: Conferencia.<\/p>\n<p dir=\"ltr\">Organizador: Grup de Recerca en Psicomotricitat de la UAB.<\/p>\n<p dir=\"ltr\">Jornadas: II Jornades de Reflexi\u00f3 i Recerca: Psicomotricitat i Escola.<\/p>\n<p dir=\"ltr\">Lugar: Facultat Ci\u00e8ncies de l\u2019Educaci\u00f3 de la Universitat Aut\u00f2noma de Barcelona (Bellaterra).<\/p>\n<p dir=\"ltr\">Fecha: 27 de marzo&nbsp;del 2004.<\/p>\n<p dir=\"ltr\">Duraci\u00f3n: 1 hora.<\/p>\n<p style=\"text-align:center\"><img loading=\"lazy\" decoding=\"async\" alt=\"\" height=\"382\" src=\"https:\/\/lh5.googleusercontent.com\/yhK0k9p5rPtS_E2xKVx9L-uCd5rdJOr1pnwkNnprBF5mRAo8nBURPsOVRHkcYEjLY-TWsHGrFUXB2YVkNMKLicwb7dWglrbG5twINfRSyhFJqV6WUdXA-oiQHE5-Iw\" width=\"573\" \/><\/p>\n<div>&nbsp;<\/div>\n","protected":false},"excerpt":{"rendered":"<p>Los miembros del GREP participan como ponentes en conferencias, mesas redondas y conversaciones relacionadas con la educaci\u00f3n psicomotriz a nivel estatal y auton\u00f3mico. Estas han sido algunas de nuestras participaciones como ponentes: 2020 T\u00edtulo: \u201cEspais d\u2019aprenentatge, el joc, la psicomotricitat i el paper de l\u2019adult a l\u2019Escola \u00cdtaca de Manresa\u201d Ponentes: Eva Bru i Elena [&hellip;]<\/p>\n","protected":false},"author":20,"featured_media":0,"parent":0,"menu_order":0,"comment_status":"closed","ping_status":"closed","template":"","meta":{"footnotes":""},"class_list":["post-274","page","type-page","status-publish","hentry"],"_links":{"self":[{"href":"https:\/\/webs.uab.cat\/grepuab\/es\/wp-json\/wp\/v2\/pages\/274","targetHints":{"allow":["GET"]}}],"collection":[{"href":"https:\/\/webs.uab.cat\/grepuab\/es\/wp-json\/wp\/v2\/pages"}],"about":[{"href":"https:\/\/webs.uab.cat\/grepuab\/es\/wp-json\/wp\/v2\/types\/page"}],"author":[{"embeddable":true,"href":"https:\/\/webs.uab.cat\/grepuab\/es\/wp-json\/wp\/v2\/users\/20"}],"replies":[{"embeddable":true,"href":"https:\/\/webs.uab.cat\/grepuab\/es\/wp-json\/wp\/v2\/comments?post=274"}],"version-history":[{"count":0,"href":"https:\/\/webs.uab.cat\/grepuab\/es\/wp-json\/wp\/v2\/pages\/274\/revisions"}],"wp:attachment":[{"href":"https:\/\/webs.uab.cat\/grepuab\/es\/wp-json\/wp\/v2\/media?parent=274"}],"curies":[{"name":"wp","href":"https:\/\/api.w.org\/{rel}","templated":true}]}}