{"id":280,"date":"2017-04-06T00:18:43","date_gmt":"2017-04-05T22:18:43","guid":{"rendered":"https:\/\/webs.uab.cat\/grepuab\/noticias-del-grep\/"},"modified":"2024-04-09T12:29:30","modified_gmt":"2024-04-09T10:29:30","slug":"noticias-del-grep","status":"publish","type":"page","link":"https:\/\/webs.uab.cat\/grepuab\/es\/noticias-del-grep\/","title":{"rendered":"Noticias del GREP"},"content":{"rendered":"<p style=\"text-align: center\">Las \u00faltimas noticias m\u00e1s actuales las encontrar\u00e1 en la p\u00e1gina inicial: <a href=\"https:\/\/webs.uab.cat\/grepuab\/\"><strong>https:\/\/webs.uab.cat\/grepuab\/<\/strong><\/a><\/p>\n<p>Esperamos que os sea\u00a0de\u00a0inter\u00e9s y encuentreis\u00a0f\u00e1cilmente aquello que necesiteis.<\/p>\n<p>\u00a0<\/p>\n\n\n<p><\/p>\n","protected":false},"excerpt":{"rendered":"<p>Las \u00faltimas noticias m\u00e1s actuales las encontrar\u00e1 en la p\u00e1gina inicial: https:\/\/webs.uab.cat\/grepuab\/ Esperamos que os sea\u00a0de\u00a0inter\u00e9s y encuentreis\u00a0f\u00e1cilmente aquello que necesiteis. \u00a0<\/p>\n","protected":false},"author":20,"featured_media":0,"parent":0,"menu_order":0,"comment_status":"closed","ping_status":"closed","template":"","meta":{"footnotes":""},"class_list":["post-280","page","type-page","status-publish","hentry"],"_links":{"self":[{"href":"https:\/\/webs.uab.cat\/grepuab\/es\/wp-json\/wp\/v2\/pages\/280","targetHints":{"allow":["GET"]}}],"collection":[{"href":"https:\/\/webs.uab.cat\/grepuab\/es\/wp-json\/wp\/v2\/pages"}],"about":[{"href":"https:\/\/webs.uab.cat\/grepuab\/es\/wp-json\/wp\/v2\/types\/page"}],"author":[{"embeddable":true,"href":"https:\/\/webs.uab.cat\/grepuab\/es\/wp-json\/wp\/v2\/users\/20"}],"replies":[{"embeddable":true,"href":"https:\/\/webs.uab.cat\/grepuab\/es\/wp-json\/wp\/v2\/comments?post=280"}],"version-history":[{"count":1,"href":"https:\/\/webs.uab.cat\/grepuab\/es\/wp-json\/wp\/v2\/pages\/280\/revisions"}],"predecessor-version":[{"id":1741,"href":"https:\/\/webs.uab.cat\/grepuab\/es\/wp-json\/wp\/v2\/pages\/280\/revisions\/1741"}],"wp:attachment":[{"href":"https:\/\/webs.uab.cat\/grepuab\/es\/wp-json\/wp\/v2\/media?parent=280"}],"curies":[{"name":"wp","href":"https:\/\/api.w.org\/{rel}","templated":true}]}}