{"id":283,"date":"2017-04-06T00:30:09","date_gmt":"2017-04-05T22:30:09","guid":{"rendered":"https:\/\/webs.uab.cat\/grepuab\/redes-sociales\/"},"modified":"2017-04-06T00:30:09","modified_gmt":"2017-04-05T22:30:09","slug":"redes-sociales","status":"publish","type":"page","link":"https:\/\/webs.uab.cat\/grepuab\/es\/redes-sociales\/","title":{"rendered":"Redes Sociales"},"content":{"rendered":"<p>El GREP utiliza tres vias de comunicaci\u00f3n principales&nbsp;a trav\u00e9s de las&nbsp;redes sociales.<\/p>\n<p>Siguenos en&#8230;<\/p>\n<p class=\"rtecenter\">&nbsp;<\/p>\n<p class=\"rtecenter\"><strong><a href=\"https:\/\/twitter.com\/grep_uab?lang=ca\"><img loading=\"lazy\" decoding=\"async\" alt=\"\" height=\"212\" src=\"https:\/\/lh5.googleusercontent.com\/RDIxfHwetVFZbNiuEvopgL4fC0bKayBfmWhxUlLClDNPd4EETtIHYQVaWDxwDJzt8-Y-c-d3zMBkgAIt8Y90ZBNy6UrhNAvzDGAAF5_hm-mOD3WubuV1WfTI2lVi-Q\" width=\"212\" \/><\/a><\/strong><\/p>\n<p class=\"rtecenter\"><strong>@GREP_UAB <\/strong><\/p>\n<p class=\"rtecenter\">&nbsp;<\/p>\n<p class=\"rtecenter\">&nbsp;<\/p>\n<p class=\"rtecenter\">&nbsp;<\/p>\n<p class=\"rtecenter\">&nbsp;<\/p>\n<p class=\"rtecenter\"><strong><a href=\"https:\/\/www.facebook.com\/pg\/Grup-de-Recerca-en-Educaci%C3%B3-Psicomotriu-UAB-452735644896372\/posts\/\"><img loading=\"lazy\" decoding=\"async\" alt=\"\" height=\"178\" src=\"https:\/\/lh4.googleusercontent.com\/GW_H1PI8wJtaa8QU-e_aW06y77mcJ06gg-X5CR6jsy4uwOhz6lVxCsXajMvATLSe_kiB61Qrv9VhxzOCE6K-J6t3UWFkIUEJfjNZAx-rv8CiSvt_TkvZc6VaDFyxLg\" width=\"178\" \/><\/a><\/strong><\/p>\n<p class=\"rtecenter\"><strong>Grup Recerca Educaci\u00f3 Psicomotriu UAB <\/strong><\/p>\n<p class=\"rtecenter\">&nbsp;<\/p>\n<p class=\"rtecenter\">&nbsp;<\/p>\n<p class=\"rtecenter\">&nbsp;<\/p>\n<p class=\"rtecenter\">&nbsp;<\/p>\n<p class=\"rtecenter\"><strong><img loading=\"lazy\" decoding=\"async\" alt=\"\" height=\"198\" src=\"https:\/\/lh4.googleusercontent.com\/vYFBMbkFk4ifBXRXEnGHIokZtPaf36MifvrrkZOeB5vySBVaWbwD6v2thEy6Uw3-giUH2lbC_LWk1oS5S6TigxQuGvItNdZCPlw8kNT9k54vAXCYDrVZOTt7zQdUjg\" width=\"198\" \/><\/strong><\/p>\n<p class=\"rtecenter\"><strong>@GREP_UAB<\/strong><\/p>\n<p class=\"rtecenter\">&nbsp;<\/p>\n<p class=\"rtecenter\">&nbsp;<\/p>\n","protected":false},"excerpt":{"rendered":"<p>El GREP utiliza tres vias de comunicaci\u00f3n principales&nbsp;a trav\u00e9s de las&nbsp;redes sociales. Siguenos en&#8230; &nbsp; @GREP_UAB &nbsp; &nbsp; &nbsp; &nbsp; Grup Recerca Educaci\u00f3 Psicomotriu UAB &nbsp; &nbsp; &nbsp; &nbsp; @GREP_UAB &nbsp; &nbsp;<\/p>\n","protected":false},"author":20,"featured_media":0,"parent":0,"menu_order":0,"comment_status":"closed","ping_status":"closed","template":"","meta":{"footnotes":""},"class_list":["post-283","page","type-page","status-publish","hentry"],"_links":{"self":[{"href":"https:\/\/webs.uab.cat\/grepuab\/es\/wp-json\/wp\/v2\/pages\/283","targetHints":{"allow":["GET"]}}],"collection":[{"href":"https:\/\/webs.uab.cat\/grepuab\/es\/wp-json\/wp\/v2\/pages"}],"about":[{"href":"https:\/\/webs.uab.cat\/grepuab\/es\/wp-json\/wp\/v2\/types\/page"}],"author":[{"embeddable":true,"href":"https:\/\/webs.uab.cat\/grepuab\/es\/wp-json\/wp\/v2\/users\/20"}],"replies":[{"embeddable":true,"href":"https:\/\/webs.uab.cat\/grepuab\/es\/wp-json\/wp\/v2\/comments?post=283"}],"version-history":[{"count":0,"href":"https:\/\/webs.uab.cat\/grepuab\/es\/wp-json\/wp\/v2\/pages\/283\/revisions"}],"wp:attachment":[{"href":"https:\/\/webs.uab.cat\/grepuab\/es\/wp-json\/wp\/v2\/media?parent=283"}],"curies":[{"name":"wp","href":"https:\/\/api.w.org\/{rel}","templated":true}]}}