{"id":304,"date":"2017-04-23T12:07:18","date_gmt":"2017-04-23T10:07:18","guid":{"rendered":"https:\/\/webs.uab.cat\/grepuab\/proyectos\/"},"modified":"2023-07-29T04:04:22","modified_gmt":"2023-07-29T02:04:22","slug":"proyectos","status":"publish","type":"page","link":"https:\/\/webs.uab.cat\/grepuab\/es\/proyectos\/","title":{"rendered":"Proyectos"},"content":{"rendered":"<p>T\u00edtulo del proyecto: Aprendizaje Basado en la Investigaci\u00f3n (ABI). Un modelo de aprendizaje secuencial en las asignaturas de grado de la Facultad de Ciencias de la Educaci\u00f3n.<\/p>\n<p>Proyecto concedido a la convocatoria del Programa Interno de Mejora e Innovaci\u00f3n Docente 2022, de la Facultad de Ciencias de la Educaci\u00f3n de la Universidad Aut\u00f3noma de Barcelona.<\/p>\n<p>Periodo de 11 meses. Importe otorgado: 1000 \u20ac. Investigadora principal: Dra. Mercedes Jariot Garcia. N\u00ba investigadoras: 15.<\/p>\n<p>\u00a0<\/p>\n<p>\u00a0<\/p>\n<p>T\u00edtulo del proyecto: La integraci\u00f3n de la investigaci\u00f3n en la docencia en los grados de Educaci\u00f3n en la Facultad: diagnosis y estrategias de acci\u00f3n.<\/p>\n<p>Proyecto concedido en la convocatoria del Programa Interno de Mejora e Innovaci\u00f3n Docente 2021, de la Facultad de Ciencias de la Educaci\u00f3n de la Universidad Aut\u00f3noma de Barcelona.<\/p>\n<p>Periodo de 5 meses. Importe otorgado: 2.000 \u20ac. Investigadora principal: Dra. Laura Arnau Zapatos. N\u00ba investigadoras: 14.<\/p>\n<p>\u00a0<\/p>\n<p>\u00a0<\/p>\n<p>T\u00edtulo del proyecto: Proyecto de innovaci\u00f3n OQD- La interacci\u00f3n docencia-investigaci\u00f3n: aplicaci\u00f3n del aprendizaje basado en la investigaci\u00f3n en los grados de educaci\u00f3n. Periodo: de 1\/9\/21 a 1\/11\/22. Importe otorgado: 720\u20ac. Investigadora principal: Dra. Laura Arnau Zapatos. N\u00ba investigadoras: 16.<\/p>\n<p>\u00a0<\/p>\n<p>T\u00edtulo del proyecto: Impulsar la colaboraci\u00f3n entre las asignaturas obligatorias de 4\u00ba del Grado en Educaci\u00f3n Infantil para trabajar de forma interdisciplinaria y por proyectos cercanos a la realidad de la escuela infantil.<\/p>\n<p>Proyecto concedido a la convocatoria del Programa Interno de Mejorar e Innovaci\u00f3n Docente 2021, de la Facultad de Ciencias de la Educaci\u00f3n de la Universidad Aut\u00f3noma de Barcelona.<\/p>\n<p>Resoluci\u00f3n de 27 de junio de 2021. De 7 meses de duraci\u00f3n. Importe otorgado: 2.000\u20ac. Investigadora principal: Dra. J\u00e9sica P\u00e9rez Moreno. N\u00ba investigadores: 10.<\/p>\n<p>\u00a0<\/p>\n<p>\u00a0<\/p>\n<p>T\u00edtulo del proyecto: Poner en marcha el Laboratorio de Infantil dot\u00e1ndolo de material did\u00e1ctico y manipulativo innovador para mejorar la docencia de diferentes asignaturas y \u00e1reas de conocimiento del Grado en Educaci\u00f3n Infantil.<\/p>\n<p>Proyecto concedido a la convocatoria del Programa Interno de Mejorar e Innovaci\u00f3n Docente 2019, de la Facultad de Ciencias de la Educaci\u00f3n de la Universidad Aut\u00f3noma de Barcelona. Resoluci\u00f3n de 27 de mayo de 2019<\/p>\n<p>De 7 meses de duraci\u00f3n. Importe otorgado: 2.000 \u20ac. Investigadora principal: Dra. Lurdes Mart\u00ednez M\u00ednguez. N\u00ba investigadores: 13.<\/p>\n<p>\u00a0<\/p>\n<p>T\u00edtulo del proyecto: Laboratorio de Infantil.<\/p>\n<p>Proyecto concedido a la convocatoria del Programa Interno de\u00a0 Mejorar e Innovaci\u00f3n Docente 2018, de la Facultad de Ciencias de la Educaci\u00f3n de la Universidad Aut\u00f3noma de Barcelona. Resoluci\u00f3n de 24 de julio de 2018.<\/p>\n<p>De 5 meses de duraci\u00f3n. Importe otorgado: 2.500 \u20ac. Investigadora principal: Dra. Silvia Blanch Gelabert. N\u00ba investigadores: 9.<\/p>\n<p>\u00a0<\/p>\n<p>\u00a0<\/p>\n<p>T\u00edtulo del proyecto: Evaluaci\u00f3n formativa, metodolog\u00edas activas y desarrollo de<br \/>competencias profesionales en la formaci\u00f3n inicial del Maestro de Educaci\u00f3n Infantil y de Educaci\u00f3n F\u00edsica frente al EEES. An\u00e1lisis de las asignaturas impartidas por el profesorado de la Unidad de Educaci\u00f3n Corporal de la Universidad Aut\u00f3noma de Barcelona.<\/p>\n<p>Convocatoria de Ayudas para la financiaci\u00f3n de proyectos para la mejora de la calidad docente en las universidades catalanas del a\u00f1o 2010 (MQD) de la Agencia de Gesti\u00f3n de Ayudas Universitarias y de Investigaci\u00f3n (AGAUR). Resoluci\u00f3n IUE\/2797\/2010, de 2 de agosto (DOGC n\u00fam. 5708-6.9.2010). Referencia: 2010 MQD 117.<\/p>\n\n\n<div class=\"wp-block-columns is-layout-flex wp-container-core-columns-is-layout-9d6595d7 wp-block-columns-is-layout-flex\"><\/div>\n","protected":false},"excerpt":{"rendered":"<p>T\u00edtulo del proyecto: Aprendizaje Basado en la Investigaci\u00f3n (ABI). Un modelo de aprendizaje secuencial en las asignaturas de grado de la Facultad de Ciencias de la Educaci\u00f3n. Proyecto concedido a la convocatoria del Programa Interno de Mejora e Innovaci\u00f3n Docente 2022, de la Facultad de Ciencias de la Educaci\u00f3n de la Universidad Aut\u00f3noma de Barcelona. [&hellip;]<\/p>\n","protected":false},"author":20,"featured_media":0,"parent":0,"menu_order":5,"comment_status":"closed","ping_status":"closed","template":"","meta":{"footnotes":""},"class_list":["post-304","page","type-page","status-publish","hentry"],"_links":{"self":[{"href":"https:\/\/webs.uab.cat\/grepuab\/es\/wp-json\/wp\/v2\/pages\/304","targetHints":{"allow":["GET"]}}],"collection":[{"href":"https:\/\/webs.uab.cat\/grepuab\/es\/wp-json\/wp\/v2\/pages"}],"about":[{"href":"https:\/\/webs.uab.cat\/grepuab\/es\/wp-json\/wp\/v2\/types\/page"}],"author":[{"embeddable":true,"href":"https:\/\/webs.uab.cat\/grepuab\/es\/wp-json\/wp\/v2\/users\/20"}],"replies":[{"embeddable":true,"href":"https:\/\/webs.uab.cat\/grepuab\/es\/wp-json\/wp\/v2\/comments?post=304"}],"version-history":[{"count":5,"href":"https:\/\/webs.uab.cat\/grepuab\/es\/wp-json\/wp\/v2\/pages\/304\/revisions"}],"predecessor-version":[{"id":1325,"href":"https:\/\/webs.uab.cat\/grepuab\/es\/wp-json\/wp\/v2\/pages\/304\/revisions\/1325"}],"wp:attachment":[{"href":"https:\/\/webs.uab.cat\/grepuab\/es\/wp-json\/wp\/v2\/media?parent=304"}],"curies":[{"name":"wp","href":"https:\/\/api.w.org\/{rel}","templated":true}]}}