{"id":307,"date":"2017-04-23T12:10:22","date_gmt":"2017-04-23T10:10:22","guid":{"rendered":"https:\/\/webs.uab.cat\/grepuab\/asesoramientos-0\/"},"modified":"2017-04-23T12:10:22","modified_gmt":"2017-04-23T10:10:22","slug":"asesoramientos-0","status":"publish","type":"page","link":"https:\/\/webs.uab.cat\/grepuab\/es\/asesoramientos-0\/","title":{"rendered":"Asesoramientos"},"content":{"rendered":"<p>&nbsp;<\/p>\n<table align=\"center\" border=\"3\" cellpadding=\"1\" cellspacing=\"1\" style=\"width:700px\">\n<tbody>\n<tr>\n<td class=\"rtecenter\"><strong>2017<\/strong><\/td>\n<\/tr>\n<\/tbody>\n<\/table>\n<p><strong>Ant\u00f3n, M.<\/strong> (Inicio 2017): Asesoramiento a Escuelas Infantiles Municipales de Cornell\u00e0 y L&#8217;Hospitalet de Llobregat por encargo de la Diputaci\u00f3n de Barcelona.<\/p>\n<p><strong>Moya, L.<\/strong> (2017): Asesoramiento \u00abPsicomotricidad 0-3 a\u00f1os\u00bb. CFA Andreu Castells de Sabadell.<\/p>\n<p><strong>P\u00e9rez, M.<\/strong> (2017): Asesoramiento \u00abPsicomotricidad 0-3 a\u00f1os\u00bb. Escoles Bressol de la Fundaci\u00f3n Pere Tarr\u00e9s.<\/p>\n<p>&nbsp;<\/p>\n<p>&nbsp;<\/p>\n<table align=\"center\" border=\"3\" cellpadding=\"1\" cellspacing=\"1\" style=\"width:700px\">\n<tbody>\n<tr>\n<td class=\"rtecenter\"><strong>2016<\/strong><\/td>\n<\/tr>\n<\/tbody>\n<\/table>\n<p><strong>Ant\u00f3n, M.<\/strong> (inicio 2016): Asesoramiento en el Instituto Municipal de Educaci\u00f3n de Barcelona en el proyecto \u00abImpulsem&nbsp;la petita Inf\u00e0ncia\u00bb.<\/p>\n<p><strong>Ant\u00f3n, M.<\/strong> (2016-2017): Asesoramiento a Escuelas de educaci\u00f3n Infantil y Primaria: en la escuela Carlit de Barcelona y en la escuela Mestral de Sant Feliu de Llobregat.<\/p>\n<p><strong>P\u00e9rez, M. <\/strong>(2017): Asesoramiento \u00abPsicomotricidad 0-3 a\u00f1os\u00bb. Escoles Bressol de la Fundaci\u00f3n Pere Tarr\u00e9s.<\/p>\n<p>&nbsp;<\/p>\n<p>&nbsp;<\/p>\n<table align=\"center\" border=\"3\" cellpadding=\"1\" cellspacing=\"1\" style=\"width:700px\">\n<tbody>\n<tr>\n<td class=\"rtecenter\"><strong>2014<\/strong><\/td>\n<\/tr>\n<\/tbody>\n<\/table>\n<p><strong>Ant\u00f3n, M.<\/strong> (2014): Conferencia inaugural en el Ayuntamiento de Collbat\u00f3 del curso: \u00abLa formaci\u00f3n de los profesionales de la Educaci\u00f3n, de d\u00f3nde venimos? \u00bfD\u00f3nde estamos? \u00bfHacia d\u00f3nde vamos?\u00bb<br \/>\n&nbsp;<\/p>\n<p><strong>P\u00e9rez, M<\/strong>. (2014): Asesoramiento \u00abPsicomotricidad y vida cotidiana 0-3 a\u00f1os\u00bb. Escuelas Municipales de Barbera del Vall\u00e9s.<\/p>\n","protected":false},"excerpt":{"rendered":"<p>&nbsp; 2017 Ant\u00f3n, M. (Inicio 2017): Asesoramiento a Escuelas Infantiles Municipales de Cornell\u00e0 y L&#8217;Hospitalet de Llobregat por encargo de la Diputaci\u00f3n de Barcelona. Moya, L. (2017): Asesoramiento \u00abPsicomotricidad 0-3 a\u00f1os\u00bb. CFA Andreu Castells de Sabadell. P\u00e9rez, M. (2017): Asesoramiento \u00abPsicomotricidad 0-3 a\u00f1os\u00bb. Escoles Bressol de la Fundaci\u00f3n Pere Tarr\u00e9s. &nbsp; &nbsp; 2016 Ant\u00f3n, M. [&hellip;]<\/p>\n","protected":false},"author":20,"featured_media":0,"parent":0,"menu_order":0,"comment_status":"closed","ping_status":"closed","template":"","meta":{"footnotes":""},"class_list":["post-307","page","type-page","status-publish","hentry"],"_links":{"self":[{"href":"https:\/\/webs.uab.cat\/grepuab\/es\/wp-json\/wp\/v2\/pages\/307","targetHints":{"allow":["GET"]}}],"collection":[{"href":"https:\/\/webs.uab.cat\/grepuab\/es\/wp-json\/wp\/v2\/pages"}],"about":[{"href":"https:\/\/webs.uab.cat\/grepuab\/es\/wp-json\/wp\/v2\/types\/page"}],"author":[{"embeddable":true,"href":"https:\/\/webs.uab.cat\/grepuab\/es\/wp-json\/wp\/v2\/users\/20"}],"replies":[{"embeddable":true,"href":"https:\/\/webs.uab.cat\/grepuab\/es\/wp-json\/wp\/v2\/comments?post=307"}],"version-history":[{"count":0,"href":"https:\/\/webs.uab.cat\/grepuab\/es\/wp-json\/wp\/v2\/pages\/307\/revisions"}],"wp:attachment":[{"href":"https:\/\/webs.uab.cat\/grepuab\/es\/wp-json\/wp\/v2\/media?parent=307"}],"curies":[{"name":"wp","href":"https:\/\/api.w.org\/{rel}","templated":true}]}}