{"id":310,"date":"2017-06-12T19:51:12","date_gmt":"2017-06-12T17:51:12","guid":{"rendered":"https:\/\/webs.uab.cat\/grepuab\/escuelas-y-centros-colaboradores\/"},"modified":"2017-06-12T19:54:49","modified_gmt":"2017-06-12T17:54:49","slug":"escuelas-y-centros-colaboradores","status":"publish","type":"page","link":"https:\/\/webs.uab.cat\/grepuab\/es\/escuelas-y-centros-colaboradores\/","title":{"rendered":"Escuelas y Centros colaboradores"},"content":{"rendered":"<p>&nbsp;<\/p>\n<p>Uno de nuestros rasgos de identidad como grupo de investigaci\u00f3n es la colaboraci\u00f3n directa con escuelas y centros de Educaci\u00f3n Psicomotriz. Todos estos disponen de psicomotricistas formados\/as que nos abren las puertas de su sala de psicomotricidad.<\/p>\n<p>Conjuntamente con los\/las psicomotricistas y sus centros colaboramos tanto en el \u00e1mbito de la investigaci\u00f3n como en el de la formaci\u00f3n, acogiendo en pr\u00e1cticas a futuros\/as maestros de educaci\u00f3n infantil y psicomotricistas.<\/p>\n<p>&nbsp;<\/p>\n<p><strong>Listado&nbsp;de escuelas&nbsp;y&nbsp;centros colaboradores:<\/strong><\/p>\n<ul>\n<li><a href=\"http:\/\/www.escolaitaca.cat\/\">Escola \u00cdtaca de Manresa<\/a>.<\/li>\n<li><a href=\"https:\/\/agora.xtec.cat\/ceippaucasals\/\">Escola Pau Casals de Vacarisses.<\/a><\/li>\n<li><a href=\"http:\/\/www.escolamestrepla.com\/\">Escola Mestre Pla de Castellar del Vall\u00e8s.&nbsp;<\/a><\/li>\n<li><a href=\"https:\/\/agora.xtec.cat\/escolamossencinto\/\">Escola Moss\u00e8n Cinto Verdaguer de Rub\u00ed.<\/a><\/li>\n<li><a href=\"https:\/\/agora.xtec.cat\/esc-jmaragall-sabadell\/\">Escola Joan Maragall de Sabadell.<\/a><\/li>\n<li><a href=\"https:\/\/agora.xtec.cat\/esc-masboadella-sabadell\/\">Escola Mas Boadella de Sabadell.<\/a><\/li>\n<li><a href=\"https:\/\/agora.xtec.cat\/ceip-joaquim-blume\/\">CEIF Joaquin Blume de Sabadell.<\/a><\/li>\n<li><a href=\"http:\/\/educaentorn.diba.cat\/detall\/876\/espai-de-crianca?seu=08904\">\u201cEspai de crian\u00e7a 0-3\u201d de l\u2019Ajuntament de Badia del Vall\u00e8s.<\/a><\/li>\n<li><a href=\"https:\/\/agora.xtec.cat\/ceiptiana\/\">Escola Tiana de la Riba de Ripollet.<\/a><\/li>\n<li><a href=\"http:\/\/ebmturonet.progess.com\/\">EBM El Turonet de Cerdanyola del Vall\u00e8s.<\/a><\/li>\n<li><a href=\"https:\/\/agora.xtec.cat\/esc-carlit\/\">Escola Carlit de Barcelona.<\/a><\/li>\n<li><a href=\"http:\/\/www.betania-patmos.org\/\">Escola Bet\u00e0nia Patmos de Barcelona.<\/a><\/li>\n<li><a href=\"http:\/\/www.l-h.cat\/educacio\/261733_1.aspx\">Llar d\u2019Infants El Passeig d\u2019Hospitalet de Llobregat.<\/a><\/li>\n<li><a href=\"http:\/\/www.xtec.cat\/ebcanserra\/\">EBM Can Serra de Cardedeu.<\/a><\/li>\n<li><a href=\"https:\/\/agora.xtec.cat\/ceipcanmanent\/\">Escola Can Manent de Cardedeu.<\/a><\/li>\n<li><a href=\"https:\/\/mataro.escolapia.cat\/\">Escola Pia de Matar\u00f3.<\/a><\/li>\n<li><a href=\"https:\/\/blocs.xtec.cat\/eblespurna\/\">EBM L&#8217;Espurna de Sant Sadurn\u00ed d&#8217;Anoia.<\/a><\/li>\n<li><a href=\"http:\/\/www.vedrunagirona.org\/\">Escola Vedruna de Girona.<\/a><\/li>\n<li><a href=\"http:\/\/kairos-psicomotriu.com\/sessions-i-tallers\/animat-juga-amb-ells\/\">\u201cAnima\u2019t i Juga amb ells\u201d de Montcada i Reixac<\/a>.<\/li>\n<li><a href=\"https:\/\/www.lenoarmi.com\/\">Centre Lenoarmi&nbsp;de Barcelona<\/a>.<\/li>\n<li><a href=\"http:\/\/www.la-caseta.com\/\">La Caseta \u2013 Projecte Educatiu de Barcelona<\/a>.&nbsp;<\/li>\n<\/ul>\n<p>&nbsp;<\/p>\n<p>El GREP siempre est\u00e1 abierto a incorporar nuevas escuelas y centros de Educaci\u00f3n Psicomotriz en su red de centros colaboradores. Si est\u00e1s interesado\/a en formar parte escribe un correo electr\u00f3nico a:&nbsp;<a href=\"mailto:gr.educacio.psicomotriu@uab.cat\">gr.educacio.psicomotriu@uab.cat<\/a><\/p>\n<p>&nbsp;<\/p>\n<p>&nbsp;<\/p>\n","protected":false},"excerpt":{"rendered":"<p>&nbsp; Uno de nuestros rasgos de identidad como grupo de investigaci\u00f3n es la colaboraci\u00f3n directa con escuelas y centros de Educaci\u00f3n Psicomotriz. Todos estos disponen de psicomotricistas formados\/as que nos abren las puertas de su sala de psicomotricidad. Conjuntamente con los\/las psicomotricistas y sus centros colaboramos tanto en el \u00e1mbito de la investigaci\u00f3n como en [&hellip;]<\/p>\n","protected":false},"author":20,"featured_media":0,"parent":0,"menu_order":0,"comment_status":"closed","ping_status":"closed","template":"","meta":{"footnotes":""},"class_list":["post-310","page","type-page","status-publish","hentry"],"_links":{"self":[{"href":"https:\/\/webs.uab.cat\/grepuab\/es\/wp-json\/wp\/v2\/pages\/310","targetHints":{"allow":["GET"]}}],"collection":[{"href":"https:\/\/webs.uab.cat\/grepuab\/es\/wp-json\/wp\/v2\/pages"}],"about":[{"href":"https:\/\/webs.uab.cat\/grepuab\/es\/wp-json\/wp\/v2\/types\/page"}],"author":[{"embeddable":true,"href":"https:\/\/webs.uab.cat\/grepuab\/es\/wp-json\/wp\/v2\/users\/20"}],"replies":[{"embeddable":true,"href":"https:\/\/webs.uab.cat\/grepuab\/es\/wp-json\/wp\/v2\/comments?post=310"}],"version-history":[{"count":0,"href":"https:\/\/webs.uab.cat\/grepuab\/es\/wp-json\/wp\/v2\/pages\/310\/revisions"}],"wp:attachment":[{"href":"https:\/\/webs.uab.cat\/grepuab\/es\/wp-json\/wp\/v2\/media?parent=310"}],"curies":[{"name":"wp","href":"https:\/\/api.w.org\/{rel}","templated":true}]}}