{"id":334,"date":"2019-04-09T00:24:12","date_gmt":"2019-04-08T22:24:12","guid":{"rendered":"https:\/\/webs.uab.cat\/grepuab\/formacion\/"},"modified":"2019-04-09T00:24:12","modified_gmt":"2019-04-08T22:24:12","slug":"formacion","status":"publish","type":"page","link":"https:\/\/webs.uab.cat\/grepuab\/es\/formacion\/","title":{"rendered":"Formaci\u00f3n"},"content":{"rendered":"<p>En esta p\u00e1gina enconrar\u00e9is&nbsp;las&nbsp;formaciones&nbsp;en les cuales participamos en&nbsp;la Universidad&nbsp;Aut\u00f3noma de Barcelona.<\/p>\n","protected":false},"excerpt":{"rendered":"<p>En esta p\u00e1gina enconrar\u00e9is&nbsp;las&nbsp;formaciones&nbsp;en les cuales participamos en&nbsp;la Universidad&nbsp;Aut\u00f3noma de Barcelona.<\/p>\n","protected":false},"author":20,"featured_media":0,"parent":0,"menu_order":0,"comment_status":"closed","ping_status":"closed","template":"","meta":{"footnotes":""},"class_list":["post-334","page","type-page","status-publish","hentry"],"_links":{"self":[{"href":"https:\/\/webs.uab.cat\/grepuab\/es\/wp-json\/wp\/v2\/pages\/334","targetHints":{"allow":["GET"]}}],"collection":[{"href":"https:\/\/webs.uab.cat\/grepuab\/es\/wp-json\/wp\/v2\/pages"}],"about":[{"href":"https:\/\/webs.uab.cat\/grepuab\/es\/wp-json\/wp\/v2\/types\/page"}],"author":[{"embeddable":true,"href":"https:\/\/webs.uab.cat\/grepuab\/es\/wp-json\/wp\/v2\/users\/20"}],"replies":[{"embeddable":true,"href":"https:\/\/webs.uab.cat\/grepuab\/es\/wp-json\/wp\/v2\/comments?post=334"}],"version-history":[{"count":0,"href":"https:\/\/webs.uab.cat\/grepuab\/es\/wp-json\/wp\/v2\/pages\/334\/revisions"}],"wp:attachment":[{"href":"https:\/\/webs.uab.cat\/grepuab\/es\/wp-json\/wp\/v2\/media?parent=334"}],"curies":[{"name":"wp","href":"https:\/\/api.w.org\/{rel}","templated":true}]}}