{"id":336,"date":"2019-04-09T00:32:04","date_gmt":"2019-04-08T22:32:04","guid":{"rendered":"https:\/\/webs.uab.cat\/grepuab\/doctorado-en-educacion\/"},"modified":"2019-04-09T00:32:04","modified_gmt":"2019-04-08T22:32:04","slug":"doctorado-en-educacion","status":"publish","type":"page","link":"https:\/\/webs.uab.cat\/grepuab\/es\/doctorado-en-educacion\/","title":{"rendered":"Doctorado en Educaci\u00f3n"},"content":{"rendered":"<p>&nbsp;<\/p>\n<p>El profesorado doctor del Departamento de Did\u00e1ctica de la Expresi\u00f3n Musical, Pl\u00e1stica y Corporal de la Universidad Aut\u00f3noma de Barcelona (UAB) que forma parte del GREP UAB, dirige y \/ o tutoriza Tesis Doctorales relacionadas con la Psicomotricidad.<\/p>\n<p>La l\u00ednea de Investigaci\u00f3n en la que se enmarcan estas Tesis Doctorales es \u00abeducaci\u00f3n musical, pl\u00e1stica y corporal\u00bb del \u00c1mbito de Did\u00e1ctica Musical, Pl\u00e1stica y Corporal, que forma parte del Doctorado en Educaci\u00f3n de la UAB.<\/p>\n<p>Algunas de las l\u00edneas de investigaci\u00f3n que desarrollamos en las Tesis Doctorales que dirigimos y \/ o tutorizamos son:<\/p>\n<p>&#8211; Desarrollo psicomotor.<\/p>\n<p>&#8211; Educaci\u00f3n psicomotriz en los centros educativos.<\/p>\n<p>&#8211; Evaluaci\u00f3n de competencias, formaci\u00f3n y desarrollo profesional del psicomotricista.<\/p>\n<p>&#8211; Evaluaci\u00f3n de competencias, formaci\u00f3n y desarrollo profesional de maestros en el \u00e1mbito de la Psicomotricidad.<\/p>\n<p>&#8211; Corporeidad.<\/p>\n<p>De las tesis doctorales dirigidas por los miembros del GREP, actualmente se han le\u00eddo dos y se encuentran en curso 4 m\u00e1s. Todas ellas pretenden dar rigor cient\u00edfico a esta disciplina y puedan contribuir a su reconocimiento como profesi\u00f3n.<\/p>\n<p>&nbsp;<\/p>\n","protected":false},"excerpt":{"rendered":"<p>&nbsp; El profesorado doctor del Departamento de Did\u00e1ctica de la Expresi\u00f3n Musical, Pl\u00e1stica y Corporal de la Universidad Aut\u00f3noma de Barcelona (UAB) que forma parte del GREP UAB, dirige y \/ o tutoriza Tesis Doctorales relacionadas con la Psicomotricidad. La l\u00ednea de Investigaci\u00f3n en la que se enmarcan estas Tesis Doctorales es \u00abeducaci\u00f3n musical, pl\u00e1stica [&hellip;]<\/p>\n","protected":false},"author":20,"featured_media":0,"parent":0,"menu_order":0,"comment_status":"closed","ping_status":"closed","template":"","meta":{"footnotes":""},"class_list":["post-336","page","type-page","status-publish","hentry"],"_links":{"self":[{"href":"https:\/\/webs.uab.cat\/grepuab\/es\/wp-json\/wp\/v2\/pages\/336","targetHints":{"allow":["GET"]}}],"collection":[{"href":"https:\/\/webs.uab.cat\/grepuab\/es\/wp-json\/wp\/v2\/pages"}],"about":[{"href":"https:\/\/webs.uab.cat\/grepuab\/es\/wp-json\/wp\/v2\/types\/page"}],"author":[{"embeddable":true,"href":"https:\/\/webs.uab.cat\/grepuab\/es\/wp-json\/wp\/v2\/users\/20"}],"replies":[{"embeddable":true,"href":"https:\/\/webs.uab.cat\/grepuab\/es\/wp-json\/wp\/v2\/comments?post=336"}],"version-history":[{"count":0,"href":"https:\/\/webs.uab.cat\/grepuab\/es\/wp-json\/wp\/v2\/pages\/336\/revisions"}],"wp:attachment":[{"href":"https:\/\/webs.uab.cat\/grepuab\/es\/wp-json\/wp\/v2\/media?parent=336"}],"curies":[{"name":"wp","href":"https:\/\/api.w.org\/{rel}","templated":true}]}}