{"id":346,"date":"2019-04-09T01:18:59","date_gmt":"2019-04-08T23:18:59","guid":{"rendered":"https:\/\/webs.uab.cat\/grepuab\/talleres\/"},"modified":"2019-04-09T01:18:59","modified_gmt":"2019-04-08T23:18:59","slug":"talleres","status":"publish","type":"page","link":"https:\/\/webs.uab.cat\/grepuab\/es\/talleres\/","title":{"rendered":"Talleres"},"content":{"rendered":"<table align=\"center\" border=\"3\" cellpadding=\"1\" cellspacing=\"1\" style=\"width:700px\">\n<tbody>\n<tr>\n<td class=\"rtecenter\"><strong>2019<\/strong><\/td>\n<\/tr>\n<\/tbody>\n<\/table>\n<p><strong>T\u00edtulo:&nbsp;\u201cMou-te, juga i neuroapr\u00e8n\u201d.<\/strong><\/p>\n<p>Formadores: Lurdes Mart\u00ednez-M\u00ednguez i Paco Cort\u00e9s Ferrero.<\/p>\n<p>Organizador: Escola Arrels.<\/p>\n<p>Jornada: I&nbsp;Jornada&nbsp;de Neuroaprenentatge i Innovaci\u00f3 educativa de Catalunya.<\/p>\n<p>Lugar: Sala Polivalent de Solsona.<\/p>\n<p>Fecha: 16 de marzo&nbsp;de 2019.<\/p>\n<p>Duraci\u00f3n: 5&nbsp;horas.<\/p>\n<p>&nbsp;<\/p>\n<p>&nbsp;<\/p>\n<p><strong>T\u00edtulo: \u201cPosem en joc a l\u2019adult\u201d.<\/strong><\/p>\n<p>Formadores: Laura Moya y&nbsp;Lurdes Mart\u00ednez.<\/p>\n<p>Organitzador: Grup de Recerca en Educaci\u00f3 Psicomotriu (2017-SGR-17).<\/p>\n<p>Jornada: X Jornadas de Reflexi\u00f3&nbsp;i Recerca: Psicomotricitat i Escola \u201cL\u2019adult, una pres\u00e8ncia que acompanya\u201d.<\/p>\n<p>Lugar: Facultad&nbsp;de Ciencias de la Educaci\u00f3n de la Universidad Aut\u00f3noma de Barcelona.<\/p>\n<p>Fecha: 9 de noviembre de 2019.<\/p>\n<p>Duraci\u00f3n: 3 horas.<\/p>\n<p>\n&nbsp;<\/p>\n<p><strong>T\u00edtol: \u201cLa psicomotricitat vivencial\u201d.<\/strong><\/p>\n<p>Formador: Paco Cort\u00e9s Ferrero.<\/p>\n<p>Organizador: CFGS Educaci\u00f3n Infantil del Instituto Figueras Pacheco de Alicante.<\/p>\n<p>Lugar: Instituto Figueras Pacheco de Alicante.<\/p>\n<p>Fecha: 9 y&nbsp;10&nbsp;de abril de 2018.<\/p>\n<p>Duraci\u00f3n: 10 horas.<\/p>\n<p>&nbsp;<\/p>\n<p>&nbsp;<\/p>\n<table align=\"center\" border=\"3\" cellpadding=\"1\" cellspacing=\"1\" style=\"width:700px\">\n<tbody>\n<tr>\n<td class=\"rtecenter\"><strong>2017<\/strong><\/td>\n<\/tr>\n<\/tbody>\n<\/table>\n<p><strong>T\u00edtulo: \u201cLa psicomotricitat vivencial\u201d.<\/strong><\/p>\n<p>Formadores: Laura Moya Prados y Paco Cort\u00e9s Ferrero.<\/p>\n<p>Organizador: CFGS Educaci\u00f3n Infantil del Instituto Figueras Pacheco de Alicante.<\/p>\n<p>Lugar: Instituto Figueras Pacheco de Alicante.<\/p>\n<p>Fecha: 10 i 11 de abril de 2017.<\/p>\n<p>Duraci\u00f3n: 10 horas.<\/p>\n<p>&nbsp;<\/p>\n<table align=\"center\" border=\"3\" cellpadding=\"1\" cellspacing=\"1\" style=\"width:700px\">\n<tbody>\n<tr>\n<td class=\"rtecenter\"><strong>2013<\/strong><\/td>\n<\/tr>\n<\/tbody>\n<\/table>\n<p><strong>T\u00edtulo: \u201cNo hay dos sin tres: R\u00fabricas para el Pr\u00e1cticum\u201d.<\/strong><\/p>\n<p>Formadores: Lurdes Mart\u00ednez M\u00ednguez.<\/p>\n<p>Organizador:&nbsp;Escuela Universitaria Magisterio de Segovia.<\/p>\n<p>Lugar:&nbsp;Universidad de Valladolid.<\/p>\n<p>Fecha: Septiembre&nbsp;de 2013.<\/p>\n<p>Duraci\u00f3n: 3&nbsp;horas.<\/p>\n<p>&nbsp;<\/p>\n<table align=\"center\" border=\"3\" cellpadding=\"1\" cellspacing=\"1\" style=\"width:700px\">\n<tbody>\n<tr>\n<td class=\"rtecenter\"><strong>2012<\/strong><\/td>\n<\/tr>\n<\/tbody>\n<\/table>\n<p><strong>T\u00edtulo: \u00abMirar, escoltar i&nbsp;acompanyar als m\u00e9s petits\u00bb.<\/strong><\/p>\n<p>Formadores: Carmen S\u00e1nchez y Sara Manchado.<\/p>\n<p>Organizador: Grupo de Investigaci\u00f3n en Desarrollo Psicomotor de la UAB (1390).<\/p>\n<p>Jornada: VI Jornadas de Reflexi\u00f3n e Investigaci\u00f3n: Psicomotricidad y Escuela \u00abLa observaci\u00f3n\u00bb.<\/p>\n<p>Lugar: Facultad Ciencias de la Educaci\u00f3n de la Universidad Aut\u00f3noma de Barcelona.<\/p>\n<p>Fecha: 3 de marzo de 2012.<\/p>\n<p>Duraci\u00f3n: 2h y 15 minutos.<\/p>\n<p>&nbsp;<\/p>\n<p>&nbsp;<\/p>\n<p>&nbsp;<\/p>\n<p><strong>T\u00edtulo: \u00abI&nbsp;a m\u00ed, qui&nbsp;m&#8217;observa?\u00bb<\/strong><\/p>\n<p>Formadores: Lurdes Mart\u00ednez y Xavi Forcadell.<\/p>\n<p>Organizador: Grupo de Investigaci\u00f3n en Desarrollo Psicomotor de la UAB (1390).<\/p>\n<p>Jornada: VI Jornadas de Reflexi\u00f3n e Investigaci\u00f3n: Psicomotricidad y Escuela \u00abLa observaci\u00f3n\u00bb.<\/p>\n<p>Lugar: Facultad Ciencias de la Educaci\u00f3n de la Universidad Aut\u00f3noma de Barcelona.<\/p>\n<p>Fecha: 3 de marzo de 2012.<\/p>\n<p>Duraci\u00f3n: 2h y 15 minutos.<\/p>\n<p>&nbsp;<\/p>\n<p>&nbsp;<\/p>\n<p>&nbsp;<\/p>\n<p><strong>T\u00edtulo: \u00abObservar la relaci\u00f3&nbsp;interactiva\u00bb.<\/strong><\/p>\n<p>Formadores: Josep Rota y Teresa Godall.<\/p>\n<p>Organizador: Grupo de Investigaci\u00f3n en Desarrollo Psicomotor de la UAB (1390).<\/p>\n<p>Jornada: VI Jornadas de Reflexi\u00f3n e Investigaci\u00f3n: Psicomotricidad y Escuela \u00abLa observaci\u00f3n\u00bb.<\/p>\n<p>Lugar: Facultad Ciencias de la Educaci\u00f3n de la Universidad Aut\u00f3noma de Barcelona.<\/p>\n<p>Fecha: 3 de marzo de 2012.<\/p>\n<p>Duraci\u00f3n: 2 horas y 15 minutos<\/p>\n<p>&nbsp;<\/p>\n<p>&nbsp;<\/p>\n<p>&nbsp;<\/p>\n<p><strong>T\u00edtulo: \u00abVeiem&nbsp;les accions, mirem&nbsp;les actituds, observem&nbsp;les intencions\u00bb.<\/strong><\/p>\n<p>Formadores: Gemma Heras y Iolanda Vives.<\/p>\n<p>Organizador: Grupo de Investigaci\u00f3n en Desarrollo Psicomotor de la UAB (1390).<\/p>\n<p>Jornada: VI Jornadas de Reflexi\u00f3n e Investigaci\u00f3n: Psicomotricidad y Escuela \u00abLa observaci\u00f3n\u00bb.<\/p>\n<p>Lugar: Facultad Ciencias de la Educaci\u00f3n de la Universidad Aut\u00f3noma de Barcelona.<\/p>\n<p>Fecha: 3 de marzo de 2012.<\/p>\n<p>Duraci\u00f3n: 2h y 15 minutos.<\/p>\n<p>&nbsp;<\/p>\n<p>&nbsp;<\/p>\n<p>&nbsp;<\/p>\n<p>&nbsp;<\/p>\n<p><strong>T\u00edtulo: \u00abEl grup&nbsp;d&#8217;ajuda escolar: una pe\u00e7a significativa\u00bb.<\/strong><\/p>\n<p>Formadores: Dolores Rovira y Txell Blanco.<\/p>\n<p>Organizador: Grupo de Investigaci\u00f3n en Desarrollo Psicomotor de la UAB (1390).<\/p>\n<p>Jornada: VI Jornadas de Reflexi\u00f3n e Investigaci\u00f3n: Psicomotricidad y Escuela \u00abLa observaci\u00f3n\u00bb.<\/p>\n<p>Lugar: Facultad Ciencias de la Educaci\u00f3n de la Universidad Aut\u00f3noma de Barcelona.<\/p>\n<p>Fecha: 3 de marzo de 2012.<\/p>\n<p>Duraci\u00f3n: 2h y 15 minutos.<\/p>\n<p>&nbsp;<\/p>\n<p>&nbsp;<\/p>\n<p><strong>T\u00edtulo: \u00abLas fami\u00edies&nbsp;entren en la sala\u00bb.<\/strong><\/p>\n<p>Formadores: Manel Llecha y Montse Castell\u00e0.<\/p>\n<p>Organizador: Grupo de Investigaci\u00f3n en Desarrollo Psicomotor de la UAB (1390).<\/p>\n<p>Jornada: VI Jornadas de Reflexi\u00f3n e Investigaci\u00f3n: Psicomotricidad y Escuela \u00abLa observaci\u00f3n\u00bb.<\/p>\n<p>Lugar: Facultad Ciencias de la Educaci\u00f3n de la Universidad Aut\u00f3noma de Barcelona.<\/p>\n<p>Fecha: 3 de marzo de 2012.<\/p>\n<p>Duraci\u00f3n: 2h y 15 minutos.<\/p>\n<p>&nbsp;<\/p>\n<p>&nbsp;<\/p>\n<table align=\"center\" border=\"3\" cellpadding=\"1\" cellspacing=\"1\" style=\"width:700px\">\n<tbody>\n<tr>\n<td class=\"rtecenter\"><strong>2010<\/strong><\/td>\n<\/tr>\n<\/tbody>\n<\/table>\n<p><strong>T\u00edtulo: \u00abEl joc simb\u00f2lic: de la viv\u00e8ncia en la conceptualizaci\u00f3\u00bb.<\/strong><\/p>\n<p>Formadores: Josep Rota.<\/p>\n<p>Organizador: Grupo de Investigaci\u00f3n en Desarrollo Psicomotor de la UAB (1390).<\/p>\n<p>Jornada: V Jornadas de Reflexi\u00f3n e Investigaci\u00f3n: Psicomotricidad y Escuela \u00abEl juego\u00bb.<\/p>\n<p>Lugar: Facultad Ciencias de la Educaci\u00f3n de la Universidad Aut\u00f3noma de Barcelona.<\/p>\n<p>Fecha: 13 de marzo de 2010.<\/p>\n<p>Duraci\u00f3n: 2 horas y 15 minutos.<\/p>\n<p>&nbsp;<\/p>\n<p>&nbsp;<\/p>\n<p><strong>T\u00edtulo: \u00abEl joc, un motor en la evoluci\u00f3&nbsp;dels nens\u00bb.<\/strong><\/p>\n<p>Formadores: Gemma Heras.<\/p>\n<p>Organizador: Grupo de Investigaci\u00f3n en Desarrollo Psicomotor de la UAB (1390).<\/p>\n<p>Jornada: V Jornadas de Reflexi\u00f3n e Investigaci\u00f3n: Psicomotricidad y Escuela \u00abEl juego\u00bb.<\/p>\n<p>Lugar: Facultad Ciencias de la Educaci\u00f3n de la Universidad Aut\u00f3noma de Barcelona.<\/p>\n<p>Fecha: 13 de marzo de 2010.<\/p>\n<p>Duraci\u00f3n: 2 horas y 15 minutos.<\/p>\n<p>&nbsp;<\/p>\n<p>&nbsp;<\/p>\n<table align=\"center\" border=\"3\" cellpadding=\"1\" cellspacing=\"1\" style=\"width:700px\">\n<tbody>\n<tr>\n<td class=\"rtecenter\"><strong>2008<\/strong><\/td>\n<\/tr>\n<\/tbody>\n<\/table>\n<p><strong>T\u00edtulo: \u00abJo i&nbsp;el espai? &#8230; L&#8217;espai&nbsp;i&nbsp;jo? \u00ab<\/strong><\/p>\n<p>Formadores: Lurdes Mart\u00ednez y Iolanda Vives.<\/p>\n<p>Organizador: Grupo de Investigaci\u00f3n en Desarrollo Psicomotor de la UAB (1390).<\/p>\n<p>Jornada: III Jornadas de Reflexi\u00f3n e Investigaci\u00f3n: Psicomotricidad y Escuela \u00abEl cuerpo\u00bb.<\/p>\n<p>Lugar: Facultad Ciencias de la Educaci\u00f3n de la Universidad Aut\u00f3noma de Barcelona.<\/p>\n<p>Fecha: 4 de marzo de 2008.<\/p>\n<p>Duraci\u00f3n: 2 horas y 30 minutos.<\/p>\n<p>&nbsp;<\/p>\n<p>&nbsp;<\/p>\n<p>&nbsp;<\/p>\n<p><strong>T\u00edtulo: \u00abEl s\u00edmbol: com&nbsp;transitar de lo subjectiu&nbsp;a lo objectiu\u00bb.<\/strong><\/p>\n<p>Formadores: Josep Rota.<\/p>\n<p>Organizador: Grupo de Investigaci\u00f3n en Desarrollo Psicomotor de la UAB (1390).<\/p>\n<p>Jornada: III Jornadas de Reflexi\u00f3n e Investigaci\u00f3n: Psicomotricidad y Escuela \u00abEl cuerpo\u00bb.<\/p>\n<p>Lugar: Facultad Ciencias de la Educaci\u00f3n de la Universidad Aut\u00f3noma de Barcelona.<\/p>\n<p>Fecha: 4 de marzo de 2008.<\/p>\n<p>Duraci\u00f3n: 2 horas y 30 minutos.<\/p>\n<p>&nbsp;<\/p>\n<p>&nbsp;<\/p>\n<p><strong>T\u00edtulo: \u00abUn munt&nbsp;d&#8217;objectes\u00bb.<\/strong><\/p>\n<p>Formadores: Montse Anton, Encarna Sugra\u00f1es y Berta Puig.<\/p>\n<p>Organizador: Grupo de Investigaci\u00f3n en Desarrollo Psicomotor de la UAB (1390).<\/p>\n<p>Jornada: III Jornadas de Reflexi\u00f3n e Investigaci\u00f3n: Psicomotricidad y Escuela \u00abEl cuerpo\u00bb.<\/p>\n<p>Lugar: Facultad Ciencias de la Educaci\u00f3n de la Universidad Aut\u00f3noma de Barcelona.<\/p>\n<p>Fecha: 4 de marzo de 2008.<\/p>\n<p>Duraci\u00f3n: 2 horas y 30 minutos.<\/p>\n<p>&nbsp;<\/p>\n<table align=\"center\" border=\"3\" cellpadding=\"1\" cellspacing=\"1\" style=\"width:700px\">\n<tbody>\n<tr>\n<td class=\"rtecenter\"><strong>2004<\/strong><\/td>\n<\/tr>\n<\/tbody>\n<\/table>\n<p><strong>T\u00edtulo: \u00abCom&nbsp;es posa&nbsp;en marxa una classe de psicomotricitat\u00bb.<\/strong><\/p>\n<p>Formadores: Manel Llecha y Carles Font.<\/p>\n<p>Organizador: Grupo de Investigaci\u00f3n en Psicomotricidad de la UAB.<\/p>\n<p>Jornada: II Jornadas de Reflexi\u00f3n e Investigaci\u00f3n: Psicomotricidad y Escuela.<\/p>\n<p>Lugar: Facultad Ciencias de la Educaci\u00f3n de la Universidad Aut\u00f3noma de Barcelona.<\/p>\n<p>Fecha: 27 de marzo de 2004.<\/p>\n<p>Duraci\u00f3n: 2 horas y 30 minutos.<\/p>\n<p>&nbsp;<\/p>\n<p>&nbsp;<\/p>\n<p><strong>T\u00edtulo: \u00abLa representaci\u00f3: construir la imatge, constru\u00efr&nbsp;el pensament\u00bb.<\/strong><\/p>\n<p>Formadores: Lidia Esteban y Katty Homar.<\/p>\n<p>Organizador: Grupo de Investigaci\u00f3n en Psicomotricidad de la UAB.<\/p>\n<p>Jornada: II Jornadas de Reflexi\u00f3n e Investigaci\u00f3n: Psicomotricidad y Escuela.<\/p>\n<p>Lugar: Facultad Ciencias de la Educaci\u00f3n de la Universidad Aut\u00f3noma de Barcelona.<\/p>\n<p>Fecha: 27 de marzo de 2004.<\/p>\n<p>Duraci\u00f3n: 2 horas y 30 minutos.<\/p>\n<p>&nbsp;<\/p>\n<p>&nbsp;<\/p>\n<p><strong>T\u00edtulo: \u00abEl di\u00e0leg&nbsp;corporal als primers anys\u00bb.<\/strong><\/p>\n<p>Formadores: Sara Manchado y Susi Fuster.<\/p>\n<p>Organizador: Grupo de Investigaci\u00f3n en Psicomotricidad de la UAB.<\/p>\n<p>Jornada: II Jornadas de Reflexi\u00f3n e Investigaci\u00f3n: Psicomotricidad y Escuela.<\/p>\n<p>Lugar: Facultad Ciencias de la Educaci\u00f3n de la Universidad Aut\u00f3noma de Barcelona.<\/p>\n<p>Fecha: 27 de marzo de 2004.<\/p>\n<p>Duraci\u00f3n: 2 horas y 30 minutos.<\/p>\n<p>&nbsp;<\/p>\n<p>&nbsp;<\/p>\n<p><strong>T\u00edtulo: \u00abLa relaci\u00f3&nbsp;terap\u00e8utica: acompanyar al nen&nbsp;en el seu pas&nbsp;de la subjectivitat&nbsp;a l&#8217;objectivitat\u00bb.<\/strong><\/p>\n<p>Formadores: Estrella Masabeu y Josep Rota.<\/p>\n<p>Organizador: Grupo de Investigaci\u00f3n en Psicomotricidad de la UAB.<\/p>\n<p>Jornada: II Jornadas de Reflexi\u00f3n e Investigaci\u00f3n: Psicomotricidad y Escuela.<\/p>\n<p>Lugar: Facultad Ciencias de la Educaci\u00f3n de la Universidad Aut\u00f3noma de Barcelona.<\/p>\n<p>Fecha: 27 de marzo de 2004.<\/p>\n<p>Duraci\u00f3n: 2 horas y 30 minutos.<\/p>\n","protected":false},"excerpt":{"rendered":"<p>2019 T\u00edtulo:&nbsp;\u201cMou-te, juga i neuroapr\u00e8n\u201d. Formadores: Lurdes Mart\u00ednez-M\u00ednguez i Paco Cort\u00e9s Ferrero. Organizador: Escola Arrels. Jornada: I&nbsp;Jornada&nbsp;de Neuroaprenentatge i Innovaci\u00f3 educativa de Catalunya. Lugar: Sala Polivalent de Solsona. Fecha: 16 de marzo&nbsp;de 2019. Duraci\u00f3n: 5&nbsp;horas. &nbsp; &nbsp; T\u00edtulo: \u201cPosem en joc a l\u2019adult\u201d. Formadores: Laura Moya y&nbsp;Lurdes Mart\u00ednez. Organitzador: Grup de Recerca en Educaci\u00f3 Psicomotriu [&hellip;]<\/p>\n","protected":false},"author":20,"featured_media":0,"parent":0,"menu_order":0,"comment_status":"closed","ping_status":"closed","template":"","meta":{"footnotes":""},"class_list":["post-346","page","type-page","status-publish","hentry"],"_links":{"self":[{"href":"https:\/\/webs.uab.cat\/grepuab\/es\/wp-json\/wp\/v2\/pages\/346","targetHints":{"allow":["GET"]}}],"collection":[{"href":"https:\/\/webs.uab.cat\/grepuab\/es\/wp-json\/wp\/v2\/pages"}],"about":[{"href":"https:\/\/webs.uab.cat\/grepuab\/es\/wp-json\/wp\/v2\/types\/page"}],"author":[{"embeddable":true,"href":"https:\/\/webs.uab.cat\/grepuab\/es\/wp-json\/wp\/v2\/users\/20"}],"replies":[{"embeddable":true,"href":"https:\/\/webs.uab.cat\/grepuab\/es\/wp-json\/wp\/v2\/comments?post=346"}],"version-history":[{"count":0,"href":"https:\/\/webs.uab.cat\/grepuab\/es\/wp-json\/wp\/v2\/pages\/346\/revisions"}],"wp:attachment":[{"href":"https:\/\/webs.uab.cat\/grepuab\/es\/wp-json\/wp\/v2\/media?parent=346"}],"curies":[{"name":"wp","href":"https:\/\/api.w.org\/{rel}","templated":true}]}}