{"id":360,"date":"2019-05-02T20:16:11","date_gmt":"2019-05-02T18:16:11","guid":{"rendered":"https:\/\/webs.uab.cat\/grepuab\/noticias-de-otros-anos\/"},"modified":"2019-05-02T20:16:11","modified_gmt":"2019-05-02T18:16:11","slug":"noticias-de-otros-anos","status":"publish","type":"page","link":"https:\/\/webs.uab.cat\/grepuab\/es\/noticias-de-otros-anos\/","title":{"rendered":"Noticias de otros a\u00f1os"},"content":{"rendered":"<p>Puedes consultar las noticias acaecidas en otros a\u00f1os a trav\u00e9s de los enlaces que se generan en esta pesta\u00f1a.<\/p>\n","protected":false},"excerpt":{"rendered":"<p>Puedes consultar las noticias acaecidas en otros a\u00f1os a trav\u00e9s de los enlaces que se generan en esta pesta\u00f1a.<\/p>\n","protected":false},"author":20,"featured_media":0,"parent":0,"menu_order":0,"comment_status":"closed","ping_status":"closed","template":"","meta":{"footnotes":""},"class_list":["post-360","page","type-page","status-publish","hentry"],"_links":{"self":[{"href":"https:\/\/webs.uab.cat\/grepuab\/es\/wp-json\/wp\/v2\/pages\/360","targetHints":{"allow":["GET"]}}],"collection":[{"href":"https:\/\/webs.uab.cat\/grepuab\/es\/wp-json\/wp\/v2\/pages"}],"about":[{"href":"https:\/\/webs.uab.cat\/grepuab\/es\/wp-json\/wp\/v2\/types\/page"}],"author":[{"embeddable":true,"href":"https:\/\/webs.uab.cat\/grepuab\/es\/wp-json\/wp\/v2\/users\/20"}],"replies":[{"embeddable":true,"href":"https:\/\/webs.uab.cat\/grepuab\/es\/wp-json\/wp\/v2\/comments?post=360"}],"version-history":[{"count":0,"href":"https:\/\/webs.uab.cat\/grepuab\/es\/wp-json\/wp\/v2\/pages\/360\/revisions"}],"wp:attachment":[{"href":"https:\/\/webs.uab.cat\/grepuab\/es\/wp-json\/wp\/v2\/media?parent=360"}],"curies":[{"name":"wp","href":"https:\/\/api.w.org\/{rel}","templated":true}]}}