{"id":371,"date":"2020-01-16T01:24:48","date_gmt":"2020-01-15T23:24:48","guid":{"rendered":"https:\/\/webs.uab.cat\/grepuab\/cursos-2\/"},"modified":"2020-01-16T01:24:48","modified_gmt":"2020-01-15T23:24:48","slug":"cursos-2","status":"publish","type":"page","link":"https:\/\/webs.uab.cat\/grepuab\/es\/cursos-2\/","title":{"rendered":"Cursos"},"content":{"rendered":"<table border=\"3\" cellpadding=\"1\" cellspacing=\"1\" style=\"width:500px\">\n<tbody>\n<tr>\n<td class=\"rtecenter\"><strong>2021<\/strong><\/td>\n<\/tr>\n<\/tbody>\n<\/table>\n<p><strong>T\u00edtulo: \u00abLa intervenci\u00f3 des de la Psicomotricitat. El seu sentit\u00bb.<\/strong><\/p>\n<p><strong>Formador:&nbsp;<\/strong>Josep Rota Iglesias.<\/p>\n<p><strong>Organizador:&nbsp;<\/strong>Universitat de Vic.<\/p>\n<p><strong>Lugar:<\/strong>&nbsp;Formato Virtual.<\/p>\n<p><strong>Fecha:&nbsp;<\/strong>3 de marzo&nbsp;de 2021.<\/p>\n<p><strong>Duraci\u00f3n:<\/strong>&nbsp;1 hora.<\/p>\n<p>&nbsp;<\/p>\n<p>&nbsp;<\/p>\n<p><strong>T\u00edtulo: \u201cDe la Psicomotricitat a l&#8217;Educaci\u00f3 F\u00edsica\u201d.<\/strong><\/p>\n<p><strong>Formadores: <\/strong>Carol Nieva Boza y&nbsp;Paco Cort\u00e9s Ferrero.<\/p>\n<p><strong>Organizador:<\/strong> CRP de Castelldefels.<\/p>\n<p><strong>Lugar:&nbsp;<\/strong>Castelldefels.<\/p>\n<p><strong>Fecha:<\/strong>&nbsp;22&nbsp;de febrero&nbsp;de&nbsp;2021.<\/p>\n<p><strong>Duraci\u00f3n:<\/strong>&nbsp;6&nbsp;horas.<\/p>\n<p>&nbsp;<\/p>\n<p>&nbsp;<\/p>\n<p><strong>T\u00edtulo: \u201cJuego, Cuerpo y movimiento: la Educaci\u00f3n Psicomotriz en la escuela\u201d.<\/strong><\/p>\n<p><strong>Formadores: <\/strong>Carol Nieva Boza y&nbsp;Paco Cort\u00e9s Ferrero.<\/p>\n<p><strong>Organizador:<\/strong>&nbsp;Centro del Profesorado de Lanzarote.<\/p>\n<p><strong>Lugar: <\/strong>A distancia, formato virtual.<\/p>\n<p><strong>Fecha:<\/strong>&nbsp;26&nbsp;de enero&nbsp;de&nbsp;2021.<\/p>\n<p><strong>Duraci\u00f3n:<\/strong>&nbsp;12&nbsp;horas.<\/p>\n<p>&nbsp;<\/p>\n<table align=\"center\" border=\"3\" cellpadding=\"1\" cellspacing=\"1\" style=\"width:700px\">\n<tbody>\n<tr>\n<td class=\"rtecenter\"><strong>2019<\/strong><\/td>\n<\/tr>\n<\/tbody>\n<\/table>\n<p><strong>T\u00edtulo: \u201cA psicomotricidade como medio para a aprendizaxe\u201d.<\/strong><\/p>\n<p><strong>Formadores:<\/strong> Paco&nbsp;Cort\u00e9s Ferrero y&nbsp;Laura Moya Prados.<\/p>\n<p><strong>Organizador:<\/strong> Asociaci\u00f3n pedag\u00f2gica MUDARE.<\/p>\n<p><strong>Lugar:<\/strong> Cambados (Gal\u00edcia).<\/p>\n<p><strong>Fecha:<\/strong> 21 de septiembre de 2019.<\/p>\n<p><strong>Duraci\u00f3n:<\/strong> 10 horas.<\/p>\n<p>&nbsp;<\/p>\n<table align=\"center\" border=\"3\" cellpadding=\"1\" cellspacing=\"1\" style=\"width:700px\">\n<tbody>\n<tr>\n<td class=\"rtecenter\"><strong>2018<\/strong><\/td>\n<\/tr>\n<\/tbody>\n<\/table>\n<p><strong>T\u00edtulo: \u201cLa corpore\u00eftat del mestre d\u2019Educaci\u00f3 Infantil\u201d.<\/strong><\/p>\n<p><strong>Formadora:<\/strong> Laura Moya Prados.<\/p>\n<p><strong>Organizador:<\/strong> CRP del Vall\u00e8s Occidental II (Seminari d\u2019Escoles Bressol).<\/p>\n<p><strong>Lugar: <\/strong>CRP del Vall\u00e8s Occidental III, Rub\u00ed.<\/p>\n<p><strong>Fecha:<\/strong> 6 de&nbsp;marzo de&nbsp;2018.<\/p>\n<p><strong>Duraci\u00f3n:<\/strong> 2 horas.<\/p>\n<p><strong>Web:<\/strong>&nbsp;<a href=\"https:\/\/serveiseducatius.xtec.cat\/vallesoccidental3\/general\/la-corporeitat-de-les-mestres-deducacio-infantil\/\">https:\/\/serveiseducatius.xtec.cat\/vallesoccidental3\/general\/la-corporeitat-de-les-mestres-deducacio-infantil\/<\/a><\/p>\n<p>&nbsp;<\/p>\n<p>&nbsp;<\/p>\n<p><strong>T\u00edtulo: \u201cEducaci\u00f3&nbsp;psicomotriu en els centres educatius\u201d.<\/strong><\/p>\n<p><strong>Formadores:<\/strong> Laura Moya Prados y Paco Cort\u00e9s Ferrero.<\/p>\n<p><strong>Organizador:<\/strong> CRP del Vall\u00e8s Occidental II.<\/p>\n<p><strong>Lugar:<\/strong> Escola Pau Casals de Vacarisses.<\/p>\n<p><strong>Fecha:<\/strong> enero y&nbsp;febrero de 2018.<\/p>\n<p><strong>Duraci\u00f3n:<\/strong> 15 horas.<\/p>\n<p>&nbsp;<\/p>\n<p>&nbsp;<\/p>\n<table align=\"center\" border=\"3\" cellpadding=\"1\" cellspacing=\"1\" style=\"width:700px\">\n<tbody>\n<tr>\n<td class=\"rtecenter\"><strong>2017<\/strong><\/td>\n<\/tr>\n<\/tbody>\n<\/table>\n<p><strong>T\u00edtulo: \u201cPsicomotricitat en l\u2019Ensenyament\u201d.<\/strong><\/p>\n<p><strong>Formadores:<\/strong> Laura Moya Prados y Paco Cort\u00e9s Ferrero.<\/p>\n<p><strong>Organizador:<\/strong> Centre Educatiu Jaume Viladoms (Curso ofrecido en el Marco del&nbsp;Servei d\u2019Ocupaci\u00f3 de Catalunya del Consorci&nbsp;de Formaci\u00f3 Cont\u00ednua de la Generalitat de Catalunya).<\/p>\n<p><strong>Lugar:<\/strong> Escola Jaume Viladoms de Sabadell.<\/p>\n<p><strong>Fecha:<\/strong> octubre y&nbsp;noviembre de 2017.<\/p>\n<p><strong>Duraci\u00f3n:<\/strong> 30 horas.<\/p>\n<p>&nbsp;<\/p>\n<p>&nbsp;<\/p>\n<p><strong>T\u00edtulo: \u201cLa psicomotricitat des d\u2019una mirada insterdisciplin\u00e0ria\u201d.<\/strong><\/p>\n<p><strong>Formadora:<\/strong> Laura Moya Prados y Paco Cort\u00e9s Ferrero.<\/p>\n<p><strong>Organizador:<\/strong> 5a Escola d\u2019Estiu de Rosa Sensat.<\/p>\n<p><strong>Lugar:<\/strong> Institut Infanta Isabel d\u2019Arag\u00f3 de Barcelona.<\/p>\n<p><strong>Fecha: <\/strong>del 3 al 7 de julio&nbsp;de 2017.<\/p>\n<p><strong>Duraci\u00f3n:<\/strong> 15 horas.<\/p>\n<p>&nbsp;<\/p>\n<p>&nbsp;<\/p>\n<p><strong>T\u00edtulo: \u201cEducaci\u00f3 Psicomotriu a l\u2019Escola Bressol\u201d<\/strong>.<\/p>\n<p><strong>Formadora:<\/strong> Laura Moya Prados.<\/p>\n<p><strong>Organizador:<\/strong> GEDI Cooperativa d\u2019Iniciativa Social.<\/p>\n<p><strong>Lugar:<\/strong> CEIF Andreu Castells de Sabadell.<\/p>\n<p><strong>Fecha:<\/strong> Desde&nbsp;marzo&nbsp;hasta&nbsp;junio&nbsp;de 2017.<\/p>\n<p><strong>Duraci\u00f3n:<\/strong> 15 horas.<\/p>\n<p>&nbsp;<\/p>\n<p>&nbsp;<\/p>\n<table align=\"center\" border=\"3\" cellpadding=\"1\" cellspacing=\"1\" style=\"width:700px\">\n<tbody>\n<tr>\n<td class=\"rtecenter\"><strong>2015<\/strong><\/td>\n<\/tr>\n<\/tbody>\n<\/table>\n<p><strong>T\u00edtulo: \u201cLa psicomotricitat de 0 a 3 anys\u201d.<\/strong><\/p>\n<p><strong>Formadora:<\/strong> Laura Moya Prados.<\/p>\n<p><strong>Organizador:<\/strong> Centre Educatiu Jaume Viladoms.<\/p>\n<p><strong>Lugar:<\/strong> Escola Jaume Viladoms de Sabadell.<\/p>\n<p><strong>Fecha:<\/strong> febrero de 2015.<\/p>\n<p><strong>Duraci\u00f3n:<\/strong> 15 horas.<\/p>\n<p>&nbsp;<\/p>\n","protected":false},"excerpt":{"rendered":"<p>2021 T\u00edtulo: \u00abLa intervenci\u00f3 des de la Psicomotricitat. El seu sentit\u00bb. Formador:&nbsp;Josep Rota Iglesias. Organizador:&nbsp;Universitat de Vic. Lugar:&nbsp;Formato Virtual. Fecha:&nbsp;3 de marzo&nbsp;de 2021. Duraci\u00f3n:&nbsp;1 hora. &nbsp; &nbsp; T\u00edtulo: \u201cDe la Psicomotricitat a l&#8217;Educaci\u00f3 F\u00edsica\u201d. Formadores: Carol Nieva Boza y&nbsp;Paco Cort\u00e9s Ferrero. Organizador: CRP de Castelldefels. Lugar:&nbsp;Castelldefels. Fecha:&nbsp;22&nbsp;de febrero&nbsp;de&nbsp;2021. Duraci\u00f3n:&nbsp;6&nbsp;horas. &nbsp; &nbsp; T\u00edtulo: \u201cJuego, Cuerpo y [&hellip;]<\/p>\n","protected":false},"author":20,"featured_media":0,"parent":0,"menu_order":0,"comment_status":"closed","ping_status":"closed","template":"","meta":{"footnotes":""},"class_list":["post-371","page","type-page","status-publish","hentry"],"_links":{"self":[{"href":"https:\/\/webs.uab.cat\/grepuab\/es\/wp-json\/wp\/v2\/pages\/371","targetHints":{"allow":["GET"]}}],"collection":[{"href":"https:\/\/webs.uab.cat\/grepuab\/es\/wp-json\/wp\/v2\/pages"}],"about":[{"href":"https:\/\/webs.uab.cat\/grepuab\/es\/wp-json\/wp\/v2\/types\/page"}],"author":[{"embeddable":true,"href":"https:\/\/webs.uab.cat\/grepuab\/es\/wp-json\/wp\/v2\/users\/20"}],"replies":[{"embeddable":true,"href":"https:\/\/webs.uab.cat\/grepuab\/es\/wp-json\/wp\/v2\/comments?post=371"}],"version-history":[{"count":0,"href":"https:\/\/webs.uab.cat\/grepuab\/es\/wp-json\/wp\/v2\/pages\/371\/revisions"}],"wp:attachment":[{"href":"https:\/\/webs.uab.cat\/grepuab\/es\/wp-json\/wp\/v2\/media?parent=371"}],"curies":[{"name":"wp","href":"https:\/\/api.w.org\/{rel}","templated":true}]}}