{"id":377,"date":"2020-01-17T19:15:40","date_gmt":"2020-01-17T17:15:40","guid":{"rendered":"https:\/\/webs.uab.cat\/grepuab\/ano-2020\/"},"modified":"2020-01-17T19:37:36","modified_gmt":"2020-01-17T17:37:36","slug":"ano-2020","status":"publish","type":"page","link":"https:\/\/webs.uab.cat\/grepuab\/es\/ano-2020\/","title":{"rendered":"A\u00f1o 2020"},"content":{"rendered":"<p dir=\"ltr\"><strong>El Departamento de Educaci\u00f3n de la Generalidad de Catalu\u00f1a ha publicado el documento \u00abOrientaciones para la evaluaci\u00f3n. Educaci\u00f3n Infantil, segundo ciclo\u00bb, donde nuestras compa\u00f1eras Lurdes Mart\u00ednez y Montserrat Anton han colaborado en el apartado \u00abUn ni\u00f1o que progrese en el movimiento y en el dominio del cuerpo\u00bb.<\/strong><\/p>\n<p style=\"text-align:center\"><img loading=\"lazy\" decoding=\"async\" alt=\"\" height=\"266\" src=\"https:\/\/lh4.googleusercontent.com\/Zu5WbmvetVBgjyrP7EAr7nXXQrpr748AXisf47_0fdG0EgXlyT8dPcINTj1wEB-H7cZagC5-FiwKjc49q0AfGHceAMF4BjxjULddifmUkbXq1jayrK0LTi_DWNV9YU8yVikiKPj0\" width=\"361\" \/><\/p>\n<p style=\"text-align:center\"><img loading=\"lazy\" decoding=\"async\" alt=\"\" height=\"233\" src=\"https:\/\/lh5.googleusercontent.com\/vNGHGkbtyySkQ3R9gPAx7jNBKwu1DRImttIdh_ojsrMHxnQ57_D2Dustm0SqK_RuwDN6Y_d8LN1FEaEM6gYGAFA0vrh0wtp_H_tSoWxNmMVtUPcmrdipmPGREoMs96SQhH0KoeYe\" width=\"394\" \/><\/p>\n<p class=\"rtecenter\" dir=\"ltr\"><strong>&nbsp;<\/strong><strong><a href=\"http:\/\/ensenyament.gencat.cat\/ca\/Detall\/orientacions-avaluacio-infantil-2cicle\">Descarregat aqu\u00ed el document<\/a><\/strong><\/p>\n<p dir=\"ltr\"><strong>&nbsp;<\/strong><\/p>\n<p dir=\"ltr\">&nbsp;<\/p>\n<p><strong>El pasado 4 de febrero de 2020, Daniel Camel y Mara Lesbegueris realizaron un seminario en nuestro Postgrado en \u00abDesarrollo Psicomotor de 0 a 8 a\u00f1os\u00bb.<\/strong><\/p>\n<p>Con ambos pudimos disfrutar de la conferencia titulada \u00abEl cuerpo en el actora gr\u00e1fico\u00bb y del taller \u00abExperiencias en el plano gr\u00e1fico\u00bb.<\/p>\n<p style=\"text-align:center\"><img loading=\"lazy\" decoding=\"async\" alt=\"\" height=\"284\" src=\"https:\/\/lh4.googleusercontent.com\/WCGBgf1_7h8Z7Ny3PyfHNoMHkFH6yVRV-C2DZFC273p_NJbzcDz4vcymFVdqIpasJEemE5g5A3Swz6jjXVaD_TdTI_AwPJ6qa7U7XQKkK0H38vJq_wQERftV-x51izvFVgSJgOcV\" width=\"567\" \/><\/p>\n<p dir=\"ltr\"><strong>&nbsp;<\/strong><\/p>\n<p>&nbsp;<\/p>\n<p>\n&nbsp;<\/p>\n<p><strong>El GREP UAB presente en # EduCongress2020<\/strong><\/p>\n<p>Nuestras compa\u00f1eras Lurdes Mart\u00ednez, Eva Moreno y Elena Sarri han participado el en \u00abIV Congreso EduCongress 2020: juegos, espacios y aprendizajes en la Educaci\u00f3n Infantil\u00bb celebrado el pasado 27 de febrero en Barcelona.<\/p>\n<p>&nbsp;<\/p>\n<p dir=\"ltr\"><strong>?&nbsp;Lurdes Mart\u00ednez, como coordinadora del Grado de Educaci\u00f3n Infantil de la UAB, ha participado en la coordinaci\u00f3n de esta edici\u00f3n del congreso.<\/strong><\/p>\n<p style=\"text-align:center\"><img loading=\"lazy\" decoding=\"async\" alt=\"Imagen que contiene interior, monitor, tabla, computadora\n\nDescripci\u00f3n generada autom\u00e1ticamente\" height=\"235\" src=\"https:\/\/lh5.googleusercontent.com\/6PapyEWt7bFNJHStrLJNBqcVKkpy1_QGdKmYK6FunS_RJWnPLCmyVB-prc5SjhDvVBMn999i3eZna4gODwfo3ppx1sap6E5jwRPm2yZ3n9hPUQU13JPJkXYbtXr4xcYrHZ2heA71\" width=\"314\" \/><\/p>\n<p dir=\"ltr\">&nbsp;<\/p>\n<p dir=\"ltr\"><strong>?&nbsp;Eva Bru&nbsp;y Elena Sarri han sido las ponentes de la conferencia \u00abEspacios de aprendizaje, el juego, la psicomotricidad y el papel del adulto en la escuela \u00cdtaca de Manresa\u00bb.<\/strong><\/p>\n<p style=\"text-align:center\"><img loading=\"lazy\" decoding=\"async\" alt=\"Imagen que contiene interior, mujer, tabla, hombre\n\nDescripci\u00f3n generada autom\u00e1ticamente\" height=\"227\" src=\"https:\/\/lh6.googleusercontent.com\/SrJ7fsyZKggCPNeW1VedSqls3IG_jRqr1BB_Dy7kwj7GVyjeSO78qyEbLkw3-SXOPsxqW-qrGSsT5E0VrJIpQsmVnhPxhD9f0f3X07V4FeO-5jcdJEnZTCaH71zFZ4X1-dyZu3Pc\" width=\"302\" \/><\/p>\n<p dir=\"ltr\">&nbsp;<\/p>\n<p dir=\"ltr\">&nbsp;<\/p>\n<p><strong>El ICE de la UAB otorga la EBM Can Serra una de las ayudas para proyectos de transformaci\u00f3n y mejora educativa.<\/strong><\/p>\n<p>La EBM Can Serra de Cardedeu es una de las escuelas que colaboran con nosotros acompa\u00f1ando en su formaci\u00f3n inicial a los \/ las futuros \/ as maestros de Educaci\u00f3n Infantil y psicomotricistas. Es una escuela de referencia en el \u00e1mbito de la psicomotricidad de 0-3 a\u00f1os, siendo esta uno de los pilares de su proyecto educativo.<\/p>\n<p>El pasado 27 de febrero el ICE de la UAB otorgarlas una de las ayudas de la convocatoria para \u00abproyectos de transformaci\u00f3n y mejora educativa\u00bb a su proyecto \u00abVivimos el cuento\u00bb.<\/p>\n<p>En este proyecto de innovaci\u00f3n y mejora educativa la EBM Can Serra plantea el cuento, el juego y la actividad psicomotriz como herramientas de aprendizaje naturales, motivadoras y significativas que constituyen una v\u00eda para mejorar el desarrollo de las capacidades del ni\u00f1o.<\/p>\n<p>\u00a1Muchas felicidades a todo el equipo para este proyecto y su reconocimiento!<\/p>\n<p style=\"text-align:center\"><img loading=\"lazy\" decoding=\"async\" alt=\"Una foto de un grupo de personas posando para una foto\n\nDescripci\u00f3n generada autom\u00e1ticamente\" height=\"291\" src=\"https:\/\/lh6.googleusercontent.com\/sjkDu-rBuIUH9ym1Bjmy4Du7UFFL6Y73wpkxOdLCe3NUiupg6uW13XEAnwfuobgHq9zgTcyvF8pXcjBrPoCoSFtnFgXQWdA6YQa1bj7KhwxekwGDtD-2ta7qUrOlxkaauozMgwWi\" width=\"349\" \/><\/p>\n<p>&nbsp;<\/p>\n<p><strong>Entrevista de Mar P\u00e9rez en el Diario Ara.<\/strong><\/p>\n<p>Nuestra compa\u00f1era, Mar P\u00e9rez, ha sido entrevistada por el Diario Hoy por el art\u00edculo \u00abFavorecer la motricidad de los ni\u00f1os les ayuda a descubrir el cuerpo y el mundo que los rodea\u00bb.<\/p>\n<p>En esta entrevista la Mar habla sobre el desarrollo psicomotor en los primeros a\u00f1os y c\u00f3mo se puede favorecer un movimiento aut\u00f3nomo, libre y respetuoso desde casa.<\/p>\n<p style=\"text-align:center\"><img loading=\"lazy\" decoding=\"async\" alt=\"\" height=\"258\" src=\"https:\/\/lh6.googleusercontent.com\/1DecT_Hg9UEJ6qXdTGfIr0jDZe0fZoVLJ017x9BXQJfFDu9QTwlHSTe2PtCbOtTXktNV0pYAYyq2vpRD99ZtkpaMyx_szquh8zFHZ-Hpfv0jkFIQtp0Dfzm8O_nI9_vJ44RHqOwP\" width=\"378\" \/><\/p>\n<p>&nbsp;<\/p>\n<p>&nbsp;<\/p>\n<p>&nbsp;<\/p>\n<p><strong>Nuestras compa\u00f1eras Lurdes Mart\u00ednez, Laura Moya y Carol Nieva han participado en el \u00abCongreso Internaconal EVALtrends 2020\u00bb celebrar en C\u00e1diz.<\/strong><\/p>\n<p>En este congreso de evaluaci\u00f3n en la Educaci\u00f3n Superior, han presentando la comunicaci\u00f3n \u00abAutoevaluaci\u00f3n de competencias profesionales psicomotrices durant la formaci\u00f3n inicial de maestros de Educaci\u00f3n Infantil\u00bb.<\/p>\n<p>Esta comunicaci\u00f3n forma parte del proceso de difusi\u00f3n del Project ARMIF del Programa MIF que desde el GREP UAB desarrollamos respecto a la adquisici\u00f3n de competencias profesionales psicomotrices en la formaci\u00f3n iniciales de los \/ las maestros de Educaci\u00f3n Infantil.<\/p>\n<p>Puede acceder a esta comunicaci\u00f3n consultando las Actas del congreso.<\/p>\n<p style=\"text-align:center\"><img loading=\"lazy\" decoding=\"async\" alt=\"Un grupo de personas posando delante de una pared\n\nDescripci\u00f3n generada autom\u00e1ticamente\" height=\"296\" src=\"https:\/\/lh6.googleusercontent.com\/WTMOB8V4X6FjR0gFNnKkB9SyFfJYPQyijm9Ftk1Uyz9lXflLGJHNLc2ZvO2hj_V6EmdHYnkf3BGe6Pl7haxShYQ3G5k_HanIMS30a-tnEPPWA7lX1GMl5UZYc6RqjzlXGtuj1tv5\" width=\"296\" \/><\/p>\n<p><strong>&nbsp;&nbsp;&nbsp;<\/strong><\/p>\n<p style=\"text-align:center\"><img loading=\"lazy\" decoding=\"async\" alt=\"\" height=\"224\" src=\"https:\/\/lh5.googleusercontent.com\/567JsVx432O2vOyl7vViClhztsxtqvyDk1Sf0iUMLCeBBf5k6xaVRkG4hUQPrA3CjajsQ8Tb81VO6SXFTXJNvLU7H1LuqIsca9HNsgo9Dym68a_E4kDsWG5_FkdViO_YfS6HzlUt\" width=\"299\" \/><\/p>\n<p>&nbsp;<\/p>\n<p>&nbsp;<\/p>\n<p>&nbsp;<\/p>\n<p>&nbsp;<\/p>\n<p>&nbsp;<\/p>\n","protected":false},"excerpt":{"rendered":"<p>El Departamento de Educaci\u00f3n de la Generalidad de Catalu\u00f1a ha publicado el documento \u00abOrientaciones para la evaluaci\u00f3n. Educaci\u00f3n Infantil, segundo ciclo\u00bb, donde nuestras compa\u00f1eras Lurdes Mart\u00ednez y Montserrat Anton han colaborado en el apartado \u00abUn ni\u00f1o que progrese en el movimiento y en el dominio del cuerpo\u00bb. &nbsp;Descarregat aqu\u00ed el document &nbsp; &nbsp; El pasado [&hellip;]<\/p>\n","protected":false},"author":20,"featured_media":0,"parent":0,"menu_order":0,"comment_status":"closed","ping_status":"closed","template":"","meta":{"footnotes":""},"class_list":["post-377","page","type-page","status-publish","hentry"],"_links":{"self":[{"href":"https:\/\/webs.uab.cat\/grepuab\/es\/wp-json\/wp\/v2\/pages\/377","targetHints":{"allow":["GET"]}}],"collection":[{"href":"https:\/\/webs.uab.cat\/grepuab\/es\/wp-json\/wp\/v2\/pages"}],"about":[{"href":"https:\/\/webs.uab.cat\/grepuab\/es\/wp-json\/wp\/v2\/types\/page"}],"author":[{"embeddable":true,"href":"https:\/\/webs.uab.cat\/grepuab\/es\/wp-json\/wp\/v2\/users\/20"}],"replies":[{"embeddable":true,"href":"https:\/\/webs.uab.cat\/grepuab\/es\/wp-json\/wp\/v2\/comments?post=377"}],"version-history":[{"count":0,"href":"https:\/\/webs.uab.cat\/grepuab\/es\/wp-json\/wp\/v2\/pages\/377\/revisions"}],"wp:attachment":[{"href":"https:\/\/webs.uab.cat\/grepuab\/es\/wp-json\/wp\/v2\/media?parent=377"}],"curies":[{"name":"wp","href":"https:\/\/api.w.org\/{rel}","templated":true}]}}