{"id":107,"date":"2017-04-04T17:51:27","date_gmt":"2017-04-04T15:51:27","guid":{"rendered":"https:\/\/webs.uab.cat\/grepuab\/historia-del-grep\/"},"modified":"2017-04-04T17:51:27","modified_gmt":"2017-04-04T15:51:27","slug":"historia-del-grep","status":"publish","type":"page","link":"https:\/\/webs.uab.cat\/grepuab\/historia-del-grep\/","title":{"rendered":"Hist\u00f2ria del GREP"},"content":{"rendered":"<p dir=\"ltr\">&nbsp;<\/p>\n<p dir=\"ltr\">El <span style=\"color:#000000\"><strong>Grup de Recerca d\u2019Educaci\u00f3 Psicomotriu<\/strong><\/span> neix com a resultat de la inquietud d\u2019un conjunt de docents de diferents nivells educatius (Educaci\u00f3 Infantil, Prim\u00e0ria i Superior) per avan\u00e7ar en el reconeixement i consolidaci\u00f3 de l\u2019educaci\u00f3 psicomotriu com a disciplina cient\u00edfica, escolar, universit\u00e0ria i professional.<\/p>\n<p dir=\"ltr\">Els fonaments d\u2019aquest grup s\u2019han anat posant lentament. El curs 1998-1999 i l\u2019any 2000, professorat d\u2019educaci\u00f3 corporal i psicomotriu de la Facultat de Ci\u00e8ncies de l\u2019Educaci\u00f3 de la Universitat Aut\u00f2noma de Barcelona (UAB) i mestres en actiu de les escoles catalanes van iniciar la primera edici\u00f3 del Postgrau de Desenvolupament Psicomotor de 0 a 8 anys i de les Jornades de Reflexi\u00f3: Psicomotricitat i Escola, respectivament. Activitats que en l\u2019actualitat segueixen sent responsabilitat d\u2019aquest Grup de Recerca.<\/p>\n<p dir=\"ltr\">L\u2019any 2006, es crea el Grup de Recerca de Desenvolupament Psicomotor (Refer\u00e8ncia 1390) a l\u2019obtenir el reconeixement com a grup de recerca de la UAB, embri\u00f3 de l\u2019actual Grup de Recerca en Educaci\u00f3 Psicomotriu, reconegut com a Grup de Recerca Emergent per l\u2019Ag\u00e8ncia de Gesti\u00f3 d\u2019Ajuts Universitaris de Recerca (AGAUR) l\u2019any 2014.<\/p>\n<p>El Grup est\u00e0 format per professorat de la Unitat de Did\u00e0ctica de l\u2019Educaci\u00f3 Corporal del Departament de Did\u00e0ctica de l\u2019Expressi\u00f3 Musical, Pl\u00e0stica i Corporal de la UAB que imparteix doc\u00e8ncia en el Grau en Educaci\u00f3 Infantil, i per persones externes de reconegut prestigi dins del camp professional de la psicomotricitat i mestres en actiu de diferents escoles catalanes que estan formades i vetllen per a la millora d\u2019aquesta disciplina.<\/p>\n<p>&nbsp;<\/p>\n","protected":false},"excerpt":{"rendered":"<p>&nbsp; El Grup de Recerca d\u2019Educaci\u00f3 Psicomotriu neix com a resultat de la inquietud d\u2019un conjunt de docents de diferents nivells educatius (Educaci\u00f3 Infantil, Prim\u00e0ria i Superior) per avan\u00e7ar en el reconeixement i consolidaci\u00f3 de l\u2019educaci\u00f3 psicomotriu com a disciplina cient\u00edfica, escolar, universit\u00e0ria i professional. Els fonaments d\u2019aquest grup s\u2019han anat posant lentament. El curs [&hellip;]<\/p>\n","protected":false},"author":20,"featured_media":0,"parent":0,"menu_order":0,"comment_status":"closed","ping_status":"closed","template":"","meta":{"footnotes":""},"class_list":["post-107","page","type-page","status-publish","hentry"],"_links":{"self":[{"href":"https:\/\/webs.uab.cat\/grepuab\/wp-json\/wp\/v2\/pages\/107","targetHints":{"allow":["GET"]}}],"collection":[{"href":"https:\/\/webs.uab.cat\/grepuab\/wp-json\/wp\/v2\/pages"}],"about":[{"href":"https:\/\/webs.uab.cat\/grepuab\/wp-json\/wp\/v2\/types\/page"}],"author":[{"embeddable":true,"href":"https:\/\/webs.uab.cat\/grepuab\/wp-json\/wp\/v2\/users\/20"}],"replies":[{"embeddable":true,"href":"https:\/\/webs.uab.cat\/grepuab\/wp-json\/wp\/v2\/comments?post=107"}],"version-history":[{"count":0,"href":"https:\/\/webs.uab.cat\/grepuab\/wp-json\/wp\/v2\/pages\/107\/revisions"}],"wp:attachment":[{"href":"https:\/\/webs.uab.cat\/grepuab\/wp-json\/wp\/v2\/media?parent=107"}],"curies":[{"name":"wp","href":"https:\/\/api.w.org\/{rel}","templated":true}]}}