{"id":113,"date":"2017-04-04T17:56:08","date_gmt":"2017-04-04T15:56:08","guid":{"rendered":"https:\/\/webs.uab.cat\/grepuab\/que-fem\/"},"modified":"2017-04-04T17:56:08","modified_gmt":"2017-04-04T15:56:08","slug":"que-fem","status":"publish","type":"page","link":"https:\/\/webs.uab.cat\/grepuab\/que-fem\/","title":{"rendered":"Qu\u00e8 fem?"},"content":{"rendered":"<p dir=\"ltr\">&nbsp;<\/p>\n<p dir=\"ltr\">Les l\u00ednies de recerca d\u2019aquest Grup es consoliden a partir de: desenvolupar Projectes de recerca competitius; publicar articles en revistes indexades i professionals; publicar llibres o cap\u00edtols de llibres; dirigir i tutoritzar Treballs Finals de Grau, M\u00e0ster o Tesis doctorals relacionades amb tem\u00e0tiques d\u2019alguna de les l\u00ednies de recerca; i fer transfer\u00e8ncia de coneixement a la societat.<\/p>\n<p dir=\"ltr\">Aquest Grup \u00e9s el responsable d\u2019organitzar i desenvolupar les diferents edicions del Postgrau de Desenvolupament Psicomotor de 0 a 8 anys i de les Jornades de Reflexi\u00f3 i Recerca: Psicomotricitat i Escola.<\/p>\n<p dir=\"ltr\">Alguns dels seus membres imparteixen doc\u00e8ncia en altres universitats, m\u00e0sters i postgraus de l\u2019estat espanyol. I concretament en la UAB en el Doctorat en Educaci\u00f3, &nbsp;en l\u2019especialitat d\u2019Art, Cos i Moviment del M\u00e0ster Universitari de Recerca en Educaci\u00f3, en el Postgrau de Desenvolupament Psicomotor de 0 a 8 anys i en el Grau en Educaci\u00f3 Infantil.<\/p>\n<p>&nbsp;<\/p>\n","protected":false},"excerpt":{"rendered":"<p>&nbsp; Les l\u00ednies de recerca d\u2019aquest Grup es consoliden a partir de: desenvolupar Projectes de recerca competitius; publicar articles en revistes indexades i professionals; publicar llibres o cap\u00edtols de llibres; dirigir i tutoritzar Treballs Finals de Grau, M\u00e0ster o Tesis doctorals relacionades amb tem\u00e0tiques d\u2019alguna de les l\u00ednies de recerca; i fer transfer\u00e8ncia de coneixement [&hellip;]<\/p>\n","protected":false},"author":20,"featured_media":0,"parent":0,"menu_order":0,"comment_status":"closed","ping_status":"closed","template":"","meta":{"footnotes":""},"class_list":["post-113","page","type-page","status-publish","hentry"],"_links":{"self":[{"href":"https:\/\/webs.uab.cat\/grepuab\/wp-json\/wp\/v2\/pages\/113","targetHints":{"allow":["GET"]}}],"collection":[{"href":"https:\/\/webs.uab.cat\/grepuab\/wp-json\/wp\/v2\/pages"}],"about":[{"href":"https:\/\/webs.uab.cat\/grepuab\/wp-json\/wp\/v2\/types\/page"}],"author":[{"embeddable":true,"href":"https:\/\/webs.uab.cat\/grepuab\/wp-json\/wp\/v2\/users\/20"}],"replies":[{"embeddable":true,"href":"https:\/\/webs.uab.cat\/grepuab\/wp-json\/wp\/v2\/comments?post=113"}],"version-history":[{"count":0,"href":"https:\/\/webs.uab.cat\/grepuab\/wp-json\/wp\/v2\/pages\/113\/revisions"}],"wp:attachment":[{"href":"https:\/\/webs.uab.cat\/grepuab\/wp-json\/wp\/v2\/media?parent=113"}],"curies":[{"name":"wp","href":"https:\/\/api.w.org\/{rel}","templated":true}]}}