{"id":119,"date":"2017-04-04T18:06:31","date_gmt":"2017-04-04T16:06:31","guid":{"rendered":"https:\/\/webs.uab.cat\/grepuab\/linies-de-recerca\/"},"modified":"2017-04-04T18:06:31","modified_gmt":"2017-04-04T16:06:31","slug":"linies-de-recerca","status":"publish","type":"page","link":"https:\/\/webs.uab.cat\/grepuab\/linies-de-recerca\/","title":{"rendered":"L\u00ednies de Recerca"},"content":{"rendered":"<p>Les l\u00ednies d&#8217;investigaci\u00f3 que segueix el GREP s\u00f3n les seg\u00fcents:<\/p>\n<p dir=\"ltr\">&#8211; Desenvolupament i avaluaci\u00f3 de compet\u00e8ncies professionals psicomotrius.<\/p>\n<p dir=\"ltr\">&#8211; Marc te\u00f2ric-pr\u00e0ctic de l&#8217;educaci\u00f3 psicomotriu.<\/p>\n<p dir=\"ltr\">&#8211; Encaix de la psicomotricitat als centres educatius.<\/p>\n<p>&#8211; Formaci\u00f3 espec\u00edfica professionalitzadora i investigadora del psicomotricista.<\/p>\n<p>&#8211; Avaluaci\u00f3 formativa a la universitat.<\/p>\n<p>&nbsp;<\/p>\n<p dir=\"ltr\">Les l\u00ednies de recerca que hem apuntat anteriorment s\u00f3n les actuals per\u00f2 temps enrrera el GREP ha tingut les seg\u00fcents:<\/p>\n<ul>\n<li dir=\"ltr\">\n<p dir=\"ltr\">La relaci\u00f3 entre curr\u00edculum i Psicomotricitat<\/p>\n<\/li>\n<li dir=\"ltr\">\n<p dir=\"ltr\">L&#8217;observaci\u00f3 en Psicomotricitat<\/p>\n<\/li>\n<li dir=\"ltr\">\n<p dir=\"ltr\">Estudiar la influ\u00e8ncia de la neurologia i neurobiologia en el Desenvolupament Psicomotor.<\/p>\n<\/li>\n<li dir=\"ltr\">\n<p dir=\"ltr\">Aprofundir en els principis te\u00f2rics que sustenten la Psicomotricitat.<\/p>\n<\/li>\n<li dir=\"ltr\">\n<p dir=\"ltr\">Definir quin \u00e9s el paper de l\u2019adult i quin sistema d\u2019actituds ha de complir.<\/p>\n<\/li>\n<li dir=\"ltr\">\n<p dir=\"ltr\">Concretar formes d\u2019incidir en la formaci\u00f3 inicial, permanent, de grau, m\u00e0ster, postgrau i doctorat tant a nivell nacional com europeu.<\/p>\n<\/li>\n<li dir=\"ltr\">\n<p dir=\"ltr\">Aprofundir en la praxis, intervenci\u00f3 i metodologia en l\u2019activitat psicomotriu.<\/p>\n<\/li>\n<li dir=\"ltr\">Establir din\u00e0miques, formes b\u00e0siques i estrat\u00e8gies que intervenen en el proc\u00e9s d\u2019individuaci\u00f3 de l\u2019infant.<\/li>\n<\/ul>\n<p>&nbsp;<\/p>\n","protected":false},"excerpt":{"rendered":"<p>Les l\u00ednies d&#8217;investigaci\u00f3 que segueix el GREP s\u00f3n les seg\u00fcents: &#8211; Desenvolupament i avaluaci\u00f3 de compet\u00e8ncies professionals psicomotrius. &#8211; Marc te\u00f2ric-pr\u00e0ctic de l&#8217;educaci\u00f3 psicomotriu. &#8211; Encaix de la psicomotricitat als centres educatius. &#8211; Formaci\u00f3 espec\u00edfica professionalitzadora i investigadora del psicomotricista. &#8211; Avaluaci\u00f3 formativa a la universitat. &nbsp; Les l\u00ednies de recerca que hem apuntat anteriorment [&hellip;]<\/p>\n","protected":false},"author":20,"featured_media":0,"parent":0,"menu_order":0,"comment_status":"closed","ping_status":"closed","template":"","meta":{"footnotes":""},"class_list":["post-119","page","type-page","status-publish","hentry"],"_links":{"self":[{"href":"https:\/\/webs.uab.cat\/grepuab\/wp-json\/wp\/v2\/pages\/119","targetHints":{"allow":["GET"]}}],"collection":[{"href":"https:\/\/webs.uab.cat\/grepuab\/wp-json\/wp\/v2\/pages"}],"about":[{"href":"https:\/\/webs.uab.cat\/grepuab\/wp-json\/wp\/v2\/types\/page"}],"author":[{"embeddable":true,"href":"https:\/\/webs.uab.cat\/grepuab\/wp-json\/wp\/v2\/users\/20"}],"replies":[{"embeddable":true,"href":"https:\/\/webs.uab.cat\/grepuab\/wp-json\/wp\/v2\/comments?post=119"}],"version-history":[{"count":0,"href":"https:\/\/webs.uab.cat\/grepuab\/wp-json\/wp\/v2\/pages\/119\/revisions"}],"wp:attachment":[{"href":"https:\/\/webs.uab.cat\/grepuab\/wp-json\/wp\/v2\/media?parent=119"}],"curies":[{"name":"wp","href":"https:\/\/api.w.org\/{rel}","templated":true}]}}