{"id":173,"date":"2017-04-05T21:58:37","date_gmt":"2017-04-05T19:58:37","guid":{"rendered":"https:\/\/webs.uab.cat\/grepuab\/2012-vi-jornades-lobservacio\/"},"modified":"2017-04-05T21:58:37","modified_gmt":"2017-04-05T19:58:37","slug":"2012-vi-jornades-lobservacio","status":"publish","type":"page","link":"https:\/\/webs.uab.cat\/grepuab\/2012-vi-jornades-lobservacio\/","title":{"rendered":"2012 &#8211; VI Jornades: &#8220;L&#8217;Observaci\u00f3&#8221;."},"content":{"rendered":"<p>El tema escollit a les VI Jornades va ser l\u2019OBSERVACI\u00d3. L\u2019observaci\u00f3, com a eina per a comprendre el sentit de l\u2019expressivitat de l\u2019infant. L\u2019observaci\u00f3, com a eina utilitzada a l\u2019avaluaci\u00f3. L\u2019observaci\u00f3, com una actitud personal, necess\u00e0ria per a acompanyar la maduraci\u00f3 psicol\u00f2gica dels infants. L\u2019observaci\u00f3, com un pal de paller de la formaci\u00f3 del psicomotricista en les vessants te\u00f2rica, pedag\u00f2gica i personal. L\u2019observaci\u00f3, com un proc\u00e9s de transformaci\u00f3 a partir de la interacci\u00f3 entre l\u2019adult i l\u2019infant.<\/p>\n<p>&nbsp;<\/p>\n<p>&#8212;&#8212;&#8212;&#8212;&#8212;&#8212;&#8211; Tr\u00edptic informatiu de les VI Jornades:<\/p>\n<div class=\"issuuembed\" data-configid=\"29317658\/47726124\" style=\"width:525px; height:186px;\">&nbsp;<\/div>\n<p><script type=\"text\/javascript\" src=\"\/\/e.issuu.com\/embed.js\" async=\"true\"><\/script><\/p>\n<p>&#8212;&#8212;&#8212;&#8212;&#8212;&#8211; Publicaci\u00f3 de les VI Jornades<\/p>\n<div class=\"issuuembed\" data-configid=\"29317658\/48741778\" style=\"width:525px; height:371px;\">&nbsp;<\/div>\n<p><script type=\"text\/javascript\" src=\"\/\/e.issuu.com\/embed.js\" async=\"true\"><\/script><\/p>\n<p>&nbsp;<\/p>\n<p>&#8212;&#8212;&#8212;&#8212;&#8212; V\u00eddeo resum de les Jornades:<iframe loading=\"lazy\" allowfullscreen=\"\" frameborder=\"0\" height=\"315\" src=\"https:\/\/www.youtube.com\/embed\/UdEXunW_SQA\" width=\"560\"><\/iframe><\/p>\n","protected":false},"excerpt":{"rendered":"<p>El tema escollit a les VI Jornades va ser l\u2019OBSERVACI\u00d3. L\u2019observaci\u00f3, com a eina per a comprendre el sentit de l\u2019expressivitat de l\u2019infant. L\u2019observaci\u00f3, com a eina utilitzada a l\u2019avaluaci\u00f3. L\u2019observaci\u00f3, com una actitud personal, necess\u00e0ria per a acompanyar la maduraci\u00f3 psicol\u00f2gica dels infants. L\u2019observaci\u00f3, com un pal de paller de la formaci\u00f3 del psicomotricista [&hellip;]<\/p>\n","protected":false},"author":20,"featured_media":0,"parent":0,"menu_order":0,"comment_status":"closed","ping_status":"closed","template":"","meta":{"footnotes":""},"class_list":["post-173","page","type-page","status-publish","hentry"],"_links":{"self":[{"href":"https:\/\/webs.uab.cat\/grepuab\/wp-json\/wp\/v2\/pages\/173","targetHints":{"allow":["GET"]}}],"collection":[{"href":"https:\/\/webs.uab.cat\/grepuab\/wp-json\/wp\/v2\/pages"}],"about":[{"href":"https:\/\/webs.uab.cat\/grepuab\/wp-json\/wp\/v2\/types\/page"}],"author":[{"embeddable":true,"href":"https:\/\/webs.uab.cat\/grepuab\/wp-json\/wp\/v2\/users\/20"}],"replies":[{"embeddable":true,"href":"https:\/\/webs.uab.cat\/grepuab\/wp-json\/wp\/v2\/comments?post=173"}],"version-history":[{"count":0,"href":"https:\/\/webs.uab.cat\/grepuab\/wp-json\/wp\/v2\/pages\/173\/revisions"}],"wp:attachment":[{"href":"https:\/\/webs.uab.cat\/grepuab\/wp-json\/wp\/v2\/media?parent=173"}],"curies":[{"name":"wp","href":"https:\/\/api.w.org\/{rel}","templated":true}]}}