{"id":194,"date":"2017-04-05T22:04:25","date_gmt":"2017-04-05T20:04:25","guid":{"rendered":"https:\/\/webs.uab.cat\/grepuab\/2010-v-jornades-el-joc\/"},"modified":"2017-04-05T22:04:25","modified_gmt":"2017-04-05T20:04:25","slug":"2010-v-jornades-el-joc","status":"publish","type":"page","link":"https:\/\/webs.uab.cat\/grepuab\/2010-v-jornades-el-joc\/","title":{"rendered":"2010 &#8211; V Jornades: &#8220;El Joc&#8221;"},"content":{"rendered":"<p>Dedicades al nostre company Carles Font, les V Jornades es van destinar a aprofundir de manera decidida, en el paper que t\u00e9 EL JOC en la fonamentaci\u00f3 de totes les din\u00e0miques de creixement i d\u2019aprenentatge dels infants.&nbsp;<\/p>\n<div class=\"issuuembed\" data-configid=\"29317658\/47725604\" style=\"width:525px; height:371px;\">&nbsp;<\/div>\n<p><script type=\"text\/javascript\" src=\"\/\/e.issuu.com\/embed.js\" async=\"true\"><\/script><\/p>\n","protected":false},"excerpt":{"rendered":"<p>Dedicades al nostre company Carles Font, les V Jornades es van destinar a aprofundir de manera decidida, en el paper que t\u00e9 EL JOC en la fonamentaci\u00f3 de totes les din\u00e0miques de creixement i d\u2019aprenentatge dels infants.&nbsp; &nbsp;<\/p>\n","protected":false},"author":20,"featured_media":0,"parent":0,"menu_order":0,"comment_status":"closed","ping_status":"closed","template":"","meta":{"footnotes":""},"class_list":["post-194","page","type-page","status-publish","hentry"],"_links":{"self":[{"href":"https:\/\/webs.uab.cat\/grepuab\/wp-json\/wp\/v2\/pages\/194","targetHints":{"allow":["GET"]}}],"collection":[{"href":"https:\/\/webs.uab.cat\/grepuab\/wp-json\/wp\/v2\/pages"}],"about":[{"href":"https:\/\/webs.uab.cat\/grepuab\/wp-json\/wp\/v2\/types\/page"}],"author":[{"embeddable":true,"href":"https:\/\/webs.uab.cat\/grepuab\/wp-json\/wp\/v2\/users\/20"}],"replies":[{"embeddable":true,"href":"https:\/\/webs.uab.cat\/grepuab\/wp-json\/wp\/v2\/comments?post=194"}],"version-history":[{"count":0,"href":"https:\/\/webs.uab.cat\/grepuab\/wp-json\/wp\/v2\/pages\/194\/revisions"}],"wp:attachment":[{"href":"https:\/\/webs.uab.cat\/grepuab\/wp-json\/wp\/v2\/media?parent=194"}],"curies":[{"name":"wp","href":"https:\/\/api.w.org\/{rel}","templated":true}]}}