{"id":1976,"date":"2025-06-17T19:20:33","date_gmt":"2025-06-17T17:20:33","guid":{"rendered":"https:\/\/webs.uab.cat\/grepuab\/?page_id=1976"},"modified":"2026-01-28T20:43:13","modified_gmt":"2026-01-28T18:43:13","slug":"2026-xi-jornades-connectat-amb-la-psicomotricitat","status":"publish","type":"page","link":"https:\/\/webs.uab.cat\/grepuab\/jornades-de-reflexio-i-recerca-psicomotricitat-i-escola\/2026-xi-jornades-connectat-amb-la-psicomotricitat\/","title":{"rendered":"2026 &#8211; XI Jornades: &#8220;Connecta&#8217;t amb la psicomotricitat&#8221;"},"content":{"rendered":"\n<p>Ja podeu fer la inscripci\u00f3 a les XI Jornades de Psicomotricitat que es realitzaran el divendres 10 i 17 d\u2019abril per la tarda a la Facultat de Ci\u00e8ncies de l\u2019Educaci\u00f3 de la UAB!<br>Per fer la inscripci\u00f3 entra en aquest enlla\u00e7: XI Jornades de reflexi\u00f3 i recerca: <a href=\"https:\/\/www.uab.cat\/ca\/ice\/fx-psicomotricitat-i-escola\">Psicomotricitat i Escola. Connecta&#8217;t amb la psicomotricitat &#8211; Institut de Ci\u00e8ncies de l&#8217;Educaci\u00f3 (ICE) &#8211; UAB Barcelona<\/a><\/p>\n\n\n\n<p>Les Jornades tindran un tarann\u00e0 te\u00f2ric com confer\u00e8ncies, di\u00e0legs i p\u00f2sters per\u00f2 sobretot ser\u00e0 vivencial, en el qual es desenvoluparan tallers pr\u00e0ctics on les persones participants podran vivenciar aspectes significatius vers el moviment i el cos, tant dels adults com dels infants. Pel que suposaran aprentatges transferibles a les pr\u00e0ctiques docents actuals.<\/p>\n\n\n\n<p class=\"has-large-font-size\"><strong>PROGRAMACI\u00d3 DE LES JORNADES<\/strong><\/p>\n\n\n\n<p><span style=\"text-decoration: underline\"><strong>DIVENDRES 10 D\u2019ABRIL:<\/strong><\/span><\/p>\n\n\n\n<ul class=\"wp-block-list\">\n<li>17:30h: <strong>Confer\u00e8ncia inaugural:<\/strong> Sentit i abast de la psicomotricitat<br><span style=\"text-decoration: underline\">Conferenciants:<\/span> Josep Rota i N\u00faria Franch.<\/li>\n<\/ul>\n\n\n\n<ul class=\"wp-block-list\">\n<li>18:45: TALLERS (has d\u2019escollir un dels dos tallers).<\/li>\n<\/ul>\n\n\n\n<ul class=\"wp-block-list\">\n<li><strong>Taller 1:<\/strong> El joc lliure i espontani. Par\u00e0metres que hi intervenen.<br><span style=\"text-decoration: underline\">Formador:<\/span> Sergi Vallverd\u00fa.<\/li>\n<\/ul>\n\n\n\n<ul class=\"wp-block-list\">\n<li><strong>Taller 2: <\/strong>\u00a0El cos dansat.<br><span style=\"text-decoration: underline\">Formadora:<\/span> D\u00e9borah Brime.<\/li>\n<\/ul>\n\n\n\n<p><\/p>\n\n\n\n<ul class=\"wp-block-list\">\n<li>20:15h: DI\u00c0LEGS (has d\u2019escollir un dels dos di\u00e0legs).<br><\/li>\n\n\n\n<li><strong>Di\u00e0leg 1:<\/strong> La participaci\u00f3 de les fam\u00edlies dins de la sala de psicomotricitat.<br><span style=\"text-decoration: underline\">Formadores:<\/span> participants del centre Kair\u00f2s Vall\u00e8s i Clara Maristany.<\/li>\n<\/ul>\n\n\n\n<p><\/p>\n\n\n\n<ul class=\"wp-block-list\">\n<li><strong>Di\u00e0leg 2:<\/strong> La psicomotricitat: una mirada necess\u00e0ria per al desenvolupament\u00a0harm\u00f2nic dels infants.                                                                               <span style=\"text-decoration: underline\">F<\/span><span style=\"text-decoration: underline\">ormadores:<\/span> Andrea Castell\u00e0 i Eva Bru.<\/li>\n<\/ul>\n\n\n\n<p><\/p>\n\n\n\n<p><\/p>\n\n\n\n<p><span style=\"text-decoration: underline\"><strong>DIVENDRES 17 D\u2019ABRIL:<\/strong><\/span><\/p>\n\n\n\n<ul class=\"wp-block-list\">\n<li>17:30: TALLERS (has d\u2019escollir un dels dos tallers).<br><\/li>\n\n\n\n<li><strong>Taller 1:<\/strong> \u00a0Avui fem grafo!                                                                                                                    <span style=\"text-decoration: underline\">Formadora<\/span>: M\u00aa Carmen Gonz\u00e1lez.<\/li>\n<\/ul>\n\n\n\n<ul class=\"wp-block-list\">\n<li><strong>Taller 2:<\/strong> Psicomotricitat i aprenentatge. La motricitat significativa vivenciada com a estrat\u00e8gia vehicular per a l&#8217;aprenentatge de continguts curriculars.<br><span style=\"text-decoration: underline\">Formador:<\/span> Llu\u00eds Nogu\u00e9.<br><\/li>\n<\/ul>\n\n\n\n<p><\/p>\n\n\n\n<ul class=\"wp-block-list\">\n<li>19: 00: Comunicacions<br>Si vols presentar una comunicaci\u00f3 s\u2019ha d\u2019enviar abans del 29 de mar\u00e7.<br>En aquest enlla\u00e7 trobar\u00e0s la informaci\u00f3 de com ha de ser el document a enviar.<br><a href=\"https:\/\/www.uab.cat\/ca\/ice\/fx-psicomotricitat-i-escola\">XI Jornades de reflexi\u00f3 i recerca: Psicomotricitat i Escola. Connecta&#8217;t amb la<br>psicomotricitat &#8211; Institut de Ci\u00e8ncies de l&#8217;Educaci\u00f3 (ICE) &#8211; UAB Barcelona.<\/a><br><\/li>\n<\/ul>\n\n\n\n<p><\/p>\n\n\n\n<ul class=\"wp-block-list\">\n<li>20h: Manifest i cloenda de les Jornades.<\/li>\n<\/ul>\n\n\n\n<p><\/p>\n\n\n\n<p>Aquesta formaci\u00f3 \u00e9s homologada pel Departament d&#8217;Educaci\u00f3 estar\u00e0 certificada a l&#8217;espai ATRI.<\/p>\n\n\n\n<p>Us esperem!<\/p>\n\n\n<div class=\"wp-block-image\">\n<figure class=\"aligncenter size-full\"><img loading=\"lazy\" decoding=\"async\" width=\"404\" height=\"575\" src=\"https:\/\/webs.uab.cat\/grepuab\/wp-content\/uploads\/sites\/54\/2025\/11\/Cartell_Jornades_10_i_17_dabril.png\" alt=\"\" class=\"wp-image-2134\" srcset=\"https:\/\/webs.uab.cat\/grepuab\/wp-content\/uploads\/sites\/54\/2025\/11\/Cartell_Jornades_10_i_17_dabril.png 404w, https:\/\/webs.uab.cat\/grepuab\/wp-content\/uploads\/sites\/54\/2025\/11\/Cartell_Jornades_10_i_17_dabril-211x300.png 211w\" sizes=\"auto, (max-width: 404px) 100vw, 404px\" \/><\/figure>\n<\/div>\n\n\n<p><\/p>\n","protected":false},"excerpt":{"rendered":"<p>Ja podeu fer la inscripci\u00f3 a les XI Jornades de Psicomotricitat que es realitzaran el divendres 10 i 17 d\u2019abril per la tarda a la Facultat de Ci\u00e8ncies de l\u2019Educaci\u00f3 de la UAB!Per fer la inscripci\u00f3 entra en aquest enlla\u00e7: XI Jornades de reflexi\u00f3 i recerca: Psicomotricitat i Escola. Connecta&#8217;t amb la psicomotricitat &#8211; Institut [&hellip;]<\/p>\n","protected":false},"author":63,"featured_media":0,"parent":122,"menu_order":0,"comment_status":"closed","ping_status":"closed","template":"","meta":{"footnotes":""},"class_list":["post-1976","page","type-page","status-publish","hentry"],"_links":{"self":[{"href":"https:\/\/webs.uab.cat\/grepuab\/wp-json\/wp\/v2\/pages\/1976","targetHints":{"allow":["GET"]}}],"collection":[{"href":"https:\/\/webs.uab.cat\/grepuab\/wp-json\/wp\/v2\/pages"}],"about":[{"href":"https:\/\/webs.uab.cat\/grepuab\/wp-json\/wp\/v2\/types\/page"}],"author":[{"embeddable":true,"href":"https:\/\/webs.uab.cat\/grepuab\/wp-json\/wp\/v2\/users\/63"}],"replies":[{"embeddable":true,"href":"https:\/\/webs.uab.cat\/grepuab\/wp-json\/wp\/v2\/comments?post=1976"}],"version-history":[{"count":17,"href":"https:\/\/webs.uab.cat\/grepuab\/wp-json\/wp\/v2\/pages\/1976\/revisions"}],"predecessor-version":[{"id":2224,"href":"https:\/\/webs.uab.cat\/grepuab\/wp-json\/wp\/v2\/pages\/1976\/revisions\/2224"}],"up":[{"embeddable":true,"href":"https:\/\/webs.uab.cat\/grepuab\/wp-json\/wp\/v2\/pages\/122"}],"wp:attachment":[{"href":"https:\/\/webs.uab.cat\/grepuab\/wp-json\/wp\/v2\/media?parent=1976"}],"curies":[{"name":"wp","href":"https:\/\/api.w.org\/{rel}","templated":true}]}}