{"id":215,"date":"2017-04-05T22:09:29","date_gmt":"2017-04-05T20:09:29","guid":{"rendered":"https:\/\/webs.uab.cat\/grepuab\/2008-iv-jornades-grep\/"},"modified":"2017-04-05T22:09:29","modified_gmt":"2017-04-05T20:09:29","slug":"2008-iv-jornades-grep","status":"publish","type":"page","link":"https:\/\/webs.uab.cat\/grepuab\/2008-iv-jornades-grep\/","title":{"rendered":"2008 &#8211; IV Jornades: &#8220;GREP&#8221;"},"content":{"rendered":"<p dir=\"ltr\">Les IV Jornades van anar agafant cos a partir de dubtes i interrogants que ens estaven portant a reflexionar sobre la Psicomotricitat: Qu\u00e8 \u00e9s el que la defineix? Qu\u00e8 \u00e9s el que la fa propera i l\u2019obre a perspectives m\u00e9s \u00e0mplies? Certament que hi ha continguts consolidats i consensuats, per\u00f2 la certesa mai \u00e9s absoluta. Els q\u00fcestionaments s\u00f3n l\u2019origen de noves descobertes. es va intentar encetar una reflexi\u00f3 sobre els aspectes que van lligats a la globalitat corporal tant des de la viv\u00e8ncia com des de la conceptualitzaci\u00f3.<\/p>\n","protected":false},"excerpt":{"rendered":"<p>Les IV Jornades van anar agafant cos a partir de dubtes i interrogants que ens estaven portant a reflexionar sobre la Psicomotricitat: Qu\u00e8 \u00e9s el que la defineix? Qu\u00e8 \u00e9s el que la fa propera i l\u2019obre a perspectives m\u00e9s \u00e0mplies? Certament que hi ha continguts consolidats i consensuats, per\u00f2 la certesa mai \u00e9s absoluta. [&hellip;]<\/p>\n","protected":false},"author":20,"featured_media":0,"parent":0,"menu_order":0,"comment_status":"closed","ping_status":"closed","template":"","meta":{"footnotes":""},"class_list":["post-215","page","type-page","status-publish","hentry"],"_links":{"self":[{"href":"https:\/\/webs.uab.cat\/grepuab\/wp-json\/wp\/v2\/pages\/215","targetHints":{"allow":["GET"]}}],"collection":[{"href":"https:\/\/webs.uab.cat\/grepuab\/wp-json\/wp\/v2\/pages"}],"about":[{"href":"https:\/\/webs.uab.cat\/grepuab\/wp-json\/wp\/v2\/types\/page"}],"author":[{"embeddable":true,"href":"https:\/\/webs.uab.cat\/grepuab\/wp-json\/wp\/v2\/users\/20"}],"replies":[{"embeddable":true,"href":"https:\/\/webs.uab.cat\/grepuab\/wp-json\/wp\/v2\/comments?post=215"}],"version-history":[{"count":0,"href":"https:\/\/webs.uab.cat\/grepuab\/wp-json\/wp\/v2\/pages\/215\/revisions"}],"wp:attachment":[{"href":"https:\/\/webs.uab.cat\/grepuab\/wp-json\/wp\/v2\/media?parent=215"}],"curies":[{"name":"wp","href":"https:\/\/api.w.org\/{rel}","templated":true}]}}