{"id":257,"date":"2017-04-05T23:19:52","date_gmt":"2017-04-05T21:19:52","guid":{"rendered":"https:\/\/webs.uab.cat\/grepuab\/direccions-de-tesis-doctorals\/"},"modified":"2023-02-10T00:38:04","modified_gmt":"2023-02-09T22:38:04","slug":"direccions-de-tesis-doctorals","status":"publish","type":"page","link":"https:\/\/webs.uab.cat\/grepuab\/direccions-de-tesis-doctorals\/","title":{"rendered":"Direccions de Tesis Doctorals"},"content":{"rendered":"\n<p>El GREP UAB contribueix al fet que hagi m\u00e9s investigaci\u00f3 relacionada amb la Psicomotricitat i que aquesta sigui de qualitat.<\/p>\n\n\n\n<p>Els seus membres tant dirigeixen com tutoritzen Tesis Doctorals en el Programa de Doctorat en Educaci\u00f3 de la Universitat Aut\u00f2noma de Barcelona com en altres programes de doctorat de la mateixa universitat.<\/p>\n\n\n\n<div class=\"wp-block-group\"><div class=\"wp-block-group__inner-container is-layout-flow wp-block-group-is-layout-flow\">\n<pre class=\"wp-block-preformatted\">       <\/pre>\n<\/div><\/div>\n\n\n\n<h2 class=\"wp-block-heading\"><strong>Tesis doctorals llegides<\/strong><\/h2>\n\n\n\n<p>A continuaci\u00f3, es mostren les Tesis Doctorals dirigides i\/o tutoritzades pels i les membres del GREP UAB.<\/p>\n\n\n\n<pre class=\"wp-block-preformatted\"> <\/pre>\n\n\n\n<p><strong>Nom Tesis Doctoral:<\/strong> Competencias espec\u00edficas del psicomotricista adquirides por profesionales especializados en Chile y su aporte a la calidad de la educaci\u00f3n.<\/p>\n\n\n\n<p><strong>Nom doctoranda:<\/strong> Marcela Beatriz Hern\u00e1ndez Lechuga.<\/p>\n\n\n\n<p><strong>Directora:<\/strong> Lurdes Mart\u00ednez M\u00ednguez.<\/p>\n\n\n\n<p><strong>Instituci\u00f3:<\/strong> Universitat Aut\u00f2noma de Barcelona.<\/p>\n\n\n\n<p><strong>Data de lectura:<\/strong> 16\/12\/2022<\/p>\n\n\n\n<p><strong>Instituci\u00f3:<\/strong> Universitat Aut\u00f2noma de Barcelona.<\/p>\n\n\n\n<pre class=\"wp-block-preformatted\"> <\/pre>\n\n\n\n<p><strong>Nom Tesis Doctoral:<\/strong> La psicomotricitat com a eina de suport pel benestar infantil: Estudi de cas amb infants que tenen germans amb alteracions en el seu desenvolupament.<\/p>\n\n\n\n<p><strong>Nom doctorand: <\/strong>Francesc Porta Mart\u00ednez.<\/p>\n\n\n\n<p><strong>Directora:<\/strong> Lurdes Mart\u00ednez M\u00ednguez.<\/p>\n\n\n\n<p><strong>Data de lectura:<\/strong> 30\/04\/2021<\/p>\n\n\n\n<p><strong>Instituci\u00f3:<\/strong> Universitat Aut\u00f2noma de Barcelona. Disponible a: <\/p>\n\n\n\n<p><a href=\"https:\/\/hdl.handle.net\/10803\/673322\"><strong>https:<\/strong>\/\/hdl.handle.net\/10803\/673322<\/a><\/p>\n\n\n\n<pre class=\"wp-block-preformatted\">  <\/pre>\n\n\n\n<p><strong>Nom Tesis Doctoral:<\/strong> Del cos viscut al cos representat. Correlaci\u00f3 entre acci\u00f3, representaci\u00f3 i cognici\u00f3.<\/p>\n\n\n\n<p><strong>Nom doctoranda:<\/strong> Maria del Carmen Gonz\u00e1lez Andr\u00e9.<\/p>\n\n\n\n<p><strong>Directora:<\/strong> Lurdes Mart\u00ednez M\u00ednguez.<\/p>\n\n\n\n<p><strong>Data de lectura:<\/strong> 21\/12\/2020.<\/p>\n\n\n\n<p><strong>Instituci\u00f3:<\/strong> Universitat Aut\u00f2noma de Barcelona. Disponible a: <a href=\"https:\/\/tesisenred.net\/handle\/10803\/671123#page=1\">https:\/\/tesisenred.net\/handle\/10803\/671123#page=1<\/a><\/p>\n\n\n\n<pre class=\"wp-block-preformatted\"><\/pre>\n\n\n\n<p><strong>Nom Tesis Doctoral:<\/strong> L\u2019avaluaci\u00f3 de les compet\u00e8ncies del psicomotricista en l\u2019\u00e0mbit educatiu per millorar el seu desenvolupament professional.<\/p>\n\n\n\n<p><strong>Nom doctorand:<\/strong> Xavier Forcadell Drago.<\/p>\n\n\n\n<p><strong>Directora:<\/strong> Lurdes Mart\u00ednez M\u00ednguez.<\/p>\n\n\n\n<p><strong>Data de lectura:<\/strong> 14\/12\/2014.<\/p>\n\n\n\n<p><strong>Instituci\u00f3:<\/strong> Universitat Aut\u00f2noma de Barcelona. Disponible a: <a href=\"http:\/\/www.tdx.cat\/handle\/10803\/285371\">http:\/\/www.tdx.cat\/handle\/10803\/285371<\/a><\/p>\n\n\n\n<div class=\"wp-block-group\"><div class=\"wp-block-group__inner-container is-layout-flow wp-block-group-is-layout-flow\">\n<pre class=\"wp-block-preformatted\"> <\/pre>\n<\/div><\/div>\n\n\n\n<p><\/p>\n\n\n\n<h2 class=\"wp-block-heading\"><strong>Tesis doctorals en curs<\/strong> <\/h2>\n\n\n\n<p><strong>Nom Tesis Doctoral:<\/strong> La corpore\u00eftat dels\/les mestres d\u2019Educaci\u00f3 Infantil: orientacions per a la seva formaci\u00f3 inicial.<\/p>\n\n\n\n<p><strong>Nom doctoranda:<\/strong> Laura Moya Prados.<\/p>\n\n\n\n<p><strong>Directores:<\/strong> Silvia Blanch Gelabert i Lurdes Mart\u00ednez M\u00ednguez.<\/p>\n\n\n\n<p><strong>Instituci\u00f3:<\/strong> Universitat Aut\u00f2noma de Barcelona.<\/p>\n\n\n\n<pre class=\"wp-block-preformatted\"> <\/pre>\n\n\n\n<p><strong>Nom Tesis Doctoral:<\/strong> Educar para el juego simb\u00f3lico y juego dram\u00e1tico en Educaci\u00f3n Infantil (3-6 a\u00f1os).<\/p>\n\n\n\n<p><strong>Nom doctoranda:<\/strong> Ana Catarina Neves.<\/p>\n\n\n\n<p><strong>Directora:<\/strong> Carolina Nieva Boza i Lurdes Mart\u00ednez M\u00ednguez.<\/p>\n\n\n\n<p><strong>Instituci\u00f3:<\/strong> Universitat Aut\u00f2noma de Barcelona.<\/p>\n\n\n\n<pre class=\"wp-block-preformatted\"> <\/pre>\n\n\n\n<p><strong>Nom Tesis Doctoral:<\/strong> La iniciaci\u00f3 esportiva des d\u2019una mirada psicomotriu. Impacte d\u2019una pr\u00e0ctica globalitzada en el perfil psicomotor i la percepci\u00f3 de compet\u00e8ncia i motivaci\u00f3 en infants de 8 a 12 anys.<\/p>\n\n\n\n<p><strong>Nom doctorand:<\/strong> Sergi Vallverd\u00fa Mart\u00ednez.<\/p>\n\n\n\n<p><strong>Directora: <\/strong>Lurdes Mart\u00ednez M\u00ednguez.<\/p>\n\n\n\n<p><strong>Instituci\u00f3:<\/strong> Universitat Aut\u00f2noma de Barcelona.<\/p>\n\n\n\n<pre class=\"wp-block-preformatted\"> <\/pre>\n\n\n\n<p><strong>Nom Tesis Doctoral:<\/strong> La formaci\u00f3 del i la t\u00e8cnica en educaci\u00f3 infantil des de les perspectives de Pikler, Aucouturier i Malaguzzi: cos, moviment i construcci\u00f3 del pensament de l\u2019infant.<\/p>\n\n\n\n<p><strong>Nom doctoranda:<\/strong> Anna Soler Pall\u00e0s<\/p>\n\n\n\n<p><strong>Directora:<\/strong> Carolina Nieva Boza i Lurdes Mart\u00ednez M\u00ednguez.<\/p>\n\n\n\n<p><strong>Instituci\u00f3:<\/strong> Universitat Aut\u00f2noma de Barcelona.<\/p>\n\n\n\n<pre class=\"wp-block-preformatted\"> <\/pre>\n\n\n\n<p><strong>Nom Tesis Doctoral:<\/strong> La educaci\u00f3n f\u00edsica como medio favorecedor de actitudes y valores para la inclusi\u00f3n social en el alumnado del primer a\u00f1o de la educaci\u00f3n secundaria obligatoria.<\/p>\n\n\n\n<p><strong>Nom doctoranda: <\/strong>Daisy Espinola Gonz\u00e1lez.<\/p>\n\n\n\n<p><strong>Directora:<\/strong> Carolina Nieva Boza i Francesc Porta Mart\u00ednez.<\/p>\n\n\n\n<p><strong>Instituci\u00f3:<\/strong> Universitat Aut\u00f2noma de Barcelona.<\/p>\n\n\n\n<div class=\"wp-block-cover alignfull is-light\" style=\"min-height:100vh;aspect-ratio:unset;\"><span aria-hidden=\"true\" class=\"wp-block-cover__background has-background-dim-100 has-background-dim\" style=\"background-color:#ffffff\"><\/span><div class=\"wp-block-cover__inner-container is-layout-flow wp-block-cover-is-layout-flow\">\n<p class=\"has-text-align-center has-large-font-size\"><\/p>\n<\/div><\/div>\n","protected":false},"excerpt":{"rendered":"<p>El GREP UAB contribueix al fet que hagi m\u00e9s investigaci\u00f3 relacionada amb la Psicomotricitat i que aquesta sigui de qualitat. Els seus membres tant dirigeixen com tutoritzen Tesis Doctorals en el Programa de Doctorat en Educaci\u00f3 de la Universitat Aut\u00f2noma de Barcelona com en altres programes de doctorat de la mateixa universitat. Tesis doctorals llegides [&hellip;]<\/p>\n","protected":false},"author":20,"featured_media":0,"parent":0,"menu_order":0,"comment_status":"closed","ping_status":"closed","template":"","meta":{"footnotes":""},"class_list":["post-257","page","type-page","status-publish","hentry"],"_links":{"self":[{"href":"https:\/\/webs.uab.cat\/grepuab\/wp-json\/wp\/v2\/pages\/257","targetHints":{"allow":["GET"]}}],"collection":[{"href":"https:\/\/webs.uab.cat\/grepuab\/wp-json\/wp\/v2\/pages"}],"about":[{"href":"https:\/\/webs.uab.cat\/grepuab\/wp-json\/wp\/v2\/types\/page"}],"author":[{"embeddable":true,"href":"https:\/\/webs.uab.cat\/grepuab\/wp-json\/wp\/v2\/users\/20"}],"replies":[{"embeddable":true,"href":"https:\/\/webs.uab.cat\/grepuab\/wp-json\/wp\/v2\/comments?post=257"}],"version-history":[{"count":11,"href":"https:\/\/webs.uab.cat\/grepuab\/wp-json\/wp\/v2\/pages\/257\/revisions"}],"predecessor-version":[{"id":882,"href":"https:\/\/webs.uab.cat\/grepuab\/wp-json\/wp\/v2\/pages\/257\/revisions\/882"}],"wp:attachment":[{"href":"https:\/\/webs.uab.cat\/grepuab\/wp-json\/wp\/v2\/media?parent=257"}],"curies":[{"name":"wp","href":"https:\/\/api.w.org\/{rel}","templated":true}]}}