{"id":266,"date":"2017-04-05T23:41:35","date_gmt":"2017-04-05T21:41:35","guid":{"rendered":"https:\/\/webs.uab.cat\/grepuab\/participacions-com-comite-cientific\/"},"modified":"2017-04-05T23:41:35","modified_gmt":"2017-04-05T21:41:35","slug":"participacions-com-comite-cientific","status":"publish","type":"page","link":"https:\/\/webs.uab.cat\/grepuab\/participacions-com-comite-cientific\/","title":{"rendered":"Participacions com a Comit\u00e9 Cient\u00edfic"},"content":{"rendered":"<p><strong>2016<\/strong><\/p>\n<p>Mart\u00ednez, L. (2016): Membre del comit\u00e9 cient\u00edfic de les I Jornades de Bones Pr\u00e0ctiques en Avaluaci\u00f3 Formativa en Doc\u00e8ncia Universit\u00e0ria. Organitza: Grup IFAHE (Universitat de Lle\u00f3). Lle\u00f3, setembre 2016.<\/p>\n<p>Mart\u00ednez, L., Rota, J. i Ant\u00f3n, M. (2016): Membres del comit\u00e9 cient\u00edfic de les VIII Jornades de Reflexi\u00f3 i Recerca: Psicomotricitat i Escola. Organitza: Grup de Recerca en Educaci\u00f3 Psicomotriu i Departament de Did\u00e0ctica de l&#8217;Expressi\u00f3 Musical, Pl\u00e0stica i Corporal-UAB. Bellaterra, febrer 2016.<\/p>\n<p>\n<strong>2015<\/strong><\/p>\n<p>Mart\u00ednez, L. (2015): Membre del comit\u00e9 cient\u00edfic de les IX Congr\u00e9s Internacional d&#8217;Avaluaci\u00f3 Formativa i Compartida en Doc\u00e8ncia Infantil, Prim\u00e0ria, Secund\u00e0ria i Iniversitaria. Organitza: Universitat de Cant\u00e0bria, Govern de Cant\u00e0bria, Ajuntament de Santander. Santander, setembre 2015.<\/p>\n<p>Mart\u00ednez, L. (2016): Membre del comit\u00e9 cient\u00edfic de les 25th Conference EECERA (European Early Childhood Education Research Association). Organitza: EECERA (European Early Childhood Education Research Association). Barcelona, \u200b\u200bsetembre 2015.<\/p>\n<p>Mart\u00ednez, L. (2016): Membre del comit\u00e9 cient\u00edfic del 4t Congr\u00e9s Internacional Multidisciplinar d&#8217;Investigaci\u00f3 Educativa-CIMIE. Organitza: Universitat de Val\u00e8ncia, Universitat Jaume I, Universitat Cat\u00f2lica de Val\u00e8ncia i Generalitat Valenciana. Val\u00e8ncia, juliol 2015.<\/p>\n<p>&nbsp;<\/p>\n<p><strong>2014<\/strong><\/p>\n<p>Ant\u00f3n, M. (2014): Membre del comit\u00e9 cient\u00edfic del XIII Congr\u00e9s de les Ciutats Educadores. Celebrat a Barcelona del 13 al 16 de novembre de 2014.<\/p>\n<p>&nbsp;<\/p>\n<p><strong>2013<\/strong><\/p>\n<p>Mart\u00ednez, L. (2013): Presidenta del comit\u00e9 cient\u00edfic i Rota, J. i Godall, T. (2013) com a mebres del comit\u00e9 cient\u00edfic de les 5th. European Congress of Psychomotricity. Diferentes cares de la Psicomotricitat. Organitza: FAPee (Federaci\u00f3 d&#8217;Associacions de Psicomotricistes de l&#8217;Estat Espanyol), Universitat Aut\u00f2noma de Barcelona, \u200b\u200bUniversitat de Barcelona, \u200b\u200bUniversitat de Girona, Univeristat Rovira i Virgili, Universitat de Vic, Universitat de Lleida i Universitat Ramon Llull. Barcelona, \u200b\u200bmaig 2013.<\/p>\n","protected":false},"excerpt":{"rendered":"<p>2016 Mart\u00ednez, L. (2016): Membre del comit\u00e9 cient\u00edfic de les I Jornades de Bones Pr\u00e0ctiques en Avaluaci\u00f3 Formativa en Doc\u00e8ncia Universit\u00e0ria. Organitza: Grup IFAHE (Universitat de Lle\u00f3). Lle\u00f3, setembre 2016. Mart\u00ednez, L., Rota, J. i Ant\u00f3n, M. (2016): Membres del comit\u00e9 cient\u00edfic de les VIII Jornades de Reflexi\u00f3 i Recerca: Psicomotricitat i Escola. Organitza: Grup [&hellip;]<\/p>\n","protected":false},"author":20,"featured_media":0,"parent":0,"menu_order":0,"comment_status":"closed","ping_status":"closed","template":"","meta":{"footnotes":""},"class_list":["post-266","page","type-page","status-publish","hentry"],"_links":{"self":[{"href":"https:\/\/webs.uab.cat\/grepuab\/wp-json\/wp\/v2\/pages\/266","targetHints":{"allow":["GET"]}}],"collection":[{"href":"https:\/\/webs.uab.cat\/grepuab\/wp-json\/wp\/v2\/pages"}],"about":[{"href":"https:\/\/webs.uab.cat\/grepuab\/wp-json\/wp\/v2\/types\/page"}],"author":[{"embeddable":true,"href":"https:\/\/webs.uab.cat\/grepuab\/wp-json\/wp\/v2\/users\/20"}],"replies":[{"embeddable":true,"href":"https:\/\/webs.uab.cat\/grepuab\/wp-json\/wp\/v2\/comments?post=266"}],"version-history":[{"count":0,"href":"https:\/\/webs.uab.cat\/grepuab\/wp-json\/wp\/v2\/pages\/266\/revisions"}],"wp:attachment":[{"href":"https:\/\/webs.uab.cat\/grepuab\/wp-json\/wp\/v2\/media?parent=266"}],"curies":[{"name":"wp","href":"https:\/\/api.w.org\/{rel}","templated":true}]}}